{"id":671,"date":"2023-09-13T10:53:26","date_gmt":"2023-09-13T10:53:26","guid":{"rendered":"https:\/\/sharingsms.com\/?page_id=671"},"modified":"2025-04-15T11:38:05","modified_gmt":"2025-04-15T11:38:05","slug":"how-to-start","status":"publish","type":"page","link":"https:\/\/sharingsms.com\/de\/how-to-start\/","title":{"rendered":"So richten Sie Sharing SMS ein: Schritt-f\u00fcr-Schritt-Anleitung"},"content":{"rendered":"<ol class=\"wp-block-list\">\n<li>Kaufen Sie SIM-Karte(n) lokaler Mobilfunkanbieter mit einem Mindestpaket an Prepaid-Diensten.<\/li>\n\n\n\n<li>Stecken Sie die SIM-Karten in Android-Ger\u00e4te mit Android Version 6 und h\u00f6her. \u00dcberpr\u00fcfen Sie die Netzwerkregistrierung.<\/li>\n\n\n\n<li>Erstellen Sie ein Partnerkonto im <a href=\"https:\/\/sharesms-weboffice.betasms.net\/#\/register\">pers\u00f6nliches Kabinett der Site<\/a>.<\/li>\n\n\n\n<li>Laden Sie die Anwendung (APK-Datei) aus Ihrem pers\u00f6nlichen Konto \u00fcber den Link herunter.<\/li>\n\n\n\n<li>Installieren Sie die Sharing SMS-Anwendung auf Ihren Ger\u00e4ten und stellen Sie sicher, dass Sie alle erforderlichen Berechtigungen* f\u00fcr den korrekten Betrieb der Anwendung erteilen.<\/li>\n\n\n\n<li>Beim Start werden Sie aufgefordert, Sharing SMS als Standard-Sharing-App f\u00fcr SMS festzulegen. Bei fr\u00fcheren Android-Versionen ist dies f\u00fcr den Empfang von SMS erforderlich. Daher wird empfohlen, dies zu tun. Sie k\u00f6nnen dies auch in den App-Einstellungen tun.<\/li>\n\n\n\n<li>F\u00fcgen Sie brandneue, bisher unbenutzte SIM-Karten der App hinzu, indem Sie auf die Schaltfl\u00e4che (+) klicken. Die Nummernverifizierung erfolgt automatisch, ohne dass Sie einen Code einer SMS eingeben m\u00fcssen.<\/li>\n<\/ol>\n\n\n<div class=\"wp-block-image\">\n<figure class=\"aligncenter is-resized\"><img loading=\"lazy\" decoding=\"async\" width=\"702\" height=\"1600\" src=\"https:\/\/sharingsms.com\/wp-content\/uploads\/2023\/09\/image.png\" alt=\"\" class=\"wp-image-677\" style=\"object-fit:contain;width:400px;height:700px\" srcset=\"https:\/\/sharingsms.com\/wp-content\/uploads\/2023\/09\/image.png 702w, https:\/\/sharingsms.com\/wp-content\/uploads\/2023\/09\/image-132x300.png 132w, https:\/\/sharingsms.com\/wp-content\/uploads\/2023\/09\/image-449x1024.png 449w, https:\/\/sharingsms.com\/wp-content\/uploads\/2023\/09\/image-674x1536.png 674w, https:\/\/sharingsms.com\/wp-content\/uploads\/2023\/09\/image-5x12.png 5w\" sizes=\"auto, (max-width: 702px) 100vw, 702px\" \/><\/figure>\n<\/div>\n\n\n<p><em><strong>Die hinzugef\u00fcgten Nummern k\u00f6nnen folgende Status haben: Aktiv oder Inaktiv.<\/strong><\/em><\/p>\n\n\n\n<p><strong>Inaktiv<\/strong> Der Status bedeutet, dass die Nummer noch nicht zur Miete verf\u00fcgbar ist.<br><strong>Aktiv<\/strong> Der Status bedeutet, dass die Nummer gemietet wurde und Geb\u00fchren erhoben werden.<\/p>\n\n\n\n<p><strong>Bitte beachten Sie! <\/strong>Nach dem Hinzuf\u00fcgen einer Nummer wird der Modus \u201eNummernstabilit\u00e4tsbewertung\u201c aktiviert. Die Plattform \u00fcberwacht die Stabilit\u00e4t Ihrer Nummer f\u00fcr einen bestimmten Zeitraum, in der Regel zehn Tage. Wenn in diesem Zeitraum keine Verf\u00fcgbarkeitsprobleme auftreten, wird Ihre Nummer zur Vermietung freigegeben. Sobald Ihre Nummer zur Vermietung verf\u00fcgbar ist, k\u00f6nnen Sie mit dem Verdienen beginnen.<\/p>\n\n\n\n<ol start=\"8\" class=\"wp-block-list\">\n<li>Schalten Sie den Energiesparmodus oder den Akkuoptimierungsmodus auf Ihrem Ger\u00e4t aus (dank dieses Modus kann Android die Arbeit der Anwendung im Hintergrund einschr\u00e4nken oder sie ganz aus dem Telefonspeicher entladen).<\/li>\n<\/ol>\n\n\n\n<p>Klicken Sie dazu in den Sharing SMS-Einstellungen auf <strong>BATTERIEOPTIMIERUNG IGNORIEREN<\/strong> und erm\u00f6glichen Sie das Deaktivieren der Batterieoptimierung f\u00fcr die Anwendung.<\/p>\n\n\n<div class=\"wp-block-image\">\n<figure class=\"aligncenter is-resized\"><img loading=\"lazy\" decoding=\"async\" width=\"702\" height=\"1600\" src=\"https:\/\/sharingsms.com\/wp-content\/uploads\/2023\/09\/image-6.png\" alt=\"\" class=\"wp-image-683\" style=\"object-fit:cover;width:400px;height:700px\" srcset=\"https:\/\/sharingsms.com\/wp-content\/uploads\/2023\/09\/image-6.png 702w, https:\/\/sharingsms.com\/wp-content\/uploads\/2023\/09\/image-6-132x300.png 132w, https:\/\/sharingsms.com\/wp-content\/uploads\/2023\/09\/image-6-449x1024.png 449w, https:\/\/sharingsms.com\/wp-content\/uploads\/2023\/09\/image-6-674x1536.png 674w, https:\/\/sharingsms.com\/wp-content\/uploads\/2023\/09\/image-6-5x12.png 5w\" sizes=\"auto, (max-width: 702px) 100vw, 702px\" \/><\/figure>\n<\/div>\n\n\n<p>Tippen Sie anschlie\u00dfend in den App-Einstellungen auf \u201eAPP-EINSTELLUNGEN \u00d6FFNEN\u201c &gt; und suchen Sie im Info-Bildschirm nach \u201eAktivit\u00e4tssteuerung\u201c, entweder \u201eBatterienutzung\u201c oder \u201eBatterie\u201c. Heben Sie die Einschr\u00e4nkung der App auf, im Hintergrund zu laufen, und verhindern Sie deren Start, um Strom zu sparen.<\/p>\n\n\n\n<p>9. Zu den zus\u00e4tzlichen Aktionen, die die Stabilit\u00e4t der Anwendung erh\u00f6hen, geh\u00f6rt auch die M\u00f6glichkeit, sie im RAM zu fixieren\/sperren.<br>Rufen Sie dazu die zuletzt verwendeten Anwendungen \u00fcber die Hardware-Men\u00fctaste auf. Halten Sie Ihren Finger auf dem Anwendungsfenster, bis die Schaltfl\u00e4chen angezeigt werden &gt; dr\u00fccken Sie die Sperrtaste.<\/p>\n\n\n\n<p>10. Stellen Sie sicher, dass in den Android-Einstellungen der Energiesparmodus deaktiviert ist. Die Akkuoptimierung f\u00fcr Sharing SMS ist ebenfalls deaktiviert. Sie k\u00f6nnen die Suche in den vorhandenen Telefoneinstellungen verwenden, um schnell auf diese Einstellungen zuzugreifen.<\/p>\n\n\n\n<p>11. \u00dcberpr\u00fcfen Sie in Ihren Ger\u00e4teeinstellungen, dass die Netzwerkverbindung (WLAN oder mobile Daten) im Ruhemodus nicht deaktiviert ist, wenn der Bildschirm ausgeschaltet ist.<\/p>\n\n\n\n<p>Je nach Betriebssystem des Ger\u00e4ts kann diese Aktion unterschiedlich sein, zum Beispiel:<br><\/p>\n\n\n\n<ul class=\"wp-block-list\">\n<li><strong>Xiaomi<\/strong> \u2013 \u00d6ffnen Sie Sicherheit &gt; Einstellungen (Zahnrad in der oberen Ecke) &gt; Beschleunigung &gt; Angeheftete Apps &gt; w\u00e4hlen Sie aus der Liste aus.<\/li>\n\n\n\n<li><strong>Huawei<\/strong> \u2013 \u00d6ffnen Sie laufende Apps &gt; wischen Sie im App-Fenster nach unten.<\/li>\n\n\n\n<li><strong>Oppo, Realme, OnePlus<\/strong> \u2013 Laufende Apps aufrufen &gt; Men\u00fc \u00fcber dem App-Fenster &gt; Sperren.<\/li>\n<\/ul>\n\n\n\n<p>12. F\u00fcgen Sie Ihre E-Mail-Adresse zu Ihrem Kontoprofil in Ihrem pers\u00f6nlichen Konto hinzu. Wir empfehlen Ihnen dies dringend. E-Mail wird ben\u00f6tigt, damit wir Sie \u00fcber Status\u00e4nderungen der SIM-Kartennummern informieren k\u00f6nnen, \u00fcber sogenannte Vorf\u00e4lle, bei denen die Anwendung nicht mit dem Server kommuniziert oder die Nummer nicht verf\u00fcgbar ist.<\/p>\n\n\n\n<p>13. F\u00fcgen Sie f\u00fcr Barzahlungen Ihre USDT\/USDC-Wallet-Adresse in Ihrem pers\u00f6nlichen Profil hinzu.<\/p>\n\n\n\n<ul class=\"wp-block-list\">\n<li>Erforderliche Berechtigungen<\/li>\n<\/ul>\n\n\n\n<p>Wichtig: Um die Anwendung zu installieren, m\u00fcssen Sie in den Android-Einstellungen die Installation von Anwendungen aus \u201eunbekannten Quellen\u201c zulassen.<\/p>\n\n\n\n<p><em>Eine detaillierte Beschreibung der Genehmigungen:<\/em><\/p>\n\n\n\n<ul class=\"wp-block-list\">\n<li>Telefon \u2013 Anrufe t\u00e4tigen und verwalten: zum Abrufen des Telefonstatus, des Aktivit\u00e4tsstatus<\/li>\n\n\n\n<li>Standort \u2013 Zugriff auf Ger\u00e4testandortdaten: um Informationen von Mobilfunkmasten und Zugangspunkten zu erhalten<\/li>\n\n\n\n<li>SMS \u2013 SMS-Nachrichten senden und anzeigen: um Nummern best\u00e4tigen und SMS weiterleiten zu k\u00f6nnen<\/li>\n\n\n\n<li>Benachrichtigungen: um eine Benachrichtigung in der Benachrichtigungsleiste mit dem Status der SIM-Kartennummern anzuzeigen<\/li>\n<\/ul>\n\n\n\n<h2 class=\"wp-block-heading\"><strong>Screenshot<\/strong><\/h2>\n\n\n<div class=\"wp-block-image\">\n<figure class=\"aligncenter is-resized\"><img loading=\"lazy\" decoding=\"async\" width=\"702\" height=\"1600\" src=\"https:\/\/sharingsms.com\/wp-content\/uploads\/2023\/09\/image-3.png\" alt=\"\" class=\"wp-image-680\" style=\"object-fit:cover;width:400px;height:700px\" srcset=\"https:\/\/sharingsms.com\/wp-content\/uploads\/2023\/09\/image-3.png 702w, https:\/\/sharingsms.com\/wp-content\/uploads\/2023\/09\/image-3-132x300.png 132w, https:\/\/sharingsms.com\/wp-content\/uploads\/2023\/09\/image-3-449x1024.png 449w, https:\/\/sharingsms.com\/wp-content\/uploads\/2023\/09\/image-3-674x1536.png 674w, https:\/\/sharingsms.com\/wp-content\/uploads\/2023\/09\/image-3-5x12.png 5w\" sizes=\"auto, (max-width: 702px) 100vw, 702px\" \/><\/figure>\n<\/div>\n\n\n<p>SIM-Kartennummern sind geleast, haben den Status \u201eAktiv\u201c und eine stabile Verbindung zum Server.<\/p>\n\n\n<div class=\"wp-block-image\">\n<figure class=\"aligncenter is-resized\"><img loading=\"lazy\" decoding=\"async\" width=\"702\" height=\"1600\" src=\"https:\/\/sharingsms.com\/wp-content\/uploads\/2023\/09\/image-4.png\" alt=\"\" class=\"wp-image-681\" style=\"object-fit:cover;width:400px;height:700px\" srcset=\"https:\/\/sharingsms.com\/wp-content\/uploads\/2023\/09\/image-4.png 702w, https:\/\/sharingsms.com\/wp-content\/uploads\/2023\/09\/image-4-132x300.png 132w, https:\/\/sharingsms.com\/wp-content\/uploads\/2023\/09\/image-4-449x1024.png 449w, https:\/\/sharingsms.com\/wp-content\/uploads\/2023\/09\/image-4-674x1536.png 674w, https:\/\/sharingsms.com\/wp-content\/uploads\/2023\/09\/image-4-5x12.png 5w\" sizes=\"auto, (max-width: 702px) 100vw, 702px\" \/><\/figure>\n<\/div>\n\n\n<p>Detaillierte Informationen zur SIM-Nummer, die die Anwendung mit dem Server austauscht.<\/p>\n\n\n<div class=\"wp-block-image\">\n<figure class=\"aligncenter is-resized\"><img loading=\"lazy\" decoding=\"async\" width=\"702\" height=\"1600\" src=\"https:\/\/sharingsms.com\/wp-content\/uploads\/2023\/09\/image-1.png\" alt=\"\" class=\"wp-image-678\" style=\"object-fit:cover;width:400px;height:700px\" srcset=\"https:\/\/sharingsms.com\/wp-content\/uploads\/2023\/09\/image-1.png 702w, https:\/\/sharingsms.com\/wp-content\/uploads\/2023\/09\/image-1-132x300.png 132w, https:\/\/sharingsms.com\/wp-content\/uploads\/2023\/09\/image-1-449x1024.png 449w, https:\/\/sharingsms.com\/wp-content\/uploads\/2023\/09\/image-1-674x1536.png 674w, https:\/\/sharingsms.com\/wp-content\/uploads\/2023\/09\/image-1-5x12.png 5w\" sizes=\"auto, (max-width: 702px) 100vw, 702px\" \/><\/figure>\n<\/div>\n\n\n<p>Bei Problemen mit der Verbindung zum Server oder der Nichtverf\u00fcgbarkeit der SIM-Karte zeigen die Zahlen den Status \u201eFehlgeschlagen\u201c an.<\/p>\n\n\n\n<figure class=\"wp-block-image\"><img loading=\"lazy\" decoding=\"async\" width=\"1080\" height=\"494\" src=\"https:\/\/sharingsms.com\/wp-content\/uploads\/2023\/09\/image-2.png\" alt=\"\" class=\"wp-image-679\" srcset=\"https:\/\/sharingsms.com\/wp-content\/uploads\/2023\/09\/image-2.png 1080w, https:\/\/sharingsms.com\/wp-content\/uploads\/2023\/09\/image-2-300x137.png 300w, https:\/\/sharingsms.com\/wp-content\/uploads\/2023\/09\/image-2-1024x468.png 1024w, https:\/\/sharingsms.com\/wp-content\/uploads\/2023\/09\/image-2-768x351.png 768w, https:\/\/sharingsms.com\/wp-content\/uploads\/2023\/09\/image-2-18x8.png 18w\" sizes=\"auto, (max-width: 1080px) 100vw, 1080px\" \/><\/figure>\n\n\n\n<p>Das Benachrichtigungsfeld (im Vorhang) enth\u00e4lt eine Benachrichtigung der Anwendung, in der der Status der Nummern angezeigt wird.<\/p>\n\n\n\n<figure class=\"wp-block-image\"><img loading=\"lazy\" decoding=\"async\" width=\"1600\" height=\"1055\" src=\"https:\/\/sharingsms.com\/wp-content\/uploads\/2023\/09\/image-5.png\" alt=\"\" class=\"wp-image-682\" style=\"object-fit:cover\" srcset=\"https:\/\/sharingsms.com\/wp-content\/uploads\/2023\/09\/image-5.png 1600w, https:\/\/sharingsms.com\/wp-content\/uploads\/2023\/09\/image-5-300x198.png 300w, https:\/\/sharingsms.com\/wp-content\/uploads\/2023\/09\/image-5-1024x675.png 1024w, https:\/\/sharingsms.com\/wp-content\/uploads\/2023\/09\/image-5-768x506.png 768w, https:\/\/sharingsms.com\/wp-content\/uploads\/2023\/09\/image-5-1536x1013.png 1536w, https:\/\/sharingsms.com\/wp-content\/uploads\/2023\/09\/image-5-18x12.png 18w\" sizes=\"auto, (max-width: 1600px) 100vw, 1600px\" \/><\/figure>\n\n\n\n<p>Partnerkonto.<\/p>","protected":false},"excerpt":{"rendered":"<p>The added numbers can have the following statuses: Active or Inactive. Inactive status means that the number is not yet available for rent.Active status means that the number has been rented and charges are being made. Please note! After adding a number, the \u201cNumber Stability Assessment\u201d mode is activated &#8211; the platform monitors the stability [&hellip;]<\/p>\n","protected":false},"author":1,"featured_media":0,"parent":0,"menu_order":0,"comment_status":"closed","ping_status":"closed","template":"","meta":{"footnotes":""},"class_list":["post-671","page","type-page","status-publish","hentry"],"yoast_head":"<!-- This site is optimized with the Yoast SEO plugin v27.5 - https:\/\/yoast.com\/product\/yoast-seo-wordpress\/ -->\n<title>How to set up Sharing SMS: step-by-step instructions - SMS Sharing<\/title>\n<meta name=\"robots\" content=\"index, follow, max-snippet:-1, max-image-preview:large, max-video-preview:-1\" \/>\n<link rel=\"canonical\" href=\"https:\/\/sharingsms.com\/de\/how-to-start\/\" \/>\n<meta property=\"og:locale\" content=\"de_DE\" \/>\n<meta property=\"og:type\" content=\"article\" \/>\n<meta property=\"og:title\" content=\"How to set up Sharing SMS: step-by-step instructions - SMS Sharing\" \/>\n<meta property=\"og:description\" content=\"The added numbers can have the following statuses: Active or Inactive. Inactive status means that the number is not yet available for rent.Active status means that the number has been rented and charges are being made. Please note! After adding a number, the \u201cNumber Stability Assessment\u201d mode is activated &#8211; the platform monitors the stability [&hellip;]\" \/>\n<meta property=\"og:url\" content=\"https:\/\/sharingsms.com\/de\/how-to-start\/\" \/>\n<meta property=\"og:site_name\" content=\"SMS Sharing\" \/>\n<meta property=\"article:modified_time\" content=\"2025-04-15T11:38:05+00:00\" \/>\n<meta property=\"og:image\" content=\"https:\/\/sharingsms.com\/wp-content\/uploads\/2023\/09\/image.png\" \/>\n\t<meta property=\"og:image:width\" content=\"702\" \/>\n\t<meta property=\"og:image:height\" content=\"1600\" \/>\n\t<meta property=\"og:image:type\" content=\"image\/png\" \/>\n<meta name=\"twitter:card\" content=\"summary_large_image\" \/>\n<meta name=\"twitter:label1\" content=\"Gesch\u00e4tzte Lesezeit\" \/>\n\t<meta name=\"twitter:data1\" content=\"5\u00a0Minuten\" \/>\n<script type=\"application\/ld+json\" class=\"yoast-schema-graph\">{\"@context\":\"https:\\\/\\\/schema.org\",\"@graph\":[{\"@type\":\"WebPage\",\"@id\":\"https:\\\/\\\/sharingsms.com\\\/how-to-start\\\/\",\"url\":\"https:\\\/\\\/sharingsms.com\\\/how-to-start\\\/\",\"name\":\"How to set up Sharing SMS: step-by-step instructions - SMS Sharing\",\"isPartOf\":{\"@id\":\"https:\\\/\\\/sharingsms.com\\\/#website\"},\"primaryImageOfPage\":{\"@id\":\"https:\\\/\\\/sharingsms.com\\\/how-to-start\\\/#primaryimage\"},\"image\":{\"@id\":\"https:\\\/\\\/sharingsms.com\\\/how-to-start\\\/#primaryimage\"},\"thumbnailUrl\":\"https:\\\/\\\/sharingsms.com\\\/wp-content\\\/uploads\\\/2023\\\/09\\\/image.png\",\"datePublished\":\"2023-09-13T10:53:26+00:00\",\"dateModified\":\"2025-04-15T11:38:05+00:00\",\"breadcrumb\":{\"@id\":\"https:\\\/\\\/sharingsms.com\\\/how-to-start\\\/#breadcrumb\"},\"inLanguage\":\"de\",\"potentialAction\":[{\"@type\":\"ReadAction\",\"target\":[\"https:\\\/\\\/sharingsms.com\\\/how-to-start\\\/\"]}]},{\"@type\":\"ImageObject\",\"inLanguage\":\"de\",\"@id\":\"https:\\\/\\\/sharingsms.com\\\/how-to-start\\\/#primaryimage\",\"url\":\"https:\\\/\\\/sharingsms.com\\\/wp-content\\\/uploads\\\/2023\\\/09\\\/image.png\",\"contentUrl\":\"https:\\\/\\\/sharingsms.com\\\/wp-content\\\/uploads\\\/2023\\\/09\\\/image.png\"},{\"@type\":\"BreadcrumbList\",\"@id\":\"https:\\\/\\\/sharingsms.com\\\/how-to-start\\\/#breadcrumb\",\"itemListElement\":[{\"@type\":\"ListItem\",\"position\":1,\"name\":\"Home\",\"item\":\"https:\\\/\\\/sharingsms.com\\\/\"},{\"@type\":\"ListItem\",\"position\":2,\"name\":\"How to set up Sharing SMS: step-by-step instructions\"}]},{\"@type\":\"WebSite\",\"@id\":\"https:\\\/\\\/sharingsms.com\\\/#website\",\"url\":\"https:\\\/\\\/sharingsms.com\\\/\",\"name\":\"SMS Sharing\",\"description\":\"\",\"potentialAction\":[{\"@type\":\"SearchAction\",\"target\":{\"@type\":\"EntryPoint\",\"urlTemplate\":\"https:\\\/\\\/sharingsms.com\\\/?s={search_term_string}\"},\"query-input\":{\"@type\":\"PropertyValueSpecification\",\"valueRequired\":true,\"valueName\":\"search_term_string\"}}],\"inLanguage\":\"de\"}]}<\/script>\n<!-- \/ Yoast SEO plugin. -->","yoast_head_json":{"title":"So richten Sie Sharing SMS ein: Schritt-f\u00fcr-Schritt-Anleitung - SMS Sharing","robots":{"index":"index","follow":"follow","max-snippet":"max-snippet:-1","max-image-preview":"max-image-preview:large","max-video-preview":"max-video-preview:-1"},"canonical":"https:\/\/sharingsms.com\/de\/how-to-start\/","og_locale":"de_DE","og_type":"article","og_title":"How to set up Sharing SMS: step-by-step instructions - SMS Sharing","og_description":"The added numbers can have the following statuses: Active or Inactive. Inactive status means that the number is not yet available for rent.Active status means that the number has been rented and charges are being made. Please note! After adding a number, the \u201cNumber Stability Assessment\u201d mode is activated &#8211; the platform monitors the stability [&hellip;]","og_url":"https:\/\/sharingsms.com\/de\/how-to-start\/","og_site_name":"SMS Sharing","article_modified_time":"2025-04-15T11:38:05+00:00","og_image":[{"width":702,"height":1600,"url":"https:\/\/sharingsms.com\/wp-content\/uploads\/2023\/09\/image.png","type":"image\/png"}],"twitter_card":"summary_large_image","twitter_misc":{"Gesch\u00e4tzte Lesezeit":"5\u00a0Minuten"},"schema":{"@context":"https:\/\/schema.org","@graph":[{"@type":"WebPage","@id":"https:\/\/sharingsms.com\/how-to-start\/","url":"https:\/\/sharingsms.com\/how-to-start\/","name":"So richten Sie Sharing SMS ein: Schritt-f\u00fcr-Schritt-Anleitung - SMS Sharing","isPartOf":{"@id":"https:\/\/sharingsms.com\/#website"},"primaryImageOfPage":{"@id":"https:\/\/sharingsms.com\/how-to-start\/#primaryimage"},"image":{"@id":"https:\/\/sharingsms.com\/how-to-start\/#primaryimage"},"thumbnailUrl":"https:\/\/sharingsms.com\/wp-content\/uploads\/2023\/09\/image.png","datePublished":"2023-09-13T10:53:26+00:00","dateModified":"2025-04-15T11:38:05+00:00","breadcrumb":{"@id":"https:\/\/sharingsms.com\/how-to-start\/#breadcrumb"},"inLanguage":"de","potentialAction":[{"@type":"ReadAction","target":["https:\/\/sharingsms.com\/how-to-start\/"]}]},{"@type":"ImageObject","inLanguage":"de","@id":"https:\/\/sharingsms.com\/how-to-start\/#primaryimage","url":"https:\/\/sharingsms.com\/wp-content\/uploads\/2023\/09\/image.png","contentUrl":"https:\/\/sharingsms.com\/wp-content\/uploads\/2023\/09\/image.png"},{"@type":"BreadcrumbList","@id":"https:\/\/sharingsms.com\/how-to-start\/#breadcrumb","itemListElement":[{"@type":"ListItem","position":1,"name":"Home","item":"https:\/\/sharingsms.com\/"},{"@type":"ListItem","position":2,"name":"How to set up Sharing SMS: step-by-step instructions"}]},{"@type":"WebSite","@id":"https:\/\/sharingsms.com\/#website","url":"https:\/\/sharingsms.com\/","name":"SMS-Freigabe","description":"","potentialAction":[{"@type":"SearchAction","target":{"@type":"EntryPoint","urlTemplate":"https:\/\/sharingsms.com\/?s={search_term_string}"},"query-input":{"@type":"PropertyValueSpecification","valueRequired":true,"valueName":"search_term_string"}}],"inLanguage":"de"}]}},"_links":{"self":[{"href":"https:\/\/sharingsms.com\/de\/wp-json\/wp\/v2\/pages\/671","targetHints":{"allow":["GET"]}}],"collection":[{"href":"https:\/\/sharingsms.com\/de\/wp-json\/wp\/v2\/pages"}],"about":[{"href":"https:\/\/sharingsms.com\/de\/wp-json\/wp\/v2\/types\/page"}],"author":[{"embeddable":true,"href":"https:\/\/sharingsms.com\/de\/wp-json\/wp\/v2\/users\/1"}],"replies":[{"embeddable":true,"href":"https:\/\/sharingsms.com\/de\/wp-json\/wp\/v2\/comments?post=671"}],"version-history":[{"count":13,"href":"https:\/\/sharingsms.com\/de\/wp-json\/wp\/v2\/pages\/671\/revisions"}],"predecessor-version":[{"id":874,"href":"https:\/\/sharingsms.com\/de\/wp-json\/wp\/v2\/pages\/671\/revisions\/874"}],"wp:attachment":[{"href":"https:\/\/sharingsms.com\/de\/wp-json\/wp\/v2\/media?parent=671"}],"curies":[{"name":"wp","href":"https:\/\/api.w.org\/{rel}","templated":true}]}}