{"id":805,"date":"2025-03-31T10:54:06","date_gmt":"2025-03-31T10:54:06","guid":{"rendered":"https:\/\/sharingsms.com\/?page_id=805"},"modified":"2025-04-01T11:43:13","modified_gmt":"2025-04-01T11:43:13","slug":"get-paid-for-sim-cards","status":"publish","type":"page","link":"https:\/\/sharingsms.com\/de\/get-paid-for-sim-cards\/","title":{"rendered":"\ud83d\udcf1 Lassen Sie sich f\u00fcr SIM-Karten bezahlen: Monetarisieren Sie Ihre SIM-Karten durch das Teilen von SMS \ud83d\udcb0"},"content":{"rendered":"<p>In der heutigen schnelllebigen digitalen Wirtschaft wird es immer attraktiver, innovative und unkomplizierte Wege zur Einkommenserzielung zu finden. Eine der am leichtesten zug\u00e4nglichen M\u00f6glichkeiten ist das Vermieten Ihrer SIM-Karten. Sharing SMS bietet eine solide Plattform, um dies in die Realit\u00e4t umzusetzen. \ud83d\ude80<\/p>\n\n\n\n<h2 class=\"wp-block-heading\"><strong>\ud83d\udccc Was bedeutet \u201eBezahlt werden f\u00fcr SIM-Karten\u201c?<\/strong><\/h2>\n\n\n\n<p><strong>\"F\u00fcr SIM-Karten bezahlt werden\"<\/strong> bedeutet, etwas, das Sie bereits besitzen - Ihre SIM-Karte - in eine st\u00e4ndige Einnahmequelle zu verwandeln. Indem Sie Ihre SIM-Karte \u00fcber die Sharing SMS-Plattform vermieten, erlauben Sie ihr, SMS-Nachrichten wie Verifizierungscodes von echten Diensten auf der ganzen Welt zu empfangen. Im Gegenzug verdienen Sie t\u00e4glich Geld, ohne dass Sie etwas manuell verwalten m\u00fcssen.<\/p>\n\n\n\n<p>Es ist eine intelligente und m\u00fchelose Art, Ihre ungenutzten oder \u00fcberz\u00e4hligen SIM-Karten zu Geld zu machen - ohne technische Kenntnisse, ohne Werbung und ohne Investitionen. Egal, ob Sie eine SIM oder Dutzende haben, Ihr Telefon kann im Hintergrund Einnahmen generieren, w\u00e4hrend Sie sich auf andere Dinge konzentrieren.<\/p>\n\n\n\n<h2 class=\"wp-block-heading\"><strong>\ud83c\udf1f Warum Sharing SMS w\u00e4hlen?<\/strong><\/h2>\n\n\n\n<p>Sharing SMS ist eine benutzerfreundliche Anwendung, die speziell f\u00fcr die m\u00fchelose Monetarisierung Ihrer aktiven SIM-Karten entwickelt wurde. Verdienen Sie t\u00e4glich $0,33 oder monatlich $10 f\u00fcr jede verbundene SIM-Karte. Sie ben\u00f6tigen lediglich aktive SIM-Karten, die SMS empfangen k\u00f6nnen \u2013 keine speziellen Tarife oder Kosten erforderlich.<br><\/p>\n\n\n<div class=\"wp-block-image\">\n<figure class=\"aligncenter size-large\"><img loading=\"lazy\" decoding=\"async\" width=\"1024\" height=\"683\" src=\"https:\/\/sharingsms.com\/wp-content\/uploads\/2025\/03\/cleaned_sim_income_illustration-1024x683.png\" alt=\"\" class=\"wp-image-808\" srcset=\"https:\/\/sharingsms.com\/wp-content\/uploads\/2025\/03\/cleaned_sim_income_illustration-1024x683.png 1024w, https:\/\/sharingsms.com\/wp-content\/uploads\/2025\/03\/cleaned_sim_income_illustration-300x200.png 300w, https:\/\/sharingsms.com\/wp-content\/uploads\/2025\/03\/cleaned_sim_income_illustration-768x512.png 768w, https:\/\/sharingsms.com\/wp-content\/uploads\/2025\/03\/cleaned_sim_income_illustration-18x12.png 18w, https:\/\/sharingsms.com\/wp-content\/uploads\/2025\/03\/cleaned_sim_income_illustration.png 1536w\" sizes=\"auto, (max-width: 1024px) 100vw, 1024px\" \/><\/figure>\n<\/div>\n\n\n<h2 class=\"wp-block-heading\"><strong>\ud83d\udd11 Erste Schritte:<\/strong><\/h2>\n\n\n\n<ol class=\"wp-block-list\">\n<li>\u2705 <strong>SIM-Schnellpr\u00fcfung<\/strong> - Stellen Sie sicher, dass Ihr SIM aktiv ist und SMS-Nachrichten empfangen kann.<br><\/li>\n\n\n\n<li>\ud83d\udd17 <strong>Verbinden Sie Ihr SIM<\/strong> - F\u00fcgen Sie Ihre SIM-Karte zur Sharing SMS-App hinzu und schlie\u00dfen Sie die Schnelleinrichtung ab.<br><\/li>\n\n\n\n<li>\ud83d\udcf2 <strong>Halten Sie Ihr Ger\u00e4t online<\/strong> - Stellen Sie sicher, dass Ihr Telefon mit dem Internet verbunden und eingeschaltet bleibt.<br><\/li>\n\n\n\n<li>\ud83d\udcb8 <strong>Verdienen Sie t\u00e4glich, automatisch<\/strong> - Die App erledigt alles im Hintergrund, w\u00e4hrend Sie Ihre t\u00e4glichen Einnahmen ohne manuellen Aufwand genie\u00dfen.<br><\/li>\n<\/ol>\n\n\n\n<p><strong>\ud83d\udcca Berechnungsbeispiel:<\/strong><\/p>\n\n\n\n<p>Stellen Sie sich vor, Sie kaufen f\u00fcnf gebrauchte Dual-SIM-Telefone (je $30) und zehn SIM-Karten (je $5). Gesamtinvestition: 5 Telefone \u00d7 $30 + 10 SIM-Karten \u00d7 $5 = $200. Der Anschluss von zehn SIM-Karten bringt Ihnen t\u00e4glich $3,30 ($99 monatlich) ein, sodass sich Ihre Investition in etwas mehr als zwei Monaten amortisiert.<\/p>\n\n\n\n<h2 class=\"wp-block-heading\"><strong>\ud83d\udcb3 Auszahlungen leicht gemacht:<\/strong><\/h2>\n\n\n\n<p>Die Einnahmen werden zu Beginn eines jeden Monats sicher direkt in Ihre Kryptow\u00e4hrungs-Brieftasche (USDT oder USDC) \u00fcberwiesen. Der Betrag basiert auf der Anzahl der aktiven SIMs und ihrer Betriebszeit im Vormonat. Keine versteckten Geb\u00fchren, keine Auszahlungsschwellen und keine Verz\u00f6gerungen - nur best\u00e4ndiges, transparentes und m\u00fcheloses Krypto-Einkommen. Egal, ob Sie einen SIM verwalten oder mit Dutzenden skalieren, Sie erhalten eine detaillierte monatliche Aufschl\u00fcsselung Ihrer Einnahmen direkt in Ihrem Dashboard, zusammen mit p\u00fcnktlichen Zahlungen an Ihr bevorzugtes Stablecoin-Wallet.<br><\/p>\n\n\n\n<h2 class=\"wp-block-heading\"><strong>\ud83d\udd25 Vorteile der Verwendung von SMS-Sharing:<\/strong><\/h2>\n\n\n\n<ul class=\"wp-block-list\">\n<li>\ud83d\udecb\ufe0f M\u00fcheloses Verdienen: Keine t\u00e4glichen Aufgaben erforderlich.<br><\/li>\n\n\n\n<li>\ud83c\udfaf Keine Investition: Keine versteckten Kosten.<br><\/li>\n\n\n\n<li>\ud83d\udcc8 Skalierbares Einkommen: Mehr SIM-Karten bedeuten h\u00f6here Einnahmen.<br><\/li>\n\n\n\n<li>\ud83d\udd0d Transparentes Tracking: \u00dcberwachen Sie Ihre Einnahmen ganz einfach.<br><\/li>\n\n\n\n<li>\ud83c\udf0e Exklusive Tarife: H\u00f6here Einnahmen f\u00fcr exklusive L\u00e4nder.<br><\/li>\n\n\n\n<li>\ud83d\udc8e Krypto-Auszahlungen: Sichere monatliche Auszahlungen in USDT oder USDC.<\/li>\n<\/ul>\n\n\n\n<figure class=\"wp-block-table\"><table class=\"has-fixed-layout\"><tbody><tr><td><strong>Besonderheit<\/strong><\/td><td><strong>Sharing SMS<\/strong><\/td><td><strong>Cash4SMS<\/strong><\/td><td><strong>MoneySMSApp<\/strong><\/td><\/tr><tr><td><strong>Mindesttagesverdienst pro SIM<\/strong><\/td><td>$0.33<\/td><td>$0.20 (Nicht garantiert)<\/td><td>$0.20 (Nicht garantiert)<\/td><\/tr><tr><td><strong>Mindestmonatsverdienst pro SIM<\/strong><\/td><td>$10<\/td><td>Nicht garantiert<\/td><td>Nicht garantiert<\/td><\/tr><tr><td><strong>Lebensdauer der SIM-Karte<\/strong><\/td><td>Hoch \u2705<\/td><td>Niedrig (h\u00e4ufiger Austausch) \ud83d\udd04<\/td><td>Niedrig (h\u00e4ufiger Austausch) \ud83d\udd04<\/td><\/tr><tr><td><strong>Zuverl\u00e4ssigkeit von&nbsp;<br>Zahlungen<\/strong><\/td><td>Hoch \u2705<\/td><td>Medium<\/td><td>Medium<\/td><\/tr><tr><td><strong>Exklusive L\u00e4ndertarifvorteile<\/strong><\/td><td>Ja<\/td><td>NEIN<\/td><td>NEIN<\/td><\/tr><tr><td><strong>Setup-Komplexit\u00e4t<\/strong><\/td><td>Einfach<\/td><td>Einfach<\/td><td>Einfach<\/td><\/tr><\/tbody><\/table><\/figure>\n\n\n\n<p>Das Teilen von SMS bietet eindeutig h\u00f6here Einnahmen, gr\u00f6\u00dfere Zuverl\u00e4ssigkeit und eine l\u00e4ngere Nutzungsdauer der SIM-Karte, was weniger Ersatz und maximalen Gewinn gew\u00e4hrleistet. \ud83c\udf1f<\/p>\n\n\n\n<h2 class=\"wp-block-heading\"><strong>\ud83d\udc65 Wer sollte das Teilen von SMS in Betracht ziehen?<\/strong><\/h2>\n\n\n\n<p>Sharing SMS ist ideal f\u00fcr alle, die m\u00fchelos ein passives Einkommen aufbauen m\u00f6chten. Studenten, die ihre Ausbildung finanzieren m\u00f6chten, Eltern, die zu Hause bleiben und finanziell unabh\u00e4ngig werden m\u00f6chten, Freiberufler, die nach zus\u00e4tzlichen Einkommensquellen suchen, und sogar Unternehmer, die ihr Einkommen diversifizieren m\u00f6chten \u2013 Sharing SMS ist f\u00fcr jeden geeignet. Besonders vorteilhaft ist es f\u00fcr Personen mit mehreren oder ungenutzten SIM-Karten, da sie ohne gro\u00dfen Aufwand und Zeitaufwand ein regelm\u00e4\u00dfiges Einkommen erzielen k\u00f6nnen. Wenn Sie Ihre ungenutzten Ressourcen in wertvolle Verm\u00f6genswerte verwandeln m\u00f6chten, ist Sharing SMS die perfekte Wahl.<br><\/p>\n\n\n\n<h2 class=\"wp-block-heading\"><strong>\ud83c\udf89 Treten Sie einer Community von Passivverdienern bei:<\/strong><\/h2>\n\n\n\n<p>Tausende von zufriedenen Partnern auf der ganzen Welt vertrauen bereits auf Sharing SMS, um ihre SIM-Karten in eine zuverl\u00e4ssige monatliche Einnahmequelle zu verwandeln. Unser wachsendes Netzwerk umfasst Freiberufler, Technik-Enthusiasten, SIM-Karten-Wiederverk\u00e4ufer und Telefonshop-Besitzer - sie alle verdienen stabile Kryptow\u00e4hrung mit minimalem Aufwand und ohne Probleme.<\/p>\n\n\n\n<p>Wenn Sie Mitglied werden, erhalten Sie auch Zugang zu hilfreichen Tipps, Updates zu exklusiven L\u00e4ndertarifen und Unterst\u00fctzung, um Ihre Einnahmen zu steigern. Egal, ob Sie ein einzelnes SIM oder ein System mit 50+ betreiben, Sharing SMS w\u00e4chst mit Ihnen.<\/p>\n\n\n\n<p>Lassen Sie sich die Gelegenheit nicht entgehen, Teil dieser bl\u00fchenden Bewegung zu werden.<br>Jetzt sind Sie an der Reihe, SIM-Karten in Stablecoins zu verwandeln.<\/p>\n\n\n\n<p>Bereit, Ihre Reise zum passiven Einkommen zu beginnen? \ud83d\ude80\ud83d\udc49 Besuchen Sie:<a href=\"https:\/\/betasms.net\/en\/how-to-start\/\"> <\/a><a href=\"https:\/\/sharingsms.com\/de\/how-to-start\/\">https:\/\/sharingsms.com\/how-to-start\/<\/a><\/p>\n\n\n\n<p><\/p>","protected":false},"excerpt":{"rendered":"<p>In today&#8217;s fast-paced digital economy, finding innovative and hassle-free ways to generate income is increasingly appealing. One of the most accessible opportunities available is getting paid for renting out your SIM cards. Sharing SMS provides a robust platform to turn this into reality. \ud83d\ude80 \ud83d\udccc What Does &#8220;Get Paid for SIM Cards&#8221; Mean? &#8220;Get paid [&hellip;]<\/p>\n","protected":false},"author":1,"featured_media":0,"parent":0,"menu_order":0,"comment_status":"closed","ping_status":"closed","template":"","meta":{"footnotes":""},"class_list":["post-805","page","type-page","status-publish","hentry"],"yoast_head":"<!-- This site is optimized with the Yoast SEO plugin v27.5 - https:\/\/yoast.com\/product\/yoast-seo-wordpress\/ -->\n<title>Get Paid for SIM Cards \u2013 Monetize Your SIM Cards Easily with Sharing SMS<\/title>\n<meta name=\"description\" content=\"Discover how to effortlessly monetize your SIM cards with Sharing SMS. Earn daily passive income securely via USDT or USDC. Start earning today!\" \/>\n<meta name=\"robots\" content=\"index, follow, max-snippet:-1, max-image-preview:large, max-video-preview:-1\" \/>\n<link rel=\"canonical\" href=\"https:\/\/sharingsms.com\/de\/get-paid-for-sim-cards\/\" \/>\n<meta property=\"og:locale\" content=\"de_DE\" \/>\n<meta property=\"og:type\" content=\"article\" \/>\n<meta property=\"og:title\" content=\"Get Paid for SIM Cards \u2013 Monetize Your SIM Cards Easily with Sharing SMS\" \/>\n<meta property=\"og:description\" content=\"Discover how to effortlessly monetize your SIM cards with Sharing SMS. Earn daily passive income securely via USDT or USDC. Start earning today!\" \/>\n<meta property=\"og:url\" content=\"https:\/\/sharingsms.com\/de\/get-paid-for-sim-cards\/\" \/>\n<meta property=\"og:site_name\" content=\"SMS Sharing\" \/>\n<meta property=\"article:modified_time\" content=\"2025-04-01T11:43:13+00:00\" \/>\n<meta property=\"og:image\" content=\"https:\/\/sharingsms.com\/wp-content\/uploads\/2025\/03\/cleaned_sim_income_illustration-1024x683.png\" \/>\n\t<meta property=\"og:image:width\" content=\"1024\" \/>\n\t<meta property=\"og:image:height\" content=\"683\" \/>\n\t<meta property=\"og:image:type\" content=\"image\/png\" \/>\n<meta name=\"twitter:card\" content=\"summary_large_image\" \/>\n<meta name=\"twitter:label1\" content=\"Gesch\u00e4tzte Lesezeit\" \/>\n\t<meta name=\"twitter:data1\" content=\"4\u00a0Minuten\" \/>\n<script type=\"application\/ld+json\" class=\"yoast-schema-graph\">{\"@context\":\"https:\\\/\\\/schema.org\",\"@graph\":[{\"@type\":\"WebPage\",\"@id\":\"https:\\\/\\\/sharingsms.com\\\/get-paid-for-sim-cards\\\/\",\"url\":\"https:\\\/\\\/sharingsms.com\\\/get-paid-for-sim-cards\\\/\",\"name\":\"Get Paid for SIM Cards \u2013 Monetize Your SIM Cards Easily with Sharing SMS\",\"isPartOf\":{\"@id\":\"https:\\\/\\\/sharingsms.com\\\/#website\"},\"primaryImageOfPage\":{\"@id\":\"https:\\\/\\\/sharingsms.com\\\/get-paid-for-sim-cards\\\/#primaryimage\"},\"image\":{\"@id\":\"https:\\\/\\\/sharingsms.com\\\/get-paid-for-sim-cards\\\/#primaryimage\"},\"thumbnailUrl\":\"https:\\\/\\\/sharingsms.com\\\/wp-content\\\/uploads\\\/2025\\\/03\\\/cleaned_sim_income_illustration-1024x683.png\",\"datePublished\":\"2025-03-31T10:54:06+00:00\",\"dateModified\":\"2025-04-01T11:43:13+00:00\",\"description\":\"Discover how to effortlessly monetize your SIM cards with Sharing SMS. Earn daily passive income securely via USDT or USDC. Start earning today!\",\"breadcrumb\":{\"@id\":\"https:\\\/\\\/sharingsms.com\\\/get-paid-for-sim-cards\\\/#breadcrumb\"},\"inLanguage\":\"de\",\"potentialAction\":[{\"@type\":\"ReadAction\",\"target\":[\"https:\\\/\\\/sharingsms.com\\\/get-paid-for-sim-cards\\\/\"]}]},{\"@type\":\"ImageObject\",\"inLanguage\":\"de\",\"@id\":\"https:\\\/\\\/sharingsms.com\\\/get-paid-for-sim-cards\\\/#primaryimage\",\"url\":\"https:\\\/\\\/sharingsms.com\\\/wp-content\\\/uploads\\\/2025\\\/03\\\/cleaned_sim_income_illustration-1024x683.png\",\"contentUrl\":\"https:\\\/\\\/sharingsms.com\\\/wp-content\\\/uploads\\\/2025\\\/03\\\/cleaned_sim_income_illustration-1024x683.png\"},{\"@type\":\"BreadcrumbList\",\"@id\":\"https:\\\/\\\/sharingsms.com\\\/get-paid-for-sim-cards\\\/#breadcrumb\",\"itemListElement\":[{\"@type\":\"ListItem\",\"position\":1,\"name\":\"Home\",\"item\":\"https:\\\/\\\/sharingsms.com\\\/\"},{\"@type\":\"ListItem\",\"position\":2,\"name\":\"\ud83d\udcf1 Get Paid for SIM Cards: Monetize Your SIM Cards with Sharing SMS \ud83d\udcb0\"}]},{\"@type\":\"WebSite\",\"@id\":\"https:\\\/\\\/sharingsms.com\\\/#website\",\"url\":\"https:\\\/\\\/sharingsms.com\\\/\",\"name\":\"SMS Sharing\",\"description\":\"\",\"potentialAction\":[{\"@type\":\"SearchAction\",\"target\":{\"@type\":\"EntryPoint\",\"urlTemplate\":\"https:\\\/\\\/sharingsms.com\\\/?s={search_term_string}\"},\"query-input\":{\"@type\":\"PropertyValueSpecification\",\"valueRequired\":true,\"valueName\":\"search_term_string\"}}],\"inLanguage\":\"de\"}]}<\/script>\n<!-- \/ Yoast SEO plugin. -->","yoast_head_json":{"title":"Lassen Sie sich f\u00fcr SIM-Karten bezahlen \u2013 Monetarisieren Sie Ihre SIM-Karten ganz einfach durch das Teilen von SMS","description":"Entdecken Sie, wie Sie Ihre SIM-Karten mit Sharing SMS m\u00fchelos monetarisieren. Verdienen Sie t\u00e4glich sicheres passives Einkommen \u00fcber USDT oder USDC. Fangen Sie noch heute an!","robots":{"index":"index","follow":"follow","max-snippet":"max-snippet:-1","max-image-preview":"max-image-preview:large","max-video-preview":"max-video-preview:-1"},"canonical":"https:\/\/sharingsms.com\/de\/get-paid-for-sim-cards\/","og_locale":"de_DE","og_type":"article","og_title":"Get Paid for SIM Cards \u2013 Monetize Your SIM Cards Easily with Sharing SMS","og_description":"Discover how to effortlessly monetize your SIM cards with Sharing SMS. Earn daily passive income securely via USDT or USDC. Start earning today!","og_url":"https:\/\/sharingsms.com\/de\/get-paid-for-sim-cards\/","og_site_name":"SMS Sharing","article_modified_time":"2025-04-01T11:43:13+00:00","og_image":[{"width":1024,"height":683,"url":"https:\/\/sharingsms.com\/wp-content\/uploads\/2025\/03\/cleaned_sim_income_illustration-1024x683.png","type":"image\/png"}],"twitter_card":"summary_large_image","twitter_misc":{"Gesch\u00e4tzte Lesezeit":"4\u00a0Minuten"},"schema":{"@context":"https:\/\/schema.org","@graph":[{"@type":"WebPage","@id":"https:\/\/sharingsms.com\/get-paid-for-sim-cards\/","url":"https:\/\/sharingsms.com\/get-paid-for-sim-cards\/","name":"Lassen Sie sich f\u00fcr SIM-Karten bezahlen \u2013 Monetarisieren Sie Ihre SIM-Karten ganz einfach durch das Teilen von SMS","isPartOf":{"@id":"https:\/\/sharingsms.com\/#website"},"primaryImageOfPage":{"@id":"https:\/\/sharingsms.com\/get-paid-for-sim-cards\/#primaryimage"},"image":{"@id":"https:\/\/sharingsms.com\/get-paid-for-sim-cards\/#primaryimage"},"thumbnailUrl":"https:\/\/sharingsms.com\/wp-content\/uploads\/2025\/03\/cleaned_sim_income_illustration-1024x683.png","datePublished":"2025-03-31T10:54:06+00:00","dateModified":"2025-04-01T11:43:13+00:00","description":"Entdecken Sie, wie Sie Ihre SIM-Karten mit Sharing SMS m\u00fchelos monetarisieren. Verdienen Sie t\u00e4glich sicheres passives Einkommen \u00fcber USDT oder USDC. Fangen Sie noch heute an!","breadcrumb":{"@id":"https:\/\/sharingsms.com\/get-paid-for-sim-cards\/#breadcrumb"},"inLanguage":"de","potentialAction":[{"@type":"ReadAction","target":["https:\/\/sharingsms.com\/get-paid-for-sim-cards\/"]}]},{"@type":"ImageObject","inLanguage":"de","@id":"https:\/\/sharingsms.com\/get-paid-for-sim-cards\/#primaryimage","url":"https:\/\/sharingsms.com\/wp-content\/uploads\/2025\/03\/cleaned_sim_income_illustration-1024x683.png","contentUrl":"https:\/\/sharingsms.com\/wp-content\/uploads\/2025\/03\/cleaned_sim_income_illustration-1024x683.png"},{"@type":"BreadcrumbList","@id":"https:\/\/sharingsms.com\/get-paid-for-sim-cards\/#breadcrumb","itemListElement":[{"@type":"ListItem","position":1,"name":"Home","item":"https:\/\/sharingsms.com\/"},{"@type":"ListItem","position":2,"name":"\ud83d\udcf1 Get Paid for SIM Cards: Monetize Your SIM Cards with Sharing SMS \ud83d\udcb0"}]},{"@type":"WebSite","@id":"https:\/\/sharingsms.com\/#website","url":"https:\/\/sharingsms.com\/","name":"SMS-Freigabe","description":"","potentialAction":[{"@type":"SearchAction","target":{"@type":"EntryPoint","urlTemplate":"https:\/\/sharingsms.com\/?s={search_term_string}"},"query-input":{"@type":"PropertyValueSpecification","valueRequired":true,"valueName":"search_term_string"}}],"inLanguage":"de"}]}},"_links":{"self":[{"href":"https:\/\/sharingsms.com\/de\/wp-json\/wp\/v2\/pages\/805","targetHints":{"allow":["GET"]}}],"collection":[{"href":"https:\/\/sharingsms.com\/de\/wp-json\/wp\/v2\/pages"}],"about":[{"href":"https:\/\/sharingsms.com\/de\/wp-json\/wp\/v2\/types\/page"}],"author":[{"embeddable":true,"href":"https:\/\/sharingsms.com\/de\/wp-json\/wp\/v2\/users\/1"}],"replies":[{"embeddable":true,"href":"https:\/\/sharingsms.com\/de\/wp-json\/wp\/v2\/comments?post=805"}],"version-history":[{"count":7,"href":"https:\/\/sharingsms.com\/de\/wp-json\/wp\/v2\/pages\/805\/revisions"}],"predecessor-version":[{"id":840,"href":"https:\/\/sharingsms.com\/de\/wp-json\/wp\/v2\/pages\/805\/revisions\/840"}],"wp:attachment":[{"href":"https:\/\/sharingsms.com\/de\/wp-json\/wp\/v2\/media?parent=805"}],"curies":[{"name":"wp","href":"https:\/\/api.w.org\/{rel}","templated":true}]}}