{"id":842,"date":"2025-04-08T21:34:50","date_gmt":"2025-04-08T21:34:50","guid":{"rendered":"https:\/\/sharingsms.com\/?page_id=842"},"modified":"2025-10-08T10:59:35","modified_gmt":"2025-10-08T10:59:35","slug":"referral-program","status":"publish","type":"page","link":"https:\/\/sharingsms.com\/de\/referral-program\/","title":{"rendered":"Zugang zum Sharing SMS Empfehlungsprogramm - Schritt-f\u00fcr-Schritt-Anleitung"},"content":{"rendered":"<h2 class=\"wp-block-heading\"><strong>Zugang zum Empfehlungsprogramm: Ein Leitfaden f\u00fcr neue Partner<\/strong><\/h2>\n\n\n\n<p>Bei Sharing SMS sch\u00e4tzen wir die Beitr\u00e4ge unserer Partner und bem\u00fchen uns, eine zuverl\u00e4ssige und vertrauensw\u00fcrdige Gemeinschaft aufzubauen. Als neuer Partner m\u00f6chten Sie vielleicht gerne Ihren Empfehlungslink nutzen, um neue Empfehlungen zu erhalten. Hier finden Sie einen Leitfaden, der Ihnen zeigt, wie Sie Zugang zu dieser Funktion erhalten und Pr\u00e4mien verdienen k\u00f6nnen.<\/p>\n\n\n\n<h2 class=\"wp-block-heading\"><strong>Verstehen des Verweisungsprozesses<\/strong><\/h2>\n\n\n\n<p>1. <strong>Erstmalige Registrierung:<\/strong><\/p>\n\n\n\n<ul class=\"wp-block-list\">\n<li>Willkommen bei Sharing SMS! Nach der Registrierung haben Sie Zugang zu verschiedenen Funktionen, die Ihnen den Einstieg erleichtern sollen. Der Bereich \"Empfehlungen\", in dem sich der individuelle Empfehlungslink befindet, ist jedoch zun\u00e4chst nicht verf\u00fcgbar, um die Qualit\u00e4t und Zuverl\u00e4ssigkeit unseres Empfehlungsprogramms zu gew\u00e4hrleisten.<\/li>\n<\/ul>\n\n\n\n<p>2. <strong>\u00dcberwachungssystem:<\/strong><\/p>\n\n\n\n<ul class=\"wp-block-list\">\n<li>Wir verwenden ein robustes \u00dcberwachungssystem, um den stabilen Betrieb und die Aktivit\u00e4t der SIM-Karten zu verfolgen, die Sie unserer Plattform hinzuf\u00fcgen. Dieses System hilft uns, hohe Standards aufrechtzuerhalten und stellt sicher, dass nur aktive SIM-Karten f\u00fcr Kunden verf\u00fcgbar sind.<\/li>\n<\/ul>\n\n\n\n<p>3. <strong>Stabilit\u00e4tsperiode:<\/strong><\/p>\n\n\n\n<ul class=\"wp-block-list\">\n<li>Der \u00dcberwachungsprozess dauert in der Regel 10 Tage. W\u00e4hrend dieses Zeitraums bewerten wir den stabilen Betrieb der von Ihnen hinzugef\u00fcgten SIM-Karten. Wenn die SIM-Karten aktiv bleiben und keine Zwischenf\u00e4lle auftreten (z. B. Wechsel vom Status \"Bereit\" zu \"Nicht bereit\"), sind Sie auf dem besten Weg, sich in unserem Bewertungssystem einen Ruf als zuverl\u00e4ssiger Partner zu erwerben.<\/li>\n<\/ul>\n\n\n\n<p>4. <strong>Reputation aufbauen:<\/strong><\/p>\n\n\n\n<ul class=\"wp-block-list\">\n<li>Durch gleichbleibende Leistung und Stabilit\u00e4t w\u00e4hrend des \u00dcberwachungszeitraums k\u00f6nnen Sie sich einen Ruf als vertrauensw\u00fcrdiger Partner aufbauen. Dieser Ruf ist entscheidend f\u00fcr die Freischaltung zus\u00e4tzlicher Funktionen, einschlie\u00dflich des Zugriffs auf den Bereich \"Empfehlungen\".<\/li>\n<\/ul>\n\n\n\n<p>5. <strong>Freischaltung der Sektion \"Referrals\":<\/strong><\/p>\n\n\n\n<ul class=\"wp-block-list\">\n<li>Sobald Sie eine verl\u00e4ssliche Erfolgsbilanz vorweisen k\u00f6nnen, wird der Bereich \"Empfehlungen\" in Ihrem pers\u00f6nlichen Konto verf\u00fcgbar. \u00dcber den Empfehlungslink in diesem Bereich k\u00f6nnen Sie Freunde einladen, die dann zu Ihren Empfehlern werden. Sie erhalten Provisionen f\u00fcr die Aktivit\u00e4t dieser Empfehlungen und k\u00f6nnen so Ihr Netzwerk und Ihr Einkommen innerhalb unseres Dienstes erweitern.<\/li>\n<\/ul>\n\n\n\n<p>6. <strong>Belohnungen verdienen:<\/strong><\/p>\n\n\n\n<ul class=\"wp-block-list\">\n<li>Wenn Kunden die mit Ihren SIM-Karten verkn\u00fcpften Nummern mieten, beginnen Sie, Pr\u00e4mien zu verdienen. Ihre Einnahmen bleiben so lange bestehen, wie die SIM-Karten stabil und aktiv sind und die Nummern genutzt werden. Auf diese Weise k\u00f6nnen Sie m\u00fchelos Einnahmen generieren und im Laufe der Zeit einen stetigen Einkommensstrom erzeugen. Durch die Erweiterung des Pools von SIM-Karten, die Sie hinzuf\u00fcgen, k\u00f6nnen Sie Ihre eigene SIM-Kartenbank erstellen, Ihr eigenes Gesch\u00e4ft aufbauen und Ihre Gewinne maximieren.<\/li>\n<\/ul>\n\n\n\n<p>7.<strong> Einschr\u00e4nkungen: <\/strong><\/p>\n\n\n\n<ul class=\"wp-block-list\">\n<li>Ein Partner, der bereits eine Empfehlung ist, kann keine eigenen Empfehlungen haben.<\/li>\n<\/ul>\n\n\n\n<h2 class=\"wp-block-heading\"><strong>Tipps f\u00fcr den Erfolg<\/strong><\/h2>\n\n\n\n<ul class=\"wp-block-list\">\n<li><strong>Aktive SIM-Karten beibehalten:<\/strong> Vergewissern Sie sich, dass die von Ihnen hinzugef\u00fcgten SIM-Karten aktiv bleiben und SMS empfangen k\u00f6nnen, um Vorf\u00e4lle zu vermeiden, die Ihren Ruf beeintr\u00e4chtigen k\u00f6nnten.<\/li>\n\n\n\n<li><strong>Engagieren Sie sich bei Ihren Empfehlern:<\/strong> Bleiben Sie auf unserer Plattform aktiv, engagieren Sie sich f\u00fcr Ihre Empfehlungen und laden Sie neue Partner ein, um Ihr Netzwerk und Ihren Ruf auszubauen.<\/li>\n\n\n\n<li><strong>Bleiben Sie auf dem Laufenden:<\/strong> Achten Sie auf Updates und Ank\u00fcndigungen, um \u00fcber neue Funktionen und M\u00f6glichkeiten informiert zu bleiben.<\/li>\n<\/ul>\n\n\n\n<h2 class=\"wp-block-heading\">\u2753 Brauchen Sie Hilfe?<\/h2>\n\n\n\n<p>Sie k\u00f6nnen unser Support-Team \u00fcber den Chat kontaktieren. Wir sind hier, um Sie auf Ihrem Weg zum Erfolg zu unterst\u00fctzen!<\/p>","protected":false},"excerpt":{"rendered":"<p>Accessing the Referral Program: A Guide for New Partners At Sharing SMS, we value the contributions of our partners and strive to build a reliable and trustworthy community. As a new partner, you might be eager to start using your referral link to attract new referrals. Here&#8217;s a guide to understanding how you can gain [&hellip;]<\/p>\n","protected":false},"author":1,"featured_media":0,"parent":0,"menu_order":0,"comment_status":"closed","ping_status":"closed","template":"","meta":{"footnotes":""},"class_list":["post-842","page","type-page","status-publish","hentry"],"yoast_head":"<!-- This site is optimized with the Yoast SEO plugin v27.5 - https:\/\/yoast.com\/product\/yoast-seo-wordpress\/ -->\n<title>How to Access the Sharing SMS Referral Program \u2014 Step-by-Step Guide - SMS Sharing<\/title>\n<meta name=\"description\" content=\"Learn how to unlock your referral link in Sharing SMS and start earning commissions from your referrals. Simple steps to generate extra income.\" \/>\n<meta name=\"robots\" content=\"index, follow, max-snippet:-1, max-image-preview:large, max-video-preview:-1\" \/>\n<link rel=\"canonical\" href=\"https:\/\/sharingsms.com\/de\/referral-program\/\" \/>\n<meta property=\"og:locale\" content=\"de_DE\" \/>\n<meta property=\"og:type\" content=\"article\" \/>\n<meta property=\"og:title\" content=\"How to Access the Sharing SMS Referral Program \u2014 Step-by-Step Guide - SMS Sharing\" \/>\n<meta property=\"og:description\" content=\"Learn how to unlock your referral link in Sharing SMS and start earning commissions from your referrals. Simple steps to generate extra income.\" \/>\n<meta property=\"og:url\" content=\"https:\/\/sharingsms.com\/de\/referral-program\/\" \/>\n<meta property=\"og:site_name\" content=\"SMS Sharing\" \/>\n<meta property=\"article:modified_time\" content=\"2025-10-08T10:59:35+00:00\" \/>\n<meta name=\"twitter:card\" content=\"summary_large_image\" \/>\n<meta name=\"twitter:label1\" content=\"Gesch\u00e4tzte Lesezeit\" \/>\n\t<meta name=\"twitter:data1\" content=\"3\u00a0Minuten\" \/>\n<script type=\"application\/ld+json\" class=\"yoast-schema-graph\">{\"@context\":\"https:\\\/\\\/schema.org\",\"@graph\":[{\"@type\":\"WebPage\",\"@id\":\"https:\\\/\\\/sharingsms.com\\\/referral-program\\\/\",\"url\":\"https:\\\/\\\/sharingsms.com\\\/referral-program\\\/\",\"name\":\"How to Access the Sharing SMS Referral Program \u2014 Step-by-Step Guide - SMS Sharing\",\"isPartOf\":{\"@id\":\"https:\\\/\\\/sharingsms.com\\\/#website\"},\"datePublished\":\"2025-04-08T21:34:50+00:00\",\"dateModified\":\"2025-10-08T10:59:35+00:00\",\"description\":\"Learn how to unlock your referral link in Sharing SMS and start earning commissions from your referrals. Simple steps to generate extra income.\",\"breadcrumb\":{\"@id\":\"https:\\\/\\\/sharingsms.com\\\/referral-program\\\/#breadcrumb\"},\"inLanguage\":\"de\",\"potentialAction\":[{\"@type\":\"ReadAction\",\"target\":[\"https:\\\/\\\/sharingsms.com\\\/referral-program\\\/\"]}]},{\"@type\":\"BreadcrumbList\",\"@id\":\"https:\\\/\\\/sharingsms.com\\\/referral-program\\\/#breadcrumb\",\"itemListElement\":[{\"@type\":\"ListItem\",\"position\":1,\"name\":\"Home\",\"item\":\"https:\\\/\\\/sharingsms.com\\\/\"},{\"@type\":\"ListItem\",\"position\":2,\"name\":\"How to Access the Sharing SMS Referral Program \u2014 Step-by-Step Guide\"}]},{\"@type\":\"WebSite\",\"@id\":\"https:\\\/\\\/sharingsms.com\\\/#website\",\"url\":\"https:\\\/\\\/sharingsms.com\\\/\",\"name\":\"SMS Sharing\",\"description\":\"\",\"potentialAction\":[{\"@type\":\"SearchAction\",\"target\":{\"@type\":\"EntryPoint\",\"urlTemplate\":\"https:\\\/\\\/sharingsms.com\\\/?s={search_term_string}\"},\"query-input\":{\"@type\":\"PropertyValueSpecification\",\"valueRequired\":true,\"valueName\":\"search_term_string\"}}],\"inLanguage\":\"de\"}]}<\/script>\n<!-- \/ Yoast SEO plugin. -->","yoast_head_json":{"title":"Zugang zum Sharing SMS Empfehlungsprogramm - Schritt-f\u00fcr-Schritt-Anleitung - SMS Sharing","description":"Erfahren Sie, wie Sie Ihren Referral-Link in Sharing SMS freischalten und anfangen, Provisionen von Ihren Referrals zu verdienen. Einfache Schritte, um zus\u00e4tzliches Einkommen zu generieren.","robots":{"index":"index","follow":"follow","max-snippet":"max-snippet:-1","max-image-preview":"max-image-preview:large","max-video-preview":"max-video-preview:-1"},"canonical":"https:\/\/sharingsms.com\/de\/referral-program\/","og_locale":"de_DE","og_type":"article","og_title":"How to Access the Sharing SMS Referral Program \u2014 Step-by-Step Guide - SMS Sharing","og_description":"Learn how to unlock your referral link in Sharing SMS and start earning commissions from your referrals. Simple steps to generate extra income.","og_url":"https:\/\/sharingsms.com\/de\/referral-program\/","og_site_name":"SMS Sharing","article_modified_time":"2025-10-08T10:59:35+00:00","twitter_card":"summary_large_image","twitter_misc":{"Gesch\u00e4tzte Lesezeit":"3\u00a0Minuten"},"schema":{"@context":"https:\/\/schema.org","@graph":[{"@type":"WebPage","@id":"https:\/\/sharingsms.com\/referral-program\/","url":"https:\/\/sharingsms.com\/referral-program\/","name":"Zugang zum Sharing SMS Empfehlungsprogramm - Schritt-f\u00fcr-Schritt-Anleitung - SMS Sharing","isPartOf":{"@id":"https:\/\/sharingsms.com\/#website"},"datePublished":"2025-04-08T21:34:50+00:00","dateModified":"2025-10-08T10:59:35+00:00","description":"Erfahren Sie, wie Sie Ihren Referral-Link in Sharing SMS freischalten und anfangen, Provisionen von Ihren Referrals zu verdienen. Einfache Schritte, um zus\u00e4tzliches Einkommen zu generieren.","breadcrumb":{"@id":"https:\/\/sharingsms.com\/referral-program\/#breadcrumb"},"inLanguage":"de","potentialAction":[{"@type":"ReadAction","target":["https:\/\/sharingsms.com\/referral-program\/"]}]},{"@type":"BreadcrumbList","@id":"https:\/\/sharingsms.com\/referral-program\/#breadcrumb","itemListElement":[{"@type":"ListItem","position":1,"name":"Home","item":"https:\/\/sharingsms.com\/"},{"@type":"ListItem","position":2,"name":"How to Access the Sharing SMS Referral Program \u2014 Step-by-Step Guide"}]},{"@type":"WebSite","@id":"https:\/\/sharingsms.com\/#website","url":"https:\/\/sharingsms.com\/","name":"SMS-Freigabe","description":"","potentialAction":[{"@type":"SearchAction","target":{"@type":"EntryPoint","urlTemplate":"https:\/\/sharingsms.com\/?s={search_term_string}"},"query-input":{"@type":"PropertyValueSpecification","valueRequired":true,"valueName":"search_term_string"}}],"inLanguage":"de"}]}},"_links":{"self":[{"href":"https:\/\/sharingsms.com\/de\/wp-json\/wp\/v2\/pages\/842","targetHints":{"allow":["GET"]}}],"collection":[{"href":"https:\/\/sharingsms.com\/de\/wp-json\/wp\/v2\/pages"}],"about":[{"href":"https:\/\/sharingsms.com\/de\/wp-json\/wp\/v2\/types\/page"}],"author":[{"embeddable":true,"href":"https:\/\/sharingsms.com\/de\/wp-json\/wp\/v2\/users\/1"}],"replies":[{"embeddable":true,"href":"https:\/\/sharingsms.com\/de\/wp-json\/wp\/v2\/comments?post=842"}],"version-history":[{"count":3,"href":"https:\/\/sharingsms.com\/de\/wp-json\/wp\/v2\/pages\/842\/revisions"}],"predecessor-version":[{"id":948,"href":"https:\/\/sharingsms.com\/de\/wp-json\/wp\/v2\/pages\/842\/revisions\/948"}],"wp:attachment":[{"href":"https:\/\/sharingsms.com\/de\/wp-json\/wp\/v2\/media?parent=842"}],"curies":[{"name":"wp","href":"https:\/\/api.w.org\/{rel}","templated":true}]}}