{"id":898,"date":"2025-09-30T13:09:47","date_gmt":"2025-09-30T13:09:47","guid":{"rendered":"https:\/\/sharingsms.com\/?page_id=898"},"modified":"2025-09-30T16:57:16","modified_gmt":"2025-09-30T16:57:16","slug":"terms-and-conditions","status":"publish","type":"page","link":"https:\/\/sharingsms.com\/de\/terms-and-conditions\/","title":{"rendered":"Gesch\u00e4ftsbedingungen"},"content":{"rendered":"<h2 class=\"wp-block-heading\">Servicevereinbarung<\/h2>\n\n\n\n<h3 class=\"wp-block-heading\">1. Vertragsparteien<\/h3>\n\n\n\n<p>Dieser Servicevertrag (nachfolgend \u201eVertrag\u201c) wird zwischen Sharing SMS (nachfolgend \u201eUnternehmen\u201c) und dem Servicenutzer (nachfolgend \u201ePartner\u201c) geschlossen. Das Unternehmen und der Partner werden gemeinsam als \u201eParteien\u201c bezeichnet.<\/p>\n\n\n\n<p>Der Servicevertrag wird zwischen den Parteien \u2013 Sharing SMS und dem Partner \u2013 geschlossen.<\/p>\n\n\n\n<h3 class=\"wp-block-heading\">2. PR\u00c4AMBEL<\/h3>\n\n\n\n<p>Durch die Registrierung auf der Website des Unternehmens und die Erstellung eines Kontos best\u00e4tigt der Partner die Annahme der Bedingungen dieser Vereinbarung. Der Partner akzeptiert, dass die prim\u00e4ren Kommunikationsmittel E-Mail, Chat und Messenger sind. Der Partner stimmt zu, elektronische Benachrichtigungen vom Unternehmen sowie Benachrichtigungen \u00fcber Messenger wie WhatsApp oder Telegram zu erhalten. Der Partner best\u00e4tigt sein Einverst\u00e4ndnis mit der Speicherung und Verarbeitung seiner Daten f\u00fcr die Dauer der Vereinbarung. Zur Pflege gemieteter Nummern, zur Verwaltung pers\u00f6nlicher Informationen und zum Zugriff auf Dienste nutzt der Partner sein Konto auf der Website des Unternehmens und in der mobilen App.<\/p>\n\n\n\n<h3 class=\"wp-block-heading\">3. ZWECK DER VEREINBARUNG<\/h3>\n\n\n\n<p>Zweck dieser Vereinbarung ist die Regelung der Rechtsbeziehungen zwischen den Parteien bei der Erbringung von Telekommunikationsdiensten durch das Unternehmen. Die Vereinbarung legt die Bedingungen f\u00fcr die Erbringung dieser Dienste fest.<\/p>\n\n\n\n<h3 class=\"wp-block-heading\">4. RECHTE UND PFLICHTEN DER PARTEIEN<\/h3>\n\n\n\n<h4 class=\"wp-block-heading\">4.1 Unternehmen<\/h4>\n\n\n\n<p><strong>4.1.1<\/strong> Das Unternehmen bietet dem Partner die M\u00f6glichkeit, seine SIM-Karten zu vermieten, und zwar zur Bereitstellung der SMS-Verarbeitung.<\/p>\n\n\n\n<p><strong>4.1.2<\/strong> Das Unternehmen h\u00e4lt die SIM-Karten in seiner Datenbank. Das Unternehmen belohnt den Partner f\u00fcr die Vermietung seiner SIM-Karten (wenn die SIM gemietet ist und den Status \u201eBereit\u201c beh\u00e4lt).<\/p>\n\n\n\n<p><strong>4.1.3<\/strong> Das Unternehmen ist nicht f\u00fcr die kommerzielle Wartung der f\u00fcr die Serviceimplementierung erforderlichen Ger\u00e4te verantwortlich. Der Partner ist verpflichtet, seine Ger\u00e4te zu warten, um die Dienste bereitzustellen und die ordnungsgem\u00e4\u00dfe Funktion der SIM-Karte(n) sicherzustellen. Dies umfasst auch die Aufladung des Guthabens, falls erforderlich, um die Nummer zu erhalten und eine Sperrung durch den Mobilfunkbetreiber zu verhindern.<\/p>\n\n\n\n<p><strong>4.1.4<\/strong> Das Unternehmen stellt dem Partner fortlaufende Unterst\u00fctzung und Beratungsmanager hinsichtlich der erbrachten Dienstleistung im erforderlichen Umfang zur Verf\u00fcgung.<\/p>\n\n\n\n<p><strong>4.1.5<\/strong> Das Unternehmen ist berechtigt, die bereitgestellte SIM aus Gr\u00fcnden zu ersetzen, die au\u00dferhalb gesetzlicher und sonstiger Vorschriften liegen, oder wenn die weitere Bereitstellung von Kommunikationsdiensten unter dieser Nummer aufgrund von Umst\u00e4nden, die au\u00dferhalb der Kontrolle des Unternehmens liegen, unm\u00f6glich wird. In diesem Fall muss das Unternehmen den Partner so schnell wie m\u00f6glich \u00fcber den Ersatz informieren. Der Partner stellt den SIM-Ersatz auf eigene Kosten bereit. Das Unternehmen haftet nicht f\u00fcr zus\u00e4tzliche Kosten des Partners im Zusammenhang mit dem Ersatz der Nummer, die \u00fcber die Vereinbarung zwischen den Parteien hinausgehen.<\/p>\n\n\n\n<p><strong>4.1.6<\/strong> Wenn der Partner gegen eine Klausel dieser Vereinbarung verst\u00f6\u00dft, hat das Unternehmen das Recht, das Konto des Partners zu sperren.<\/p>\n\n\n\n<p><strong>4.1.7<\/strong> Das Unternehmen beh\u00e4lt sich das Recht vor, die Bereitstellung von Dienstleistungen f\u00fcr den Partner zu verweigern, wenn das Unternehmen den Partner f\u00fcr unzuverl\u00e4ssig h\u00e4lt.<\/p>\n\n\n\n<p><strong>4.1.8<\/strong> Das Unternehmen hat das Recht, die Bedingungen dieser Vereinbarung ohne vorherige Zustimmung und Benachrichtigung des Partners zu \u00e4ndern, wenn solche \u00c4nderungen aufgrund von \u00c4nderungen der rechtlichen Rahmenbedingungen, Versicherungsbedingungen, Sicherheitsanforderungen oder \u00c4nderungen gesetzlicher Dokumente erforderlich sind.<\/p>\n\n\n\n<p><strong>4.1.9<\/strong> Das Unternehmen beh\u00e4lt sich das Recht vor, die Tarife f\u00fcr alle von ihm bereitgestellten Dienste zu \u00e4ndern.<\/p>\n\n\n\n<p><strong>4.1.10<\/strong> Das Unternehmen beh\u00e4lt sich das Recht vor, die Partnerschaft ohne Auszahlung zu beenden, wenn der Partner unzuverl\u00e4ssig ist, indem er seine Verpflichtungen (5) verletzt, alle Kommunikationsmittel ignoriert oder die Arbeit des Dienstes sabotiert. In diesen oder anderen F\u00e4llen, die die Arbeit des Dienstes sabotieren, gelten die Verpflichtungen des Unternehmens als erf\u00fcllt, w\u00e4hrend der Partner keine Belohnung erh\u00e4lt. Das Konto des Partners wird dauerhaft gesperrt. Die Partnerschaft wird beendet.<\/p>\n\n\n\n<h4 class=\"wp-block-heading\">5. Partner<\/h4>\n\n\n\n<p><strong>5.1<\/strong> Der Partner ist verpflichtet, die Dienste aufrechtzuerhalten und die Probleme im Zusammenhang mit den von ihm bereitgestellten Diensten rechtzeitig zu l\u00f6sen.<\/p>\n\n\n\n<p><strong>5.2<\/strong> Der Partner ist verpflichtet, seine Kontaktdaten anzugeben. Das Unternehmen informiert den Partner vorab \u00fcber diese Anforderungen.<\/p>\n\n\n\n<p><strong>5.3<\/strong> Sollte der Partner St\u00f6rungen im Arbeitsablauf der Dienste feststellen, muss er das Unternehmen dar\u00fcber informieren. Das Unternehmen setzt dem Partner eine Frist (bis zu 6 Stunden), innerhalb derer er das Problem mit dem von ihm bereitgestellten Dienst beheben soll. Sollte der Partner das Problem nicht l\u00f6sen, erh\u00e4lt er keine t\u00e4gliche Belohnung.<\/p>\n\n\n\n<p><strong>5.4<\/strong> Das Unternehmen erm\u00f6glicht dem Partner Empfehlungen, sofern dieser seine SIMs aktiv vermietet. Das Partnerkonto muss aktiv bleiben. Das Unternehmen betrachtet Smurf-Konten (zus\u00e4tzliche Konten desselben Partners) als betr\u00fcgerisches Verhalten. Solche Konten werden gek\u00fcndigt und das Konto des Hauptpartners wird gesperrt, ohne dass dieser Anspruch auf die monatliche Pr\u00e4mie hat.<\/p>\n\n\n\n<p><strong>5.5<\/strong> Wenn der Partner den Support-Service des Unternehmens kontaktiert (telefonisch, per E-Mail oder Online-Chat auf der Website des Unternehmens), sollte er h\u00f6flich und im Rahmen der angebotenen Dienstleistungen kommunizieren. Das Unternehmen hat das Recht, auf Anfragen des Partners nicht zu antworten, wenn diese obsz\u00f6ne Sprache oder Unh\u00f6flichkeit beinhalten oder \u00fcber den Umfang der vom Unternehmen erbrachten Dienstleistungen hinausgehen.<\/p>\n\n\n\n<p><strong>5.6<\/strong> Der Partner ist verpflichtet, in solchen Situationen mit dem Unternehmen zusammenzuarbeiten:<\/p>\n\n\n\n<ul class=\"wp-block-list\">\n<li>Bei der Bearbeitung von Beschwerden bez\u00fcglich der erbrachten Dienstleistungen;<\/li>\n\n\n\n<li>Bei der Bearbeitung von Anfragen oder Untersuchungen bez\u00fcglich der bereitgestellten Dienste.<\/li>\n<\/ul>\n\n\n\n<p>Der Partner ist verpflichtet:<\/p>\n\n\n\n<ul class=\"wp-block-list\">\n<li>Tragen Sie die volle Verantwortung f\u00fcr etwaige Verst\u00f6\u00dfe gegen lokale Gesetze.<\/li>\n\n\n\n<li>Tragen Sie alle zus\u00e4tzlichen Kosten, die mit der Gesetzesverletzung in der Gerichtsbarkeit Ihres Landes verbunden sind.<\/li>\n\n\n\n<li>Das Unternehmen \u00fcbernimmt in diesem Fall keine Verantwortung f\u00fcr die Inkompetenz des Partners.<\/li>\n<\/ul>\n\n\n\n<p><strong>5.7<\/strong> Mit der Annahme dieser Vereinbarung best\u00e4tigt der Partner, dass er mindestens 18 Jahre alt ist.<\/p>\n\n\n\n<p><strong>5.8<\/strong> Der Partner ist nicht berechtigt, seine Rechte und Pflichten ohne die Zustimmung des Unternehmens im Rahmen dieser Vereinbarung auf eine andere Partei zu \u00fcbertragen.<\/p>\n\n\n\n<p><strong>5.9<\/strong> W\u00e4hrend der Mietdauer des SIM ist der Partner verpflichtet, seine Arbeit aufrechtzuerhalten, solange das SIM aktiv ist. Dies beinhaltet auch das Aufladen des SIM-Kartenguthabens bei Bedarf. Alle zus\u00e4tzlich anfallenden Kosten gehen zu Lasten des Partners.<\/p>\n\n\n\n<p><strong>5.10<\/strong> Mit der Annahme dieser Gesch\u00e4ftsbedingungen erkl\u00e4rt der Partner, zuverl\u00e4ssig zu sein und weder gegenw\u00e4rtig noch in Zukunft mit diesen Gesch\u00e4ftsbedingungen nicht einverstanden zu sein.<\/p>\n\n\n\n<p><strong>5.11<\/strong> Falls der Partner die Partnerschaft beenden m\u00f6chte, sperrt das Unternehmen den Zugriff des Partners dauerhaft auf sein Konto. Die Auszahlungen werden wie gewohnt bearbeitet, sofern der Partner seine Verpflichtungen nicht verletzt hat. Der Partner muss das Unternehmen drei Tage im Voraus \u00fcber seine Entscheidung informieren.<\/p>\n\n\n\n<h3 class=\"wp-block-heading\">6. AUSZAHLUNGSVERFAHREN<\/h3>\n\n\n\n<p><strong>6.1<\/strong> Das Unternehmen bietet eine zweiteilige Auszahlungsbasis: T\u00e4gliche Ansammlungen (eine feste t\u00e4gliche Belohnung, die nur gilt, solange SIM den Status \u201eBereit\u201c hat) und monatliche Auszahlung (das Ergebnis der Belohnungen des Partners wird berechnet und an sein Wallet gesendet).<\/p>\n\n\n\n<p><strong>6.2<\/strong> Zu den Aufwendungen des Partners z\u00e4hlen:<\/p>\n\n\n\n<ul class=\"wp-block-list\">\n<li>SIM an den Spediteur gezahlte Geb\u00fchren (falls erforderlich)<\/li>\n\n\n\n<li>Die Ger\u00e4tebereitstellung<\/li>\n\n\n\n<li>Die SIM-Bestimmung<\/li>\n\n\n\n<li>Andere F\u00e4lle, die au\u00dferhalb der Verantwortung des Unternehmens liegen<\/li>\n<\/ul>\n\n\n\n<p><strong>6.3<\/strong> Das Unternehmen kann eine Strafe verh\u00e4ngen, wenn der gemietete SIM w\u00e4hrend eines 24-Stunden-Tages (00:00\u201300:00) l\u00e4nger als 6 Stunden den Status \u201eNicht bereit\u201c hat. Durch die Strafe wird die Anrechnung f\u00fcr diesen Tag aufgehoben.<\/p>\n\n\n\n<h3 class=\"wp-block-heading\">7. GEISTIGE EIGENTUMSRECHTE<\/h3>\n\n\n\n<p><strong>7.1<\/strong> Alle geistigen Eigentumsrechte einer Partei verbleiben bei dieser Partei.<\/p>\n\n\n\n<p><strong>7.2<\/strong> Der Partner darf in keinem Fall den Namen des Unternehmens, seine Marke oder seine geistigen Eigentumsrechte verwenden.<\/p>\n\n\n\n<p><strong>7.3<\/strong> Die \u00dcbertragung geistigen Eigentums ohne schriftliche Zustimmung ist strengstens untersagt.<\/p>\n\n\n\n<h3 class=\"wp-block-heading\">8. VERTRAULICHKEIT<\/h3>\n\n\n\n<p>Das Unternehmen garantiert den Schutz der pers\u00f6nlichen Daten des Partners.<\/p>\n\n\n\n<h3 class=\"wp-block-heading\">9. HAFTUNGSBESCHR\u00c4NKUNG<\/h3>\n\n\n\n<p><strong>9.1<\/strong> Das Unternehmen haftet in den folgenden F\u00e4llen nicht: indirekte, Folge- oder zuf\u00e4llige Sch\u00e4den aufgrund unterbrochener Kommunikation, Datenverlust, nicht eingezogener Gewinne oder anderer wirtschaftlicher Verluste im Zusammenhang mit dieser Vereinbarung.<\/p>\n\n\n\n<p><strong>9.2<\/strong> Das Unternehmen haftet nur in F\u00e4llen, in denen R\u00fcckstellungen falsch berechnet wurden oder aus technischen Gr\u00fcnden \u00fcberhaupt nicht berechnet wurden.<\/p>\n\n\n\n<p><strong>9.3<\/strong> Das Unternehmen haftet nicht f\u00fcr Fehler, Auslassungen oder Tippfehler im Vertrag, auf der Website, im pers\u00f6nlichen Konto, in der Rechnung oder in anderen vom Unternehmen ausgestellten oder bereitgestellten Dokumenten. Der Partner kann das Unternehmen \u00fcber etwaige Ungenauigkeiten informieren, die bei Best\u00e4tigung korrigiert werden.<\/p>\n\n\n\n<h3 class=\"wp-block-heading\">10. H\u00d6HERE GEWALT<\/h3>\n\n\n\n<p><strong>10.1<\/strong> Das Unternehmen haftet nicht f\u00fcr Unterbrechungen, Verz\u00f6gerungen oder die Nichtbereitstellung von Diensten aufgrund von Umst\u00e4nden, die au\u00dferhalb seiner Kontrolle liegen, einschlie\u00dflich, aber nicht beschr\u00e4nkt auf Naturkatastrophen, Krieg, Sanktionen, Lizenzentzug, Zerst\u00f6rung von Ger\u00e4ten oder Fehler Dritter (z. B. Telekommunikationsbetreiber, staatliche Ma\u00dfnahmen).<\/p>\n\n\n\n<p><strong>10.2<\/strong> Das Unternehmen haftet nicht f\u00fcr Folgen, die sich aus solchen Umst\u00e4nden h\u00f6herer Gewalt ergeben.<\/p>\n\n\n\n<h3 class=\"wp-block-heading\">11. SCHADENERSATZ UND HAFTUNG<\/h3>\n\n\n\n<p>Unabh\u00e4ngig von der H\u00f6he der Verg\u00fctung im Rahmen dieser Vereinbarung erkennt der Partner hiermit an und stimmt zu, dass das Unternehmen, seine Gr\u00fcnder, Tochtergesellschaften, verbundenen Unternehmen, leitenden Angestellten, Direktoren, Mitarbeiter und Vertreter nicht f\u00fcr Verluste, Sch\u00e4den oder Anspr\u00fcche haften, die sich aus der Nutzung der Dienste ergeben oder damit in Zusammenhang stehen. Dies umfasst unter anderem Probleme im Zusammenhang mit der Serviceverf\u00fcgbarkeit, der Datenvertraulichkeit, technischen St\u00f6rungen oder Verz\u00f6gerungen bei der Informations\u00fcbermittlung.<br><\/p>\n\n\n\n<h3 class=\"wp-block-heading\">12. VERTRAGSBEDINGUNGEN<\/h3>\n\n\n\n<p><strong>12.1<\/strong> Diese Vereinbarung tritt mit der Erstellung eines Benutzerkontos durch den Partner in Kraft und bleibt bis zur K\u00fcndigung durch eine der Parteien g\u00fcltig.<\/p>\n\n\n\n<p><strong>12.2<\/strong> Jede Partei kann diese Vereinbarung im Falle einer Verletzung ihrer Bedingungen k\u00fcndigen.<\/p>\n\n\n\n<p><strong>12.3<\/strong> Mit der K\u00fcndigung gelten s\u00e4mtliche Verpflichtungen des Unternehmens als erf\u00fcllt.<\/p>\n\n\n\n<h3 class=\"wp-block-heading\">13. SONSTIGES<\/h3>\n\n\n\n<p><strong>13.1<\/strong> Diese Vereinbarung stellt die gesamte Vereinbarung zwischen den Parteien dar und ersetzt alle vorherigen Zusicherungen und Absprachen.<\/p>","protected":false},"excerpt":{"rendered":"<p>Service Agreement 1. PARTIES TO THE AGREEMENT This Service Agreement (hereinafter referred to as the &#8220;Agreement&#8221;) is entered into between Sharing SMS (hereinafter referred to as the &#8220;Company&#8221;) and the service user (hereinafter referred to as the &#8220;Partner&#8221;). The Company and the Partner shall collectively be referred to as the &#8220;Parties&#8221;. The Service Agreement is [&hellip;]<\/p>\n","protected":false},"author":1,"featured_media":0,"parent":0,"menu_order":0,"comment_status":"closed","ping_status":"closed","template":"","meta":{"footnotes":""},"class_list":["post-898","page","type-page","status-publish","hentry"],"yoast_head":"<!-- This site is optimized with the Yoast SEO plugin v27.5 - https:\/\/yoast.com\/product\/yoast-seo-wordpress\/ -->\n<title>Terms and Conditions - SMS Sharing<\/title>\n<meta name=\"description\" content=\"Read the Sharing SMS Terms and Conditions. This agreement outlines partner obligations, SIM usage, earnings policy, and service limitations.\" \/>\n<meta name=\"robots\" content=\"index, follow, max-snippet:-1, max-image-preview:large, max-video-preview:-1\" \/>\n<link rel=\"canonical\" href=\"https:\/\/sharingsms.com\/de\/terms-and-conditions\/\" \/>\n<meta property=\"og:locale\" content=\"de_DE\" \/>\n<meta property=\"og:type\" content=\"article\" \/>\n<meta property=\"og:title\" content=\"Terms and Conditions - SMS Sharing\" \/>\n<meta property=\"og:description\" content=\"Read the Sharing SMS Terms and Conditions. This agreement outlines partner obligations, SIM usage, earnings policy, and service limitations.\" \/>\n<meta property=\"og:url\" content=\"https:\/\/sharingsms.com\/de\/terms-and-conditions\/\" \/>\n<meta property=\"og:site_name\" content=\"SMS Sharing\" \/>\n<meta property=\"article:modified_time\" content=\"2025-09-30T16:57:16+00:00\" \/>\n<meta name=\"twitter:card\" content=\"summary_large_image\" \/>\n<meta name=\"twitter:label1\" content=\"Gesch\u00e4tzte Lesezeit\" \/>\n\t<meta name=\"twitter:data1\" content=\"7\u00a0Minuten\" \/>\n<script type=\"application\/ld+json\" class=\"yoast-schema-graph\">{\"@context\":\"https:\\\/\\\/schema.org\",\"@graph\":[{\"@type\":\"WebPage\",\"@id\":\"https:\\\/\\\/sharingsms.com\\\/terms-and-conditions\\\/\",\"url\":\"https:\\\/\\\/sharingsms.com\\\/terms-and-conditions\\\/\",\"name\":\"Terms and Conditions - SMS Sharing\",\"isPartOf\":{\"@id\":\"https:\\\/\\\/sharingsms.com\\\/#website\"},\"datePublished\":\"2025-09-30T13:09:47+00:00\",\"dateModified\":\"2025-09-30T16:57:16+00:00\",\"description\":\"Read the Sharing SMS Terms and Conditions. This agreement outlines partner obligations, SIM usage, earnings policy, and service limitations.\",\"breadcrumb\":{\"@id\":\"https:\\\/\\\/sharingsms.com\\\/terms-and-conditions\\\/#breadcrumb\"},\"inLanguage\":\"de\",\"potentialAction\":[{\"@type\":\"ReadAction\",\"target\":[\"https:\\\/\\\/sharingsms.com\\\/terms-and-conditions\\\/\"]}]},{\"@type\":\"BreadcrumbList\",\"@id\":\"https:\\\/\\\/sharingsms.com\\\/terms-and-conditions\\\/#breadcrumb\",\"itemListElement\":[{\"@type\":\"ListItem\",\"position\":1,\"name\":\"Home\",\"item\":\"https:\\\/\\\/sharingsms.com\\\/\"},{\"@type\":\"ListItem\",\"position\":2,\"name\":\"Terms and Conditions\"}]},{\"@type\":\"WebSite\",\"@id\":\"https:\\\/\\\/sharingsms.com\\\/#website\",\"url\":\"https:\\\/\\\/sharingsms.com\\\/\",\"name\":\"SMS Sharing\",\"description\":\"\",\"potentialAction\":[{\"@type\":\"SearchAction\",\"target\":{\"@type\":\"EntryPoint\",\"urlTemplate\":\"https:\\\/\\\/sharingsms.com\\\/?s={search_term_string}\"},\"query-input\":{\"@type\":\"PropertyValueSpecification\",\"valueRequired\":true,\"valueName\":\"search_term_string\"}}],\"inLanguage\":\"de\"}]}<\/script>\n<!-- \/ Yoast SEO plugin. -->","yoast_head_json":{"title":"Allgemeine Gesch\u00e4ftsbedingungen - SMS Sharing","description":"Lesen Sie die Allgemeinen Gesch\u00e4ftsbedingungen von Sharing SMS. Diese Vereinbarung beschreibt die Verpflichtungen des Partners, die Nutzung von SIM, die Verdienstrichtlinien und die Servicebeschr\u00e4nkungen.","robots":{"index":"index","follow":"follow","max-snippet":"max-snippet:-1","max-image-preview":"max-image-preview:large","max-video-preview":"max-video-preview:-1"},"canonical":"https:\/\/sharingsms.com\/de\/terms-and-conditions\/","og_locale":"de_DE","og_type":"article","og_title":"Terms and Conditions - SMS Sharing","og_description":"Read the Sharing SMS Terms and Conditions. This agreement outlines partner obligations, SIM usage, earnings policy, and service limitations.","og_url":"https:\/\/sharingsms.com\/de\/terms-and-conditions\/","og_site_name":"SMS Sharing","article_modified_time":"2025-09-30T16:57:16+00:00","twitter_card":"summary_large_image","twitter_misc":{"Gesch\u00e4tzte Lesezeit":"7\u00a0Minuten"},"schema":{"@context":"https:\/\/schema.org","@graph":[{"@type":"WebPage","@id":"https:\/\/sharingsms.com\/terms-and-conditions\/","url":"https:\/\/sharingsms.com\/terms-and-conditions\/","name":"Allgemeine Gesch\u00e4ftsbedingungen - SMS Sharing","isPartOf":{"@id":"https:\/\/sharingsms.com\/#website"},"datePublished":"2025-09-30T13:09:47+00:00","dateModified":"2025-09-30T16:57:16+00:00","description":"Lesen Sie die Allgemeinen Gesch\u00e4ftsbedingungen von Sharing SMS. Diese Vereinbarung beschreibt die Verpflichtungen des Partners, die Nutzung von SIM, die Verdienstrichtlinien und die Servicebeschr\u00e4nkungen.","breadcrumb":{"@id":"https:\/\/sharingsms.com\/terms-and-conditions\/#breadcrumb"},"inLanguage":"de","potentialAction":[{"@type":"ReadAction","target":["https:\/\/sharingsms.com\/terms-and-conditions\/"]}]},{"@type":"BreadcrumbList","@id":"https:\/\/sharingsms.com\/terms-and-conditions\/#breadcrumb","itemListElement":[{"@type":"ListItem","position":1,"name":"Home","item":"https:\/\/sharingsms.com\/"},{"@type":"ListItem","position":2,"name":"Terms and Conditions"}]},{"@type":"WebSite","@id":"https:\/\/sharingsms.com\/#website","url":"https:\/\/sharingsms.com\/","name":"SMS-Freigabe","description":"","potentialAction":[{"@type":"SearchAction","target":{"@type":"EntryPoint","urlTemplate":"https:\/\/sharingsms.com\/?s={search_term_string}"},"query-input":{"@type":"PropertyValueSpecification","valueRequired":true,"valueName":"search_term_string"}}],"inLanguage":"de"}]}},"_links":{"self":[{"href":"https:\/\/sharingsms.com\/de\/wp-json\/wp\/v2\/pages\/898","targetHints":{"allow":["GET"]}}],"collection":[{"href":"https:\/\/sharingsms.com\/de\/wp-json\/wp\/v2\/pages"}],"about":[{"href":"https:\/\/sharingsms.com\/de\/wp-json\/wp\/v2\/types\/page"}],"author":[{"embeddable":true,"href":"https:\/\/sharingsms.com\/de\/wp-json\/wp\/v2\/users\/1"}],"replies":[{"embeddable":true,"href":"https:\/\/sharingsms.com\/de\/wp-json\/wp\/v2\/comments?post=898"}],"version-history":[{"count":3,"href":"https:\/\/sharingsms.com\/de\/wp-json\/wp\/v2\/pages\/898\/revisions"}],"predecessor-version":[{"id":903,"href":"https:\/\/sharingsms.com\/de\/wp-json\/wp\/v2\/pages\/898\/revisions\/903"}],"wp:attachment":[{"href":"https:\/\/sharingsms.com\/de\/wp-json\/wp\/v2\/media?parent=898"}],"curies":[{"name":"wp","href":"https:\/\/api.w.org\/{rel}","templated":true}]}}