{"id":968,"date":"2026-03-05T11:00:54","date_gmt":"2026-03-05T11:00:54","guid":{"rendered":"https:\/\/sharingsms.com\/?page_id=968"},"modified":"2026-03-05T11:00:54","modified_gmt":"2026-03-05T11:00:54","slug":"infected-smartphones-warning","status":"publish","type":"page","link":"https:\/\/sharingsms.com\/de\/infected-smartphones-warning\/","title":{"rendered":"Sicherheitswarnung: Schadsoftware in g\u00fcnstigen No-Name-Smartphones (Alps, Soyes, Lingbo)"},"content":{"rendered":"<p>Sehr geehrte Partner,<\/p>\n\n\n\n<p>In letzter Zeit haben wir einen Anstieg der Nutzung von <strong>g\u00fcnstige chinesische Smartphones<\/strong> von unbekannten Marken (sogenannte <strong>\u201cNamenslose\u201d<\/strong>) f\u00fcr die Zusammenarbeit mit <em>Sharing SMS<\/em>. Darunter befinden sich Alps XS15, Alps S23 Pro, Alps P70 Pro Max, Alps 16 Pro, Soyes XS11, Lingbo G24 mini und andere. Diese Ger\u00e4te enthalten oft <strong>Schadcode<\/strong> (wie zum Beispiel die <strong>Guerilla<\/strong> oder <strong>Triada<\/strong> Trojaner), die in ihrer Firmware eingebettet sind.<\/p>\n\n\n\n<p>Wir sehen uns gezwungen, Sie vor den Gefahren zu warnen, da dies Ihre Einnahmen direkt beeintr\u00e4chtigt.<\/p>\n\n\n\n<h2 class=\"wp-block-heading\"><strong>Fakten zu infizierten Ger\u00e4ten:<\/strong><\/h2>\n\n\n\n<ul class=\"wp-block-list\">\n<li>Entsprechend<a href=\"https:\/\/heimdalsecurity.com\/blog\/lemon-gang-pre-infects-9-million-android-devices-with-malware\/\" target=\"_blank\" rel=\"noreferrer noopener nofollow\"> Heimdal Security<\/a>, Fast 9 Millionen Android-Ger\u00e4te sind mit der Malware \u201cGuerrilla\u201d infiziert.<\/li>\n\n\n\n<li><a href=\"https:\/\/redskyalliance.org\/\" target=\"_blank\" rel=\"noreferrer noopener nofollow\">Red Sky Alliance<\/a> Berichten zufolge wird der Triada-Trojaner zur Kontrolle von Millionen von Smartphones eingesetzt.<\/li>\n\n\n\n<li>Entsprechend<a href=\"https:\/\/www.cybersecuritytribe.com\/news\/lemon-group-guerilla-malware-pre-infects-millions-of-android-devices\" target=\"_blank\" rel=\"noreferrer noopener nofollow\"> CybersecurityTribe<\/a>, Eine einzige Cyberkriminellengruppe kontrolliert Millionen von Ger\u00e4ten in 180 L\u00e4ndern.<\/li>\n\n\n\n<li>Schadsoftware kann:\n<ul class=\"wp-block-list\">\n<li>SMS-Nachrichten mit Einmalpassw\u00f6rtern abfangen;<\/li>\n\n\n\n<li>Reverse-Proxy-Server einrichten;<\/li>\n\n\n\n<li>WhatsApp- und andere Messenger-Sitzungen kapern;<\/li>\n\n\n\n<li>Benutzerkonten ohne Wissen des Benutzers registrieren<\/li>\n<\/ul>\n<\/li>\n<\/ul>\n\n\n\n<h2 class=\"wp-block-heading\"><strong>Welche Risiken bestehen?<\/strong><\/h2>\n\n\n\n<ol class=\"wp-block-list\">\n<li><strong>Automatische Kontoregistrierung.<\/strong><br>Sobald Sie eine SIM-Karte in ein solches Smartphone einlegen, beginnt die Schadsoftware ohne Ihr Wissen Konten bei Diensten wie WhatsApp, Facebook, Tinder, JingDong usw. zu registrieren. Sie sehen die SMS-Karte mit den Codes nicht, diese werden jedoch abgefangen und an Angreifer weitergeleitet.<\/li>\n<\/ol>\n\n\n\n<ol start=\"2\" class=\"wp-block-list\">\n<li><strong>Die Zahlen sind f\u00fcr die Vermietung ungeeignet.<\/strong><br>Wenn Ihnen der technische Support mitteilt, dass Ihre Nummern bereits mit Spam-Registrierungen belegt sind, k\u00f6nnen sie nicht an Kunden vermietet werden. Dies bedeutet unerw\u00fcnschte Verluste \u2013 Sie m\u00fcssen neue SIM-Karten und -Ger\u00e4te erwerben.<\/li>\n<\/ol>\n\n\n\n<ol start=\"3\" class=\"wp-block-list\">\n<li><strong>Probleme bei der \u201cBereinigung\u201d von Zahlen.<\/strong><br>Sie k\u00f6nnen versuchen, die mit Ihren Nummern registrierten Konten manuell zu l\u00f6schen (pr\u00fcfen Sie die Liste der Dienste beim technischen Support). Dies garantiert jedoch keinen Erfolg:\n<ul class=\"wp-block-list\">\n<li>F\u00fcr Konten kann die Zwei-Faktor-Authentifizierung (2FA) aktiviert sein.<\/li>\n\n\n\n<li>Wenn ein Dienst (wie beispielsweise WhatsApp) verd\u00e4chtige Aktivit\u00e4ten feststellt, kann er die Nummer dauerhaft sperren.<\/li>\n<\/ul>\n<\/li>\n<\/ol>\n\n\n\n<ol start=\"4\" class=\"wp-block-list\">\n<li><strong>Zus\u00e4tzliche Bedrohungen durch Trojaner.<\/strong><br>Zus\u00e4tzlich zum Abfangen von SMS kann Schadsoftware Folgendes bewirken:\n<ul class=\"wp-block-list\">\n<li>aufdringliche Werbung installieren;<\/li>\n\n\n\n<li>Kontodaten stehlen (z. B. Cookies von Facebook);<\/li>\n\n\n\n<li>Nutzen Sie Ihr Ger\u00e4t f\u00fcr betr\u00fcgerische Machenschaften.<\/li>\n<\/ul>\n<\/li>\n<\/ol>\n\n\n\n<ol start=\"5\" class=\"wp-block-list\">\n<li><strong>Risiko einer Ratingverschlechterung <\/strong><strong><em>Sharing SMS.<\/em><\/strong><br>Wenn solche F\u00e4lle von Zahlenmanipulationen h\u00e4ufiger vorkommen, kann sich Ihre Bewertung im Dienst verschlechtern, was sich direkt auf Ihre Einnahmen auswirkt.<br><\/li>\n<\/ol>\n\n\n\n<h2 class=\"wp-block-heading\"><strong>Was sollten Sie tun?<\/strong><\/h2>\n\n\n\n<ul class=\"wp-block-list\">\n<li>Verwenden Sie Smartphones von bekannten und vertrauensw\u00fcrdigen Herstellern wie Samsung, Xiaomi, ZTE und anderen.<\/li>\n\n\n\n<li>Vermeiden Sie billige chinesische No-Name-Smartphones \u2013 der Schadcode ist auf Firmware-Ebene eingebettet und kann nicht von Antivirensoftware entfernt werden.<\/li>\n\n\n\n<li>Vergessen Sie nicht die Bildschirmsperre. Das Festlegen eines Passworts, eines Entsperrmusters, eines Fingerabdrucks oder einer Gesichtserkennung auf dem Ger\u00e4t hilft, unbefugten Zugriff auf Daten im Falle von Diebstahl oder Verlust zu verhindern.<\/li>\n\n\n\n<li>Wenn Sie vom technischen Support vor Spam-Nummern gewarnt werden, ersetzen Sie diese durch neue, indem Sie sie auf zuverl\u00e4ssigen Ger\u00e4ten installieren, oder versuchen Sie, die Nummern zu bereinigen (l\u00f6schen Sie Konten in den angegebenen Diensten und senden Sie best\u00e4tigende Screenshots).<\/li>\n<\/ul>\n\n\n\n<p><strong>Das einzig positive Szenario<\/strong> Die Verwendung eines g\u00fcnstigen No-Name-Smartphones ist dann m\u00f6glich, wenn die Schadsoftware die SIM-Kartennummer nicht ermitteln kann (einige Mobilfunkanbieter blockieren diese Funktion). In diesem Fall ist das Risiko geringer, aber es gibt keine absolute Sicherheitsgarantie.<\/p>\n\n\n\n<h2 class=\"wp-block-heading\"><strong>Wichtig zu beachten!<\/strong><\/h2>\n\n\n\n<p>Die Verwendung infizierter Ger\u00e4te erfolgt auf Ihr bewusstes Risiko. <em>Sharing SMS<\/em> Der Service deckt keine Verluste ab, die im Zusammenhang mit dem Austausch von SIM-Karten und -Ger\u00e4ten entstehen.<br><\/p>\n\n\n\n<p><strong>N\u00fctzliche Materialien:<\/strong><\/p>\n\n\n\n<ul class=\"wp-block-list\">\n<li><a href=\"https:\/\/www.trendmicro.com\/en_us\/research\/23\/e\/lemon-group-cybercriminal-businesses-built-on-preinfected-devices.html\" target=\"_blank\" rel=\"noreferrer noopener nofollow\">Trend Micro: Trojaner auf vorinstallierten Ger\u00e4ten<\/a><\/li>\n\n\n\n<li><a href=\"https:\/\/heimdalsecurity.com\/blog\/lemon-gang-pre-infects-9-million-android-devices-with-malware\/\" target=\"_blank\" rel=\"noreferrer noopener nofollow\">Heimdal Security: 9 Millionen infizierte Ger\u00e4te<\/a><\/li>\n\n\n\n<li><a href=\"https:\/\/www.bleepingcomputer.com\/news\/security\/cybercrime-gang-pre-infects-millions-of-android-devices-with-malware\/\" target=\"_blank\" rel=\"noreferrer noopener nofollow\">BleepingComputer: Cyberkriminelle infizieren Millionen von Android-Ger\u00e4ten<\/a><\/li>\n\n\n\n<li><a href=\"https:\/\/www.cybersecuritytribe.com\/news\/lemon-group-guerilla-malware-pre-infects-millions-of-android-devices\" target=\"_blank\" rel=\"noreferrer noopener nofollow\">CybersecurityTribe: Lemon Group infizierte Millionen von Smartphones<\/a><\/li>\n<\/ul>\n\n\n\n<p><\/p>","protected":false},"excerpt":{"rendered":"<p>Dear Partners, Recently, we have noticed an increase in the use of budget Chinese smartphones from unknown brands (so-called &#8220;no-names&#8221;) for working with Sharing SMS. Among them are Alps XS15, Alps S23 Pro, Alps P70 Pro Max, Alps 16 Pro, Soyes XS11, Lingbo G24 mini, and others. These devices often contain malicious code (such as [&hellip;]<\/p>\n","protected":false},"author":1,"featured_media":0,"parent":0,"menu_order":0,"comment_status":"closed","ping_status":"closed","template":"","meta":{"footnotes":""},"class_list":["post-968","page","type-page","status-publish","hentry"],"yoast_head":"<!-- This site is optimized with the Yoast SEO plugin v27.4 - https:\/\/yoast.com\/product\/yoast-seo-wordpress\/ -->\n<title>Stop Using Infected Phones! Protect Your SIM Rental Profits<\/title>\n<meta name=\"description\" content=\"&quot;Using budget &#039;no-name&#039; Android phones like Alps or Soyes can kill your SMS earnings. Learn about Triada\/Guerrilla malware, SMS interception, and how to protect your SIM cards.&quot;\" \/>\n<meta name=\"robots\" content=\"index, follow, max-snippet:-1, max-image-preview:large, max-video-preview:-1\" \/>\n<link rel=\"canonical\" href=\"https:\/\/sharingsms.com\/de\/infected-smartphones-warning\/\" \/>\n<meta property=\"og:locale\" content=\"de_DE\" \/>\n<meta property=\"og:type\" content=\"article\" \/>\n<meta property=\"og:title\" content=\"Stop Using Infected Phones! Protect Your SIM Rental Profits\" \/>\n<meta property=\"og:description\" content=\"&quot;Using budget &#039;no-name&#039; Android phones like Alps or Soyes can kill your SMS earnings. Learn about Triada\/Guerrilla malware, SMS interception, and how to protect your SIM cards.&quot;\" \/>\n<meta property=\"og:url\" content=\"https:\/\/sharingsms.com\/de\/infected-smartphones-warning\/\" \/>\n<meta property=\"og:site_name\" content=\"SMS Sharing\" \/>\n<meta name=\"twitter:card\" content=\"summary_large_image\" \/>\n<meta name=\"twitter:label1\" content=\"Gesch\u00e4tzte Lesezeit\" \/>\n\t<meta name=\"twitter:data1\" content=\"3\u00a0Minuten\" \/>\n<script type=\"application\/ld+json\" class=\"yoast-schema-graph\">{\"@context\":\"https:\\\/\\\/schema.org\",\"@graph\":[{\"@type\":\"WebPage\",\"@id\":\"https:\\\/\\\/sharingsms.com\\\/infected-smartphones-warning\\\/\",\"url\":\"https:\\\/\\\/sharingsms.com\\\/infected-smartphones-warning\\\/\",\"name\":\"Stop Using Infected Phones! Protect Your SIM Rental Profits\",\"isPartOf\":{\"@id\":\"https:\\\/\\\/sharingsms.com\\\/#website\"},\"datePublished\":\"2026-03-05T11:00:54+00:00\",\"description\":\"\\\"Using budget 'no-name' Android phones like Alps or Soyes can kill your SMS earnings. Learn about Triada\\\/Guerrilla malware, SMS interception, and how to protect your SIM cards.\\\"\",\"breadcrumb\":{\"@id\":\"https:\\\/\\\/sharingsms.com\\\/infected-smartphones-warning\\\/#breadcrumb\"},\"inLanguage\":\"de\",\"potentialAction\":[{\"@type\":\"ReadAction\",\"target\":[\"https:\\\/\\\/sharingsms.com\\\/infected-smartphones-warning\\\/\"]}]},{\"@type\":\"BreadcrumbList\",\"@id\":\"https:\\\/\\\/sharingsms.com\\\/infected-smartphones-warning\\\/#breadcrumb\",\"itemListElement\":[{\"@type\":\"ListItem\",\"position\":1,\"name\":\"Home\",\"item\":\"https:\\\/\\\/sharingsms.com\\\/\"},{\"@type\":\"ListItem\",\"position\":2,\"name\":\"Security Warning: Malware in Budget &#8220;No-Name&#8221; Smartphones (Alps, Soyes, Lingbo)\"}]},{\"@type\":\"WebSite\",\"@id\":\"https:\\\/\\\/sharingsms.com\\\/#website\",\"url\":\"https:\\\/\\\/sharingsms.com\\\/\",\"name\":\"SMS Sharing\",\"description\":\"\",\"potentialAction\":[{\"@type\":\"SearchAction\",\"target\":{\"@type\":\"EntryPoint\",\"urlTemplate\":\"https:\\\/\\\/sharingsms.com\\\/?s={search_term_string}\"},\"query-input\":{\"@type\":\"PropertyValueSpecification\",\"valueRequired\":true,\"valueName\":\"search_term_string\"}}],\"inLanguage\":\"de\"}]}<\/script>\n<!-- \/ Yoast SEO plugin. -->","yoast_head_json":{"title":"Verwenden Sie keine infizierten Telefone mehr! Sch\u00fctzen Sie Ihre Mieteinnahmen mit dem SIM!","description":"\"Die Verwendung g\\u00fcnstiger No-Name-Android-Smartphones wie Alps oder Soyes kann Ihre SMS-Einnahmen zunichtemachen. Informieren Sie sich \\u00fcber Triada\\\/Guerilla-Malware, SMS-Abfangtechniken und wie Sie Ihre SIM-Karten sch\\u00fctzen k\\u00f6nnen.\"","robots":{"index":"index","follow":"follow","max-snippet":"max-snippet:-1","max-image-preview":"max-image-preview:large","max-video-preview":"max-video-preview:-1"},"canonical":"https:\/\/sharingsms.com\/de\/infected-smartphones-warning\/","og_locale":"de_DE","og_type":"article","og_title":"Stop Using Infected Phones! Protect Your SIM Rental Profits","og_description":"\"Using budget 'no-name' Android phones like Alps or Soyes can kill your SMS earnings. Learn about Triada\/Guerrilla malware, SMS interception, and how to protect your SIM cards.\"","og_url":"https:\/\/sharingsms.com\/de\/infected-smartphones-warning\/","og_site_name":"SMS Sharing","twitter_card":"summary_large_image","twitter_misc":{"Gesch\u00e4tzte Lesezeit":"3\u00a0Minuten"},"schema":{"@context":"https:\/\/schema.org","@graph":[{"@type":"WebPage","@id":"https:\/\/sharingsms.com\/infected-smartphones-warning\/","url":"https:\/\/sharingsms.com\/infected-smartphones-warning\/","name":"Verwenden Sie keine infizierten Telefone mehr! Sch\u00fctzen Sie Ihre Mieteinnahmen mit dem SIM!","isPartOf":{"@id":"https:\/\/sharingsms.com\/#website"},"datePublished":"2026-03-05T11:00:54+00:00","description":"\"Die Verwendung g\\u00fcnstiger No-Name-Android-Smartphones wie Alps oder Soyes kann Ihre SMS-Einnahmen zunichtemachen. Informieren Sie sich \\u00fcber Triada\\\/Guerilla-Malware, SMS-Abfangtechniken und wie Sie Ihre SIM-Karten sch\\u00fctzen k\\u00f6nnen.\"","breadcrumb":{"@id":"https:\/\/sharingsms.com\/infected-smartphones-warning\/#breadcrumb"},"inLanguage":"de","potentialAction":[{"@type":"ReadAction","target":["https:\/\/sharingsms.com\/infected-smartphones-warning\/"]}]},{"@type":"BreadcrumbList","@id":"https:\/\/sharingsms.com\/infected-smartphones-warning\/#breadcrumb","itemListElement":[{"@type":"ListItem","position":1,"name":"Home","item":"https:\/\/sharingsms.com\/"},{"@type":"ListItem","position":2,"name":"Security Warning: Malware in Budget &#8220;No-Name&#8221; Smartphones (Alps, Soyes, Lingbo)"}]},{"@type":"WebSite","@id":"https:\/\/sharingsms.com\/#website","url":"https:\/\/sharingsms.com\/","name":"SMS-Freigabe","description":"","potentialAction":[{"@type":"SearchAction","target":{"@type":"EntryPoint","urlTemplate":"https:\/\/sharingsms.com\/?s={search_term_string}"},"query-input":{"@type":"PropertyValueSpecification","valueRequired":true,"valueName":"search_term_string"}}],"inLanguage":"de"}]}},"_links":{"self":[{"href":"https:\/\/sharingsms.com\/de\/wp-json\/wp\/v2\/pages\/968","targetHints":{"allow":["GET"]}}],"collection":[{"href":"https:\/\/sharingsms.com\/de\/wp-json\/wp\/v2\/pages"}],"about":[{"href":"https:\/\/sharingsms.com\/de\/wp-json\/wp\/v2\/types\/page"}],"author":[{"embeddable":true,"href":"https:\/\/sharingsms.com\/de\/wp-json\/wp\/v2\/users\/1"}],"replies":[{"embeddable":true,"href":"https:\/\/sharingsms.com\/de\/wp-json\/wp\/v2\/comments?post=968"}],"version-history":[{"count":1,"href":"https:\/\/sharingsms.com\/de\/wp-json\/wp\/v2\/pages\/968\/revisions"}],"predecessor-version":[{"id":969,"href":"https:\/\/sharingsms.com\/de\/wp-json\/wp\/v2\/pages\/968\/revisions\/969"}],"wp:attachment":[{"href":"https:\/\/sharingsms.com\/de\/wp-json\/wp\/v2\/media?parent=968"}],"curies":[{"name":"wp","href":"https:\/\/api.w.org\/{rel}","templated":true}]}}