{"id":671,"date":"2023-09-13T10:53:26","date_gmt":"2023-09-13T10:53:26","guid":{"rendered":"https:\/\/sharingsms.com\/?page_id=671"},"modified":"2025-04-15T11:38:05","modified_gmt":"2025-04-15T11:38:05","slug":"how-to-start","status":"publish","type":"page","link":"https:\/\/sharingsms.com\/es\/how-to-start\/","title":{"rendered":"C\u00f3mo configurar Sharing SMS: instrucciones paso a paso"},"content":{"rendered":"<ol class=\"wp-block-list\">\n<li>Comprar tarjeta(s) SIM de operadores locales de telefon\u00eda m\u00f3vil con un paquete m\u00ednimo de servicios de prepago.<\/li>\n\n\n\n<li>Inserte las tarjetas SIM en dispositivos Android con versi\u00f3n Android 6 y superior. Comprueba el registro en la red.<\/li>\n\n\n\n<li>Cree una cuenta de socio en <a href=\"https:\/\/sharesms-weboffice.betasms.net\/#\/register\">gabinete personal del sitio<\/a>.<\/li>\n\n\n\n<li>Desde el gabinete personal descarga la aplicaci\u00f3n (archivo APK) desde el enlace.<\/li>\n\n\n\n<li>Instala la aplicaci\u00f3n Sharing SMS en tus dispositivos y aseg\u00farate de proporcionar todos los permisos necesarios* para el correcto funcionamiento de la aplicaci\u00f3n.<\/li>\n\n\n\n<li>Al iniciar, se te pedir\u00e1 que hagas de Sharing SMS la aplicaci\u00f3n predeterminada para compartir SMS. En versiones anteriores de Android, esto es necesario para recibir SMS. Por lo tanto, se recomienda hacerlo. Tambi\u00e9n puedes hacerlo en los ajustes de la aplicaci\u00f3n.<\/li>\n\n\n\n<li>A\u00f1ada a la aplicaci\u00f3n tarjetas SIM nuevas que no haya utilizado previamente pulsando el bot\u00f3n (+). La verificaci\u00f3n del n\u00famero se realiza autom\u00e1ticamente, sin necesidad de introducir el c\u00f3digo de una SMS.<\/li>\n<\/ol>\n\n\n<div class=\"wp-block-image\">\n<figure class=\"aligncenter is-resized\"><img loading=\"lazy\" decoding=\"async\" width=\"702\" height=\"1600\" src=\"https:\/\/sharingsms.com\/wp-content\/uploads\/2023\/09\/image.png\" alt=\"\" class=\"wp-image-677\" style=\"object-fit:contain;width:400px;height:700px\" srcset=\"https:\/\/sharingsms.com\/wp-content\/uploads\/2023\/09\/image.png 702w, https:\/\/sharingsms.com\/wp-content\/uploads\/2023\/09\/image-132x300.png 132w, https:\/\/sharingsms.com\/wp-content\/uploads\/2023\/09\/image-449x1024.png 449w, https:\/\/sharingsms.com\/wp-content\/uploads\/2023\/09\/image-674x1536.png 674w, https:\/\/sharingsms.com\/wp-content\/uploads\/2023\/09\/image-5x12.png 5w\" sizes=\"auto, (max-width: 702px) 100vw, 702px\" \/><\/figure>\n<\/div>\n\n\n<p><em><strong>Los n\u00fameros a\u00f1adidos pueden tener los siguientes estados: Activo o Inactivo.<\/strong><\/em><\/p>\n\n\n\n<p><strong>Inactivo<\/strong> significa que el n\u00famero a\u00fan no est\u00e1 disponible para alquiler.<br><strong>Activo<\/strong> significa que el n\u00famero ha sido alquilado y se est\u00e1n realizando cargos.<\/p>\n\n\n\n<p><strong>Atenci\u00f3n <\/strong>Tras a\u00f1adir un n\u00famero, se activa el modo \"Evaluaci\u00f3n de la estabilidad del n\u00famero\": la plataforma supervisa la estabilidad de su n\u00famero durante un cierto periodo de tiempo, normalmente diez d\u00edas. Si no hay problemas de disponibilidad durante este periodo, su n\u00famero estar\u00e1 disponible para el alquiler. Una vez que su n\u00famero est\u00e9 disponible para el alquiler, podr\u00e1 empezar a ganar.<\/p>\n\n\n\n<ol start=\"8\" class=\"wp-block-list\">\n<li>Desactive el modo de ahorro de energ\u00eda o de optimizaci\u00f3n de la bater\u00eda en su dispositivo (gracias a este modo Android puede limitar el trabajo de la aplicaci\u00f3n en segundo plano, o descargarla por completo de la memoria del tel\u00e9fono).<\/li>\n<\/ol>\n\n\n\n<p>Para ello, en los ajustes del Sharing SMS, haga clic en <strong>IGNORAR LA OPTIMIZACI\u00d3N DE LA BATER\u00cdA<\/strong> y permite desactivar la optimizaci\u00f3n de la bater\u00eda para la aplicaci\u00f3n.<\/p>\n\n\n<div class=\"wp-block-image\">\n<figure class=\"aligncenter is-resized\"><img loading=\"lazy\" decoding=\"async\" width=\"702\" height=\"1600\" src=\"https:\/\/sharingsms.com\/wp-content\/uploads\/2023\/09\/image-6.png\" alt=\"\" class=\"wp-image-683\" style=\"object-fit:cover;width:400px;height:700px\" srcset=\"https:\/\/sharingsms.com\/wp-content\/uploads\/2023\/09\/image-6.png 702w, https:\/\/sharingsms.com\/wp-content\/uploads\/2023\/09\/image-6-132x300.png 132w, https:\/\/sharingsms.com\/wp-content\/uploads\/2023\/09\/image-6-449x1024.png 449w, https:\/\/sharingsms.com\/wp-content\/uploads\/2023\/09\/image-6-674x1536.png 674w, https:\/\/sharingsms.com\/wp-content\/uploads\/2023\/09\/image-6-5x12.png 5w\" sizes=\"auto, (max-width: 702px) 100vw, 702px\" \/><\/figure>\n<\/div>\n\n\n<p>A continuaci\u00f3n, en los ajustes de la aplicaci\u00f3n, pulse ABRIR AJUSTES DE LA APLICACI\u00d3N &gt; en la pantalla Acerca de, busque Control de actividad, ya sea Uso de la bater\u00eda o Bater\u00eda. Anula la restricci\u00f3n de que la aplicaci\u00f3n se ejecute en segundo plano y desactiva los inicios para ahorrar energ\u00eda.<\/p>\n\n\n\n<p>9. A partir de las acciones adicionales que aumentan la estabilidad de la aplicaci\u00f3n, tambi\u00e9n puede fijar \/ bloquear en la memoria RAM.<br>Para ello, llame a las aplicaciones recientes mediante el bot\u00f3n de men\u00fa del hardware. Mantenga el dedo sobre la ventana de la aplicaci\u00f3n hasta que aparezcan los botones &gt; pulse el bot\u00f3n de bloqueo.<\/p>\n\n\n\n<p>10. Aseg\u00farese de que en la configuraci\u00f3n de Android que el ahorro de energ\u00eda \/ modo de ahorro de energ\u00eda est\u00e1 desactivado. Y la optimizaci\u00f3n de la bater\u00eda est\u00e1 desactivada para Sharing SMS. Puede utilizar la b\u00fasqueda de configuraci\u00f3n del tel\u00e9fono existente para acceder r\u00e1pidamente a estos ajustes.<\/p>\n\n\n\n<p>11. Comprueba en los ajustes de tu dispositivo que la conexi\u00f3n de red (Wi-Fi o datos m\u00f3viles) no est\u00e1 desactivada en modo reposo cuando la pantalla est\u00e1 apagada.<\/p>\n\n\n\n<p>Dependiendo del sistema operativo del dispositivo, esta acci\u00f3n puede variar, por ejemplo:<br><\/p>\n\n\n\n<ul class=\"wp-block-list\">\n<li><strong>Xiaomi<\/strong> - abra Seguridad &gt; Configuraci\u00f3n (engranaje en la esquina superior) &gt; Aceleraci\u00f3n &gt; Aplicaciones ancladas &gt; seleccione de la lista.<\/li>\n\n\n\n<li><strong>Huawei<\/strong> - abre las aplicaciones en ejecuci\u00f3n &gt; desliza el dedo hacia abajo en la ventana de la aplicaci\u00f3n.<\/li>\n\n\n\n<li><strong>Oppo, Realme, OnePlus<\/strong> - llamar a aplicaciones en ejecuci\u00f3n &gt; men\u00fa encima de la ventana de la aplicaci\u00f3n &gt; Bloquear.<\/li>\n<\/ul>\n\n\n\n<p>12. A\u00f1ada su direcci\u00f3n de correo electr\u00f3nico al perfil de su cuenta en su gabinete personal. Le recomendamos encarecidamente que lo haga. El correo electr\u00f3nico es necesario para que podamos informarle sobre los cambios en el estado de los n\u00fameros de tarjeta SIM, sobre las llamadas incidencias cuando la aplicaci\u00f3n no se comunica con el servidor o el n\u00famero no est\u00e1 disponible.<\/p>\n\n\n\n<p>13. A\u00f1ade la direcci\u00f3n de tu monedero USDT\/USDC en tu perfil personal para pagos en efectivo.<\/p>\n\n\n\n<ul class=\"wp-block-list\">\n<li>Permisos necesarios<\/li>\n<\/ul>\n\n\n\n<p>Importante: para instalar la aplicaci\u00f3n es necesario permitir la instalaci\u00f3n de aplicaciones de \"or\u00edgenes desconocidos\" en los ajustes de Android.<\/p>\n\n\n\n<p><em>Una descripci\u00f3n detallada de los permisos:<\/em><\/p>\n\n\n\n<ul class=\"wp-block-list\">\n<li>Tel\u00e9fono - realizar y gestionar llamadas: obtener el estado del tel\u00e9fono, el estado de la actividad<\/li>\n\n\n\n<li>Localizaci\u00f3n - acceso a datos de localizaci\u00f3n de dispositivos: para obtener informaci\u00f3n de torres de telefon\u00eda m\u00f3vil y puntos de acceso.<\/li>\n\n\n\n<li>SMS - enviar y ver mensajes SMS: poder confirmar n\u00fameros, y reenviar SMS<\/li>\n\n\n\n<li>Notificaciones: para mostrar una notificaci\u00f3n en la barra de notificaciones con el estado de los n\u00fameros de tarjeta SIM.<\/li>\n<\/ul>\n\n\n\n<h2 class=\"wp-block-heading\"><strong>Captura de pantalla<\/strong><\/h2>\n\n\n<div class=\"wp-block-image\">\n<figure class=\"aligncenter is-resized\"><img loading=\"lazy\" decoding=\"async\" width=\"702\" height=\"1600\" src=\"https:\/\/sharingsms.com\/wp-content\/uploads\/2023\/09\/image-3.png\" alt=\"\" class=\"wp-image-680\" style=\"object-fit:cover;width:400px;height:700px\" srcset=\"https:\/\/sharingsms.com\/wp-content\/uploads\/2023\/09\/image-3.png 702w, https:\/\/sharingsms.com\/wp-content\/uploads\/2023\/09\/image-3-132x300.png 132w, https:\/\/sharingsms.com\/wp-content\/uploads\/2023\/09\/image-3-449x1024.png 449w, https:\/\/sharingsms.com\/wp-content\/uploads\/2023\/09\/image-3-674x1536.png 674w, https:\/\/sharingsms.com\/wp-content\/uploads\/2023\/09\/image-3-5x12.png 5w\" sizes=\"auto, (max-width: 702px) 100vw, 702px\" \/><\/figure>\n<\/div>\n\n\n<p>Los n\u00fameros de tarjeta SIM est\u00e1n alquilados, tienen el estado Activo y disponen de una conexi\u00f3n estable con el servidor.<\/p>\n\n\n<div class=\"wp-block-image\">\n<figure class=\"aligncenter is-resized\"><img loading=\"lazy\" decoding=\"async\" width=\"702\" height=\"1600\" src=\"https:\/\/sharingsms.com\/wp-content\/uploads\/2023\/09\/image-4.png\" alt=\"\" class=\"wp-image-681\" style=\"object-fit:cover;width:400px;height:700px\" srcset=\"https:\/\/sharingsms.com\/wp-content\/uploads\/2023\/09\/image-4.png 702w, https:\/\/sharingsms.com\/wp-content\/uploads\/2023\/09\/image-4-132x300.png 132w, https:\/\/sharingsms.com\/wp-content\/uploads\/2023\/09\/image-4-449x1024.png 449w, https:\/\/sharingsms.com\/wp-content\/uploads\/2023\/09\/image-4-674x1536.png 674w, https:\/\/sharingsms.com\/wp-content\/uploads\/2023\/09\/image-4-5x12.png 5w\" sizes=\"auto, (max-width: 702px) 100vw, 702px\" \/><\/figure>\n<\/div>\n\n\n<p>Informaci\u00f3n detallada sobre el n\u00famero SIM que la aplicaci\u00f3n intercambia con el servidor.<\/p>\n\n\n<div class=\"wp-block-image\">\n<figure class=\"aligncenter is-resized\"><img loading=\"lazy\" decoding=\"async\" width=\"702\" height=\"1600\" src=\"https:\/\/sharingsms.com\/wp-content\/uploads\/2023\/09\/image-1.png\" alt=\"\" class=\"wp-image-678\" style=\"object-fit:cover;width:400px;height:700px\" srcset=\"https:\/\/sharingsms.com\/wp-content\/uploads\/2023\/09\/image-1.png 702w, https:\/\/sharingsms.com\/wp-content\/uploads\/2023\/09\/image-1-132x300.png 132w, https:\/\/sharingsms.com\/wp-content\/uploads\/2023\/09\/image-1-449x1024.png 449w, https:\/\/sharingsms.com\/wp-content\/uploads\/2023\/09\/image-1-674x1536.png 674w, https:\/\/sharingsms.com\/wp-content\/uploads\/2023\/09\/image-1-5x12.png 5w\" sizes=\"auto, (max-width: 702px) 100vw, 702px\" \/><\/figure>\n<\/div>\n\n\n<p>En caso de incidencias con la conexi\u00f3n al servidor o indisponibilidad de la tarjeta SIM, los n\u00fameros muestran el estado Fallido.<\/p>\n\n\n\n<figure class=\"wp-block-image\"><img loading=\"lazy\" decoding=\"async\" width=\"1080\" height=\"494\" src=\"https:\/\/sharingsms.com\/wp-content\/uploads\/2023\/09\/image-2.png\" alt=\"\" class=\"wp-image-679\" srcset=\"https:\/\/sharingsms.com\/wp-content\/uploads\/2023\/09\/image-2.png 1080w, https:\/\/sharingsms.com\/wp-content\/uploads\/2023\/09\/image-2-300x137.png 300w, https:\/\/sharingsms.com\/wp-content\/uploads\/2023\/09\/image-2-1024x468.png 1024w, https:\/\/sharingsms.com\/wp-content\/uploads\/2023\/09\/image-2-768x351.png 768w, https:\/\/sharingsms.com\/wp-content\/uploads\/2023\/09\/image-2-18x8.png 18w\" sizes=\"auto, (max-width: 1080px) 100vw, 1080px\" \/><\/figure>\n\n\n\n<p>El panel de notificaciones (en la cortina) contiene una notificaci\u00f3n de la aplicaci\u00f3n, donde se muestra el estado de los n\u00fameros.<\/p>\n\n\n\n<figure class=\"wp-block-image\"><img loading=\"lazy\" decoding=\"async\" width=\"1600\" height=\"1055\" src=\"https:\/\/sharingsms.com\/wp-content\/uploads\/2023\/09\/image-5.png\" alt=\"\" class=\"wp-image-682\" style=\"object-fit:cover\" srcset=\"https:\/\/sharingsms.com\/wp-content\/uploads\/2023\/09\/image-5.png 1600w, https:\/\/sharingsms.com\/wp-content\/uploads\/2023\/09\/image-5-300x198.png 300w, https:\/\/sharingsms.com\/wp-content\/uploads\/2023\/09\/image-5-1024x675.png 1024w, https:\/\/sharingsms.com\/wp-content\/uploads\/2023\/09\/image-5-768x506.png 768w, https:\/\/sharingsms.com\/wp-content\/uploads\/2023\/09\/image-5-1536x1013.png 1536w, https:\/\/sharingsms.com\/wp-content\/uploads\/2023\/09\/image-5-18x12.png 18w\" sizes=\"auto, (max-width: 1600px) 100vw, 1600px\" \/><\/figure>\n\n\n\n<p>Cuenta del socio.<\/p>","protected":false},"excerpt":{"rendered":"<p>The added numbers can have the following statuses: Active or Inactive. Inactive status means that the number is not yet available for rent.Active status means that the number has been rented and charges are being made. Please note! After adding a number, the \u201cNumber Stability Assessment\u201d mode is activated &#8211; the platform monitors the stability [&hellip;]<\/p>\n","protected":false},"author":1,"featured_media":0,"parent":0,"menu_order":0,"comment_status":"closed","ping_status":"closed","template":"","meta":{"footnotes":""},"class_list":["post-671","page","type-page","status-publish","hentry"],"yoast_head":"<!-- This site is optimized with the Yoast SEO plugin v27.5 - https:\/\/yoast.com\/product\/yoast-seo-wordpress\/ -->\n<title>How to set up Sharing SMS: step-by-step instructions - SMS Sharing<\/title>\n<meta name=\"robots\" content=\"index, follow, max-snippet:-1, max-image-preview:large, max-video-preview:-1\" \/>\n<link rel=\"canonical\" href=\"https:\/\/sharingsms.com\/es\/how-to-start\/\" \/>\n<meta property=\"og:locale\" content=\"es_ES\" \/>\n<meta property=\"og:type\" content=\"article\" \/>\n<meta property=\"og:title\" content=\"How to set up Sharing SMS: step-by-step instructions - SMS Sharing\" \/>\n<meta property=\"og:description\" content=\"The added numbers can have the following statuses: Active or Inactive. Inactive status means that the number is not yet available for rent.Active status means that the number has been rented and charges are being made. Please note! After adding a number, the \u201cNumber Stability Assessment\u201d mode is activated &#8211; the platform monitors the stability [&hellip;]\" \/>\n<meta property=\"og:url\" content=\"https:\/\/sharingsms.com\/es\/how-to-start\/\" \/>\n<meta property=\"og:site_name\" content=\"SMS Sharing\" \/>\n<meta property=\"article:modified_time\" content=\"2025-04-15T11:38:05+00:00\" \/>\n<meta property=\"og:image\" content=\"https:\/\/sharingsms.com\/wp-content\/uploads\/2023\/09\/image.png\" \/>\n\t<meta property=\"og:image:width\" content=\"702\" \/>\n\t<meta property=\"og:image:height\" content=\"1600\" \/>\n\t<meta property=\"og:image:type\" content=\"image\/png\" \/>\n<meta name=\"twitter:card\" content=\"summary_large_image\" \/>\n<meta name=\"twitter:label1\" content=\"Tiempo de lectura\" \/>\n\t<meta name=\"twitter:data1\" content=\"5 minutos\" \/>\n<script type=\"application\/ld+json\" class=\"yoast-schema-graph\">{\"@context\":\"https:\\\/\\\/schema.org\",\"@graph\":[{\"@type\":\"WebPage\",\"@id\":\"https:\\\/\\\/sharingsms.com\\\/how-to-start\\\/\",\"url\":\"https:\\\/\\\/sharingsms.com\\\/how-to-start\\\/\",\"name\":\"How to set up Sharing SMS: step-by-step instructions - SMS Sharing\",\"isPartOf\":{\"@id\":\"https:\\\/\\\/sharingsms.com\\\/#website\"},\"primaryImageOfPage\":{\"@id\":\"https:\\\/\\\/sharingsms.com\\\/how-to-start\\\/#primaryimage\"},\"image\":{\"@id\":\"https:\\\/\\\/sharingsms.com\\\/how-to-start\\\/#primaryimage\"},\"thumbnailUrl\":\"https:\\\/\\\/sharingsms.com\\\/wp-content\\\/uploads\\\/2023\\\/09\\\/image.png\",\"datePublished\":\"2023-09-13T10:53:26+00:00\",\"dateModified\":\"2025-04-15T11:38:05+00:00\",\"breadcrumb\":{\"@id\":\"https:\\\/\\\/sharingsms.com\\\/how-to-start\\\/#breadcrumb\"},\"inLanguage\":\"es\",\"potentialAction\":[{\"@type\":\"ReadAction\",\"target\":[\"https:\\\/\\\/sharingsms.com\\\/how-to-start\\\/\"]}]},{\"@type\":\"ImageObject\",\"inLanguage\":\"es\",\"@id\":\"https:\\\/\\\/sharingsms.com\\\/how-to-start\\\/#primaryimage\",\"url\":\"https:\\\/\\\/sharingsms.com\\\/wp-content\\\/uploads\\\/2023\\\/09\\\/image.png\",\"contentUrl\":\"https:\\\/\\\/sharingsms.com\\\/wp-content\\\/uploads\\\/2023\\\/09\\\/image.png\"},{\"@type\":\"BreadcrumbList\",\"@id\":\"https:\\\/\\\/sharingsms.com\\\/how-to-start\\\/#breadcrumb\",\"itemListElement\":[{\"@type\":\"ListItem\",\"position\":1,\"name\":\"Home\",\"item\":\"https:\\\/\\\/sharingsms.com\\\/\"},{\"@type\":\"ListItem\",\"position\":2,\"name\":\"How to set up Sharing SMS: step-by-step instructions\"}]},{\"@type\":\"WebSite\",\"@id\":\"https:\\\/\\\/sharingsms.com\\\/#website\",\"url\":\"https:\\\/\\\/sharingsms.com\\\/\",\"name\":\"SMS Sharing\",\"description\":\"\",\"potentialAction\":[{\"@type\":\"SearchAction\",\"target\":{\"@type\":\"EntryPoint\",\"urlTemplate\":\"https:\\\/\\\/sharingsms.com\\\/?s={search_term_string}\"},\"query-input\":{\"@type\":\"PropertyValueSpecification\",\"valueRequired\":true,\"valueName\":\"search_term_string\"}}],\"inLanguage\":\"es\"}]}<\/script>\n<!-- \/ Yoast SEO plugin. -->","yoast_head_json":{"title":"C\u00f3mo configurar Sharing SMS: instrucciones paso a paso - SMS Sharing","robots":{"index":"index","follow":"follow","max-snippet":"max-snippet:-1","max-image-preview":"max-image-preview:large","max-video-preview":"max-video-preview:-1"},"canonical":"https:\/\/sharingsms.com\/es\/how-to-start\/","og_locale":"es_ES","og_type":"article","og_title":"How to set up Sharing SMS: step-by-step instructions - SMS Sharing","og_description":"The added numbers can have the following statuses: Active or Inactive. Inactive status means that the number is not yet available for rent.Active status means that the number has been rented and charges are being made. Please note! After adding a number, the \u201cNumber Stability Assessment\u201d mode is activated &#8211; the platform monitors the stability [&hellip;]","og_url":"https:\/\/sharingsms.com\/es\/how-to-start\/","og_site_name":"SMS Sharing","article_modified_time":"2025-04-15T11:38:05+00:00","og_image":[{"width":702,"height":1600,"url":"https:\/\/sharingsms.com\/wp-content\/uploads\/2023\/09\/image.png","type":"image\/png"}],"twitter_card":"summary_large_image","twitter_misc":{"Tiempo de lectura":"5 minutos"},"schema":{"@context":"https:\/\/schema.org","@graph":[{"@type":"WebPage","@id":"https:\/\/sharingsms.com\/how-to-start\/","url":"https:\/\/sharingsms.com\/how-to-start\/","name":"C\u00f3mo configurar Sharing SMS: instrucciones paso a paso - SMS Sharing","isPartOf":{"@id":"https:\/\/sharingsms.com\/#website"},"primaryImageOfPage":{"@id":"https:\/\/sharingsms.com\/how-to-start\/#primaryimage"},"image":{"@id":"https:\/\/sharingsms.com\/how-to-start\/#primaryimage"},"thumbnailUrl":"https:\/\/sharingsms.com\/wp-content\/uploads\/2023\/09\/image.png","datePublished":"2023-09-13T10:53:26+00:00","dateModified":"2025-04-15T11:38:05+00:00","breadcrumb":{"@id":"https:\/\/sharingsms.com\/how-to-start\/#breadcrumb"},"inLanguage":"es","potentialAction":[{"@type":"ReadAction","target":["https:\/\/sharingsms.com\/how-to-start\/"]}]},{"@type":"ImageObject","inLanguage":"es","@id":"https:\/\/sharingsms.com\/how-to-start\/#primaryimage","url":"https:\/\/sharingsms.com\/wp-content\/uploads\/2023\/09\/image.png","contentUrl":"https:\/\/sharingsms.com\/wp-content\/uploads\/2023\/09\/image.png"},{"@type":"BreadcrumbList","@id":"https:\/\/sharingsms.com\/how-to-start\/#breadcrumb","itemListElement":[{"@type":"ListItem","position":1,"name":"Home","item":"https:\/\/sharingsms.com\/"},{"@type":"ListItem","position":2,"name":"How to set up Sharing SMS: step-by-step instructions"}]},{"@type":"WebSite","@id":"https:\/\/sharingsms.com\/#website","url":"https:\/\/sharingsms.com\/","name":"Compartir SMS","description":"","potentialAction":[{"@type":"SearchAction","target":{"@type":"EntryPoint","urlTemplate":"https:\/\/sharingsms.com\/?s={search_term_string}"},"query-input":{"@type":"PropertyValueSpecification","valueRequired":true,"valueName":"search_term_string"}}],"inLanguage":"es"}]}},"_links":{"self":[{"href":"https:\/\/sharingsms.com\/es\/wp-json\/wp\/v2\/pages\/671","targetHints":{"allow":["GET"]}}],"collection":[{"href":"https:\/\/sharingsms.com\/es\/wp-json\/wp\/v2\/pages"}],"about":[{"href":"https:\/\/sharingsms.com\/es\/wp-json\/wp\/v2\/types\/page"}],"author":[{"embeddable":true,"href":"https:\/\/sharingsms.com\/es\/wp-json\/wp\/v2\/users\/1"}],"replies":[{"embeddable":true,"href":"https:\/\/sharingsms.com\/es\/wp-json\/wp\/v2\/comments?post=671"}],"version-history":[{"count":13,"href":"https:\/\/sharingsms.com\/es\/wp-json\/wp\/v2\/pages\/671\/revisions"}],"predecessor-version":[{"id":874,"href":"https:\/\/sharingsms.com\/es\/wp-json\/wp\/v2\/pages\/671\/revisions\/874"}],"wp:attachment":[{"href":"https:\/\/sharingsms.com\/es\/wp-json\/wp\/v2\/media?parent=671"}],"curies":[{"name":"wp","href":"https:\/\/api.w.org\/{rel}","templated":true}]}}