{"id":805,"date":"2025-03-31T10:54:06","date_gmt":"2025-03-31T10:54:06","guid":{"rendered":"https:\/\/sharingsms.com\/?page_id=805"},"modified":"2025-04-01T11:43:13","modified_gmt":"2025-04-01T11:43:13","slug":"get-paid-for-sim-cards","status":"publish","type":"page","link":"https:\/\/sharingsms.com\/es\/get-paid-for-sim-cards\/","title":{"rendered":"\ud83d\udcf1 Recibe dinero por tus tarjetas SIM: Monetiza tus tarjetas SIM compartiendo SMS \ud83d\udcb0"},"content":{"rendered":"<p>En la vertiginosa econom\u00eda digital de hoy en d\u00eda, encontrar formas innovadoras y sin complicaciones de generar ingresos resulta cada vez m\u00e1s atractivo. Una de las oportunidades m\u00e1s accesibles es cobrar por alquilar sus tarjetas SIM. Sharing SMS proporciona una s\u00f3lida plataforma para convertir esto en realidad. \ud83d\ude80<\/p>\n\n\n\n<h2 class=\"wp-block-heading\"><strong>\ud83d\udccc \u00bfQu\u00e9 significa \u201cRecibe pago por tarjetas SIM\u201d?<\/strong><\/h2>\n\n\n\n<p><strong>\"Cobra por las tarjetas SIM\"<\/strong> significa transformar algo que ya posee -su tarjeta SIM- en una fuente estable de ingresos. Alquilando su tarjeta SIM a trav\u00e9s de la plataforma Sharing SMS, le permite recibir mensajes SMS como c\u00f3digos de verificaci\u00f3n de servicios reales de todo el mundo. A cambio, ganas dinero diariamente, sin necesidad de gestionar nada manualmente.<\/p>\n\n\n\n<p>Es una forma inteligente y sin esfuerzo de monetizar sus tarjetas SIM no utilizadas o sobrantes: sin conocimientos t\u00e9cnicos, sin publicidad y sin necesidad de inversi\u00f3n. Tanto si tienes una SIM como docenas, tu tel\u00e9fono puede generar ingresos tranquilamente en segundo plano mientras t\u00fa te dedicas a otras cosas.<\/p>\n\n\n\n<h2 class=\"wp-block-heading\"><strong>\ud83c\udf1f \u00bfPor qu\u00e9 elegir Sharing SMS?<\/strong><\/h2>\n\n\n\n<p>Compartir SMS es una aplicaci\u00f3n intuitiva dise\u00f1ada espec\u00edficamente para monetizar tus tarjetas SIM activas sin esfuerzo. Gana $0.33 al d\u00eda o $10 al mes por cada SIM conectada. Solo necesitas tarjetas SIM activas que puedan recibir SMS, sin necesidad de planes ni gastos especiales.<br><\/p>\n\n\n<div class=\"wp-block-image\">\n<figure class=\"aligncenter size-large\"><img loading=\"lazy\" decoding=\"async\" width=\"1024\" height=\"683\" src=\"https:\/\/sharingsms.com\/wp-content\/uploads\/2025\/03\/cleaned_sim_income_illustration-1024x683.png\" alt=\"\" class=\"wp-image-808\" srcset=\"https:\/\/sharingsms.com\/wp-content\/uploads\/2025\/03\/cleaned_sim_income_illustration-1024x683.png 1024w, https:\/\/sharingsms.com\/wp-content\/uploads\/2025\/03\/cleaned_sim_income_illustration-300x200.png 300w, https:\/\/sharingsms.com\/wp-content\/uploads\/2025\/03\/cleaned_sim_income_illustration-768x512.png 768w, https:\/\/sharingsms.com\/wp-content\/uploads\/2025\/03\/cleaned_sim_income_illustration-18x12.png 18w, https:\/\/sharingsms.com\/wp-content\/uploads\/2025\/03\/cleaned_sim_income_illustration.png 1536w\" sizes=\"auto, (max-width: 1024px) 100vw, 1024px\" \/><\/figure>\n<\/div>\n\n\n<h2 class=\"wp-block-heading\"><strong>\ud83d\udd11 C\u00f3mo empezar:<\/strong><\/h2>\n\n\n\n<ol class=\"wp-block-list\">\n<li>\u2705 <strong>Comprobaci\u00f3n r\u00e1pida SIM<\/strong> - Aseg\u00farese de que su SIM est\u00e1 activo y es capaz de recibir mensajes SMS.<br><\/li>\n\n\n\n<li>\ud83d\udd17 <strong>Conecte su SIM<\/strong> - A\u00f1ade tu tarjeta SIM a la aplicaci\u00f3n Sharing SMS y completa la configuraci\u00f3n r\u00e1pida.<br><\/li>\n\n\n\n<li>\ud83d\udcf2 <strong>Mantenga su dispositivo en l\u00ednea<\/strong> - Aseg\u00farate de que tu tel\u00e9fono permanece conectado a Internet y encendido.<br><\/li>\n\n\n\n<li>\ud83d\udcb8 <strong>Gane diariamente de forma autom\u00e1tica<\/strong> - La aplicaci\u00f3n se encarga de todo en segundo plano mientras usted disfruta de las ganancias diarias sin ning\u00fan esfuerzo manual.<br><\/li>\n<\/ol>\n\n\n\n<p><strong>\ud83d\udcca Ejemplo de c\u00e1lculo:<\/strong><\/p>\n\n\n\n<p>Imagina comprar 5 tel\u00e9fonos dual-SIM usados ($30 cada uno) y 10 tarjetas SIM ($5 cada una). Inversi\u00f3n total: 5 tel\u00e9fonos \u00d7 $30 + 10 tarjetas SIM \u00d7 $5 = $200. Conectar 10 tarjetas SIM genera $3,30 al d\u00eda ($99 al mes), recuperando la inversi\u00f3n en poco m\u00e1s de dos meses.<\/p>\n\n\n\n<h2 class=\"wp-block-heading\"><strong>Pagos f\u00e1ciles:<\/strong><\/h2>\n\n\n\n<p>Las ganancias se pagan de forma segura directamente a su monedero de criptomoneda (USDT o USDC) al principio de cada mes. La cantidad se basa en el n\u00famero de SIM activos y su tiempo de actividad durante el mes anterior. Sin comisiones ocultas, sin umbrales de pago y sin retrasos: s\u00f3lo ingresos en criptodivisas constantes, transparentes y sin complicaciones. Tanto si gestionas un SIM como si escalas con docenas, recibir\u00e1s un desglose mensual detallado de tus ganancias directamente en tu panel de control, junto con pagos puntuales a tu monedero de stablecoin preferido.<br><\/p>\n\n\n\n<h2 class=\"wp-block-heading\"><strong>\ud83d\udd25 Beneficios de usar SMS compartidos:<\/strong><\/h2>\n\n\n\n<ul class=\"wp-block-list\">\n<li>\ud83d\udecb\ufe0f Ganancias sin esfuerzo: No se requieren tareas diarias.<br><\/li>\n\n\n\n<li>\ud83c\udfaf Inversi\u00f3n Cero: Sin costes ocultos.<br><\/li>\n\n\n\n<li>\ud83d\udcc8 Ingresos escalables: M\u00e1s tarjetas SIM significan mayores ganancias.<br><\/li>\n\n\n\n<li>\ud83d\udd0dSeguimiento transparente: monitoree las ganancias f\u00e1cilmente.<br><\/li>\n\n\n\n<li>\ud83c\udf0e Tarifas Exclusivas: Mayores ganancias para pa\u00edses exclusivos.<br><\/li>\n\n\n\n<li>\ud83d\udc8e Pagos de criptomonedas: pagos mensuales seguros en USDT o USDC.<\/li>\n<\/ul>\n\n\n\n<figure class=\"wp-block-table\"><table class=\"has-fixed-layout\"><tbody><tr><td><strong>Caracter\u00edstica<\/strong><\/td><td><strong>Sharing SMS<\/strong><\/td><td><strong>Efectivo por SMS<\/strong><\/td><td><strong>MoneySMSApp<\/strong><\/td><\/tr><tr><td><strong>Ganancias diarias m\u00ednimas por SIM<\/strong><\/td><td>$0.33<\/td><td>$0.20 (No garantizado)<\/td><td>$0.20 (No garantizado)<\/td><\/tr><tr><td><strong>Ganancias m\u00ednimas mensuales por SIM<\/strong><\/td><td>$10<\/td><td>No garantizado<\/td><td>No garantizado<\/td><\/tr><tr><td><strong>Longevidad de la tarjeta SIM<\/strong><\/td><td>Alto \u2705<\/td><td>Bajo (reemplazo frecuente) \ud83d\udd04<\/td><td>Bajo (reemplazo frecuente) \ud83d\udd04<\/td><\/tr><tr><td><strong>Confiabilidad de&nbsp;<br>Pagos<\/strong><\/td><td>Alto \u2705<\/td><td>Medio<\/td><td>Medio<\/td><\/tr><tr><td><strong>Beneficios exclusivos de tarifas por pa\u00eds<\/strong><\/td><td>S\u00ed<\/td><td>No<\/td><td>No<\/td><\/tr><tr><td><strong>Complejidad de configuraci\u00f3n<\/strong><\/td><td>F\u00e1cil<\/td><td>F\u00e1cil<\/td><td>F\u00e1cil<\/td><\/tr><\/tbody><\/table><\/figure>\n\n\n\n<p>Claramente, compartir SMS ofrece ganancias superiores, mayor confiabilidad y mayor capacidad de uso de la tarjeta SIM, lo que garantiza menos reemplazos y maximiza las ganancias. \ud83c\udf1f<\/p>\n\n\n\n<h2 class=\"wp-block-heading\"><strong>\ud83d\udc65 \u00bfQui\u00e9n deber\u00eda considerar compartir SMS?<\/strong><\/h2>\n\n\n\n<p>Compartir SMS es ideal para quienes buscan generar ingresos pasivos sin esfuerzo. Estudiantes que buscan financiar sus estudios, padres que se quedan en casa buscando independencia financiera, aut\u00f3nomos que buscan fuentes de ingresos adicionales e incluso emprendedores que desean diversificar sus ingresos: Compartir SMS es ideal para todos. Es especialmente beneficioso para quienes tienen varias tarjetas SIM o no las usan, ya que les permite generar ingresos constantes sin mucho esfuerzo ni dedicaci\u00f3n de tiempo. Si buscas convertir tus recursos inactivos en activos valiosos, Compartir SMS es la opci\u00f3n perfecta.<br><\/p>\n\n\n\n<h2 class=\"wp-block-heading\"><strong>\ud83c\udf89 \u00danase a una comunidad de personas que generan ingresos pasivos:<\/strong><\/h2>\n\n\n\n<p>Miles de socios satisfechos en todo el mundo ya conf\u00edan en Sharing SMS para convertir sus tarjetas SIM en un flujo de ingresos mensual fiable. Nuestra creciente red incluye aut\u00f3nomos, entusiastas de la tecnolog\u00eda, revendedores de tarjetas SIM y propietarios de tiendas de telefon\u00eda, todos ellos ganando criptomonedas estables con el m\u00ednimo esfuerzo y sin complicaciones.<\/p>\n\n\n\n<p>Al unirse, tambi\u00e9n tendr\u00e1 acceso a consejos \u00fatiles, actualizaciones sobre tarifas exclusivas por pa\u00eds y asistencia para aumentar sus ganancias. Tanto si tiene un solo SIM como si tiene m\u00e1s de 50, Sharing SMS est\u00e1 dise\u00f1ado para crecer con usted.<\/p>\n\n\n\n<p>No pierda la oportunidad de formar parte de este pr\u00f3spero movimiento.<br>Ahora te toca a ti convertir las tarjetas SIM en stablecoins.<\/p>\n\n\n\n<p>\u00bfListo para empezar tu camino hacia las ganancias pasivas? \ud83d\ude80\ud83d\udc49 Visita:<a href=\"https:\/\/betasms.net\/en\/how-to-start\/\"> <\/a><a href=\"https:\/\/sharingsms.com\/es\/how-to-start\/\">https:\/\/sharingsms.com\/how-to-start\/<\/a><\/p>\n\n\n\n<p><\/p>","protected":false},"excerpt":{"rendered":"<p>In today&#8217;s fast-paced digital economy, finding innovative and hassle-free ways to generate income is increasingly appealing. One of the most accessible opportunities available is getting paid for renting out your SIM cards. Sharing SMS provides a robust platform to turn this into reality. \ud83d\ude80 \ud83d\udccc What Does &#8220;Get Paid for SIM Cards&#8221; Mean? &#8220;Get paid [&hellip;]<\/p>\n","protected":false},"author":1,"featured_media":0,"parent":0,"menu_order":0,"comment_status":"closed","ping_status":"closed","template":"","meta":{"footnotes":""},"class_list":["post-805","page","type-page","status-publish","hentry"],"yoast_head":"<!-- This site is optimized with the Yoast SEO plugin v27.5 - https:\/\/yoast.com\/product\/yoast-seo-wordpress\/ -->\n<title>Get Paid for SIM Cards \u2013 Monetize Your SIM Cards Easily with Sharing SMS<\/title>\n<meta name=\"description\" content=\"Discover how to effortlessly monetize your SIM cards with Sharing SMS. Earn daily passive income securely via USDT or USDC. Start earning today!\" \/>\n<meta name=\"robots\" content=\"index, follow, max-snippet:-1, max-image-preview:large, max-video-preview:-1\" \/>\n<link rel=\"canonical\" href=\"https:\/\/sharingsms.com\/es\/get-paid-for-sim-cards\/\" \/>\n<meta property=\"og:locale\" content=\"es_ES\" \/>\n<meta property=\"og:type\" content=\"article\" \/>\n<meta property=\"og:title\" content=\"Get Paid for SIM Cards \u2013 Monetize Your SIM Cards Easily with Sharing SMS\" \/>\n<meta property=\"og:description\" content=\"Discover how to effortlessly monetize your SIM cards with Sharing SMS. Earn daily passive income securely via USDT or USDC. Start earning today!\" \/>\n<meta property=\"og:url\" content=\"https:\/\/sharingsms.com\/es\/get-paid-for-sim-cards\/\" \/>\n<meta property=\"og:site_name\" content=\"SMS Sharing\" \/>\n<meta property=\"article:modified_time\" content=\"2025-04-01T11:43:13+00:00\" \/>\n<meta property=\"og:image\" content=\"https:\/\/sharingsms.com\/wp-content\/uploads\/2025\/03\/cleaned_sim_income_illustration-1024x683.png\" \/>\n\t<meta property=\"og:image:width\" content=\"1024\" \/>\n\t<meta property=\"og:image:height\" content=\"683\" \/>\n\t<meta property=\"og:image:type\" content=\"image\/png\" \/>\n<meta name=\"twitter:card\" content=\"summary_large_image\" \/>\n<meta name=\"twitter:label1\" content=\"Tiempo de lectura\" \/>\n\t<meta name=\"twitter:data1\" content=\"4 minutos\" \/>\n<script type=\"application\/ld+json\" class=\"yoast-schema-graph\">{\"@context\":\"https:\\\/\\\/schema.org\",\"@graph\":[{\"@type\":\"WebPage\",\"@id\":\"https:\\\/\\\/sharingsms.com\\\/get-paid-for-sim-cards\\\/\",\"url\":\"https:\\\/\\\/sharingsms.com\\\/get-paid-for-sim-cards\\\/\",\"name\":\"Get Paid for SIM Cards \u2013 Monetize Your SIM Cards Easily with Sharing SMS\",\"isPartOf\":{\"@id\":\"https:\\\/\\\/sharingsms.com\\\/#website\"},\"primaryImageOfPage\":{\"@id\":\"https:\\\/\\\/sharingsms.com\\\/get-paid-for-sim-cards\\\/#primaryimage\"},\"image\":{\"@id\":\"https:\\\/\\\/sharingsms.com\\\/get-paid-for-sim-cards\\\/#primaryimage\"},\"thumbnailUrl\":\"https:\\\/\\\/sharingsms.com\\\/wp-content\\\/uploads\\\/2025\\\/03\\\/cleaned_sim_income_illustration-1024x683.png\",\"datePublished\":\"2025-03-31T10:54:06+00:00\",\"dateModified\":\"2025-04-01T11:43:13+00:00\",\"description\":\"Discover how to effortlessly monetize your SIM cards with Sharing SMS. Earn daily passive income securely via USDT or USDC. Start earning today!\",\"breadcrumb\":{\"@id\":\"https:\\\/\\\/sharingsms.com\\\/get-paid-for-sim-cards\\\/#breadcrumb\"},\"inLanguage\":\"es\",\"potentialAction\":[{\"@type\":\"ReadAction\",\"target\":[\"https:\\\/\\\/sharingsms.com\\\/get-paid-for-sim-cards\\\/\"]}]},{\"@type\":\"ImageObject\",\"inLanguage\":\"es\",\"@id\":\"https:\\\/\\\/sharingsms.com\\\/get-paid-for-sim-cards\\\/#primaryimage\",\"url\":\"https:\\\/\\\/sharingsms.com\\\/wp-content\\\/uploads\\\/2025\\\/03\\\/cleaned_sim_income_illustration-1024x683.png\",\"contentUrl\":\"https:\\\/\\\/sharingsms.com\\\/wp-content\\\/uploads\\\/2025\\\/03\\\/cleaned_sim_income_illustration-1024x683.png\"},{\"@type\":\"BreadcrumbList\",\"@id\":\"https:\\\/\\\/sharingsms.com\\\/get-paid-for-sim-cards\\\/#breadcrumb\",\"itemListElement\":[{\"@type\":\"ListItem\",\"position\":1,\"name\":\"Home\",\"item\":\"https:\\\/\\\/sharingsms.com\\\/\"},{\"@type\":\"ListItem\",\"position\":2,\"name\":\"\ud83d\udcf1 Get Paid for SIM Cards: Monetize Your SIM Cards with Sharing SMS \ud83d\udcb0\"}]},{\"@type\":\"WebSite\",\"@id\":\"https:\\\/\\\/sharingsms.com\\\/#website\",\"url\":\"https:\\\/\\\/sharingsms.com\\\/\",\"name\":\"SMS Sharing\",\"description\":\"\",\"potentialAction\":[{\"@type\":\"SearchAction\",\"target\":{\"@type\":\"EntryPoint\",\"urlTemplate\":\"https:\\\/\\\/sharingsms.com\\\/?s={search_term_string}\"},\"query-input\":{\"@type\":\"PropertyValueSpecification\",\"valueRequired\":true,\"valueName\":\"search_term_string\"}}],\"inLanguage\":\"es\"}]}<\/script>\n<!-- \/ Yoast SEO plugin. -->","yoast_head_json":{"title":"Reciba pagos por tarjetas SIM: Monetice sus tarjetas SIM f\u00e1cilmente compartiendo SMS","description":"Descubre c\u00f3mo monetizar f\u00e1cilmente tus tarjetas SIM con Sharing SMS. Genera ingresos pasivos diarios de forma segura con USDT o USDC. \u00a1Empieza a ganar hoy mismo!","robots":{"index":"index","follow":"follow","max-snippet":"max-snippet:-1","max-image-preview":"max-image-preview:large","max-video-preview":"max-video-preview:-1"},"canonical":"https:\/\/sharingsms.com\/es\/get-paid-for-sim-cards\/","og_locale":"es_ES","og_type":"article","og_title":"Get Paid for SIM Cards \u2013 Monetize Your SIM Cards Easily with Sharing SMS","og_description":"Discover how to effortlessly monetize your SIM cards with Sharing SMS. Earn daily passive income securely via USDT or USDC. Start earning today!","og_url":"https:\/\/sharingsms.com\/es\/get-paid-for-sim-cards\/","og_site_name":"SMS Sharing","article_modified_time":"2025-04-01T11:43:13+00:00","og_image":[{"width":1024,"height":683,"url":"https:\/\/sharingsms.com\/wp-content\/uploads\/2025\/03\/cleaned_sim_income_illustration-1024x683.png","type":"image\/png"}],"twitter_card":"summary_large_image","twitter_misc":{"Tiempo de lectura":"4 minutos"},"schema":{"@context":"https:\/\/schema.org","@graph":[{"@type":"WebPage","@id":"https:\/\/sharingsms.com\/get-paid-for-sim-cards\/","url":"https:\/\/sharingsms.com\/get-paid-for-sim-cards\/","name":"Reciba pagos por tarjetas SIM: Monetice sus tarjetas SIM f\u00e1cilmente compartiendo SMS","isPartOf":{"@id":"https:\/\/sharingsms.com\/#website"},"primaryImageOfPage":{"@id":"https:\/\/sharingsms.com\/get-paid-for-sim-cards\/#primaryimage"},"image":{"@id":"https:\/\/sharingsms.com\/get-paid-for-sim-cards\/#primaryimage"},"thumbnailUrl":"https:\/\/sharingsms.com\/wp-content\/uploads\/2025\/03\/cleaned_sim_income_illustration-1024x683.png","datePublished":"2025-03-31T10:54:06+00:00","dateModified":"2025-04-01T11:43:13+00:00","description":"Descubre c\u00f3mo monetizar f\u00e1cilmente tus tarjetas SIM con Sharing SMS. Genera ingresos pasivos diarios de forma segura con USDT o USDC. \u00a1Empieza a ganar hoy mismo!","breadcrumb":{"@id":"https:\/\/sharingsms.com\/get-paid-for-sim-cards\/#breadcrumb"},"inLanguage":"es","potentialAction":[{"@type":"ReadAction","target":["https:\/\/sharingsms.com\/get-paid-for-sim-cards\/"]}]},{"@type":"ImageObject","inLanguage":"es","@id":"https:\/\/sharingsms.com\/get-paid-for-sim-cards\/#primaryimage","url":"https:\/\/sharingsms.com\/wp-content\/uploads\/2025\/03\/cleaned_sim_income_illustration-1024x683.png","contentUrl":"https:\/\/sharingsms.com\/wp-content\/uploads\/2025\/03\/cleaned_sim_income_illustration-1024x683.png"},{"@type":"BreadcrumbList","@id":"https:\/\/sharingsms.com\/get-paid-for-sim-cards\/#breadcrumb","itemListElement":[{"@type":"ListItem","position":1,"name":"Home","item":"https:\/\/sharingsms.com\/"},{"@type":"ListItem","position":2,"name":"\ud83d\udcf1 Get Paid for SIM Cards: Monetize Your SIM Cards with Sharing SMS \ud83d\udcb0"}]},{"@type":"WebSite","@id":"https:\/\/sharingsms.com\/#website","url":"https:\/\/sharingsms.com\/","name":"Compartir SMS","description":"","potentialAction":[{"@type":"SearchAction","target":{"@type":"EntryPoint","urlTemplate":"https:\/\/sharingsms.com\/?s={search_term_string}"},"query-input":{"@type":"PropertyValueSpecification","valueRequired":true,"valueName":"search_term_string"}}],"inLanguage":"es"}]}},"_links":{"self":[{"href":"https:\/\/sharingsms.com\/es\/wp-json\/wp\/v2\/pages\/805","targetHints":{"allow":["GET"]}}],"collection":[{"href":"https:\/\/sharingsms.com\/es\/wp-json\/wp\/v2\/pages"}],"about":[{"href":"https:\/\/sharingsms.com\/es\/wp-json\/wp\/v2\/types\/page"}],"author":[{"embeddable":true,"href":"https:\/\/sharingsms.com\/es\/wp-json\/wp\/v2\/users\/1"}],"replies":[{"embeddable":true,"href":"https:\/\/sharingsms.com\/es\/wp-json\/wp\/v2\/comments?post=805"}],"version-history":[{"count":7,"href":"https:\/\/sharingsms.com\/es\/wp-json\/wp\/v2\/pages\/805\/revisions"}],"predecessor-version":[{"id":840,"href":"https:\/\/sharingsms.com\/es\/wp-json\/wp\/v2\/pages\/805\/revisions\/840"}],"wp:attachment":[{"href":"https:\/\/sharingsms.com\/es\/wp-json\/wp\/v2\/media?parent=805"}],"curies":[{"name":"wp","href":"https:\/\/api.w.org\/{rel}","templated":true}]}}