{"id":898,"date":"2025-09-30T13:09:47","date_gmt":"2025-09-30T13:09:47","guid":{"rendered":"https:\/\/sharingsms.com\/?page_id=898"},"modified":"2025-09-30T16:57:16","modified_gmt":"2025-09-30T16:57:16","slug":"terms-and-conditions","status":"publish","type":"page","link":"https:\/\/sharingsms.com\/es\/terms-and-conditions\/","title":{"rendered":"T\u00e9rminos y condiciones"},"content":{"rendered":"<h2 class=\"wp-block-heading\">Acuerdo de servicio<\/h2>\n\n\n\n<h3 class=\"wp-block-heading\">1. PARTES DEL ACUERDO<\/h3>\n\n\n\n<p>El presente Contrato de Servicio (en adelante, el \u00abContrato\u00bb) se celebra entre Sharing SMS (en adelante, la \u00abEmpresa\u00bb) y el usuario del servicio (en adelante, el \u00abSocio\u00bb). La Empresa y el Socio se denominar\u00e1n conjuntamente las \u00abPartes\u00bb.<\/p>\n\n\n\n<p>El Acuerdo de Servicios se concluye entre las Partes: Sharing SMS y el Socio.<\/p>\n\n\n\n<h3 class=\"wp-block-heading\">2. PRE\u00c1MBULO<\/h3>\n\n\n\n<p>Al registrarse en el sitio web de la Compa\u00f1\u00eda y crear una cuenta, el Socio confirma la aceptaci\u00f3n de los t\u00e9rminos de este Acuerdo. El Socio acepta que sus principales medios de comunicaci\u00f3n son el correo electr\u00f3nico, el chat y la mensajer\u00eda instant\u00e1nea. El Socio acepta recibir notificaciones electr\u00f3nicas de la Compa\u00f1\u00eda, as\u00ed como notificaciones a trav\u00e9s de mensajer\u00eda instant\u00e1nea como WhatsApp o Telegram. El Socio confirma su consentimiento para el almacenamiento y procesamiento de sus datos durante la vigencia del Acuerdo. Para mantener los n\u00fameros alquilados, administrar la informaci\u00f3n personal y acceder a los servicios, el Socio utiliza su cuenta en el sitio web de la Compa\u00f1\u00eda y la aplicaci\u00f3n m\u00f3vil.<\/p>\n\n\n\n<h3 class=\"wp-block-heading\">3. OBJETIVOS DEL ACUERDO<\/h3>\n\n\n\n<p>El presente Acuerdo tiene por objeto regular la relaci\u00f3n jur\u00eddica entre las Partes en la prestaci\u00f3n de servicios de telecomunicaciones por parte de la Compa\u00f1\u00eda. El Acuerdo define las condiciones para la prestaci\u00f3n de estos servicios.<\/p>\n\n\n\n<h3 class=\"wp-block-heading\">4. DERECHOS Y OBLIGACIONES DE LAS PARTES<\/h3>\n\n\n\n<h4 class=\"wp-block-heading\">4.1 Empresa<\/h4>\n\n\n\n<p><strong>4.1.1<\/strong> La empresa ofrece al socio la posibilidad de alquilar sus tarjetas SIM, concretamente para la prestaci\u00f3n del procesamiento SMS.<\/p>\n\n\n\n<p><strong>4.1.2<\/strong> La Compa\u00f1\u00eda mantiene las tarjetas SIM en su base. La Compa\u00f1\u00eda recompensa al Socio por alquilar sus tarjetas SIM (al alquilarlas, se mantiene el estado &quot;Listo&quot;).<\/p>\n\n\n\n<p><strong>4.1.3<\/strong> La Compa\u00f1\u00eda no se responsabiliza del mantenimiento comercial de ning\u00fan equipo necesario para la prestaci\u00f3n del servicio. El Socio est\u00e1 obligado a mantener sus equipos para prestar los servicios y garantizar el correcto funcionamiento de la(s) tarjeta(s) SIM, incluyendo la recarga de saldo cuando sea necesario para conservar el n\u00famero y evitar que el operador m\u00f3vil lo bloquee.<\/p>\n\n\n\n<p><strong>4.1.4<\/strong> La Compa\u00f1\u00eda brinda al Socio apoyo continuo y consultor\u00eda gerencial respecto del servicio prestado en el volumen requerido.<\/p>\n\n\n\n<p><strong>4.1.5<\/strong> La Compa\u00f1\u00eda se reserva el derecho de reemplazar el n\u00famero SIM proporcionado por razones ajenas a la legislaci\u00f3n y otras regulaciones, o si la prestaci\u00f3n continua de los servicios de comunicaci\u00f3n utilizando este n\u00famero resulta imposible debido a circunstancias ajenas a la Compa\u00f1\u00eda. En este caso, la Compa\u00f1\u00eda deber\u00e1 notificar al Socio sobre el reemplazo lo antes posible. El Socio proporcionar\u00e1 el reemplazo del n\u00famero SIM a su propio coste. La Compa\u00f1\u00eda no se responsabiliza de ning\u00fan gasto adicional del Socio relacionado con el reemplazo del n\u00famero que no est\u00e9 acordado entre las Partes.<\/p>\n\n\n\n<p><strong>4.1.6<\/strong> Si el Socio viola alguna cl\u00e1usula de este Acuerdo, la Compa\u00f1\u00eda tiene el derecho de suspender la cuenta del Socio.<\/p>\n\n\n\n<p><strong>4.1.7<\/strong> La Compa\u00f1\u00eda se reserva el derecho de negarse a proporcionar servicios al Socio si considera que \u00e9ste no es confiable.<\/p>\n\n\n\n<p><strong>4.1.8<\/strong> La Compa\u00f1\u00eda tiene el derecho de cambiar los t\u00e9rminos de este Acuerdo sin el consentimiento previo y notificaci\u00f3n del Socio si dichos cambios son necesarios debido a cambios en el marco legal, condiciones de seguro, requisitos de seguridad o cambios en documentos estatutarios.<\/p>\n\n\n\n<p><strong>4.1.9<\/strong> La Compa\u00f1\u00eda se reserva el derecho de cambiar las tarifas de cualquier servicio que presta.<\/p>\n\n\n\n<p><strong>4.1.10<\/strong> La Compa\u00f1\u00eda se reserva el derecho de rescindir la colaboraci\u00f3n sin procesar el pago en caso de que el Socio no sea confiable al incumplir sus obligaciones (5), ignorar todos los medios de comunicaci\u00f3n o sabotear el funcionamiento del servicio. En estos u otros casos que sabotean el funcionamiento del servicio, las obligaciones de la Compa\u00f1\u00eda se considerar\u00e1n cumplidas, mientras que el Socio no recibir\u00e1 ninguna recompensa. La cuenta del Socio se bloquear\u00e1 permanentemente. La Colaboraci\u00f3n se dar\u00e1 por terminada.<\/p>\n\n\n\n<h4 class=\"wp-block-heading\">5. Socio<\/h4>\n\n\n\n<p><strong>5.1<\/strong> El Socio est\u00e1 obligado a mantener los servicios y resolver los problemas relacionados con el servicio que presta en tiempo.<\/p>\n\n\n\n<p><strong>5.2<\/strong> El Socio est\u00e1 obligado a proporcionar su informaci\u00f3n de contacto. La Empresa le informa previamente sobre estos requisitos.<\/p>\n\n\n\n<p><strong>5.3<\/strong> Si el Socio detecta alguna interrupci\u00f3n en el funcionamiento de los servicios, deber\u00e1 notificarlo a la Compa\u00f1\u00eda. La Compa\u00f1\u00eda le proporciona un plazo (menos de 6 horas) para resolver el problema con el servicio que presta. Si el Socio no lo resuelve, no recibir\u00e1 ninguna recompensa diaria.<\/p>\n\n\n\n<p><strong>5.4<\/strong> La Compa\u00f1\u00eda permite que el Socio tenga referidos si alquila activamente sus SIM. La cuenta del Socio debe permanecer activa. La Compa\u00f1\u00eda considera las cuentas smurf (cuentas adicionales pertenecientes al mismo Socio) como comportamiento fraudulento. Dichas cuentas ser\u00e1n canceladas y la cuenta principal del Socio ser\u00e1 bloqueada sin derecho a recibir su recompensa mensual.<\/p>\n\n\n\n<p><strong>5.5<\/strong> Cuando el Socio contacte con el Servicio de Atenci\u00f3n al Cliente de la Compa\u00f1\u00eda (por tel\u00e9fono, correo electr\u00f3nico o chat en l\u00ednea en el sitio web de la Compa\u00f1\u00eda), deber\u00e1 hacerlo de forma educada y dentro del marco de los servicios prestados. La Compa\u00f1\u00eda se reserva el derecho de no responder a las solicitudes del Socio si estas contienen lenguaje obsceno, grosero o exceden el alcance de los servicios que presta.<\/p>\n\n\n\n<p><strong>5.6<\/strong> El Socio est\u00e1 obligado a cooperar con la Compa\u00f1\u00eda en las siguientes situaciones:<\/p>\n\n\n\n<ul class=\"wp-block-list\">\n<li>Cuando se trate de cualquier reclamaci\u00f3n sobre los servicios prestados;<\/li>\n\n\n\n<li>Al atender cualquier solicitud o investigaci\u00f3n sobre los servicios prestados.<\/li>\n<\/ul>\n\n\n\n<p>El Socio est\u00e1 obligado a:<\/p>\n\n\n\n<ul class=\"wp-block-list\">\n<li>Asumir toda la responsabilidad por cualquier violaci\u00f3n de las leyes locales.<\/li>\n\n\n\n<li>Asumir todos los costos adicionales asociados con la violaci\u00f3n de la ley en la jurisdicci\u00f3n de su pa\u00eds.<\/li>\n\n\n\n<li>La Compa\u00f1\u00eda no asume ninguna responsabilidad por la incompetencia del Socio en ese caso.<\/li>\n<\/ul>\n\n\n\n<p><strong>5.7<\/strong> Al aceptar este Acuerdo, el Socio confirma que tiene al menos 18 a\u00f1os.<\/p>\n\n\n\n<p><strong>5.8<\/strong> El Socio no tiene derecho a transferir sus derechos y obligaciones a ninguna otra parte sin el permiso de la Compa\u00f1\u00eda seg\u00fan este Acuerdo.<\/p>\n\n\n\n<p><strong>5.9<\/strong> Mientras el Socio alquile su SIM, este est\u00e1 obligado a mantener su actividad mientras est\u00e9 activo. Esto incluye recargar el saldo de su tarjeta SIM cuando sea necesario. Todos los gastos adicionales que se generen ser\u00e1n responsabilidad del Socio.<\/p>\n\n\n\n<p><strong>5.10<\/strong> Al aceptar estos t\u00e9rminos y condiciones, el Socio declara ser confiable y no tener ning\u00fan desacuerdo con estos t\u00e9rminos y condiciones en la actualidad ni en el futuro.<\/p>\n\n\n\n<p><strong>5.11<\/strong> Si el Socio desea rescindir la Asociaci\u00f3n, la Compa\u00f1\u00eda le bloquear\u00e1 el acceso a su cuenta de forma permanente. Los pagos se procesar\u00e1n de forma habitual si el Socio no ha incumplido sus obligaciones. El Socio debe informar a la Compa\u00f1\u00eda sobre su decisi\u00f3n con 3 d\u00edas de antelaci\u00f3n.<\/p>\n\n\n\n<h3 class=\"wp-block-heading\">6. PROCEDIMIENTO DE PAGO<\/h3>\n\n\n\n<p><strong>6.1<\/strong> La Compa\u00f1\u00eda ofrece una base de pago de dos partes: acumulaciones diarias (una recompensa diaria fija, aplicable solo mientras el SIM mantenga el estado &quot;Listo&quot;) y pago mensual (el resultado de las recompensas del socio que se calculan y se env\u00edan a su billetera).<\/p>\n\n\n\n<p><strong>6.2<\/strong> Los gastos del Socio incluyen:<\/p>\n\n\n\n<ul class=\"wp-block-list\">\n<li>Cargos SIM pagados al transportista (si es necesario)<\/li>\n\n\n\n<li>La provisi\u00f3n del dispositivo<\/li>\n\n\n\n<li>La disposici\u00f3n SIM<\/li>\n\n\n\n<li>Otros casos que est\u00e1n fuera de la responsabilidad de la Compa\u00f1\u00eda<\/li>\n<\/ul>\n\n\n\n<p><strong>6.3<\/strong> La Compa\u00f1\u00eda podr\u00e1 aplicar una penalizaci\u00f3n si el SIM alquilado permanece en estado &quot;No Listo&quot; durante m\u00e1s de 6 horas en un d\u00eda de 24 horas (00:00\u201300:00). La penalizaci\u00f3n cancelar\u00e1 la acumulaci\u00f3n de ese d\u00eda.<\/p>\n\n\n\n<h3 class=\"wp-block-heading\">7. DERECHOS DE PROPIEDAD INTELECTUAL<\/h3>\n\n\n\n<p><strong>7.1<\/strong> Todos los derechos de propiedad intelectual pertenecientes a una parte permanecer\u00e1n con esa parte.<\/p>\n\n\n\n<p><strong>7.2<\/strong> El Socio no deber\u00e1, en ning\u00fan caso, utilizar el nombre de la Compa\u00f1\u00eda, su marca o derechos de propiedad intelectual.<\/p>\n\n\n\n<p><strong>7.3<\/strong> La transferencia de propiedad intelectual sin consentimiento escrito est\u00e1 estrictamente prohibida.<\/p>\n\n\n\n<h3 class=\"wp-block-heading\">8. CONFIDENCIALIDAD<\/h3>\n\n\n\n<p>La Compa\u00f1\u00eda garantiza la privacidad de los datos personales del Socio.<\/p>\n\n\n\n<h3 class=\"wp-block-heading\">9. LIMITACI\u00d3N DE RESPONSABILIDAD<\/h3>\n\n\n\n<p><strong>9.1<\/strong> La Compa\u00f1\u00eda no ser\u00e1 responsable en los siguientes casos: da\u00f1os indirectos, consecuentes o accidentales debido a comunicaciones interrumpidas, p\u00e9rdida de datos, ganancias no cobradas u otras p\u00e9rdidas econ\u00f3micas relacionadas con este Acuerdo.<\/p>\n\n\n\n<p><strong>9.2<\/strong> La Compa\u00f1\u00eda s\u00f3lo ser\u00e1 responsable en los casos en que los acumulados se hayan calculado incorrectamente o no se hayan calculado en absoluto debido a razones t\u00e9cnicas.<\/p>\n\n\n\n<p><strong>9.3<\/strong> La Compa\u00f1\u00eda no se responsabiliza de ning\u00fan error, omisi\u00f3n o error tipogr\u00e1fico en el Acuerdo, el sitio web, la cuenta personal, la factura u otros documentos emitidos o proporcionados por la Compa\u00f1\u00eda. El Socio podr\u00e1 informar a la Compa\u00f1\u00eda sobre cualquier inexactitud, la cual ser\u00e1 rectificada si se confirma.<\/p>\n\n\n\n<h3 class=\"wp-block-heading\">10. FUERZA MAYOR<\/h3>\n\n\n\n<p><strong>10.1<\/strong> La Compa\u00f1\u00eda no es responsable por interrupciones, demoras o fallas en la prestaci\u00f3n de servicios debido a circunstancias fuera de su control, incluyendo pero no limitado a desastres naturales, guerra, sanciones, revocaci\u00f3n de licencias, destrucci\u00f3n de equipos o fallas de terceros (por ejemplo, operadores de telecomunicaciones, acciones gubernamentales).<\/p>\n\n\n\n<p><strong>10.2<\/strong> La Compa\u00f1\u00eda no ser\u00e1 responsable de ninguna consecuencia resultante de tales circunstancias de fuerza mayor.<\/p>\n\n\n\n<h3 class=\"wp-block-heading\">11. INDEMNIZACI\u00d3N Y RESPONSABILIDAD<\/h3>\n\n\n\n<p>Independientemente del monto de cualquier compensaci\u00f3n relacionada con este Acuerdo, el Socio reconoce y acepta que la Compa\u00f1\u00eda, sus fundadores, subsidiarias, afiliados, funcionarios, directores, empleados y agentes no ser\u00e1n responsables de ninguna p\u00e9rdida, da\u00f1o o reclamaci\u00f3n derivada del uso de los servicios o relacionada con este. Esto incluye, entre otros, problemas relacionados con la disponibilidad del servicio, la confidencialidad de los datos, fallos t\u00e9cnicos o retrasos en la transmisi\u00f3n de informaci\u00f3n.<br><\/p>\n\n\n\n<h3 class=\"wp-block-heading\">12. T\u00c9RMINOS DEL ACUERDO<\/h3>\n\n\n\n<p><strong>12.1<\/strong> Este Acuerdo entra en vigor al crearse una cuenta de usuario por parte del Socio y permanece v\u00e1lido hasta que sea rescindido por cualquiera de las Partes.<\/p>\n\n\n\n<p><strong>12.2<\/strong> Cada Parte podr\u00e1 rescindir este Acuerdo en caso de violaci\u00f3n de sus t\u00e9rminos.<\/p>\n\n\n\n<p><strong>12.3<\/strong> Al finalizar el contrato se considerar\u00e1n cumplidas todas las obligaciones de la Compa\u00f1\u00eda.<\/p>\n\n\n\n<h3 class=\"wp-block-heading\">13. MISCEL\u00c1NEOS<\/h3>\n\n\n\n<p><strong>13.1<\/strong> Este Acuerdo refleja el acuerdo completo entre las Partes y reemplaza todas las representaciones y entendimientos anteriores.<\/p>","protected":false},"excerpt":{"rendered":"<p>Service Agreement 1. PARTIES TO THE AGREEMENT This Service Agreement (hereinafter referred to as the &#8220;Agreement&#8221;) is entered into between Sharing SMS (hereinafter referred to as the &#8220;Company&#8221;) and the service user (hereinafter referred to as the &#8220;Partner&#8221;). The Company and the Partner shall collectively be referred to as the &#8220;Parties&#8221;. The Service Agreement is [&hellip;]<\/p>\n","protected":false},"author":1,"featured_media":0,"parent":0,"menu_order":0,"comment_status":"closed","ping_status":"closed","template":"","meta":{"footnotes":""},"class_list":["post-898","page","type-page","status-publish","hentry"],"yoast_head":"<!-- This site is optimized with the Yoast SEO plugin v27.5 - https:\/\/yoast.com\/product\/yoast-seo-wordpress\/ -->\n<title>Terms and Conditions - SMS Sharing<\/title>\n<meta name=\"description\" content=\"Read the Sharing SMS Terms and Conditions. This agreement outlines partner obligations, SIM usage, earnings policy, and service limitations.\" \/>\n<meta name=\"robots\" content=\"index, follow, max-snippet:-1, max-image-preview:large, max-video-preview:-1\" \/>\n<link rel=\"canonical\" href=\"https:\/\/sharingsms.com\/es\/terms-and-conditions\/\" \/>\n<meta property=\"og:locale\" content=\"es_ES\" \/>\n<meta property=\"og:type\" content=\"article\" \/>\n<meta property=\"og:title\" content=\"Terms and Conditions - SMS Sharing\" \/>\n<meta property=\"og:description\" content=\"Read the Sharing SMS Terms and Conditions. This agreement outlines partner obligations, SIM usage, earnings policy, and service limitations.\" \/>\n<meta property=\"og:url\" content=\"https:\/\/sharingsms.com\/es\/terms-and-conditions\/\" \/>\n<meta property=\"og:site_name\" content=\"SMS Sharing\" \/>\n<meta property=\"article:modified_time\" content=\"2025-09-30T16:57:16+00:00\" \/>\n<meta name=\"twitter:card\" content=\"summary_large_image\" \/>\n<meta name=\"twitter:label1\" content=\"Tiempo de lectura\" \/>\n\t<meta name=\"twitter:data1\" content=\"7 minutos\" \/>\n<script type=\"application\/ld+json\" class=\"yoast-schema-graph\">{\"@context\":\"https:\\\/\\\/schema.org\",\"@graph\":[{\"@type\":\"WebPage\",\"@id\":\"https:\\\/\\\/sharingsms.com\\\/terms-and-conditions\\\/\",\"url\":\"https:\\\/\\\/sharingsms.com\\\/terms-and-conditions\\\/\",\"name\":\"Terms and Conditions - SMS Sharing\",\"isPartOf\":{\"@id\":\"https:\\\/\\\/sharingsms.com\\\/#website\"},\"datePublished\":\"2025-09-30T13:09:47+00:00\",\"dateModified\":\"2025-09-30T16:57:16+00:00\",\"description\":\"Read the Sharing SMS Terms and Conditions. This agreement outlines partner obligations, SIM usage, earnings policy, and service limitations.\",\"breadcrumb\":{\"@id\":\"https:\\\/\\\/sharingsms.com\\\/terms-and-conditions\\\/#breadcrumb\"},\"inLanguage\":\"es\",\"potentialAction\":[{\"@type\":\"ReadAction\",\"target\":[\"https:\\\/\\\/sharingsms.com\\\/terms-and-conditions\\\/\"]}]},{\"@type\":\"BreadcrumbList\",\"@id\":\"https:\\\/\\\/sharingsms.com\\\/terms-and-conditions\\\/#breadcrumb\",\"itemListElement\":[{\"@type\":\"ListItem\",\"position\":1,\"name\":\"Home\",\"item\":\"https:\\\/\\\/sharingsms.com\\\/\"},{\"@type\":\"ListItem\",\"position\":2,\"name\":\"Terms and Conditions\"}]},{\"@type\":\"WebSite\",\"@id\":\"https:\\\/\\\/sharingsms.com\\\/#website\",\"url\":\"https:\\\/\\\/sharingsms.com\\\/\",\"name\":\"SMS Sharing\",\"description\":\"\",\"potentialAction\":[{\"@type\":\"SearchAction\",\"target\":{\"@type\":\"EntryPoint\",\"urlTemplate\":\"https:\\\/\\\/sharingsms.com\\\/?s={search_term_string}\"},\"query-input\":{\"@type\":\"PropertyValueSpecification\",\"valueRequired\":true,\"valueName\":\"search_term_string\"}}],\"inLanguage\":\"es\"}]}<\/script>\n<!-- \/ Yoast SEO plugin. -->","yoast_head_json":{"title":"T\u00e9rminos y condiciones - SMS Sharing","description":"Lea los T\u00e9rminos y Condiciones de Sharing SMS. Este acuerdo describe las obligaciones de los socios, el uso de SIM, la pol\u00edtica de ganancias y las limitaciones del servicio.","robots":{"index":"index","follow":"follow","max-snippet":"max-snippet:-1","max-image-preview":"max-image-preview:large","max-video-preview":"max-video-preview:-1"},"canonical":"https:\/\/sharingsms.com\/es\/terms-and-conditions\/","og_locale":"es_ES","og_type":"article","og_title":"Terms and Conditions - SMS Sharing","og_description":"Read the Sharing SMS Terms and Conditions. This agreement outlines partner obligations, SIM usage, earnings policy, and service limitations.","og_url":"https:\/\/sharingsms.com\/es\/terms-and-conditions\/","og_site_name":"SMS Sharing","article_modified_time":"2025-09-30T16:57:16+00:00","twitter_card":"summary_large_image","twitter_misc":{"Tiempo de lectura":"7 minutos"},"schema":{"@context":"https:\/\/schema.org","@graph":[{"@type":"WebPage","@id":"https:\/\/sharingsms.com\/terms-and-conditions\/","url":"https:\/\/sharingsms.com\/terms-and-conditions\/","name":"T\u00e9rminos y condiciones - SMS Sharing","isPartOf":{"@id":"https:\/\/sharingsms.com\/#website"},"datePublished":"2025-09-30T13:09:47+00:00","dateModified":"2025-09-30T16:57:16+00:00","description":"Lea los T\u00e9rminos y Condiciones de Sharing SMS. Este acuerdo describe las obligaciones de los socios, el uso de SIM, la pol\u00edtica de ganancias y las limitaciones del servicio.","breadcrumb":{"@id":"https:\/\/sharingsms.com\/terms-and-conditions\/#breadcrumb"},"inLanguage":"es","potentialAction":[{"@type":"ReadAction","target":["https:\/\/sharingsms.com\/terms-and-conditions\/"]}]},{"@type":"BreadcrumbList","@id":"https:\/\/sharingsms.com\/terms-and-conditions\/#breadcrumb","itemListElement":[{"@type":"ListItem","position":1,"name":"Home","item":"https:\/\/sharingsms.com\/"},{"@type":"ListItem","position":2,"name":"Terms and Conditions"}]},{"@type":"WebSite","@id":"https:\/\/sharingsms.com\/#website","url":"https:\/\/sharingsms.com\/","name":"Compartir SMS","description":"","potentialAction":[{"@type":"SearchAction","target":{"@type":"EntryPoint","urlTemplate":"https:\/\/sharingsms.com\/?s={search_term_string}"},"query-input":{"@type":"PropertyValueSpecification","valueRequired":true,"valueName":"search_term_string"}}],"inLanguage":"es"}]}},"_links":{"self":[{"href":"https:\/\/sharingsms.com\/es\/wp-json\/wp\/v2\/pages\/898","targetHints":{"allow":["GET"]}}],"collection":[{"href":"https:\/\/sharingsms.com\/es\/wp-json\/wp\/v2\/pages"}],"about":[{"href":"https:\/\/sharingsms.com\/es\/wp-json\/wp\/v2\/types\/page"}],"author":[{"embeddable":true,"href":"https:\/\/sharingsms.com\/es\/wp-json\/wp\/v2\/users\/1"}],"replies":[{"embeddable":true,"href":"https:\/\/sharingsms.com\/es\/wp-json\/wp\/v2\/comments?post=898"}],"version-history":[{"count":3,"href":"https:\/\/sharingsms.com\/es\/wp-json\/wp\/v2\/pages\/898\/revisions"}],"predecessor-version":[{"id":903,"href":"https:\/\/sharingsms.com\/es\/wp-json\/wp\/v2\/pages\/898\/revisions\/903"}],"wp:attachment":[{"href":"https:\/\/sharingsms.com\/es\/wp-json\/wp\/v2\/media?parent=898"}],"curies":[{"name":"wp","href":"https:\/\/api.w.org\/{rel}","templated":true}]}}