{"id":968,"date":"2026-03-05T11:00:54","date_gmt":"2026-03-05T11:00:54","guid":{"rendered":"https:\/\/sharingsms.com\/?page_id=968"},"modified":"2026-03-05T11:00:54","modified_gmt":"2026-03-05T11:00:54","slug":"infected-smartphones-warning","status":"publish","type":"page","link":"https:\/\/sharingsms.com\/es\/infected-smartphones-warning\/","title":{"rendered":"Advertencia de seguridad: Malware en tel\u00e9fonos inteligentes econ\u00f3micos de marcas desconocidas (Alps, Soyes, Lingbo)."},"content":{"rendered":"<p>Estimados socios,<\/p>\n\n\n\n<p>Recientemente, hemos notado un aumento en el uso de <strong>Smartphones chinos econ\u00f3micos<\/strong> de marcas desconocidas (las llamadas <strong>\u201csin nombre\u201d<\/strong>) para trabajar con <em>Sharing SMS<\/em>. Entre ellos se encuentran Alps XS15, Alps S23 Pro, Alps P70 Pro Max, Alps 16 Pro, Soyes XS11, Lingbo G24 mini y otros. Estos dispositivos suelen contener <strong>c\u00f3digo malicioso<\/strong> (como el <strong>Guerrilla<\/strong> o <strong>Triada<\/strong> troyanos) integrados en su firmware.<\/p>\n\n\n\n<p>Nos vemos obligados a advertirle sobre los peligros, ya que esto afecta directamente a sus ingresos.<\/p>\n\n\n\n<h2 class=\"wp-block-heading\"><strong>Informaci\u00f3n sobre los dispositivos infectados:<\/strong><\/h2>\n\n\n\n<ul class=\"wp-block-list\">\n<li>De acuerdo a<a href=\"https:\/\/heimdalsecurity.com\/blog\/lemon-gang-pre-infects-9-million-android-devices-with-malware\/\" target=\"_blank\" rel=\"noreferrer noopener nofollow\"> Seguridad Heimdal<\/a>, Casi 9 millones de dispositivos Android est\u00e1n infectados con el malware \u201cGuerrilla\u201d.<\/li>\n\n\n\n<li><a href=\"https:\/\/redskyalliance.org\/\" target=\"_blank\" rel=\"noreferrer noopener nofollow\">Alianza del Cielo Rojo<\/a> Seg\u00fan los informes, el troyano Triada se utiliza para controlar millones de tel\u00e9fonos inteligentes.<\/li>\n\n\n\n<li>De acuerdo a<a href=\"https:\/\/www.cybersecuritytribe.com\/news\/lemon-group-guerilla-malware-pre-infects-millions-of-android-devices\" target=\"_blank\" rel=\"noreferrer noopener nofollow\"> Tribu de Ciberseguridad<\/a>, Un \u00fanico grupo de ciberdelincuentes controla millones de dispositivos en 180 pa\u00edses.<\/li>\n\n\n\n<li>El software malicioso puede:\n<ul class=\"wp-block-list\">\n<li>Interceptar mensajes SMS con contrase\u00f1as de un solo uso;<\/li>\n\n\n\n<li>Configurar servidores proxy inversos;<\/li>\n\n\n\n<li>Secuestrar sesiones de WhatsApp y otras aplicaciones de mensajer\u00eda;<\/li>\n\n\n\n<li>Registrar cuentas sin el conocimiento del usuario.<\/li>\n<\/ul>\n<\/li>\n<\/ul>\n\n\n\n<h2 class=\"wp-block-heading\"><strong>\u00bfCu\u00e1les son los riesgos?<\/strong><\/h2>\n\n\n\n<ol class=\"wp-block-list\">\n<li><strong>Registro autom\u00e1tico de cuenta.<\/strong><br>En cuanto insertas una tarjeta SIM en un smartphone, el software malicioso comienza a registrar cuentas en servicios como WhatsApp, Facebook, Tinder, JingDong, etc., sin tu conocimiento. No ver\u00e1s la tarjeta SMS con los c\u00f3digos, pero estos son interceptados y enviados a ciberdelincuentes.<\/li>\n<\/ol>\n\n\n\n<ol start=\"2\" class=\"wp-block-list\">\n<li><strong>Los n\u00fameros dejan de ser aptos para el alquiler.<\/strong><br>Si el soporte t\u00e9cnico le informa que sus n\u00fameros ya est\u00e1n saturados de registros, no podr\u00e1 alquilarlos a clientes. Esto implica p\u00e9rdidas no deseadas: tendr\u00e1 que comprar nuevas tarjetas y dispositivos SIM.<\/li>\n<\/ol>\n\n\n\n<ol start=\"3\" class=\"wp-block-list\">\n<li><strong>Problemas con la \u201climpieza\u201d de cifras.<\/strong><br>Puedes intentar eliminar manualmente las cuentas registradas con tus n\u00fameros (consulta la lista de servicios con el soporte t\u00e9cnico). Sin embargo, esto no garantiza el \u00e9xito.\n<ul class=\"wp-block-list\">\n<li>Es posible que las cuentas tengan habilitada la autenticaci\u00f3n de dos factores (2FA).<\/li>\n\n\n\n<li>Si un servicio (como WhatsApp) detecta actividad sospechosa, puede bloquear el n\u00famero de forma permanente.<\/li>\n<\/ul>\n<\/li>\n<\/ol>\n\n\n\n<ol start=\"4\" class=\"wp-block-list\">\n<li><strong>Amenazas adicionales provenientes de troyanos.<\/strong><br>Adem\u00e1s de interceptar SMS, el software malicioso puede:\n<ul class=\"wp-block-list\">\n<li>Instalar anuncios intrusivos;<\/li>\n\n\n\n<li>Robar datos de cuentas (por ejemplo, cookies de Facebook);<\/li>\n\n\n\n<li>Utiliza tu dispositivo para planes fraudulentos.<\/li>\n<\/ul>\n<\/li>\n<\/ol>\n\n\n\n<ol start=\"5\" class=\"wp-block-list\">\n<li><strong>Riesgo de disminuci\u00f3n de la calificaci\u00f3n en <\/strong><strong><em>Sharing SMS.<\/em><\/strong><br>Si este tipo de casos de vulneraci\u00f3n de la numeraci\u00f3n ocurren con frecuencia, su calificaci\u00f3n en el servicio podr\u00eda disminuir, lo que afectar\u00e1 directamente a sus ingresos.<br><\/li>\n<\/ol>\n\n\n\n<h2 class=\"wp-block-heading\"><strong>\u00bfQu\u00e9 deber\u00edas hacer?<\/strong><\/h2>\n\n\n\n<ul class=\"wp-block-list\">\n<li>Utiliza smartphones de fabricantes conocidos y de confianza, como Samsung, Xiaomi, ZTE y otros.<\/li>\n\n\n\n<li>Evite los tel\u00e9fonos inteligentes chinos baratos y de marcas desconocidas: el c\u00f3digo malicioso est\u00e1 incrustado en el firmware y no puede ser eliminado por el software antivirus.<\/li>\n\n\n\n<li>No olvides bloquear la pantalla. Configurar una contrase\u00f1a, un patr\u00f3n, la huella digital o el reconocimiento facial en el dispositivo ayuda a prevenir el acceso no autorizado a los datos en caso de robo o p\u00e9rdida.<\/li>\n\n\n\n<li>Si el soporte t\u00e9cnico le advierte sobre n\u00fameros utilizados para enviar spam, reempl\u00e1celos por otros nuevos, inst\u00e1lelos en dispositivos confiables o intente limpiar los n\u00fameros (elimine las cuentas en los servicios especificados y env\u00ede capturas de pantalla que lo confirmen).<\/li>\n<\/ul>\n\n\n\n<p><strong>El \u00fanico escenario positivo<\/strong> El riesgo de usar un tel\u00e9fono inteligente econ\u00f3mico de marca desconocida radica en que el software malicioso no pueda determinar el n\u00famero de tel\u00e9fono de la tarjeta SIM (algunos operadores bloquean esta funci\u00f3n). En este caso, el riesgo es menor, pero no existe una garant\u00eda total de seguridad.<\/p>\n\n\n\n<h2 class=\"wp-block-heading\"><strong>\u00a1Es importante recordarlo!<\/strong><\/h2>\n\n\n\n<p>El uso de dispositivos infectados conlleva un riesgo consciente. <em>Sharing SMS<\/em> El servicio no compensa las p\u00e9rdidas relacionadas con la sustituci\u00f3n de tarjetas y dispositivos SIM.<br><\/p>\n\n\n\n<p><strong>Materiales \u00fatiles:<\/strong><\/p>\n\n\n\n<ul class=\"wp-block-list\">\n<li><a href=\"https:\/\/www.trendmicro.com\/en_us\/research\/23\/e\/lemon-group-cybercriminal-businesses-built-on-preinfected-devices.html\" target=\"_blank\" rel=\"noreferrer noopener nofollow\">Trend Micro: Troyanos en dispositivos preinstalados<\/a><\/li>\n\n\n\n<li><a href=\"https:\/\/heimdalsecurity.com\/blog\/lemon-gang-pre-infects-9-million-android-devices-with-malware\/\" target=\"_blank\" rel=\"noreferrer noopener nofollow\">Seguridad Heimdal: 9 millones de dispositivos infectados<\/a><\/li>\n\n\n\n<li><a href=\"https:\/\/www.bleepingcomputer.com\/news\/security\/cybercrime-gang-pre-infects-millions-of-android-devices-with-malware\/\" target=\"_blank\" rel=\"noreferrer noopener nofollow\">BleepingComputer: Ciberdelincuentes infectan millones de dispositivos Android<\/a><\/li>\n\n\n\n<li><a href=\"https:\/\/www.cybersecuritytribe.com\/news\/lemon-group-guerilla-malware-pre-infects-millions-of-android-devices\" target=\"_blank\" rel=\"noreferrer noopener nofollow\">CybersecurityTribe: Lemon Group infect\u00f3 millones de tel\u00e9fonos inteligentes<\/a><\/li>\n<\/ul>\n\n\n\n<p><\/p>","protected":false},"excerpt":{"rendered":"<p>Dear Partners, Recently, we have noticed an increase in the use of budget Chinese smartphones from unknown brands (so-called &#8220;no-names&#8221;) for working with Sharing SMS. Among them are Alps XS15, Alps S23 Pro, Alps P70 Pro Max, Alps 16 Pro, Soyes XS11, Lingbo G24 mini, and others. These devices often contain malicious code (such as [&hellip;]<\/p>\n","protected":false},"author":1,"featured_media":0,"parent":0,"menu_order":0,"comment_status":"closed","ping_status":"closed","template":"","meta":{"footnotes":""},"class_list":["post-968","page","type-page","status-publish","hentry"],"yoast_head":"<!-- This site is optimized with the Yoast SEO plugin v27.4 - https:\/\/yoast.com\/product\/yoast-seo-wordpress\/ -->\n<title>Stop Using Infected Phones! Protect Your SIM Rental Profits<\/title>\n<meta name=\"description\" content=\"&quot;Using budget &#039;no-name&#039; Android phones like Alps or Soyes can kill your SMS earnings. Learn about Triada\/Guerrilla malware, SMS interception, and how to protect your SIM cards.&quot;\" \/>\n<meta name=\"robots\" content=\"index, follow, max-snippet:-1, max-image-preview:large, max-video-preview:-1\" \/>\n<link rel=\"canonical\" href=\"https:\/\/sharingsms.com\/es\/infected-smartphones-warning\/\" \/>\n<meta property=\"og:locale\" content=\"es_ES\" \/>\n<meta property=\"og:type\" content=\"article\" \/>\n<meta property=\"og:title\" content=\"Stop Using Infected Phones! Protect Your SIM Rental Profits\" \/>\n<meta property=\"og:description\" content=\"&quot;Using budget &#039;no-name&#039; Android phones like Alps or Soyes can kill your SMS earnings. Learn about Triada\/Guerrilla malware, SMS interception, and how to protect your SIM cards.&quot;\" \/>\n<meta property=\"og:url\" content=\"https:\/\/sharingsms.com\/es\/infected-smartphones-warning\/\" \/>\n<meta property=\"og:site_name\" content=\"SMS Sharing\" \/>\n<meta name=\"twitter:card\" content=\"summary_large_image\" \/>\n<meta name=\"twitter:label1\" content=\"Tiempo de lectura\" \/>\n\t<meta name=\"twitter:data1\" content=\"3 minutos\" \/>\n<script type=\"application\/ld+json\" class=\"yoast-schema-graph\">{\"@context\":\"https:\\\/\\\/schema.org\",\"@graph\":[{\"@type\":\"WebPage\",\"@id\":\"https:\\\/\\\/sharingsms.com\\\/infected-smartphones-warning\\\/\",\"url\":\"https:\\\/\\\/sharingsms.com\\\/infected-smartphones-warning\\\/\",\"name\":\"Stop Using Infected Phones! Protect Your SIM Rental Profits\",\"isPartOf\":{\"@id\":\"https:\\\/\\\/sharingsms.com\\\/#website\"},\"datePublished\":\"2026-03-05T11:00:54+00:00\",\"description\":\"\\\"Using budget 'no-name' Android phones like Alps or Soyes can kill your SMS earnings. Learn about Triada\\\/Guerrilla malware, SMS interception, and how to protect your SIM cards.\\\"\",\"breadcrumb\":{\"@id\":\"https:\\\/\\\/sharingsms.com\\\/infected-smartphones-warning\\\/#breadcrumb\"},\"inLanguage\":\"es\",\"potentialAction\":[{\"@type\":\"ReadAction\",\"target\":[\"https:\\\/\\\/sharingsms.com\\\/infected-smartphones-warning\\\/\"]}]},{\"@type\":\"BreadcrumbList\",\"@id\":\"https:\\\/\\\/sharingsms.com\\\/infected-smartphones-warning\\\/#breadcrumb\",\"itemListElement\":[{\"@type\":\"ListItem\",\"position\":1,\"name\":\"Home\",\"item\":\"https:\\\/\\\/sharingsms.com\\\/\"},{\"@type\":\"ListItem\",\"position\":2,\"name\":\"Security Warning: Malware in Budget &#8220;No-Name&#8221; Smartphones (Alps, Soyes, Lingbo)\"}]},{\"@type\":\"WebSite\",\"@id\":\"https:\\\/\\\/sharingsms.com\\\/#website\",\"url\":\"https:\\\/\\\/sharingsms.com\\\/\",\"name\":\"SMS Sharing\",\"description\":\"\",\"potentialAction\":[{\"@type\":\"SearchAction\",\"target\":{\"@type\":\"EntryPoint\",\"urlTemplate\":\"https:\\\/\\\/sharingsms.com\\\/?s={search_term_string}\"},\"query-input\":{\"@type\":\"PropertyValueSpecification\",\"valueRequired\":true,\"valueName\":\"search_term_string\"}}],\"inLanguage\":\"es\"}]}<\/script>\n<!-- \/ Yoast SEO plugin. -->","yoast_head_json":{"title":"\u00a1Deje de usar tel\u00e9fonos infectados! Proteja sus ganancias de alquiler de SIM.","description":"\"Usar tel\\u00e9fonos Android baratos y de marcas desconocidas como Alps o Soyes puede perjudicar tus ganancias de SMS. Aprende sobre el malware Triada\\\/Guerrilla, la interceptaci\\u00f3n de SMS y c\\u00f3mo proteger tus tarjetas SIM.\"","robots":{"index":"index","follow":"follow","max-snippet":"max-snippet:-1","max-image-preview":"max-image-preview:large","max-video-preview":"max-video-preview:-1"},"canonical":"https:\/\/sharingsms.com\/es\/infected-smartphones-warning\/","og_locale":"es_ES","og_type":"article","og_title":"Stop Using Infected Phones! Protect Your SIM Rental Profits","og_description":"\"Using budget 'no-name' Android phones like Alps or Soyes can kill your SMS earnings. Learn about Triada\/Guerrilla malware, SMS interception, and how to protect your SIM cards.\"","og_url":"https:\/\/sharingsms.com\/es\/infected-smartphones-warning\/","og_site_name":"SMS Sharing","twitter_card":"summary_large_image","twitter_misc":{"Tiempo de lectura":"3 minutos"},"schema":{"@context":"https:\/\/schema.org","@graph":[{"@type":"WebPage","@id":"https:\/\/sharingsms.com\/infected-smartphones-warning\/","url":"https:\/\/sharingsms.com\/infected-smartphones-warning\/","name":"\u00a1Deje de usar tel\u00e9fonos infectados! Proteja sus ganancias de alquiler de SIM.","isPartOf":{"@id":"https:\/\/sharingsms.com\/#website"},"datePublished":"2026-03-05T11:00:54+00:00","description":"\"Usar tel\\u00e9fonos Android baratos y de marcas desconocidas como Alps o Soyes puede perjudicar tus ganancias de SMS. Aprende sobre el malware Triada\\\/Guerrilla, la interceptaci\\u00f3n de SMS y c\\u00f3mo proteger tus tarjetas SIM.\"","breadcrumb":{"@id":"https:\/\/sharingsms.com\/infected-smartphones-warning\/#breadcrumb"},"inLanguage":"es","potentialAction":[{"@type":"ReadAction","target":["https:\/\/sharingsms.com\/infected-smartphones-warning\/"]}]},{"@type":"BreadcrumbList","@id":"https:\/\/sharingsms.com\/infected-smartphones-warning\/#breadcrumb","itemListElement":[{"@type":"ListItem","position":1,"name":"Home","item":"https:\/\/sharingsms.com\/"},{"@type":"ListItem","position":2,"name":"Security Warning: Malware in Budget &#8220;No-Name&#8221; Smartphones (Alps, Soyes, Lingbo)"}]},{"@type":"WebSite","@id":"https:\/\/sharingsms.com\/#website","url":"https:\/\/sharingsms.com\/","name":"Compartir SMS","description":"","potentialAction":[{"@type":"SearchAction","target":{"@type":"EntryPoint","urlTemplate":"https:\/\/sharingsms.com\/?s={search_term_string}"},"query-input":{"@type":"PropertyValueSpecification","valueRequired":true,"valueName":"search_term_string"}}],"inLanguage":"es"}]}},"_links":{"self":[{"href":"https:\/\/sharingsms.com\/es\/wp-json\/wp\/v2\/pages\/968","targetHints":{"allow":["GET"]}}],"collection":[{"href":"https:\/\/sharingsms.com\/es\/wp-json\/wp\/v2\/pages"}],"about":[{"href":"https:\/\/sharingsms.com\/es\/wp-json\/wp\/v2\/types\/page"}],"author":[{"embeddable":true,"href":"https:\/\/sharingsms.com\/es\/wp-json\/wp\/v2\/users\/1"}],"replies":[{"embeddable":true,"href":"https:\/\/sharingsms.com\/es\/wp-json\/wp\/v2\/comments?post=968"}],"version-history":[{"count":1,"href":"https:\/\/sharingsms.com\/es\/wp-json\/wp\/v2\/pages\/968\/revisions"}],"predecessor-version":[{"id":969,"href":"https:\/\/sharingsms.com\/es\/wp-json\/wp\/v2\/pages\/968\/revisions\/969"}],"wp:attachment":[{"href":"https:\/\/sharingsms.com\/es\/wp-json\/wp\/v2\/media?parent=968"}],"curies":[{"name":"wp","href":"https:\/\/api.w.org\/{rel}","templated":true}]}}