{"id":671,"date":"2023-09-13T10:53:26","date_gmt":"2023-09-13T10:53:26","guid":{"rendered":"https:\/\/sharingsms.com\/?page_id=671"},"modified":"2025-04-15T11:38:05","modified_gmt":"2025-04-15T11:38:05","slug":"how-to-start","status":"publish","type":"page","link":"https:\/\/sharingsms.com\/fr\/how-to-start\/","title":{"rendered":"Comment mettre en place Sharing SMS : instructions pas \u00e0 pas"},"content":{"rendered":"<ol class=\"wp-block-list\">\n<li>Achetez la\/les carte(s) SIM des op\u00e9rateurs de t\u00e9l\u00e9phonie mobile locaux avec un forfait minimum de services pr\u00e9pay\u00e9s.<\/li>\n\n\n\n<li>Ins\u00e9rez les cartes SIM dans les appareils Android avec la version 6 et plus d'Android. V\u00e9rifier l'enregistrement du r\u00e9seau.<\/li>\n\n\n\n<li>Cr\u00e9er un compte partenaire dans le <a href=\"https:\/\/sharesms-weboffice.betasms.net\/#\/register\">cabinet personnel du site<\/a>.<\/li>\n\n\n\n<li>Depuis votre espace personnel, t\u00e9l\u00e9chargez l'application (fichier APK) \u00e0 partir du lien.<\/li>\n\n\n\n<li>Installez l'application Sharing SMS sur vos appareils et assurez-vous de fournir toutes les autorisations n\u00e9cessaires* au bon fonctionnement de l'application.<\/li>\n\n\n\n<li>Au lancement, vous serez invit\u00e9 \u00e0 faire de Sharing SMS l'application de partage SMS par d\u00e9faut. Pour les versions ant\u00e9rieures d'Android, cette op\u00e9ration est n\u00e9cessaire pour recevoir SMS. Il est donc recommand\u00e9 de le faire. Vous pouvez \u00e9galement le faire dans les param\u00e8tres de l'application.<\/li>\n\n\n\n<li>Ajoutez de nouvelles cartes SIM \u00e0 l'application en cliquant sur le bouton (+). La v\u00e9rification du num\u00e9ro se fait automatiquement, sans qu'il soit n\u00e9cessaire de saisir le code d'une carte SMS.<\/li>\n<\/ol>\n\n\n<div class=\"wp-block-image\">\n<figure class=\"aligncenter is-resized\"><img loading=\"lazy\" decoding=\"async\" width=\"702\" height=\"1600\" src=\"https:\/\/sharingsms.com\/wp-content\/uploads\/2023\/09\/image.png\" alt=\"\" class=\"wp-image-677\" style=\"object-fit:contain;width:400px;height:700px\" srcset=\"https:\/\/sharingsms.com\/wp-content\/uploads\/2023\/09\/image.png 702w, https:\/\/sharingsms.com\/wp-content\/uploads\/2023\/09\/image-132x300.png 132w, https:\/\/sharingsms.com\/wp-content\/uploads\/2023\/09\/image-449x1024.png 449w, https:\/\/sharingsms.com\/wp-content\/uploads\/2023\/09\/image-674x1536.png 674w, https:\/\/sharingsms.com\/wp-content\/uploads\/2023\/09\/image-5x12.png 5w\" sizes=\"auto, (max-width: 702px) 100vw, 702px\" \/><\/figure>\n<\/div>\n\n\n<p><em><strong>Les num\u00e9ros ajout\u00e9s peuvent avoir les statuts suivants : Actif ou Inactif.<\/strong><\/em><\/p>\n\n\n\n<p><strong>Inactif<\/strong> signifie que le num\u00e9ro n'est pas encore disponible \u00e0 la location.<br><strong>Actif<\/strong> signifie que le num\u00e9ro a \u00e9t\u00e9 lou\u00e9 et que des frais sont factur\u00e9s.<\/p>\n\n\n\n<p><strong>Attention ! <\/strong>Apr\u00e8s l'ajout d'un num\u00e9ro, le mode \"\u00c9valuation de la stabilit\u00e9 du num\u00e9ro\" est activ\u00e9 - la plateforme surveille la stabilit\u00e9 de votre num\u00e9ro pendant une certaine p\u00e9riode, g\u00e9n\u00e9ralement dix jours. S'il n'y a pas de probl\u00e8me de disponibilit\u00e9 pendant cette p\u00e9riode, votre num\u00e9ro devient disponible \u00e0 la location. Une fois que votre num\u00e9ro est disponible \u00e0 la location, vous pouvez commencer \u00e0 gagner de l'argent.<\/p>\n\n\n\n<ol start=\"8\" class=\"wp-block-list\">\n<li>D\u00e9sactivez le mode d'\u00e9conomie d'\u00e9nergie ou d'optimisation de la batterie de votre appareil (gr\u00e2ce \u00e0 ce mode, Android peut limiter le travail de l'application en arri\u00e8re-plan, ou la d\u00e9charger compl\u00e8tement de la m\u00e9moire du t\u00e9l\u00e9phone).<\/li>\n<\/ol>\n\n\n\n<p>Pour ce faire, dans les param\u00e8tres de Sharing SMS, cliquez sur <strong>IGNORER L'OPTIMISATION DE LA BATTERIE<\/strong> et permet de d\u00e9sactiver l'optimisation de la batterie pour l'application.<\/p>\n\n\n<div class=\"wp-block-image\">\n<figure class=\"aligncenter is-resized\"><img loading=\"lazy\" decoding=\"async\" width=\"702\" height=\"1600\" src=\"https:\/\/sharingsms.com\/wp-content\/uploads\/2023\/09\/image-6.png\" alt=\"\" class=\"wp-image-683\" style=\"object-fit:cover;width:400px;height:700px\" srcset=\"https:\/\/sharingsms.com\/wp-content\/uploads\/2023\/09\/image-6.png 702w, https:\/\/sharingsms.com\/wp-content\/uploads\/2023\/09\/image-6-132x300.png 132w, https:\/\/sharingsms.com\/wp-content\/uploads\/2023\/09\/image-6-449x1024.png 449w, https:\/\/sharingsms.com\/wp-content\/uploads\/2023\/09\/image-6-674x1536.png 674w, https:\/\/sharingsms.com\/wp-content\/uploads\/2023\/09\/image-6-5x12.png 5w\" sizes=\"auto, (max-width: 702px) 100vw, 702px\" \/><\/figure>\n<\/div>\n\n\n<p>Ensuite, dans les param\u00e8tres de l'appli, appuyez sur OUVRIR LES PARAM\u00c8TRES DE L'APP &gt; dans l'\u00e9cran \u00c0 propos, recherchez Contr\u00f4le de l'activit\u00e9, soit Utilisation de la batterie, soit Batterie. D\u00e9sactivez l'ex\u00e9cution de l'application en arri\u00e8re-plan et d\u00e9sactivez les lancements pour \u00e9conomiser de l'\u00e9nergie.<\/p>\n\n\n\n<p>9. Parmi les actions suppl\u00e9mentaires qui augmentent la stabilit\u00e9 de l'application, vous pouvez \u00e9galement la fixer\/verrouiller dans la RAM.<br>Pour ce faire, appelez les applications r\u00e9centes \u00e0 l'aide du bouton de menu mat\u00e9riel. Maintenez votre doigt sur la fen\u00eatre de l'application jusqu'\u00e0 ce que les boutons s'affichent &gt; appuyez sur le bouton de verrouillage.<\/p>\n\n\n\n<p>10. Assurez-vous que le mode d'\u00e9conomie d'\u00e9nergie est d\u00e9sactiv\u00e9 dans les param\u00e8tres d'Android. Et que l'optimisation de la batterie est d\u00e9sactiv\u00e9e pour Sharing SMS. Vous pouvez utiliser la recherche des param\u00e8tres existants du t\u00e9l\u00e9phone pour acc\u00e9der rapidement \u00e0 ces param\u00e8tres.<\/p>\n\n\n\n<p>11. V\u00e9rifiez dans les param\u00e8tres de votre appareil que la connexion r\u00e9seau (Wi-Fi ou donn\u00e9es mobiles) n'est pas d\u00e9sactiv\u00e9e en mode veille lorsque l'\u00e9cran est \u00e9teint.<\/p>\n\n\n\n<p>Selon le syst\u00e8me d'exploitation de l'appareil, cette action peut \u00eatre diff\u00e9rente, par exemple :<br><\/p>\n\n\n\n<ul class=\"wp-block-list\">\n<li><strong>Xiaomi<\/strong> - ouvrez S\u00e9curit\u00e9 &gt; Param\u00e8tres (roue dent\u00e9e dans le coin sup\u00e9rieur) &gt; Acc\u00e9l\u00e9ration &gt; Applications \u00e9pingl\u00e9es &gt; s\u00e9lectionnez dans la liste.<\/li>\n\n\n\n<li><strong>Huawei<\/strong> - ouvrez les applications en cours &gt; faites glisser la fen\u00eatre de l'application vers le bas.<\/li>\n\n\n\n<li><strong>Oppo, Realme, OnePlus<\/strong> - appeler les applications en cours &gt; menu au-dessus de la fen\u00eatre de l'application &gt; Verrouiller.<\/li>\n<\/ul>\n\n\n\n<p>12. Ajoutez votre adresse \u00e9lectronique au profil de votre compte dans votre cabinet personnel. Nous vous recommandons vivement de le faire. L'adresse \u00e9lectronique est n\u00e9cessaire pour que nous puissions vous informer des changements de statut des num\u00e9ros de cartes SIM, des incidents lorsque l'application ne communique pas avec le serveur ou que le num\u00e9ro n'est pas disponible.<\/p>\n\n\n\n<p>13. Ajoutez l'adresse de votre portefeuille USDT\/USDC dans votre profil personnel pour les paiements en esp\u00e8ces.<\/p>\n\n\n\n<ul class=\"wp-block-list\">\n<li>Autorisations requises<\/li>\n<\/ul>\n\n\n\n<p>Important : pour installer l'application, vous devez autoriser l'installation d'applications provenant de \"sources inconnues\" dans les param\u00e8tres Android.<\/p>\n\n\n\n<p><em>Une description d\u00e9taill\u00e9e des permis :<\/em><\/p>\n\n\n\n<ul class=\"wp-block-list\">\n<li>T\u00e9l\u00e9phone - passer et g\u00e9rer des appels : obtenir l'\u00e9tat du t\u00e9l\u00e9phone, l'\u00e9tat de l'activit\u00e9<\/li>\n\n\n\n<li>Localisation - acc\u00e8s aux donn\u00e9es de localisation des appareils : pour obtenir des informations sur les tours de t\u00e9l\u00e9phonie mobile et les points d'acc\u00e8s.<\/li>\n\n\n\n<li>SMS - envoyer et consulter des messages SMS : pouvoir confirmer des num\u00e9ros et transf\u00e9rer des SMS<\/li>\n\n\n\n<li>Notifications : pour afficher une notification dans la barre de notification avec l'\u00e9tat des num\u00e9ros de cartes SIM.<\/li>\n<\/ul>\n\n\n\n<h2 class=\"wp-block-heading\"><strong>Capture d'\u00e9cran<\/strong><\/h2>\n\n\n<div class=\"wp-block-image\">\n<figure class=\"aligncenter is-resized\"><img loading=\"lazy\" decoding=\"async\" width=\"702\" height=\"1600\" src=\"https:\/\/sharingsms.com\/wp-content\/uploads\/2023\/09\/image-3.png\" alt=\"\" class=\"wp-image-680\" style=\"object-fit:cover;width:400px;height:700px\" srcset=\"https:\/\/sharingsms.com\/wp-content\/uploads\/2023\/09\/image-3.png 702w, https:\/\/sharingsms.com\/wp-content\/uploads\/2023\/09\/image-3-132x300.png 132w, https:\/\/sharingsms.com\/wp-content\/uploads\/2023\/09\/image-3-449x1024.png 449w, https:\/\/sharingsms.com\/wp-content\/uploads\/2023\/09\/image-3-674x1536.png 674w, https:\/\/sharingsms.com\/wp-content\/uploads\/2023\/09\/image-3-5x12.png 5w\" sizes=\"auto, (max-width: 702px) 100vw, 702px\" \/><\/figure>\n<\/div>\n\n\n<p>Les num\u00e9ros de cartes SIM sont lou\u00e9s, ont un statut actif et une connexion stable au serveur.<\/p>\n\n\n<div class=\"wp-block-image\">\n<figure class=\"aligncenter is-resized\"><img loading=\"lazy\" decoding=\"async\" width=\"702\" height=\"1600\" src=\"https:\/\/sharingsms.com\/wp-content\/uploads\/2023\/09\/image-4.png\" alt=\"\" class=\"wp-image-681\" style=\"object-fit:cover;width:400px;height:700px\" srcset=\"https:\/\/sharingsms.com\/wp-content\/uploads\/2023\/09\/image-4.png 702w, https:\/\/sharingsms.com\/wp-content\/uploads\/2023\/09\/image-4-132x300.png 132w, https:\/\/sharingsms.com\/wp-content\/uploads\/2023\/09\/image-4-449x1024.png 449w, https:\/\/sharingsms.com\/wp-content\/uploads\/2023\/09\/image-4-674x1536.png 674w, https:\/\/sharingsms.com\/wp-content\/uploads\/2023\/09\/image-4-5x12.png 5w\" sizes=\"auto, (max-width: 702px) 100vw, 702px\" \/><\/figure>\n<\/div>\n\n\n<p>Informations d\u00e9taill\u00e9es sur le num\u00e9ro SIM que l'application \u00e9change avec le serveur.<\/p>\n\n\n<div class=\"wp-block-image\">\n<figure class=\"aligncenter is-resized\"><img loading=\"lazy\" decoding=\"async\" width=\"702\" height=\"1600\" src=\"https:\/\/sharingsms.com\/wp-content\/uploads\/2023\/09\/image-1.png\" alt=\"\" class=\"wp-image-678\" style=\"object-fit:cover;width:400px;height:700px\" srcset=\"https:\/\/sharingsms.com\/wp-content\/uploads\/2023\/09\/image-1.png 702w, https:\/\/sharingsms.com\/wp-content\/uploads\/2023\/09\/image-1-132x300.png 132w, https:\/\/sharingsms.com\/wp-content\/uploads\/2023\/09\/image-1-449x1024.png 449w, https:\/\/sharingsms.com\/wp-content\/uploads\/2023\/09\/image-1-674x1536.png 674w, https:\/\/sharingsms.com\/wp-content\/uploads\/2023\/09\/image-1-5x12.png 5w\" sizes=\"auto, (max-width: 702px) 100vw, 702px\" \/><\/figure>\n<\/div>\n\n\n<p>En cas d'incident de connexion au serveur ou d'indisponibilit\u00e9 de la carte SIM, les num\u00e9ros affichent l'\u00e9tat \"Failed\".<\/p>\n\n\n\n<figure class=\"wp-block-image\"><img loading=\"lazy\" decoding=\"async\" width=\"1080\" height=\"494\" src=\"https:\/\/sharingsms.com\/wp-content\/uploads\/2023\/09\/image-2.png\" alt=\"\" class=\"wp-image-679\" srcset=\"https:\/\/sharingsms.com\/wp-content\/uploads\/2023\/09\/image-2.png 1080w, https:\/\/sharingsms.com\/wp-content\/uploads\/2023\/09\/image-2-300x137.png 300w, https:\/\/sharingsms.com\/wp-content\/uploads\/2023\/09\/image-2-1024x468.png 1024w, https:\/\/sharingsms.com\/wp-content\/uploads\/2023\/09\/image-2-768x351.png 768w, https:\/\/sharingsms.com\/wp-content\/uploads\/2023\/09\/image-2-18x8.png 18w\" sizes=\"auto, (max-width: 1080px) 100vw, 1080px\" \/><\/figure>\n\n\n\n<p>Le panneau de notification (dans le rideau) contient une notification de l'application, o\u00f9 l'\u00e9tat des num\u00e9ros est affich\u00e9.<\/p>\n\n\n\n<figure class=\"wp-block-image\"><img loading=\"lazy\" decoding=\"async\" width=\"1600\" height=\"1055\" src=\"https:\/\/sharingsms.com\/wp-content\/uploads\/2023\/09\/image-5.png\" alt=\"\" class=\"wp-image-682\" style=\"object-fit:cover\" srcset=\"https:\/\/sharingsms.com\/wp-content\/uploads\/2023\/09\/image-5.png 1600w, https:\/\/sharingsms.com\/wp-content\/uploads\/2023\/09\/image-5-300x198.png 300w, https:\/\/sharingsms.com\/wp-content\/uploads\/2023\/09\/image-5-1024x675.png 1024w, https:\/\/sharingsms.com\/wp-content\/uploads\/2023\/09\/image-5-768x506.png 768w, https:\/\/sharingsms.com\/wp-content\/uploads\/2023\/09\/image-5-1536x1013.png 1536w, https:\/\/sharingsms.com\/wp-content\/uploads\/2023\/09\/image-5-18x12.png 18w\" sizes=\"auto, (max-width: 1600px) 100vw, 1600px\" \/><\/figure>\n\n\n\n<p>Compte du partenaire.<\/p>","protected":false},"excerpt":{"rendered":"<p>The added numbers can have the following statuses: Active or Inactive. Inactive status means that the number is not yet available for rent.Active status means that the number has been rented and charges are being made. Please note! After adding a number, the \u201cNumber Stability Assessment\u201d mode is activated &#8211; the platform monitors the stability [&hellip;]<\/p>\n","protected":false},"author":1,"featured_media":0,"parent":0,"menu_order":0,"comment_status":"closed","ping_status":"closed","template":"","meta":{"footnotes":""},"class_list":["post-671","page","type-page","status-publish","hentry"],"yoast_head":"<!-- This site is optimized with the Yoast SEO plugin v27.5 - https:\/\/yoast.com\/product\/yoast-seo-wordpress\/ -->\n<title>How to set up Sharing SMS: step-by-step instructions - SMS Sharing<\/title>\n<meta name=\"robots\" content=\"index, follow, max-snippet:-1, max-image-preview:large, max-video-preview:-1\" \/>\n<link rel=\"canonical\" href=\"https:\/\/sharingsms.com\/fr\/how-to-start\/\" \/>\n<meta property=\"og:locale\" content=\"fr_FR\" \/>\n<meta property=\"og:type\" content=\"article\" \/>\n<meta property=\"og:title\" content=\"How to set up Sharing SMS: step-by-step instructions - SMS Sharing\" \/>\n<meta property=\"og:description\" content=\"The added numbers can have the following statuses: Active or Inactive. Inactive status means that the number is not yet available for rent.Active status means that the number has been rented and charges are being made. Please note! After adding a number, the \u201cNumber Stability Assessment\u201d mode is activated &#8211; the platform monitors the stability [&hellip;]\" \/>\n<meta property=\"og:url\" content=\"https:\/\/sharingsms.com\/fr\/how-to-start\/\" \/>\n<meta property=\"og:site_name\" content=\"SMS Sharing\" \/>\n<meta property=\"article:modified_time\" content=\"2025-04-15T11:38:05+00:00\" \/>\n<meta property=\"og:image\" content=\"https:\/\/sharingsms.com\/wp-content\/uploads\/2023\/09\/image.png\" \/>\n\t<meta property=\"og:image:width\" content=\"702\" \/>\n\t<meta property=\"og:image:height\" content=\"1600\" \/>\n\t<meta property=\"og:image:type\" content=\"image\/png\" \/>\n<meta name=\"twitter:card\" content=\"summary_large_image\" \/>\n<meta name=\"twitter:label1\" content=\"Dur\u00e9e de lecture estim\u00e9e\" \/>\n\t<meta name=\"twitter:data1\" content=\"5 minutes\" \/>\n<script type=\"application\/ld+json\" class=\"yoast-schema-graph\">{\"@context\":\"https:\\\/\\\/schema.org\",\"@graph\":[{\"@type\":\"WebPage\",\"@id\":\"https:\\\/\\\/sharingsms.com\\\/how-to-start\\\/\",\"url\":\"https:\\\/\\\/sharingsms.com\\\/how-to-start\\\/\",\"name\":\"How to set up Sharing SMS: step-by-step instructions - SMS Sharing\",\"isPartOf\":{\"@id\":\"https:\\\/\\\/sharingsms.com\\\/#website\"},\"primaryImageOfPage\":{\"@id\":\"https:\\\/\\\/sharingsms.com\\\/how-to-start\\\/#primaryimage\"},\"image\":{\"@id\":\"https:\\\/\\\/sharingsms.com\\\/how-to-start\\\/#primaryimage\"},\"thumbnailUrl\":\"https:\\\/\\\/sharingsms.com\\\/wp-content\\\/uploads\\\/2023\\\/09\\\/image.png\",\"datePublished\":\"2023-09-13T10:53:26+00:00\",\"dateModified\":\"2025-04-15T11:38:05+00:00\",\"breadcrumb\":{\"@id\":\"https:\\\/\\\/sharingsms.com\\\/how-to-start\\\/#breadcrumb\"},\"inLanguage\":\"fr-FR\",\"potentialAction\":[{\"@type\":\"ReadAction\",\"target\":[\"https:\\\/\\\/sharingsms.com\\\/how-to-start\\\/\"]}]},{\"@type\":\"ImageObject\",\"inLanguage\":\"fr-FR\",\"@id\":\"https:\\\/\\\/sharingsms.com\\\/how-to-start\\\/#primaryimage\",\"url\":\"https:\\\/\\\/sharingsms.com\\\/wp-content\\\/uploads\\\/2023\\\/09\\\/image.png\",\"contentUrl\":\"https:\\\/\\\/sharingsms.com\\\/wp-content\\\/uploads\\\/2023\\\/09\\\/image.png\"},{\"@type\":\"BreadcrumbList\",\"@id\":\"https:\\\/\\\/sharingsms.com\\\/how-to-start\\\/#breadcrumb\",\"itemListElement\":[{\"@type\":\"ListItem\",\"position\":1,\"name\":\"Home\",\"item\":\"https:\\\/\\\/sharingsms.com\\\/\"},{\"@type\":\"ListItem\",\"position\":2,\"name\":\"How to set up Sharing SMS: step-by-step instructions\"}]},{\"@type\":\"WebSite\",\"@id\":\"https:\\\/\\\/sharingsms.com\\\/#website\",\"url\":\"https:\\\/\\\/sharingsms.com\\\/\",\"name\":\"SMS Sharing\",\"description\":\"\",\"potentialAction\":[{\"@type\":\"SearchAction\",\"target\":{\"@type\":\"EntryPoint\",\"urlTemplate\":\"https:\\\/\\\/sharingsms.com\\\/?s={search_term_string}\"},\"query-input\":{\"@type\":\"PropertyValueSpecification\",\"valueRequired\":true,\"valueName\":\"search_term_string\"}}],\"inLanguage\":\"fr-FR\"}]}<\/script>\n<!-- \/ Yoast SEO plugin. -->","yoast_head_json":{"title":"Comment mettre en place Sharing SMS : instructions pas \u00e0 pas - SMS Sharing","robots":{"index":"index","follow":"follow","max-snippet":"max-snippet:-1","max-image-preview":"max-image-preview:large","max-video-preview":"max-video-preview:-1"},"canonical":"https:\/\/sharingsms.com\/fr\/how-to-start\/","og_locale":"fr_FR","og_type":"article","og_title":"How to set up Sharing SMS: step-by-step instructions - SMS Sharing","og_description":"The added numbers can have the following statuses: Active or Inactive. Inactive status means that the number is not yet available for rent.Active status means that the number has been rented and charges are being made. Please note! After adding a number, the \u201cNumber Stability Assessment\u201d mode is activated &#8211; the platform monitors the stability [&hellip;]","og_url":"https:\/\/sharingsms.com\/fr\/how-to-start\/","og_site_name":"SMS Sharing","article_modified_time":"2025-04-15T11:38:05+00:00","og_image":[{"width":702,"height":1600,"url":"https:\/\/sharingsms.com\/wp-content\/uploads\/2023\/09\/image.png","type":"image\/png"}],"twitter_card":"summary_large_image","twitter_misc":{"Dur\u00e9e de lecture estim\u00e9e":"5 minutes"},"schema":{"@context":"https:\/\/schema.org","@graph":[{"@type":"WebPage","@id":"https:\/\/sharingsms.com\/how-to-start\/","url":"https:\/\/sharingsms.com\/how-to-start\/","name":"Comment mettre en place Sharing SMS : instructions pas \u00e0 pas - SMS Sharing","isPartOf":{"@id":"https:\/\/sharingsms.com\/#website"},"primaryImageOfPage":{"@id":"https:\/\/sharingsms.com\/how-to-start\/#primaryimage"},"image":{"@id":"https:\/\/sharingsms.com\/how-to-start\/#primaryimage"},"thumbnailUrl":"https:\/\/sharingsms.com\/wp-content\/uploads\/2023\/09\/image.png","datePublished":"2023-09-13T10:53:26+00:00","dateModified":"2025-04-15T11:38:05+00:00","breadcrumb":{"@id":"https:\/\/sharingsms.com\/how-to-start\/#breadcrumb"},"inLanguage":"fr-FR","potentialAction":[{"@type":"ReadAction","target":["https:\/\/sharingsms.com\/how-to-start\/"]}]},{"@type":"ImageObject","inLanguage":"fr-FR","@id":"https:\/\/sharingsms.com\/how-to-start\/#primaryimage","url":"https:\/\/sharingsms.com\/wp-content\/uploads\/2023\/09\/image.png","contentUrl":"https:\/\/sharingsms.com\/wp-content\/uploads\/2023\/09\/image.png"},{"@type":"BreadcrumbList","@id":"https:\/\/sharingsms.com\/how-to-start\/#breadcrumb","itemListElement":[{"@type":"ListItem","position":1,"name":"Home","item":"https:\/\/sharingsms.com\/"},{"@type":"ListItem","position":2,"name":"How to set up Sharing SMS: step-by-step instructions"}]},{"@type":"WebSite","@id":"https:\/\/sharingsms.com\/#website","url":"https:\/\/sharingsms.com\/","name":"Partage de SMS","description":"","potentialAction":[{"@type":"SearchAction","target":{"@type":"EntryPoint","urlTemplate":"https:\/\/sharingsms.com\/?s={search_term_string}"},"query-input":{"@type":"PropertyValueSpecification","valueRequired":true,"valueName":"search_term_string"}}],"inLanguage":"fr-FR"}]}},"_links":{"self":[{"href":"https:\/\/sharingsms.com\/fr\/wp-json\/wp\/v2\/pages\/671","targetHints":{"allow":["GET"]}}],"collection":[{"href":"https:\/\/sharingsms.com\/fr\/wp-json\/wp\/v2\/pages"}],"about":[{"href":"https:\/\/sharingsms.com\/fr\/wp-json\/wp\/v2\/types\/page"}],"author":[{"embeddable":true,"href":"https:\/\/sharingsms.com\/fr\/wp-json\/wp\/v2\/users\/1"}],"replies":[{"embeddable":true,"href":"https:\/\/sharingsms.com\/fr\/wp-json\/wp\/v2\/comments?post=671"}],"version-history":[{"count":13,"href":"https:\/\/sharingsms.com\/fr\/wp-json\/wp\/v2\/pages\/671\/revisions"}],"predecessor-version":[{"id":874,"href":"https:\/\/sharingsms.com\/fr\/wp-json\/wp\/v2\/pages\/671\/revisions\/874"}],"wp:attachment":[{"href":"https:\/\/sharingsms.com\/fr\/wp-json\/wp\/v2\/media?parent=671"}],"curies":[{"name":"wp","href":"https:\/\/api.w.org\/{rel}","templated":true}]}}