{"id":723,"date":"2024-07-17T22:20:39","date_gmt":"2024-07-17T22:20:39","guid":{"rendered":"https:\/\/sharingsms.com\/?page_id=723"},"modified":"2025-03-31T11:35:12","modified_gmt":"2025-03-31T11:35:12","slug":"apk-installation","status":"publish","type":"page","link":"https:\/\/sharingsms.com\/fr\/apk-installation\/","title":{"rendered":"Marche \u00e0 suivre pour installer un fichier APK tiers sur votre appareil Android"},"content":{"rendered":"<h2 class=\"wp-block-heading\">1. <strong>Inclure les sources inconnues :<\/strong><\/h2>\n\n\n\n<p>Ouvrez Param\u00e8tres &gt; S\u00e9curit\u00e9 et confidentialit\u00e9 &gt; S\u00e9curit\u00e9 et confidentialit\u00e9 avanc\u00e9es &gt; Sources d'installation.<\/p>\n\n\n\n<p>Cela peut varier d'un appareil \u00e0 l'autre. Pour simplifier, vous pouvez utiliser les param\u00e8tres de recherche : sources ou applications inconnues.<\/p>\n\n\n\n<p>Recherchez l'application ou le navigateur que vous souhaitez utiliser pour t\u00e9l\u00e9charger des fichiers APK et activez l'option autorisant l'installation \u00e0 partir de sources inconnues.<\/p>\n\n\n\n<div class=\"wp-block-columns are-vertically-aligned-center is-layout-flex wp-container-core-columns-is-layout-9d6595d7 wp-block-columns-is-layout-flex\">\n<div class=\"wp-block-column is-vertically-aligned-center is-layout-flow wp-block-column-is-layout-flow\"><div class=\"wp-block-image\">\n<figure class=\"aligncenter is-resized\"><img decoding=\"async\" src=\"https:\/\/lh7-us.googleusercontent.com\/docsz\/AD_4nXcqS4X2eJFWIJyS0G3sC7WbvHXGLGC71YN8uonkHgE6uEfuTPl4-HD-8Yu8ts7c8MFTNg57KuCHKZCeSSsyonwDEePRJBu1LFen8V2q_jUnitW-w0-0S2b8JYSp2lHNyAx1wX3MnJjKGAt_pWDaEIEgRvc?key=kt2YluKCajNJCzTcv-nyGQ\" alt=\"\" style=\"width:300px\"\/><\/figure>\n<\/div><\/div>\n\n\n\n<div class=\"wp-block-column is-vertically-aligned-center is-layout-flow wp-block-column-is-layout-flow\"><div class=\"wp-block-image\">\n<figure class=\"aligncenter is-resized\"><img decoding=\"async\" src=\"https:\/\/lh7-us.googleusercontent.com\/docsz\/AD_4nXcj10yFwoKv9HagkgfvPplUjfmJoUXqYFCoZukM01rgWY5BNCFTq8qLO8WXNU7ATMPSmd3HYkf83vCo_x1aWnMkazmDswX_g6Wu0kqlieZtt1AdalE07nttqnsAF0uCG0iTjnTrXA-qKYJYGQX9Fjsim1sQ?key=kt2YluKCajNJCzTcv-nyGQ\" alt=\"\" style=\"width:300px\"\/><\/figure>\n<\/div><\/div>\n<\/div>\n\n\n\n<div class=\"wp-block-columns are-vertically-aligned-center is-layout-flex wp-container-core-columns-is-layout-9d6595d7 wp-block-columns-is-layout-flex\">\n<div class=\"wp-block-column is-vertically-aligned-center is-layout-flow wp-block-column-is-layout-flow\"><div class=\"wp-block-image\">\n<figure class=\"aligncenter is-resized\"><img decoding=\"async\" src=\"https:\/\/lh7-us.googleusercontent.com\/docsz\/AD_4nXfdtKFI6IuAdluWwl4QIFfNvFmI-hObLHVhDsiqxpFHwp2FjzWbzC1adwJ7uMiumto67d8b_H7NbLZ61uTfOlw4alk_herV_r4tW5PJ-6KyHxsyLJWMXMKXC0Ox8rQMcEVvFGp8RXsgugaC-EuVtCQsXYg?key=kt2YluKCajNJCzTcv-nyGQ\" alt=\"\" style=\"width:300px\"\/><\/figure>\n<\/div><\/div>\n\n\n\n<div class=\"wp-block-column is-vertically-aligned-center is-layout-flow wp-block-column-is-layout-flow\"><div class=\"wp-block-image\">\n<figure class=\"aligncenter is-resized\"><img decoding=\"async\" src=\"https:\/\/lh7-us.googleusercontent.com\/docsz\/AD_4nXfjcMP5fMen66SFp_QqzmQei8rv9unwH3bbCMlEd9DmzRud8wRLlssrTvWc2KNvQiVAN1GlM7CqbPp0-2Fbc0PrDdVLRmurjLsoS8ce0DlBNCjq4RSI9_Jo3J5j8ZfJo97negUTVnRU8BEfWvT7Utj3wCo2?key=kt2YluKCajNJCzTcv-nyGQ\" alt=\"\" style=\"width:300px\"\/><\/figure>\n<\/div><\/div>\n<\/div>\n\n\n\n<h2 class=\"wp-block-heading\">2. <strong>T\u00e9l\u00e9charger le fichier APK :<\/strong><\/h2>\n\n\n\n<p>Ouvrez un navigateur web sur votre appareil Android et naviguez vers le site web o\u00f9 se trouve le fichier APK : <a href=\"https:\/\/sharesms-weboffice.betasms.net\/\">compte personnel<\/a>. Cliquez sur le bouton de t\u00e9l\u00e9chargement pour t\u00e9l\u00e9charger le fichier APK sur votre appareil.<\/p>\n\n\n<div class=\"wp-block-image\">\n<figure class=\"aligncenter is-resized\"><img decoding=\"async\" src=\"https:\/\/lh7-us.googleusercontent.com\/docsz\/AD_4nXcHG0MDjkaji59ui9es0hdlILqqm0v_hIAoCLTHbrrOqvVzbFxfbgNei6Vzw4O7JKyIMy3K5-TqnVlanA69uDSIIXm-6FMBmSxPk-UTyX5Vw_NnBWxPjy5Q0CO1gajcKzvJDJU5Wqe9QtJEYBHpsE2h6jsZ?key=kt2YluKCajNJCzTcv-nyGQ\" alt=\"\" style=\"width:300px\"\/><\/figure>\n<\/div>\n\n\n<h2 class=\"wp-block-heading\">3. <strong>Trouvez le fichier APK :<\/strong><\/h2>\n\n\n\n<p>Une fois le t\u00e9l\u00e9chargement termin\u00e9, ouvrez le gestionnaire de fichiers sur votre appareil Android et naviguez jusqu'au dossier o\u00f9 le fichier APK est enregistr\u00e9.<\/p>\n\n\n\n<h2 class=\"wp-block-heading\">4. <strong>Lancer l'installation :<\/strong><\/h2>\n\n\n\n<p>Cliquez sur le fichier APK pour lancer le processus d'installation.<\/p>\n\n\n\n<h2 class=\"wp-block-heading\">5. <strong>Fournir des autorisations :<\/strong><\/h2>\n\n\n\n<p>Lorsque vous y \u00eates invit\u00e9, donnez les autorisations n\u00e9cessaires pour proc\u00e9der \u00e0 l'installation.<\/p>\n\n\n\n<h2 class=\"wp-block-heading\">6. <strong>Installer l'application :<\/strong><\/h2>\n\n\n\n<p>Suivez les instructions \u00e0 l'\u00e9cran pour installer l'application. Une fois l'installation termin\u00e9e, vous trouverez l'application dans la barre d'applications ou sur l'\u00e9cran d'accueil.<\/p>\n\n\n<div class=\"wp-block-image\">\n<figure class=\"aligncenter is-resized\"><img decoding=\"async\" src=\"https:\/\/lh7-us.googleusercontent.com\/docsz\/AD_4nXfLp3KkikfuWUNotGPusRpfqhY-089YPFu5u2E8QQcMpo4Ep6zTbUqYP29rG4NEcg1upTTnYiQFPZb_ylbimvaZF-3RFXTWgTyfJ7F_xHyWpTbHCOqo30pjmRjh1SQAywmOft2ZUjVNl6Hv0PLeiDZ5G_mw?key=kt2YluKCajNJCzTcv-nyGQ\" alt=\"\" style=\"width:300px\"\/><\/figure>\n<\/div>\n\n\n<h2 class=\"wp-block-heading\">7. <strong>(Facultatif) D\u00e9sactiver les sources inconnues :<\/strong><\/h2>\n\n\n\n<p>Pour des raisons de s\u00e9curit\u00e9, il est recommand\u00e9, apr\u00e8s l'installation d'un APK, de revenir aux param\u00e8tres de votre appareil et de d\u00e9sactiver l'option autorisant l'installation \u00e0 partir de sources inconnues.<\/p>\n\n\n\n<p>Veuillez noter que l'installation d'applications \u00e0 partir de sources tierces peut pr\u00e9senter un risque pour la s\u00e9curit\u00e9. Il est donc important de ne t\u00e9l\u00e9charger des fichiers APK qu'\u00e0 partir de sources fiables.<\/p>","protected":false},"excerpt":{"rendered":"<p>1. Include unknown sources: Open Settings &gt; Security and Privacy &gt; Advanced Security and Privacy &gt; Installation Sources. This may vary from device to device. To simplify, you can use the settings search: sources or unknown apps. Find the app or browser you want to use to download APK files and enable the option to [&hellip;]<\/p>\n","protected":false},"author":1,"featured_media":0,"parent":0,"menu_order":0,"comment_status":"closed","ping_status":"closed","template":"","meta":{"footnotes":""},"class_list":["post-723","page","type-page","status-publish","hentry"],"yoast_head":"<!-- This site is optimized with the Yoast SEO plugin v27.5 - https:\/\/yoast.com\/product\/yoast-seo-wordpress\/ -->\n<title>Steps to install a third-party APK file on your Android device - SMS Sharing<\/title>\n<meta name=\"description\" content=\"Learn how to install the Sharing SMS APK on your Android device. Easy step-by-step guide: enable unknown sources, download the APK, install the app, and start earning.\" \/>\n<meta name=\"robots\" content=\"index, follow, max-snippet:-1, max-image-preview:large, max-video-preview:-1\" \/>\n<link rel=\"canonical\" href=\"https:\/\/sharingsms.com\/fr\/apk-installation\/\" \/>\n<meta property=\"og:locale\" content=\"fr_FR\" \/>\n<meta property=\"og:type\" content=\"article\" \/>\n<meta property=\"og:title\" content=\"Steps to install a third-party APK file on your Android device - SMS Sharing\" \/>\n<meta property=\"og:description\" content=\"Learn how to install the Sharing SMS APK on your Android device. Easy step-by-step guide: enable unknown sources, download the APK, install the app, and start earning.\" \/>\n<meta property=\"og:url\" content=\"https:\/\/sharingsms.com\/fr\/apk-installation\/\" \/>\n<meta property=\"og:site_name\" content=\"SMS Sharing\" \/>\n<meta property=\"article:modified_time\" content=\"2025-03-31T11:35:12+00:00\" \/>\n<meta property=\"og:image\" content=\"https:\/\/lh7-us.googleusercontent.com\/docsz\/AD_4nXcqS4X2eJFWIJyS0G3sC7WbvHXGLGC71YN8uonkHgE6uEfuTPl4-HD-8Yu8ts7c8MFTNg57KuCHKZCeSSsyonwDEePRJBu1LFen8V2q_jUnitW-w0-0S2b8JYSp2lHNyAx1wX3MnJjKGAt_pWDaEIEgRvc?key=kt2YluKCajNJCzTcv-nyGQ\" \/>\n<meta name=\"twitter:card\" content=\"summary_large_image\" \/>\n<meta name=\"twitter:label1\" content=\"Dur\u00e9e de lecture estim\u00e9e\" \/>\n\t<meta name=\"twitter:data1\" content=\"3 minutes\" \/>\n<script type=\"application\/ld+json\" class=\"yoast-schema-graph\">{\"@context\":\"https:\\\/\\\/schema.org\",\"@graph\":[{\"@type\":\"WebPage\",\"@id\":\"https:\\\/\\\/sharingsms.com\\\/apk-installation\\\/\",\"url\":\"https:\\\/\\\/sharingsms.com\\\/apk-installation\\\/\",\"name\":\"Steps to install a third-party APK file on your Android device - SMS Sharing\",\"isPartOf\":{\"@id\":\"https:\\\/\\\/sharingsms.com\\\/#website\"},\"primaryImageOfPage\":{\"@id\":\"https:\\\/\\\/sharingsms.com\\\/apk-installation\\\/#primaryimage\"},\"image\":{\"@id\":\"https:\\\/\\\/sharingsms.com\\\/apk-installation\\\/#primaryimage\"},\"thumbnailUrl\":\"https:\\\/\\\/lh7-us.googleusercontent.com\\\/docsz\\\/AD_4nXcqS4X2eJFWIJyS0G3sC7WbvHXGLGC71YN8uonkHgE6uEfuTPl4-HD-8Yu8ts7c8MFTNg57KuCHKZCeSSsyonwDEePRJBu1LFen8V2q_jUnitW-w0-0S2b8JYSp2lHNyAx1wX3MnJjKGAt_pWDaEIEgRvc?key=kt2YluKCajNJCzTcv-nyGQ\",\"datePublished\":\"2024-07-17T22:20:39+00:00\",\"dateModified\":\"2025-03-31T11:35:12+00:00\",\"description\":\"Learn how to install the Sharing SMS APK on your Android device. Easy step-by-step guide: enable unknown sources, download the APK, install the app, and start earning.\",\"breadcrumb\":{\"@id\":\"https:\\\/\\\/sharingsms.com\\\/apk-installation\\\/#breadcrumb\"},\"inLanguage\":\"fr-FR\",\"potentialAction\":[{\"@type\":\"ReadAction\",\"target\":[\"https:\\\/\\\/sharingsms.com\\\/apk-installation\\\/\"]}]},{\"@type\":\"ImageObject\",\"inLanguage\":\"fr-FR\",\"@id\":\"https:\\\/\\\/sharingsms.com\\\/apk-installation\\\/#primaryimage\",\"url\":\"https:\\\/\\\/lh7-us.googleusercontent.com\\\/docsz\\\/AD_4nXcqS4X2eJFWIJyS0G3sC7WbvHXGLGC71YN8uonkHgE6uEfuTPl4-HD-8Yu8ts7c8MFTNg57KuCHKZCeSSsyonwDEePRJBu1LFen8V2q_jUnitW-w0-0S2b8JYSp2lHNyAx1wX3MnJjKGAt_pWDaEIEgRvc?key=kt2YluKCajNJCzTcv-nyGQ\",\"contentUrl\":\"https:\\\/\\\/lh7-us.googleusercontent.com\\\/docsz\\\/AD_4nXcqS4X2eJFWIJyS0G3sC7WbvHXGLGC71YN8uonkHgE6uEfuTPl4-HD-8Yu8ts7c8MFTNg57KuCHKZCeSSsyonwDEePRJBu1LFen8V2q_jUnitW-w0-0S2b8JYSp2lHNyAx1wX3MnJjKGAt_pWDaEIEgRvc?key=kt2YluKCajNJCzTcv-nyGQ\"},{\"@type\":\"BreadcrumbList\",\"@id\":\"https:\\\/\\\/sharingsms.com\\\/apk-installation\\\/#breadcrumb\",\"itemListElement\":[{\"@type\":\"ListItem\",\"position\":1,\"name\":\"Home\",\"item\":\"https:\\\/\\\/sharingsms.com\\\/\"},{\"@type\":\"ListItem\",\"position\":2,\"name\":\"Steps to install a third-party APK file on your Android device\"}]},{\"@type\":\"WebSite\",\"@id\":\"https:\\\/\\\/sharingsms.com\\\/#website\",\"url\":\"https:\\\/\\\/sharingsms.com\\\/\",\"name\":\"SMS Sharing\",\"description\":\"\",\"potentialAction\":[{\"@type\":\"SearchAction\",\"target\":{\"@type\":\"EntryPoint\",\"urlTemplate\":\"https:\\\/\\\/sharingsms.com\\\/?s={search_term_string}\"},\"query-input\":{\"@type\":\"PropertyValueSpecification\",\"valueRequired\":true,\"valueName\":\"search_term_string\"}}],\"inLanguage\":\"fr-FR\"}]}<\/script>\n<!-- \/ Yoast SEO plugin. -->","yoast_head_json":{"title":"Etapes pour installer un fichier APK tiers sur votre appareil Android - SMS Sharing","description":"Apprenez \u00e0 installer l'APK de Sharing SMS sur votre appareil Android. Guide facile \u00e9tape par \u00e9tape : activer les sources inconnues, t\u00e9l\u00e9charger l'APK, installer l'application et commencer \u00e0 gagner.","robots":{"index":"index","follow":"follow","max-snippet":"max-snippet:-1","max-image-preview":"max-image-preview:large","max-video-preview":"max-video-preview:-1"},"canonical":"https:\/\/sharingsms.com\/fr\/apk-installation\/","og_locale":"fr_FR","og_type":"article","og_title":"Steps to install a third-party APK file on your Android device - SMS Sharing","og_description":"Learn how to install the Sharing SMS APK on your Android device. Easy step-by-step guide: enable unknown sources, download the APK, install the app, and start earning.","og_url":"https:\/\/sharingsms.com\/fr\/apk-installation\/","og_site_name":"SMS Sharing","article_modified_time":"2025-03-31T11:35:12+00:00","og_image":[{"url":"https:\/\/lh7-us.googleusercontent.com\/docsz\/AD_4nXcqS4X2eJFWIJyS0G3sC7WbvHXGLGC71YN8uonkHgE6uEfuTPl4-HD-8Yu8ts7c8MFTNg57KuCHKZCeSSsyonwDEePRJBu1LFen8V2q_jUnitW-w0-0S2b8JYSp2lHNyAx1wX3MnJjKGAt_pWDaEIEgRvc?key=kt2YluKCajNJCzTcv-nyGQ","type":"","width":"","height":""}],"twitter_card":"summary_large_image","twitter_misc":{"Dur\u00e9e de lecture estim\u00e9e":"3 minutes"},"schema":{"@context":"https:\/\/schema.org","@graph":[{"@type":"WebPage","@id":"https:\/\/sharingsms.com\/apk-installation\/","url":"https:\/\/sharingsms.com\/apk-installation\/","name":"Etapes pour installer un fichier APK tiers sur votre appareil Android - SMS Sharing","isPartOf":{"@id":"https:\/\/sharingsms.com\/#website"},"primaryImageOfPage":{"@id":"https:\/\/sharingsms.com\/apk-installation\/#primaryimage"},"image":{"@id":"https:\/\/sharingsms.com\/apk-installation\/#primaryimage"},"thumbnailUrl":"https:\/\/lh7-us.googleusercontent.com\/docsz\/AD_4nXcqS4X2eJFWIJyS0G3sC7WbvHXGLGC71YN8uonkHgE6uEfuTPl4-HD-8Yu8ts7c8MFTNg57KuCHKZCeSSsyonwDEePRJBu1LFen8V2q_jUnitW-w0-0S2b8JYSp2lHNyAx1wX3MnJjKGAt_pWDaEIEgRvc?key=kt2YluKCajNJCzTcv-nyGQ","datePublished":"2024-07-17T22:20:39+00:00","dateModified":"2025-03-31T11:35:12+00:00","description":"Apprenez \u00e0 installer l'APK de Sharing SMS sur votre appareil Android. Guide facile \u00e9tape par \u00e9tape : activer les sources inconnues, t\u00e9l\u00e9charger l'APK, installer l'application et commencer \u00e0 gagner.","breadcrumb":{"@id":"https:\/\/sharingsms.com\/apk-installation\/#breadcrumb"},"inLanguage":"fr-FR","potentialAction":[{"@type":"ReadAction","target":["https:\/\/sharingsms.com\/apk-installation\/"]}]},{"@type":"ImageObject","inLanguage":"fr-FR","@id":"https:\/\/sharingsms.com\/apk-installation\/#primaryimage","url":"https:\/\/lh7-us.googleusercontent.com\/docsz\/AD_4nXcqS4X2eJFWIJyS0G3sC7WbvHXGLGC71YN8uonkHgE6uEfuTPl4-HD-8Yu8ts7c8MFTNg57KuCHKZCeSSsyonwDEePRJBu1LFen8V2q_jUnitW-w0-0S2b8JYSp2lHNyAx1wX3MnJjKGAt_pWDaEIEgRvc?key=kt2YluKCajNJCzTcv-nyGQ","contentUrl":"https:\/\/lh7-us.googleusercontent.com\/docsz\/AD_4nXcqS4X2eJFWIJyS0G3sC7WbvHXGLGC71YN8uonkHgE6uEfuTPl4-HD-8Yu8ts7c8MFTNg57KuCHKZCeSSsyonwDEePRJBu1LFen8V2q_jUnitW-w0-0S2b8JYSp2lHNyAx1wX3MnJjKGAt_pWDaEIEgRvc?key=kt2YluKCajNJCzTcv-nyGQ"},{"@type":"BreadcrumbList","@id":"https:\/\/sharingsms.com\/apk-installation\/#breadcrumb","itemListElement":[{"@type":"ListItem","position":1,"name":"Home","item":"https:\/\/sharingsms.com\/"},{"@type":"ListItem","position":2,"name":"Steps to install a third-party APK file on your Android device"}]},{"@type":"WebSite","@id":"https:\/\/sharingsms.com\/#website","url":"https:\/\/sharingsms.com\/","name":"Partage de SMS","description":"","potentialAction":[{"@type":"SearchAction","target":{"@type":"EntryPoint","urlTemplate":"https:\/\/sharingsms.com\/?s={search_term_string}"},"query-input":{"@type":"PropertyValueSpecification","valueRequired":true,"valueName":"search_term_string"}}],"inLanguage":"fr-FR"}]}},"_links":{"self":[{"href":"https:\/\/sharingsms.com\/fr\/wp-json\/wp\/v2\/pages\/723","targetHints":{"allow":["GET"]}}],"collection":[{"href":"https:\/\/sharingsms.com\/fr\/wp-json\/wp\/v2\/pages"}],"about":[{"href":"https:\/\/sharingsms.com\/fr\/wp-json\/wp\/v2\/types\/page"}],"author":[{"embeddable":true,"href":"https:\/\/sharingsms.com\/fr\/wp-json\/wp\/v2\/users\/1"}],"replies":[{"embeddable":true,"href":"https:\/\/sharingsms.com\/fr\/wp-json\/wp\/v2\/comments?post=723"}],"version-history":[{"count":6,"href":"https:\/\/sharingsms.com\/fr\/wp-json\/wp\/v2\/pages\/723\/revisions"}],"predecessor-version":[{"id":787,"href":"https:\/\/sharingsms.com\/fr\/wp-json\/wp\/v2\/pages\/723\/revisions\/787"}],"wp:attachment":[{"href":"https:\/\/sharingsms.com\/fr\/wp-json\/wp\/v2\/media?parent=723"}],"curies":[{"name":"wp","href":"https:\/\/api.w.org\/{rel}","templated":true}]}}