{"id":805,"date":"2025-03-31T10:54:06","date_gmt":"2025-03-31T10:54:06","guid":{"rendered":"https:\/\/sharingsms.com\/?page_id=805"},"modified":"2025-04-01T11:43:13","modified_gmt":"2025-04-01T11:43:13","slug":"get-paid-for-sim-cards","status":"publish","type":"page","link":"https:\/\/sharingsms.com\/fr\/get-paid-for-sim-cards\/","title":{"rendered":"\ud83d\udcf1 Soyez pay\u00e9 pour vos cartes SIM\u00a0: mon\u00e9tisez vos cartes SIM en partageant des SMS \ud83d\udcb0"},"content":{"rendered":"<p>Dans l'\u00e9conomie num\u00e9rique actuelle, qui \u00e9volue rapidement, il est de plus en plus int\u00e9ressant de trouver des moyens novateurs et simples de g\u00e9n\u00e9rer des revenus. L'une des possibilit\u00e9s les plus accessibles consiste \u00e0 \u00eatre r\u00e9mun\u00e9r\u00e9 pour la location de vos cartes SIM. Sharing SMS fournit une plateforme robuste pour faire de cette id\u00e9e une r\u00e9alit\u00e9. \ud83d\ude80<\/p>\n\n\n\n<h2 class=\"wp-block-heading\"><strong>\ud83d\udccc Que signifie \u00ab\u00a0\u00catre pay\u00e9 pour les cartes SIM\u00a0\u00bb\u00a0?<\/strong><\/h2>\n\n\n\n<p><strong>\"\u00catre pay\u00e9 pour des cartes SIM\"<\/strong> consiste \u00e0 transformer quelque chose que vous poss\u00e9dez d\u00e9j\u00e0 - votre carte SIM - en une source de revenus r\u00e9guli\u00e8re. En louant votre carte SIM par l'interm\u00e9diaire de la plateforme Sharing SMS, vous lui permettez de recevoir des messages SMS, tels que des codes de v\u00e9rification, de la part de services r\u00e9els du monde entier. En retour, vous gagnez de l'argent quotidiennement, sans avoir \u00e0 g\u00e9rer quoi que ce soit manuellement.<\/p>\n\n\n\n<p>C'est un moyen intelligent et facile de mon\u00e9tiser vos cartes SIM inutilis\u00e9es ou de rechange - aucune comp\u00e9tence technique, aucune publicit\u00e9 et aucun investissement n'est n\u00e9cessaire. Que vous ayez une seule carte SIM ou des dizaines, votre t\u00e9l\u00e9phone peut tranquillement g\u00e9n\u00e9rer des revenus en arri\u00e8re-plan pendant que vous vous concentrez sur d'autres choses.<\/p>\n\n\n\n<h2 class=\"wp-block-heading\"><strong>\ud83c\udf1f Pourquoi choisir Sharing SMS ?<\/strong><\/h2>\n\n\n\n<p>Sharing SMS est une application conviviale sp\u00e9cialement con\u00e7ue pour mon\u00e9tiser facilement vos cartes SIM actives. Gagnez $0,33 par jour ou $10 par mois pour chaque carte SIM connect\u00e9e. Il vous suffit d&#039;avoir des cartes SIM actives capables de recevoir des SMS\u00a0; aucun forfait ni d\u00e9pense sp\u00e9cifique n&#039;est requis.<br><\/p>\n\n\n<div class=\"wp-block-image\">\n<figure class=\"aligncenter size-large\"><img loading=\"lazy\" decoding=\"async\" width=\"1024\" height=\"683\" src=\"https:\/\/sharingsms.com\/wp-content\/uploads\/2025\/03\/cleaned_sim_income_illustration-1024x683.png\" alt=\"\" class=\"wp-image-808\" srcset=\"https:\/\/sharingsms.com\/wp-content\/uploads\/2025\/03\/cleaned_sim_income_illustration-1024x683.png 1024w, https:\/\/sharingsms.com\/wp-content\/uploads\/2025\/03\/cleaned_sim_income_illustration-300x200.png 300w, https:\/\/sharingsms.com\/wp-content\/uploads\/2025\/03\/cleaned_sim_income_illustration-768x512.png 768w, https:\/\/sharingsms.com\/wp-content\/uploads\/2025\/03\/cleaned_sim_income_illustration-18x12.png 18w, https:\/\/sharingsms.com\/wp-content\/uploads\/2025\/03\/cleaned_sim_income_illustration.png 1536w\" sizes=\"auto, (max-width: 1024px) 100vw, 1024px\" \/><\/figure>\n<\/div>\n\n\n<h2 class=\"wp-block-heading\"><strong>\ud83d\udd11 Comment commencer :<\/strong><\/h2>\n\n\n\n<ol class=\"wp-block-list\">\n<li>\u2705 <strong>V\u00e9rification rapide du SIM<\/strong> - Assurez-vous que votre SIM est actif et capable de recevoir des messages SMS.<br><\/li>\n\n\n\n<li>\ud83d\udd17 <strong>Connectez votre SIM<\/strong> - Ajoutez votre carte SIM \u00e0 l'application Sharing SMS et effectuez la configuration rapide.<br><\/li>\n\n\n\n<li>\ud83d\udcf2 <strong>Gardez votre appareil en ligne<\/strong> - Veillez \u00e0 ce que votre t\u00e9l\u00e9phone reste connect\u00e9 \u00e0 l'internet et allum\u00e9.<br><\/li>\n\n\n\n<li>\ud83d\udcb8 <strong>Gagnez quotidiennement et automatiquement<\/strong> - L'application s'occupe de tout en arri\u00e8re-plan pendant que vous profitez de vos gains quotidiens sans aucun effort manuel.<br><\/li>\n<\/ol>\n\n\n\n<p><strong>\ud83d\udcca Exemple de calcul :<\/strong><\/p>\n\n\n\n<p>Imaginez que vous achetiez 5 t\u00e9l\u00e9phones double SIM d&#039;occasion ($30 chacun) et 10 cartes SIM ($5 chacune). Investissement total\u00a0: 5 t\u00e9l\u00e9phones \u00d7 $30 + 10 cartes SIM \u00d7 $5 = $200. Connecter 10 cartes SIM vous rapporte $3,30 par jour ($99 par mois), rentabilisant votre investissement en un peu plus de deux mois.<\/p>\n\n\n\n<h2 class=\"wp-block-heading\"><strong>\ud83d\udcb3 Paiements simplifi\u00e9s\u00a0:<\/strong><\/h2>\n\n\n\n<p>Les gains sont vers\u00e9s en toute s\u00e9curit\u00e9 directement sur votre portefeuille de crypto-monnaies (USDT ou USDC) au d\u00e9but de chaque mois. Le montant est bas\u00e9 sur le nombre de SIM actifs et leur temps de fonctionnement au cours du mois pr\u00e9c\u00e9dent. Pas de frais cach\u00e9s, pas de seuils de paiement, pas de d\u00e9lais - juste des revenus cryptographiques r\u00e9guliers, transparents et sans tracas. Que vous g\u00e9riez un seul SIM ou des dizaines, vous recevrez une r\u00e9partition mensuelle d\u00e9taill\u00e9e de vos revenus directement sur votre tableau de bord, ainsi que des paiements \u00e0 temps sur votre portefeuille stablecoin pr\u00e9f\u00e9r\u00e9.<br><\/p>\n\n\n\n<h2 class=\"wp-block-heading\"><strong>\ud83d\udd25 Avantages de l&#039;utilisation du partage de SMS\u00a0:<\/strong><\/h2>\n\n\n\n<ul class=\"wp-block-list\">\n<li>\ud83d\udecb\ufe0f Gains sans effort : aucune t\u00e2che quotidienne requise.<br><\/li>\n\n\n\n<li>\ud83c\udfaf Z\u00e9ro investissement : aucun co\u00fbt cach\u00e9.<br><\/li>\n\n\n\n<li>\ud83d\udcc8 Revenus \u00e9volutifs : plus de cartes SIM signifient des revenus plus \u00e9lev\u00e9s.<br><\/li>\n\n\n\n<li>\ud83d\udd0d Suivi transparent : surveillez facilement vos gains.<br><\/li>\n\n\n\n<li>\ud83c\udf0e Tarifs exclusifs : des revenus plus \u00e9lev\u00e9s pour les pays exclusifs.<br><\/li>\n\n\n\n<li>\ud83d\udc8e Paiements Crypto : Paiements mensuels s\u00e9curis\u00e9s en USDT ou USDC.<\/li>\n<\/ul>\n\n\n\n<figure class=\"wp-block-table\"><table class=\"has-fixed-layout\"><tbody><tr><td><strong>Fonctionnalit\u00e9<\/strong><\/td><td><strong>Sharing SMS<\/strong><\/td><td><strong>Cash4SMS<\/strong><\/td><td><strong>MoneySMSApp<\/strong><\/td><\/tr><tr><td><strong>Gains quotidiens minimum par carte SIM<\/strong><\/td><td>$0.33<\/td><td>$0.20 (non garanti)<\/td><td>$0.20 (non garanti)<\/td><\/tr><tr><td><strong>Gains mensuels minimum par carte SIM<\/strong><\/td><td>$10<\/td><td>Non garanti<\/td><td>Non garanti<\/td><\/tr><tr><td><strong>Long\u00e9vit\u00e9 de la carte SIM<\/strong><\/td><td>\u00c9lev\u00e9 \u2705<\/td><td>Faible (remplacement fr\u00e9quent) \ud83d\udd04<\/td><td>Faible (remplacement fr\u00e9quent) \ud83d\udd04<\/td><\/tr><tr><td><strong>Fiabilit\u00e9 de&nbsp;<br>Paiements<\/strong><\/td><td>\u00c9lev\u00e9 \u2705<\/td><td>Moyen<\/td><td>Moyen<\/td><\/tr><tr><td><strong>Avantages tarifaires exclusifs par pays<\/strong><\/td><td>Oui<\/td><td>Non<\/td><td>Non<\/td><\/tr><tr><td><strong>Complexit\u00e9 de la configuration<\/strong><\/td><td>Facile<\/td><td>Facile<\/td><td>Facile<\/td><\/tr><\/tbody><\/table><\/figure>\n\n\n\n<p>De toute \u00e9vidence, le partage de SMS offre des gains sup\u00e9rieurs, une plus grande fiabilit\u00e9 et une dur\u00e9e d&#039;utilisation plus longue de la carte SIM, garantissant moins de remplacements et un profit maximis\u00e9. \ud83c\udf1f<\/p>\n\n\n\n<h2 class=\"wp-block-heading\"><strong>\ud83d\udc65 Qui devrait envisager de partager des SMS\u00a0?<\/strong><\/h2>\n\n\n\n<p>Le partage de SMS est id\u00e9al pour tous ceux qui souhaitent g\u00e9n\u00e9rer facilement des revenus passifs. \u00c9tudiants souhaitant financer leurs \u00e9tudes, parents au foyer en qu\u00eate d&#039;ind\u00e9pendance financi\u00e8re, freelances en qu\u00eate de revenus compl\u00e9mentaires, et m\u00eame entrepreneurs souhaitant diversifier leurs revenus\u00a0: le partage de SMS convient \u00e0 tous. Il est particuli\u00e8rement avantageux pour les personnes poss\u00e9dant plusieurs cartes SIM ou des cartes SIM inutilis\u00e9es, leur permettant de g\u00e9n\u00e9rer des revenus r\u00e9guliers sans effort ni investissement de temps importants. Si vous souhaitez transformer vos ressources inutilis\u00e9es en actifs pr\u00e9cieux, le partage de SMS est le choix id\u00e9al.<br><\/p>\n\n\n\n<h2 class=\"wp-block-heading\"><strong>\ud83c\udf89 Rejoignez une communaut\u00e9 de salari\u00e9s passifs :<\/strong><\/h2>\n\n\n\n<p>Des milliers de partenaires satisfaits dans le monde entier font d\u00e9j\u00e0 confiance \u00e0 Sharing SMS pour transformer leurs cartes SIM en un flux de revenus mensuels fiables. Notre r\u00e9seau grandissant comprend des ind\u00e9pendants, des passionn\u00e9s de technologie, des revendeurs de cartes SIM et des propri\u00e9taires de magasins de t\u00e9l\u00e9phonie - tous gagnent des crypto-monnaies stables avec un minimum d'efforts et sans aucun souci.<\/p>\n\n\n\n<p>En vous inscrivant, vous aurez \u00e9galement acc\u00e8s \u00e0 des conseils utiles, \u00e0 des mises \u00e0 jour sur les tarifs nationaux exclusifs et \u00e0 une assistance pour augmenter vos revenus. Que vous g\u00e9riez un seul SIM ou une installation de plus de 50, Sharing SMS est con\u00e7u pour \u00e9voluer avec vous.<\/p>\n\n\n\n<p>Ne manquez pas l'occasion de participer \u00e0 ce mouvement en plein essor.<br>C'est maintenant \u00e0 vous de transformer les cartes SIM en stablecoins.<\/p>\n\n\n\n<p>Pr\u00eat \u00e0 commencer votre parcours de revenus passifs\u00a0? \ud83d\ude80\ud83d\udc49 Visitez\u00a0:<a href=\"https:\/\/betasms.net\/en\/how-to-start\/\"> <\/a><a href=\"https:\/\/sharingsms.com\/fr\/how-to-start\/\">https:\/\/sharingsms.com\/how-to-start\/<\/a><\/p>\n\n\n\n<p><\/p>","protected":false},"excerpt":{"rendered":"<p>In today&#8217;s fast-paced digital economy, finding innovative and hassle-free ways to generate income is increasingly appealing. One of the most accessible opportunities available is getting paid for renting out your SIM cards. Sharing SMS provides a robust platform to turn this into reality. \ud83d\ude80 \ud83d\udccc What Does &#8220;Get Paid for SIM Cards&#8221; Mean? &#8220;Get paid [&hellip;]<\/p>\n","protected":false},"author":1,"featured_media":0,"parent":0,"menu_order":0,"comment_status":"closed","ping_status":"closed","template":"","meta":{"footnotes":""},"class_list":["post-805","page","type-page","status-publish","hentry"],"yoast_head":"<!-- This site is optimized with the Yoast SEO plugin v27.5 - https:\/\/yoast.com\/product\/yoast-seo-wordpress\/ -->\n<title>Get Paid for SIM Cards \u2013 Monetize Your SIM Cards Easily with Sharing SMS<\/title>\n<meta name=\"description\" content=\"Discover how to effortlessly monetize your SIM cards with Sharing SMS. Earn daily passive income securely via USDT or USDC. Start earning today!\" \/>\n<meta name=\"robots\" content=\"index, follow, max-snippet:-1, max-image-preview:large, max-video-preview:-1\" \/>\n<link rel=\"canonical\" href=\"https:\/\/sharingsms.com\/fr\/get-paid-for-sim-cards\/\" \/>\n<meta property=\"og:locale\" content=\"fr_FR\" \/>\n<meta property=\"og:type\" content=\"article\" \/>\n<meta property=\"og:title\" content=\"Get Paid for SIM Cards \u2013 Monetize Your SIM Cards Easily with Sharing SMS\" \/>\n<meta property=\"og:description\" content=\"Discover how to effortlessly monetize your SIM cards with Sharing SMS. Earn daily passive income securely via USDT or USDC. Start earning today!\" \/>\n<meta property=\"og:url\" content=\"https:\/\/sharingsms.com\/fr\/get-paid-for-sim-cards\/\" \/>\n<meta property=\"og:site_name\" content=\"SMS Sharing\" \/>\n<meta property=\"article:modified_time\" content=\"2025-04-01T11:43:13+00:00\" \/>\n<meta property=\"og:image\" content=\"https:\/\/sharingsms.com\/wp-content\/uploads\/2025\/03\/cleaned_sim_income_illustration-1024x683.png\" \/>\n\t<meta property=\"og:image:width\" content=\"1024\" \/>\n\t<meta property=\"og:image:height\" content=\"683\" \/>\n\t<meta property=\"og:image:type\" content=\"image\/png\" \/>\n<meta name=\"twitter:card\" content=\"summary_large_image\" \/>\n<meta name=\"twitter:label1\" content=\"Dur\u00e9e de lecture estim\u00e9e\" \/>\n\t<meta name=\"twitter:data1\" content=\"4 minutes\" \/>\n<script type=\"application\/ld+json\" class=\"yoast-schema-graph\">{\"@context\":\"https:\\\/\\\/schema.org\",\"@graph\":[{\"@type\":\"WebPage\",\"@id\":\"https:\\\/\\\/sharingsms.com\\\/get-paid-for-sim-cards\\\/\",\"url\":\"https:\\\/\\\/sharingsms.com\\\/get-paid-for-sim-cards\\\/\",\"name\":\"Get Paid for SIM Cards \u2013 Monetize Your SIM Cards Easily with Sharing SMS\",\"isPartOf\":{\"@id\":\"https:\\\/\\\/sharingsms.com\\\/#website\"},\"primaryImageOfPage\":{\"@id\":\"https:\\\/\\\/sharingsms.com\\\/get-paid-for-sim-cards\\\/#primaryimage\"},\"image\":{\"@id\":\"https:\\\/\\\/sharingsms.com\\\/get-paid-for-sim-cards\\\/#primaryimage\"},\"thumbnailUrl\":\"https:\\\/\\\/sharingsms.com\\\/wp-content\\\/uploads\\\/2025\\\/03\\\/cleaned_sim_income_illustration-1024x683.png\",\"datePublished\":\"2025-03-31T10:54:06+00:00\",\"dateModified\":\"2025-04-01T11:43:13+00:00\",\"description\":\"Discover how to effortlessly monetize your SIM cards with Sharing SMS. Earn daily passive income securely via USDT or USDC. Start earning today!\",\"breadcrumb\":{\"@id\":\"https:\\\/\\\/sharingsms.com\\\/get-paid-for-sim-cards\\\/#breadcrumb\"},\"inLanguage\":\"fr-FR\",\"potentialAction\":[{\"@type\":\"ReadAction\",\"target\":[\"https:\\\/\\\/sharingsms.com\\\/get-paid-for-sim-cards\\\/\"]}]},{\"@type\":\"ImageObject\",\"inLanguage\":\"fr-FR\",\"@id\":\"https:\\\/\\\/sharingsms.com\\\/get-paid-for-sim-cards\\\/#primaryimage\",\"url\":\"https:\\\/\\\/sharingsms.com\\\/wp-content\\\/uploads\\\/2025\\\/03\\\/cleaned_sim_income_illustration-1024x683.png\",\"contentUrl\":\"https:\\\/\\\/sharingsms.com\\\/wp-content\\\/uploads\\\/2025\\\/03\\\/cleaned_sim_income_illustration-1024x683.png\"},{\"@type\":\"BreadcrumbList\",\"@id\":\"https:\\\/\\\/sharingsms.com\\\/get-paid-for-sim-cards\\\/#breadcrumb\",\"itemListElement\":[{\"@type\":\"ListItem\",\"position\":1,\"name\":\"Home\",\"item\":\"https:\\\/\\\/sharingsms.com\\\/\"},{\"@type\":\"ListItem\",\"position\":2,\"name\":\"\ud83d\udcf1 Get Paid for SIM Cards: Monetize Your SIM Cards with Sharing SMS \ud83d\udcb0\"}]},{\"@type\":\"WebSite\",\"@id\":\"https:\\\/\\\/sharingsms.com\\\/#website\",\"url\":\"https:\\\/\\\/sharingsms.com\\\/\",\"name\":\"SMS Sharing\",\"description\":\"\",\"potentialAction\":[{\"@type\":\"SearchAction\",\"target\":{\"@type\":\"EntryPoint\",\"urlTemplate\":\"https:\\\/\\\/sharingsms.com\\\/?s={search_term_string}\"},\"query-input\":{\"@type\":\"PropertyValueSpecification\",\"valueRequired\":true,\"valueName\":\"search_term_string\"}}],\"inLanguage\":\"fr-FR\"}]}<\/script>\n<!-- \/ Yoast SEO plugin. -->","yoast_head_json":{"title":"Recevez des paiements pour vos cartes SIM\u00a0: mon\u00e9tisez facilement vos cartes SIM gr\u00e2ce au partage de SMS","description":"D\u00e9couvrez comment mon\u00e9tiser facilement vos cartes SIM gr\u00e2ce au partage de SMS. G\u00e9n\u00e9rez des revenus passifs quotidiens et s\u00e9curis\u00e9s en USDT ou USDC. Commencez \u00e0 gagner d\u00e8s aujourd&#039;hui\u00a0!","robots":{"index":"index","follow":"follow","max-snippet":"max-snippet:-1","max-image-preview":"max-image-preview:large","max-video-preview":"max-video-preview:-1"},"canonical":"https:\/\/sharingsms.com\/fr\/get-paid-for-sim-cards\/","og_locale":"fr_FR","og_type":"article","og_title":"Get Paid for SIM Cards \u2013 Monetize Your SIM Cards Easily with Sharing SMS","og_description":"Discover how to effortlessly monetize your SIM cards with Sharing SMS. Earn daily passive income securely via USDT or USDC. Start earning today!","og_url":"https:\/\/sharingsms.com\/fr\/get-paid-for-sim-cards\/","og_site_name":"SMS Sharing","article_modified_time":"2025-04-01T11:43:13+00:00","og_image":[{"width":1024,"height":683,"url":"https:\/\/sharingsms.com\/wp-content\/uploads\/2025\/03\/cleaned_sim_income_illustration-1024x683.png","type":"image\/png"}],"twitter_card":"summary_large_image","twitter_misc":{"Dur\u00e9e de lecture estim\u00e9e":"4 minutes"},"schema":{"@context":"https:\/\/schema.org","@graph":[{"@type":"WebPage","@id":"https:\/\/sharingsms.com\/get-paid-for-sim-cards\/","url":"https:\/\/sharingsms.com\/get-paid-for-sim-cards\/","name":"Recevez des paiements pour vos cartes SIM\u00a0: mon\u00e9tisez facilement vos cartes SIM gr\u00e2ce au partage de SMS","isPartOf":{"@id":"https:\/\/sharingsms.com\/#website"},"primaryImageOfPage":{"@id":"https:\/\/sharingsms.com\/get-paid-for-sim-cards\/#primaryimage"},"image":{"@id":"https:\/\/sharingsms.com\/get-paid-for-sim-cards\/#primaryimage"},"thumbnailUrl":"https:\/\/sharingsms.com\/wp-content\/uploads\/2025\/03\/cleaned_sim_income_illustration-1024x683.png","datePublished":"2025-03-31T10:54:06+00:00","dateModified":"2025-04-01T11:43:13+00:00","description":"D\u00e9couvrez comment mon\u00e9tiser facilement vos cartes SIM gr\u00e2ce au partage de SMS. G\u00e9n\u00e9rez des revenus passifs quotidiens et s\u00e9curis\u00e9s en USDT ou USDC. Commencez \u00e0 gagner d\u00e8s aujourd&#039;hui\u00a0!","breadcrumb":{"@id":"https:\/\/sharingsms.com\/get-paid-for-sim-cards\/#breadcrumb"},"inLanguage":"fr-FR","potentialAction":[{"@type":"ReadAction","target":["https:\/\/sharingsms.com\/get-paid-for-sim-cards\/"]}]},{"@type":"ImageObject","inLanguage":"fr-FR","@id":"https:\/\/sharingsms.com\/get-paid-for-sim-cards\/#primaryimage","url":"https:\/\/sharingsms.com\/wp-content\/uploads\/2025\/03\/cleaned_sim_income_illustration-1024x683.png","contentUrl":"https:\/\/sharingsms.com\/wp-content\/uploads\/2025\/03\/cleaned_sim_income_illustration-1024x683.png"},{"@type":"BreadcrumbList","@id":"https:\/\/sharingsms.com\/get-paid-for-sim-cards\/#breadcrumb","itemListElement":[{"@type":"ListItem","position":1,"name":"Home","item":"https:\/\/sharingsms.com\/"},{"@type":"ListItem","position":2,"name":"\ud83d\udcf1 Get Paid for SIM Cards: Monetize Your SIM Cards with Sharing SMS \ud83d\udcb0"}]},{"@type":"WebSite","@id":"https:\/\/sharingsms.com\/#website","url":"https:\/\/sharingsms.com\/","name":"Partage de SMS","description":"","potentialAction":[{"@type":"SearchAction","target":{"@type":"EntryPoint","urlTemplate":"https:\/\/sharingsms.com\/?s={search_term_string}"},"query-input":{"@type":"PropertyValueSpecification","valueRequired":true,"valueName":"search_term_string"}}],"inLanguage":"fr-FR"}]}},"_links":{"self":[{"href":"https:\/\/sharingsms.com\/fr\/wp-json\/wp\/v2\/pages\/805","targetHints":{"allow":["GET"]}}],"collection":[{"href":"https:\/\/sharingsms.com\/fr\/wp-json\/wp\/v2\/pages"}],"about":[{"href":"https:\/\/sharingsms.com\/fr\/wp-json\/wp\/v2\/types\/page"}],"author":[{"embeddable":true,"href":"https:\/\/sharingsms.com\/fr\/wp-json\/wp\/v2\/users\/1"}],"replies":[{"embeddable":true,"href":"https:\/\/sharingsms.com\/fr\/wp-json\/wp\/v2\/comments?post=805"}],"version-history":[{"count":7,"href":"https:\/\/sharingsms.com\/fr\/wp-json\/wp\/v2\/pages\/805\/revisions"}],"predecessor-version":[{"id":840,"href":"https:\/\/sharingsms.com\/fr\/wp-json\/wp\/v2\/pages\/805\/revisions\/840"}],"wp:attachment":[{"href":"https:\/\/sharingsms.com\/fr\/wp-json\/wp\/v2\/media?parent=805"}],"curies":[{"name":"wp","href":"https:\/\/api.w.org\/{rel}","templated":true}]}}