{"id":842,"date":"2025-04-08T21:34:50","date_gmt":"2025-04-08T21:34:50","guid":{"rendered":"https:\/\/sharingsms.com\/?page_id=842"},"modified":"2025-10-08T10:59:35","modified_gmt":"2025-10-08T10:59:35","slug":"referral-program","status":"publish","type":"page","link":"https:\/\/sharingsms.com\/fr\/referral-program\/","title":{"rendered":"Comment acc\u00e9der au programme de parrainage de Sharing SMS - Guide \u00e9tape par \u00e9tape"},"content":{"rendered":"<h2 class=\"wp-block-heading\"><strong>Acc\u00e9der au programme de r\u00e9f\u00e9rence : Un guide pour les nouveaux partenaires<\/strong><\/h2>\n\n\n\n<p>Chez Sharing SMS, nous appr\u00e9cions les contributions de nos partenaires et nous nous effor\u00e7ons de cr\u00e9er une communaut\u00e9 fiable et digne de confiance. En tant que nouveau partenaire, vous souhaitez peut-\u00eatre commencer \u00e0 utiliser votre lien de parrainage pour attirer de nouveaux filleuls. Voici un guide qui vous permettra de comprendre comment acc\u00e9der \u00e0 cette fonctionnalit\u00e9 et commencer \u00e0 gagner des r\u00e9compenses.<\/p>\n\n\n\n<h2 class=\"wp-block-heading\"><strong>Comprendre le processus de renvoi<\/strong><\/h2>\n\n\n\n<p>1. <strong>Enregistrement initial :<\/strong><\/p>\n\n\n\n<ul class=\"wp-block-list\">\n<li>Bienvenue \u00e0 Sharing SMS ! D\u00e8s votre inscription, vous aurez acc\u00e8s \u00e0 diverses fonctions con\u00e7ues pour vous aider \u00e0 d\u00e9marrer. Toutefois, la section \"Parrainage\", o\u00f9 se trouve le lien de parrainage individuel, n'est pas disponible dans un premier temps afin de garantir la qualit\u00e9 et la fiabilit\u00e9 de notre programme de parrainage.<\/li>\n<\/ul>\n\n\n\n<p>2. <strong>Syst\u00e8me de surveillance :<\/strong><\/p>\n\n\n\n<ul class=\"wp-block-list\">\n<li>Nous utilisons un syst\u00e8me de surveillance robuste pour suivre le fonctionnement stable et l'activit\u00e9 des cartes SIM que vous ajoutez \u00e0 notre plateforme. Ce syst\u00e8me nous aide \u00e0 maintenir des normes \u00e9lev\u00e9es et \u00e0 garantir que seules les cartes SIM actives sont mises \u00e0 la disposition des clients.<\/li>\n<\/ul>\n\n\n\n<p>3. <strong>P\u00e9riode de stabilit\u00e9 :<\/strong><\/p>\n\n\n\n<ul class=\"wp-block-list\">\n<li>Le processus de surveillance dure g\u00e9n\u00e9ralement 10 jours. Au cours de cette p\u00e9riode, nous \u00e9valuons le fonctionnement stable des cartes SIM que vous avez ajout\u00e9es. Si les cartes SIM restent actives et qu'aucun incident ne se produit (comme le passage du statut \"Pr\u00eat\" au statut \"Pas pr\u00eat\"), vous serez en passe de gagner une r\u00e9putation de partenaire fiable dans notre syst\u00e8me d'\u00e9valuation.<\/li>\n<\/ul>\n\n\n\n<p>4. <strong>Construire la r\u00e9putation :<\/strong><\/p>\n\n\n\n<ul class=\"wp-block-list\">\n<li>Des performances et une stabilit\u00e9 constantes pendant la p\u00e9riode de surveillance vous permettent de vous forger une r\u00e9putation de partenaire digne de confiance. Cette r\u00e9putation est cruciale pour d\u00e9bloquer des fonctionnalit\u00e9s suppl\u00e9mentaires, notamment l'acc\u00e8s \u00e0 la section Recommandations.<\/li>\n<\/ul>\n\n\n\n<p>5. <strong>D\u00e9verrouiller la section des r\u00e9f\u00e9rences :<\/strong><\/p>\n\n\n\n<ul class=\"wp-block-list\">\n<li>Une fois que vous avez \u00e9tabli un historique fiable, la section \"Parrainage\" devient disponible dans votre compte personnel. Gr\u00e2ce au lien de parrainage figurant dans cette section, vous pouvez inviter des amis qui deviendront vos parrains. Vous gagnerez des commissions de parrainage sur l'activit\u00e9 de ces parrains, ce qui vous permettra d'\u00e9largir votre r\u00e9seau et vos revenus dans le cadre de notre service.<\/li>\n<\/ul>\n\n\n\n<p>6. <strong>Gagner des r\u00e9compenses :<\/strong><\/p>\n\n\n\n<ul class=\"wp-block-list\">\n<li>Au fur et \u00e0 mesure que les clients louent les num\u00e9ros associ\u00e9s \u00e0 vos cartes SIM, vous commencez \u00e0 gagner des r\u00e9compenses. Vous continuerez \u00e0 gagner de l'argent tant que les cartes SIM resteront stables et actives et que les num\u00e9ros seront utilis\u00e9s. Cette configuration vous permet de g\u00e9n\u00e9rer des revenus sans effort, en cr\u00e9ant un flux r\u00e9gulier de revenus au fil du temps. En \u00e9largissant le pool de cartes SIM que vous ajoutez, vous pouvez cr\u00e9er votre propre banque de cartes SIM, d\u00e9velopper votre propre activit\u00e9 et maximiser vos profits.<\/li>\n<\/ul>\n\n\n\n<p>7.<strong> Restrictions: <\/strong><\/p>\n\n\n\n<ul class=\"wp-block-list\">\n<li>Un partenaire qui est d\u00e9j\u00e0 un parrain ne peut pas avoir ses propres parrainages.<\/li>\n<\/ul>\n\n\n\n<h2 class=\"wp-block-heading\"><strong>Conseils pour r\u00e9ussir<\/strong><\/h2>\n\n\n\n<ul class=\"wp-block-list\">\n<li><strong>Maintenir les cartes SIM actives :<\/strong> Assurez-vous que les cartes SIM que vous ajoutez restent actives et peuvent recevoir des cartes SMS afin d'\u00e9viter tout incident susceptible d'affecter votre r\u00e9putation.<\/li>\n\n\n\n<li><strong>Engagez-vous aupr\u00e8s de vos filleuls :<\/strong> Restez actif au sein de notre plateforme, engagez-vous avec vos filleuls et invitez de nouveaux partenaires pour d\u00e9velopper votre r\u00e9seau et votre r\u00e9putation.<\/li>\n\n\n\n<li><strong>Restez inform\u00e9 :<\/strong> Surveillez les mises \u00e0 jour et les annonces pour rester inform\u00e9 des nouvelles fonctionnalit\u00e9s et opportunit\u00e9s.<\/li>\n<\/ul>\n\n\n\n<h2 class=\"wp-block-heading\">\u2753 Besoin d'aide ?<\/h2>\n\n\n\n<p>N'h\u00e9sitez pas \u00e0 contacter notre \u00e9quipe d'assistance par chat. Nous sommes l\u00e0 pour vous accompagner sur le chemin de la r\u00e9ussite !<\/p>","protected":false},"excerpt":{"rendered":"<p>Accessing the Referral Program: A Guide for New Partners At Sharing SMS, we value the contributions of our partners and strive to build a reliable and trustworthy community. As a new partner, you might be eager to start using your referral link to attract new referrals. Here&#8217;s a guide to understanding how you can gain [&hellip;]<\/p>\n","protected":false},"author":1,"featured_media":0,"parent":0,"menu_order":0,"comment_status":"closed","ping_status":"closed","template":"","meta":{"footnotes":""},"class_list":["post-842","page","type-page","status-publish","hentry"],"yoast_head":"<!-- This site is optimized with the Yoast SEO plugin v27.5 - https:\/\/yoast.com\/product\/yoast-seo-wordpress\/ -->\n<title>How to Access the Sharing SMS Referral Program \u2014 Step-by-Step Guide - SMS Sharing<\/title>\n<meta name=\"description\" content=\"Learn how to unlock your referral link in Sharing SMS and start earning commissions from your referrals. Simple steps to generate extra income.\" \/>\n<meta name=\"robots\" content=\"index, follow, max-snippet:-1, max-image-preview:large, max-video-preview:-1\" \/>\n<link rel=\"canonical\" href=\"https:\/\/sharingsms.com\/fr\/referral-program\/\" \/>\n<meta property=\"og:locale\" content=\"fr_FR\" \/>\n<meta property=\"og:type\" content=\"article\" \/>\n<meta property=\"og:title\" content=\"How to Access the Sharing SMS Referral Program \u2014 Step-by-Step Guide - SMS Sharing\" \/>\n<meta property=\"og:description\" content=\"Learn how to unlock your referral link in Sharing SMS and start earning commissions from your referrals. Simple steps to generate extra income.\" \/>\n<meta property=\"og:url\" content=\"https:\/\/sharingsms.com\/fr\/referral-program\/\" \/>\n<meta property=\"og:site_name\" content=\"SMS Sharing\" \/>\n<meta property=\"article:modified_time\" content=\"2025-10-08T10:59:35+00:00\" \/>\n<meta name=\"twitter:card\" content=\"summary_large_image\" \/>\n<meta name=\"twitter:label1\" content=\"Dur\u00e9e de lecture estim\u00e9e\" \/>\n\t<meta name=\"twitter:data1\" content=\"3 minutes\" \/>\n<script type=\"application\/ld+json\" class=\"yoast-schema-graph\">{\"@context\":\"https:\\\/\\\/schema.org\",\"@graph\":[{\"@type\":\"WebPage\",\"@id\":\"https:\\\/\\\/sharingsms.com\\\/referral-program\\\/\",\"url\":\"https:\\\/\\\/sharingsms.com\\\/referral-program\\\/\",\"name\":\"How to Access the Sharing SMS Referral Program \u2014 Step-by-Step Guide - SMS Sharing\",\"isPartOf\":{\"@id\":\"https:\\\/\\\/sharingsms.com\\\/#website\"},\"datePublished\":\"2025-04-08T21:34:50+00:00\",\"dateModified\":\"2025-10-08T10:59:35+00:00\",\"description\":\"Learn how to unlock your referral link in Sharing SMS and start earning commissions from your referrals. Simple steps to generate extra income.\",\"breadcrumb\":{\"@id\":\"https:\\\/\\\/sharingsms.com\\\/referral-program\\\/#breadcrumb\"},\"inLanguage\":\"fr-FR\",\"potentialAction\":[{\"@type\":\"ReadAction\",\"target\":[\"https:\\\/\\\/sharingsms.com\\\/referral-program\\\/\"]}]},{\"@type\":\"BreadcrumbList\",\"@id\":\"https:\\\/\\\/sharingsms.com\\\/referral-program\\\/#breadcrumb\",\"itemListElement\":[{\"@type\":\"ListItem\",\"position\":1,\"name\":\"Home\",\"item\":\"https:\\\/\\\/sharingsms.com\\\/\"},{\"@type\":\"ListItem\",\"position\":2,\"name\":\"How to Access the Sharing SMS Referral Program \u2014 Step-by-Step Guide\"}]},{\"@type\":\"WebSite\",\"@id\":\"https:\\\/\\\/sharingsms.com\\\/#website\",\"url\":\"https:\\\/\\\/sharingsms.com\\\/\",\"name\":\"SMS Sharing\",\"description\":\"\",\"potentialAction\":[{\"@type\":\"SearchAction\",\"target\":{\"@type\":\"EntryPoint\",\"urlTemplate\":\"https:\\\/\\\/sharingsms.com\\\/?s={search_term_string}\"},\"query-input\":{\"@type\":\"PropertyValueSpecification\",\"valueRequired\":true,\"valueName\":\"search_term_string\"}}],\"inLanguage\":\"fr-FR\"}]}<\/script>\n<!-- \/ Yoast SEO plugin. -->","yoast_head_json":{"title":"Comment acc\u00e9der au programme de parrainage Sharing SMS - Guide \u00e9tape par \u00e9tape - SMS Sharing","description":"Apprenez \u00e0 d\u00e9bloquer votre lien de parrainage dans Sharing SMS et commencez \u00e0 gagner des commissions gr\u00e2ce \u00e0 vos filleuls. Des \u00e9tapes simples pour g\u00e9n\u00e9rer des revenus suppl\u00e9mentaires.","robots":{"index":"index","follow":"follow","max-snippet":"max-snippet:-1","max-image-preview":"max-image-preview:large","max-video-preview":"max-video-preview:-1"},"canonical":"https:\/\/sharingsms.com\/fr\/referral-program\/","og_locale":"fr_FR","og_type":"article","og_title":"How to Access the Sharing SMS Referral Program \u2014 Step-by-Step Guide - SMS Sharing","og_description":"Learn how to unlock your referral link in Sharing SMS and start earning commissions from your referrals. Simple steps to generate extra income.","og_url":"https:\/\/sharingsms.com\/fr\/referral-program\/","og_site_name":"SMS Sharing","article_modified_time":"2025-10-08T10:59:35+00:00","twitter_card":"summary_large_image","twitter_misc":{"Dur\u00e9e de lecture estim\u00e9e":"3 minutes"},"schema":{"@context":"https:\/\/schema.org","@graph":[{"@type":"WebPage","@id":"https:\/\/sharingsms.com\/referral-program\/","url":"https:\/\/sharingsms.com\/referral-program\/","name":"Comment acc\u00e9der au programme de parrainage Sharing SMS - Guide \u00e9tape par \u00e9tape - SMS Sharing","isPartOf":{"@id":"https:\/\/sharingsms.com\/#website"},"datePublished":"2025-04-08T21:34:50+00:00","dateModified":"2025-10-08T10:59:35+00:00","description":"Apprenez \u00e0 d\u00e9bloquer votre lien de parrainage dans Sharing SMS et commencez \u00e0 gagner des commissions gr\u00e2ce \u00e0 vos filleuls. Des \u00e9tapes simples pour g\u00e9n\u00e9rer des revenus suppl\u00e9mentaires.","breadcrumb":{"@id":"https:\/\/sharingsms.com\/referral-program\/#breadcrumb"},"inLanguage":"fr-FR","potentialAction":[{"@type":"ReadAction","target":["https:\/\/sharingsms.com\/referral-program\/"]}]},{"@type":"BreadcrumbList","@id":"https:\/\/sharingsms.com\/referral-program\/#breadcrumb","itemListElement":[{"@type":"ListItem","position":1,"name":"Home","item":"https:\/\/sharingsms.com\/"},{"@type":"ListItem","position":2,"name":"How to Access the Sharing SMS Referral Program \u2014 Step-by-Step Guide"}]},{"@type":"WebSite","@id":"https:\/\/sharingsms.com\/#website","url":"https:\/\/sharingsms.com\/","name":"Partage de SMS","description":"","potentialAction":[{"@type":"SearchAction","target":{"@type":"EntryPoint","urlTemplate":"https:\/\/sharingsms.com\/?s={search_term_string}"},"query-input":{"@type":"PropertyValueSpecification","valueRequired":true,"valueName":"search_term_string"}}],"inLanguage":"fr-FR"}]}},"_links":{"self":[{"href":"https:\/\/sharingsms.com\/fr\/wp-json\/wp\/v2\/pages\/842","targetHints":{"allow":["GET"]}}],"collection":[{"href":"https:\/\/sharingsms.com\/fr\/wp-json\/wp\/v2\/pages"}],"about":[{"href":"https:\/\/sharingsms.com\/fr\/wp-json\/wp\/v2\/types\/page"}],"author":[{"embeddable":true,"href":"https:\/\/sharingsms.com\/fr\/wp-json\/wp\/v2\/users\/1"}],"replies":[{"embeddable":true,"href":"https:\/\/sharingsms.com\/fr\/wp-json\/wp\/v2\/comments?post=842"}],"version-history":[{"count":3,"href":"https:\/\/sharingsms.com\/fr\/wp-json\/wp\/v2\/pages\/842\/revisions"}],"predecessor-version":[{"id":948,"href":"https:\/\/sharingsms.com\/fr\/wp-json\/wp\/v2\/pages\/842\/revisions\/948"}],"wp:attachment":[{"href":"https:\/\/sharingsms.com\/fr\/wp-json\/wp\/v2\/media?parent=842"}],"curies":[{"name":"wp","href":"https:\/\/api.w.org\/{rel}","templated":true}]}}