{"id":898,"date":"2025-09-30T13:09:47","date_gmt":"2025-09-30T13:09:47","guid":{"rendered":"https:\/\/sharingsms.com\/?page_id=898"},"modified":"2025-09-30T16:57:16","modified_gmt":"2025-09-30T16:57:16","slug":"terms-and-conditions","status":"publish","type":"page","link":"https:\/\/sharingsms.com\/fr\/terms-and-conditions\/","title":{"rendered":"Termes et conditions"},"content":{"rendered":"<h2 class=\"wp-block-heading\">Contrat de service<\/h2>\n\n\n\n<h3 class=\"wp-block-heading\">1. PARTIES \u00c0 L&#039;ACCORD<\/h3>\n\n\n\n<p>Le pr\u00e9sent Contrat de service (ci-apr\u00e8s d\u00e9nomm\u00e9 le \u00ab Contrat \u00bb) est conclu entre Sharing SMS (ci-apr\u00e8s d\u00e9nomm\u00e9e la \u00ab Soci\u00e9t\u00e9 \u00bb) et l&#039;utilisateur du service (ci-apr\u00e8s d\u00e9nomm\u00e9 le \u00ab Partenaire \u00bb). La Soci\u00e9t\u00e9 et le Partenaire sont collectivement d\u00e9nomm\u00e9s les \u00ab Parties \u00bb.<\/p>\n\n\n\n<p>Le Contrat de Service est conclu entre les Parties \u2013 Sharing SMS et le Partenaire.<\/p>\n\n\n\n<h3 class=\"wp-block-heading\">2. PR\u00c9AMBULE<\/h3>\n\n\n\n<p>En s&#039;inscrivant sur le site web de la Soci\u00e9t\u00e9 et en cr\u00e9ant un compte, le Partenaire confirme son acceptation des termes du pr\u00e9sent Contrat. Il accepte que les principaux moyens de communication soient l&#039;e-mail, le chat et les messageries instantan\u00e9es. Il accepte de recevoir des notifications \u00e9lectroniques de la Soci\u00e9t\u00e9 ainsi que des notifications via des messageries instantan\u00e9es telles que WhatsApp ou Telegram. Il confirme son consentement au stockage et au traitement de ses donn\u00e9es pendant toute la dur\u00e9e du Contrat. Pour g\u00e9rer les num\u00e9ros lou\u00e9s, les informations personnelles et acc\u00e9der aux services, le Partenaire utilise son compte sur le site web et l&#039;application mobile de la Soci\u00e9t\u00e9.<\/p>\n\n\n\n<h3 class=\"wp-block-heading\">3. OBJECTIFS DE L&#039;ACCORD<\/h3>\n\n\n\n<p>Le pr\u00e9sent Accord a pour objet de r\u00e9gir les relations juridiques entre les Parties dans le cadre de la fourniture de services de t\u00e9l\u00e9communications par la Soci\u00e9t\u00e9. Il d\u00e9finit les conditions de fourniture de ces services.<\/p>\n\n\n\n<h3 class=\"wp-block-heading\">4. DROITS ET OBLIGATIONS DES PARTIES<\/h3>\n\n\n\n<h4 class=\"wp-block-heading\">4.1 Soci\u00e9t\u00e9<\/h4>\n\n\n\n<p><strong>4.1.1<\/strong> La Soci\u00e9t\u00e9 offre au Partenaire la possibilit\u00e9 de louer ses cartes SIM, notamment pour la fourniture de traitements SMS.<\/p>\n\n\n\n<p><strong>4.1.2<\/strong> La Soci\u00e9t\u00e9 poss\u00e8de des cartes SIM dans sa base. Elle r\u00e9compense le Partenaire pour la location de ses cartes SIM (lorsque la SIM est lou\u00e9e, le statut \u00ab\u00a0Pr\u00eat\u00a0\u00bb est maintenu).<\/p>\n\n\n\n<p><strong>4.1.3<\/strong> La Soci\u00e9t\u00e9 n&#039;est pas responsable de la maintenance commerciale des \u00e9quipements n\u00e9cessaires \u00e0 la mise en \u0153uvre du service. Le Partenaire est tenu d&#039;entretenir son \u00e9quipement pour fournir les services et assurer le bon fonctionnement de la ou des cartes SIM, y compris en rechargeant son solde si n\u00e9cessaire afin de pr\u00e9server le num\u00e9ro et d&#039;\u00e9viter son blocage par l&#039;op\u00e9rateur mobile.<\/p>\n\n\n\n<p><strong>4.1.4<\/strong> La Soci\u00e9t\u00e9 fournit au Partenaire un accompagnement continu et des conseils aux gestionnaires concernant la prestation fournie dans le volume requis.<\/p>\n\n\n\n<p><strong>4.1.5<\/strong> La Soci\u00e9t\u00e9 se r\u00e9serve le droit de remplacer le num\u00e9ro SIM fourni pour des raisons non pr\u00e9vues par la l\u00e9gislation et les autres r\u00e9glementations, ou si la fourniture continue des services de communication via ce num\u00e9ro devient impossible en raison de circonstances ind\u00e9pendantes de sa volont\u00e9. Dans ce cas, la Soci\u00e9t\u00e9 doit informer le Partenaire du remplacement dans les meilleurs d\u00e9lais. Le Partenaire fournit le remplacement du num\u00e9ro SIM \u00e0 ses frais. La Soci\u00e9t\u00e9 d\u00e9cline toute responsabilit\u00e9 quant aux frais suppl\u00e9mentaires du Partenaire li\u00e9s au remplacement du num\u00e9ro, qui ne seraient pas couverts par l&#039;accord entre les Parties.<\/p>\n\n\n\n<p><strong>4.1.6<\/strong> Si le Partenaire viole l&#039;une des clauses du pr\u00e9sent Contrat, la Soci\u00e9t\u00e9 a le droit de suspendre le compte du Partenaire.<\/p>\n\n\n\n<p><strong>4.1.7<\/strong> La Soci\u00e9t\u00e9 se r\u00e9serve le droit de refuser de fournir des services au Partenaire si la Soci\u00e9t\u00e9 consid\u00e8re que le Partenaire n&#039;est pas fiable.<\/p>\n\n\n\n<p><strong>4.1.8<\/strong> La Soci\u00e9t\u00e9 a le droit de modifier les termes du pr\u00e9sent Contrat sans le consentement pr\u00e9alable et la notification du Partenaire si de telles modifications sont n\u00e9cessaires en raison de changements dans le cadre juridique, les conditions d&#039;assurance, les exigences de s\u00e9curit\u00e9 ou les modifications des documents statutaires.<\/p>\n\n\n\n<p><strong>4.1.9<\/strong> La Soci\u00e9t\u00e9 se r\u00e9serve le droit de modifier les tarifs des services qu&#039;elle fournit.<\/p>\n\n\n\n<p><strong>4.1.10<\/strong> La Soci\u00e9t\u00e9 se r\u00e9serve le droit de mettre fin au partenariat sans versement si le Partenaire manque de fiabilit\u00e9 en violant ses obligations (5), en ignorant tous les moyens de communication ou en sabotant le fonctionnement du service. Dans ces cas, ou dans d&#039;autres cas de sabotage du service, les obligations de la Soci\u00e9t\u00e9 sont consid\u00e9r\u00e9es comme remplies, mais le Partenaire ne re\u00e7oit aucune r\u00e9compense. Son compte est bloqu\u00e9 d\u00e9finitivement et le Partenariat est r\u00e9sili\u00e9.<\/p>\n\n\n\n<h4 class=\"wp-block-heading\">5. Partenaire<\/h4>\n\n\n\n<p><strong>5.1<\/strong> Le Partenaire est tenu de maintenir les services et de r\u00e9soudre les probl\u00e8mes li\u00e9s au service qu&#039;il fournit \u00e0 temps.<\/p>\n\n\n\n<p><strong>5.2<\/strong> Le Partenaire est tenu de fournir ses coordonn\u00e9es. La Soci\u00e9t\u00e9 l&#039;informe au pr\u00e9alable de cette obligation.<\/p>\n\n\n\n<p><strong>5.3<\/strong> Si le Partenaire constate une interruption du fonctionnement des services, il doit en informer la Soci\u00e9t\u00e9. La Soci\u00e9t\u00e9 lui accorde un d\u00e9lai (moins de 6 heures) pour r\u00e9soudre le probl\u00e8me. \u00c0 d\u00e9faut, il ne percevra aucune r\u00e9mun\u00e9ration journali\u00e8re.<\/p>\n\n\n\n<p><strong>5.4<\/strong> La Soci\u00e9t\u00e9 autorise le Partenaire \u00e0 recevoir des parrainages s&#039;il loue activement ses SIM. Le compte du Partenaire doit rester actif. La Soci\u00e9t\u00e9 consid\u00e8re les comptes smurf (comptes suppl\u00e9mentaires appartenant au m\u00eame Partenaire) comme des pratiques frauduleuses. Ces comptes seront r\u00e9sili\u00e9s et le compte du Partenaire principal sera bloqu\u00e9, sans droit \u00e0 sa r\u00e9compense mensuelle.<\/p>\n\n\n\n<p><strong>5.5<\/strong> Lorsque le Partenaire contacte le Service d&#039;Assistance de la Soci\u00e9t\u00e9 (par t\u00e9l\u00e9phone, e-mail ou chat en ligne sur le site web de la Soci\u00e9t\u00e9), il doit communiquer poliment et dans le cadre des services fournis. La Soci\u00e9t\u00e9 se r\u00e9serve le droit de ne pas r\u00e9pondre aux demandes du Partenaire si elles contiennent des propos obsc\u00e8nes, des propos grossiers ou si elles d\u00e9passent le cadre des services fournis par la Soci\u00e9t\u00e9.<\/p>\n\n\n\n<p><strong>5.6<\/strong> Le Partenaire est tenu de coop\u00e9rer avec la Soci\u00e9t\u00e9 dans de telles situations :<\/p>\n\n\n\n<ul class=\"wp-block-list\">\n<li>Lors du traitement de toute r\u00e9clamation concernant les services fournis ;<\/li>\n\n\n\n<li>Lors du traitement de toute demande ou enqu\u00eate concernant les services fournis.<\/li>\n<\/ul>\n\n\n\n<p>Le Partenaire est tenu de :<\/p>\n\n\n\n<ul class=\"wp-block-list\">\n<li>Assumer l\u2019enti\u00e8re responsabilit\u00e9 de toute violation des lois locales.<\/li>\n\n\n\n<li>Assumer tous les frais suppl\u00e9mentaires li\u00e9s \u00e0 la violation de la loi dans la juridiction de leur pays.<\/li>\n\n\n\n<li>La Soci\u00e9t\u00e9 n\u2019assume aucune responsabilit\u00e9 en cas d\u2019incomp\u00e9tence du Partenaire dans ce cas.<\/li>\n<\/ul>\n\n\n\n<p><strong>5.7<\/strong> En acceptant cet accord, le partenaire confirme que son \u00e2ge est d\u2019au moins 18 ans.<\/p>\n\n\n\n<p><strong>5.8<\/strong> Le Partenaire n&#039;a pas le droit de transf\u00e9rer ses droits et obligations \u00e0 une autre partie sans l&#039;autorisation de la Soci\u00e9t\u00e9 en vertu du pr\u00e9sent Contrat.<\/p>\n\n\n\n<p><strong>5.9<\/strong> Pendant la location de son SIM, le Partenaire est tenu de maintenir son activit\u00e9 tant que celui-ci est actif. Cela inclut le rechargement du solde de sa carte SIM si n\u00e9cessaire. Tous les frais suppl\u00e9mentaires \u00e9ventuels sont \u00e0 la charge du Partenaire.<\/p>\n\n\n\n<p><strong>5.10<\/strong> En acceptant ces termes et conditions, le Partenaire d\u00e9clare \u00eatre fiable et n&#039;avoir aucun d\u00e9saccord avec ces termes et conditions \u00e0 l&#039;heure actuelle ou \u00e0 l&#039;avenir.<\/p>\n\n\n\n<p><strong>5.11<\/strong> Si le Partenaire souhaite mettre fin au Partenariat, la Soci\u00e9t\u00e9 lui bloque d\u00e9finitivement l&#039;acc\u00e8s \u00e0 son compte. Les paiements seront trait\u00e9s normalement, \u00e0 condition que le Partenaire n&#039;ait pas manqu\u00e9 \u00e0 ses obligations. Le Partenaire doit informer la Soci\u00e9t\u00e9 de sa d\u00e9cision trois jours \u00e0 l&#039;avance.<\/p>\n\n\n\n<h3 class=\"wp-block-heading\">6. PROC\u00c9DURE DE PAIEMENT<\/h3>\n\n\n\n<p><strong>6.1<\/strong> La Soci\u00e9t\u00e9 propose un syst\u00e8me de paiement en deux parties : les accumulations quotidiennes (une r\u00e9compense quotidienne fixe, applicable uniquement tant que le SIM conserve le statut \u00ab Pr\u00eat \u00bb) et le paiement mensuel (le r\u00e9sultat du calcul des r\u00e9compenses du partenaire et de leur envoi sur son portefeuille).<\/p>\n\n\n\n<p><strong>6.2<\/strong> Les d\u00e9penses du Partenaire comprennent :<\/p>\n\n\n\n<ul class=\"wp-block-list\">\n<li>Frais SIM pay\u00e9s au transporteur (si n\u00e9cessaire)<\/li>\n\n\n\n<li>La disposition de l&#039;appareil<\/li>\n\n\n\n<li>La disposition SIM<\/li>\n\n\n\n<li>Autres cas qui \u00e9chappent \u00e0 la responsabilit\u00e9 de la Soci\u00e9t\u00e9<\/li>\n<\/ul>\n\n\n\n<p><strong>6.3<\/strong> La Soci\u00e9t\u00e9 peut appliquer une p\u00e9nalit\u00e9 si le SIM lou\u00e9 pr\u00e9sente l&#039;\u00e9tat \u00ab\u00a0Non pr\u00eat\u00a0\u00bb pendant plus de 6\u00a0heures au cours d&#039;une journ\u00e9e de 24\u00a0heures (00:00-00:00). Cette p\u00e9nalit\u00e9 annule le cumul pour cette journ\u00e9e.<\/p>\n\n\n\n<h3 class=\"wp-block-heading\">7. DROITS DE PROPRI\u00c9T\u00c9 INTELLECTUELLE<\/h3>\n\n\n\n<p><strong>7.1<\/strong> Tous les droits de propri\u00e9t\u00e9 intellectuelle appartenant \u00e0 une partie restent la propri\u00e9t\u00e9 de cette partie.<\/p>\n\n\n\n<p><strong>7.2<\/strong> Le Partenaire ne doit en aucun cas utiliser le nom de la Soci\u00e9t\u00e9, sa marque ou ses droits de propri\u00e9t\u00e9 intellectuelle.<\/p>\n\n\n\n<p><strong>7.3<\/strong> Le transfert de propri\u00e9t\u00e9 intellectuelle sans consentement \u00e9crit est strictement interdit.<\/p>\n\n\n\n<h3 class=\"wp-block-heading\">8. CONFIDENTIALIT\u00c9<\/h3>\n\n\n\n<p>La Soci\u00e9t\u00e9 garantit la confidentialit\u00e9 des donn\u00e9es personnelles du Partenaire.<\/p>\n\n\n\n<h3 class=\"wp-block-heading\">9. LIMITATION DE RESPONSABILIT\u00c9<\/h3>\n\n\n\n<p><strong>9.1<\/strong> La Soci\u00e9t\u00e9 n&#039;est pas responsable dans les cas suivants : dommages indirects, cons\u00e9cutifs ou accidentels dus \u00e0 des communications interrompues, perte de donn\u00e9es, b\u00e9n\u00e9fices non per\u00e7us ou autres pertes \u00e9conomiques li\u00e9es au pr\u00e9sent Contrat.<\/p>\n\n\n\n<p><strong>9.2<\/strong> La Soci\u00e9t\u00e9 n&#039;est responsable que dans les cas o\u00f9 les provisions ont \u00e9t\u00e9 calcul\u00e9es de mani\u00e8re incorrecte ou n&#039;ont pas \u00e9t\u00e9 calcul\u00e9es du tout pour des raisons techniques.<\/p>\n\n\n\n<p><strong>9.3<\/strong> La Soci\u00e9t\u00e9 d\u00e9cline toute responsabilit\u00e9 en cas d&#039;erreur, d&#039;omission ou de faute de frappe dans le Contrat, le site web, le compte personnel, la facture ou tout autre document \u00e9mis ou fourni par la Soci\u00e9t\u00e9. Le Partenaire peut informer la Soci\u00e9t\u00e9 de toute inexactitude\u00a0; celle-ci sera rectifi\u00e9e si elle est confirm\u00e9e.<\/p>\n\n\n\n<h3 class=\"wp-block-heading\">10. FORCE MAJEURE<\/h3>\n\n\n\n<p><strong>10.1<\/strong> La Soci\u00e9t\u00e9 n&#039;est pas responsable des interruptions, des retards ou de l&#039;incapacit\u00e9 \u00e0 fournir des services en raison de circonstances ind\u00e9pendantes de sa volont\u00e9, y compris, mais sans s&#039;y limiter, les catastrophes naturelles, la guerre, les sanctions, la r\u00e9vocation de licences, la destruction d&#039;\u00e9quipements ou les fautes de tiers (par exemple, les op\u00e9rateurs de t\u00e9l\u00e9communications, les actions gouvernementales).<\/p>\n\n\n\n<p><strong>10.2<\/strong> La Soci\u00e9t\u00e9 n\u2019est pas responsable des cons\u00e9quences r\u00e9sultant de telles circonstances de force majeure.<\/p>\n\n\n\n<h3 class=\"wp-block-heading\">11. INDEMNISATION ET RESPONSABILIT\u00c9<\/h3>\n\n\n\n<p>Quel que soit le montant de toute indemnisation li\u00e9e au pr\u00e9sent Contrat, le Partenaire reconna\u00eet et accepte par les pr\u00e9sentes que la Soci\u00e9t\u00e9, ses fondateurs, filiales, soci\u00e9t\u00e9s affili\u00e9es, dirigeants, administrateurs, employ\u00e9s et agents ne seront pas responsables des pertes, dommages ou r\u00e9clamations d\u00e9coulant de l&#039;utilisation des services ou en lien avec celle-ci. Cela inclut, sans s&#039;y limiter, les probl\u00e8mes li\u00e9s \u00e0 la disponibilit\u00e9 des services, \u00e0 la confidentialit\u00e9 des donn\u00e9es, aux dysfonctionnements techniques ou aux retards de transmission des informations.<br><\/p>\n\n\n\n<h3 class=\"wp-block-heading\">12. CONDITIONS DE L&#039;ACCORD<\/h3>\n\n\n\n<p><strong>12.1<\/strong> Le pr\u00e9sent Contrat entre en vigueur d\u00e8s la cr\u00e9ation d&#039;un compte utilisateur par le Partenaire et reste valable jusqu&#039;\u00e0 sa r\u00e9siliation par l&#039;une ou l&#039;autre des Parties.<\/p>\n\n\n\n<p><strong>12.2<\/strong> Chaque Partie peut r\u00e9silier le pr\u00e9sent Accord en cas de violation de ses termes.<\/p>\n\n\n\n<p><strong>12.3<\/strong> \u00c0 la r\u00e9siliation, toutes les obligations de la Soci\u00e9t\u00e9 sont consid\u00e9r\u00e9es comme remplies.<\/p>\n\n\n\n<h3 class=\"wp-block-heading\">13. DIVERS<\/h3>\n\n\n\n<p><strong>13.1<\/strong> Le pr\u00e9sent Accord refl\u00e8te l\u2019int\u00e9gralit\u00e9 de l\u2019accord entre les Parties et remplace toutes les repr\u00e9sentations et ententes ant\u00e9rieures.<\/p>","protected":false},"excerpt":{"rendered":"<p>Service Agreement 1. PARTIES TO THE AGREEMENT This Service Agreement (hereinafter referred to as the &#8220;Agreement&#8221;) is entered into between Sharing SMS (hereinafter referred to as the &#8220;Company&#8221;) and the service user (hereinafter referred to as the &#8220;Partner&#8221;). The Company and the Partner shall collectively be referred to as the &#8220;Parties&#8221;. The Service Agreement is [&hellip;]<\/p>\n","protected":false},"author":1,"featured_media":0,"parent":0,"menu_order":0,"comment_status":"closed","ping_status":"closed","template":"","meta":{"footnotes":""},"class_list":["post-898","page","type-page","status-publish","hentry"],"yoast_head":"<!-- This site is optimized with the Yoast SEO plugin v27.5 - https:\/\/yoast.com\/product\/yoast-seo-wordpress\/ -->\n<title>Terms and Conditions - SMS Sharing<\/title>\n<meta name=\"description\" content=\"Read the Sharing SMS Terms and Conditions. This agreement outlines partner obligations, SIM usage, earnings policy, and service limitations.\" \/>\n<meta name=\"robots\" content=\"index, follow, max-snippet:-1, max-image-preview:large, max-video-preview:-1\" \/>\n<link rel=\"canonical\" href=\"https:\/\/sharingsms.com\/fr\/terms-and-conditions\/\" \/>\n<meta property=\"og:locale\" content=\"fr_FR\" \/>\n<meta property=\"og:type\" content=\"article\" \/>\n<meta property=\"og:title\" content=\"Terms and Conditions - SMS Sharing\" \/>\n<meta property=\"og:description\" content=\"Read the Sharing SMS Terms and Conditions. This agreement outlines partner obligations, SIM usage, earnings policy, and service limitations.\" \/>\n<meta property=\"og:url\" content=\"https:\/\/sharingsms.com\/fr\/terms-and-conditions\/\" \/>\n<meta property=\"og:site_name\" content=\"SMS Sharing\" \/>\n<meta property=\"article:modified_time\" content=\"2025-09-30T16:57:16+00:00\" \/>\n<meta name=\"twitter:card\" content=\"summary_large_image\" \/>\n<meta name=\"twitter:label1\" content=\"Dur\u00e9e de lecture estim\u00e9e\" \/>\n\t<meta name=\"twitter:data1\" content=\"7 minutes\" \/>\n<script type=\"application\/ld+json\" class=\"yoast-schema-graph\">{\"@context\":\"https:\\\/\\\/schema.org\",\"@graph\":[{\"@type\":\"WebPage\",\"@id\":\"https:\\\/\\\/sharingsms.com\\\/terms-and-conditions\\\/\",\"url\":\"https:\\\/\\\/sharingsms.com\\\/terms-and-conditions\\\/\",\"name\":\"Terms and Conditions - SMS Sharing\",\"isPartOf\":{\"@id\":\"https:\\\/\\\/sharingsms.com\\\/#website\"},\"datePublished\":\"2025-09-30T13:09:47+00:00\",\"dateModified\":\"2025-09-30T16:57:16+00:00\",\"description\":\"Read the Sharing SMS Terms and Conditions. This agreement outlines partner obligations, SIM usage, earnings policy, and service limitations.\",\"breadcrumb\":{\"@id\":\"https:\\\/\\\/sharingsms.com\\\/terms-and-conditions\\\/#breadcrumb\"},\"inLanguage\":\"fr-FR\",\"potentialAction\":[{\"@type\":\"ReadAction\",\"target\":[\"https:\\\/\\\/sharingsms.com\\\/terms-and-conditions\\\/\"]}]},{\"@type\":\"BreadcrumbList\",\"@id\":\"https:\\\/\\\/sharingsms.com\\\/terms-and-conditions\\\/#breadcrumb\",\"itemListElement\":[{\"@type\":\"ListItem\",\"position\":1,\"name\":\"Home\",\"item\":\"https:\\\/\\\/sharingsms.com\\\/\"},{\"@type\":\"ListItem\",\"position\":2,\"name\":\"Terms and Conditions\"}]},{\"@type\":\"WebSite\",\"@id\":\"https:\\\/\\\/sharingsms.com\\\/#website\",\"url\":\"https:\\\/\\\/sharingsms.com\\\/\",\"name\":\"SMS Sharing\",\"description\":\"\",\"potentialAction\":[{\"@type\":\"SearchAction\",\"target\":{\"@type\":\"EntryPoint\",\"urlTemplate\":\"https:\\\/\\\/sharingsms.com\\\/?s={search_term_string}\"},\"query-input\":{\"@type\":\"PropertyValueSpecification\",\"valueRequired\":true,\"valueName\":\"search_term_string\"}}],\"inLanguage\":\"fr-FR\"}]}<\/script>\n<!-- \/ Yoast SEO plugin. -->","yoast_head_json":{"title":"Conditions g\u00e9n\u00e9rales - Partage SMS","description":"Consultez les conditions g\u00e9n\u00e9rales de Sharing SMS. Cet accord d\u00e9crit les obligations du partenaire, l&#039;utilisation de SIM, la politique de revenus et les limites du service.","robots":{"index":"index","follow":"follow","max-snippet":"max-snippet:-1","max-image-preview":"max-image-preview:large","max-video-preview":"max-video-preview:-1"},"canonical":"https:\/\/sharingsms.com\/fr\/terms-and-conditions\/","og_locale":"fr_FR","og_type":"article","og_title":"Terms and Conditions - SMS Sharing","og_description":"Read the Sharing SMS Terms and Conditions. This agreement outlines partner obligations, SIM usage, earnings policy, and service limitations.","og_url":"https:\/\/sharingsms.com\/fr\/terms-and-conditions\/","og_site_name":"SMS Sharing","article_modified_time":"2025-09-30T16:57:16+00:00","twitter_card":"summary_large_image","twitter_misc":{"Dur\u00e9e de lecture estim\u00e9e":"7 minutes"},"schema":{"@context":"https:\/\/schema.org","@graph":[{"@type":"WebPage","@id":"https:\/\/sharingsms.com\/terms-and-conditions\/","url":"https:\/\/sharingsms.com\/terms-and-conditions\/","name":"Conditions g\u00e9n\u00e9rales - Partage SMS","isPartOf":{"@id":"https:\/\/sharingsms.com\/#website"},"datePublished":"2025-09-30T13:09:47+00:00","dateModified":"2025-09-30T16:57:16+00:00","description":"Consultez les conditions g\u00e9n\u00e9rales de Sharing SMS. Cet accord d\u00e9crit les obligations du partenaire, l&#039;utilisation de SIM, la politique de revenus et les limites du service.","breadcrumb":{"@id":"https:\/\/sharingsms.com\/terms-and-conditions\/#breadcrumb"},"inLanguage":"fr-FR","potentialAction":[{"@type":"ReadAction","target":["https:\/\/sharingsms.com\/terms-and-conditions\/"]}]},{"@type":"BreadcrumbList","@id":"https:\/\/sharingsms.com\/terms-and-conditions\/#breadcrumb","itemListElement":[{"@type":"ListItem","position":1,"name":"Home","item":"https:\/\/sharingsms.com\/"},{"@type":"ListItem","position":2,"name":"Terms and Conditions"}]},{"@type":"WebSite","@id":"https:\/\/sharingsms.com\/#website","url":"https:\/\/sharingsms.com\/","name":"Partage de SMS","description":"","potentialAction":[{"@type":"SearchAction","target":{"@type":"EntryPoint","urlTemplate":"https:\/\/sharingsms.com\/?s={search_term_string}"},"query-input":{"@type":"PropertyValueSpecification","valueRequired":true,"valueName":"search_term_string"}}],"inLanguage":"fr-FR"}]}},"_links":{"self":[{"href":"https:\/\/sharingsms.com\/fr\/wp-json\/wp\/v2\/pages\/898","targetHints":{"allow":["GET"]}}],"collection":[{"href":"https:\/\/sharingsms.com\/fr\/wp-json\/wp\/v2\/pages"}],"about":[{"href":"https:\/\/sharingsms.com\/fr\/wp-json\/wp\/v2\/types\/page"}],"author":[{"embeddable":true,"href":"https:\/\/sharingsms.com\/fr\/wp-json\/wp\/v2\/users\/1"}],"replies":[{"embeddable":true,"href":"https:\/\/sharingsms.com\/fr\/wp-json\/wp\/v2\/comments?post=898"}],"version-history":[{"count":3,"href":"https:\/\/sharingsms.com\/fr\/wp-json\/wp\/v2\/pages\/898\/revisions"}],"predecessor-version":[{"id":903,"href":"https:\/\/sharingsms.com\/fr\/wp-json\/wp\/v2\/pages\/898\/revisions\/903"}],"wp:attachment":[{"href":"https:\/\/sharingsms.com\/fr\/wp-json\/wp\/v2\/media?parent=898"}],"curies":[{"name":"wp","href":"https:\/\/api.w.org\/{rel}","templated":true}]}}