{"id":959,"date":"2025-12-08T18:42:30","date_gmt":"2025-12-08T18:42:30","guid":{"rendered":"https:\/\/sharingsms.com\/?page_id=959"},"modified":"2025-12-08T18:49:34","modified_gmt":"2025-12-08T18:49:34","slug":"best-network-settings-for-sms-delivery","status":"publish","type":"page","link":"https:\/\/sharingsms.com\/fr\/best-network-settings-for-sms-delivery\/","title":{"rendered":"Pourquoi le bon mode r\u00e9seau (2G ou 4G\/5G) vous aide \u00e0 gagner plus"},"content":{"rendered":"<hr class=\"wp-block-separator has-alpha-channel-opacity\"\/>\n\n\n\n<p>Lorsque vous louez des num\u00e9ros de t\u00e9l\u00e9phone, le plus important est que votre appareil re\u00e7oive les messages SMS sans interruption. Si vous ne recevez plus de messages, vos revenus diminuent, c&#039;est aussi simple que cela. L&#039;une des causes de ce probl\u00e8me est un mode r\u00e9seau inadapt\u00e9.<\/p>\n\n\n\n<hr class=\"wp-block-separator has-alpha-channel-opacity\"\/>\n\n\n\n<h2 class=\"wp-block-heading\">Que se passe-t-il?<\/h2>\n\n\n\n<p>De nombreux op\u00e9rateurs mobiles ont d\u00e9j\u00e0 d\u00e9sactiv\u00e9 la 3G ou sont en train de le faire. Si votre t\u00e9l\u00e9phone reste bloqu\u00e9 sur la 3G, vous risquez de ne plus recevoir de messages.<br>Par cons\u00e9quent:<\/p>\n\n\n\n<ul class=\"wp-block-list\">\n<li>La livraison du SMS devient instable<\/li>\n\n\n\n<li>Le num\u00e9ro peut \u00eatre d\u00e9sactiv\u00e9.<\/li>\n\n\n\n<li>Vous perdez des revenus<\/li>\n<\/ul>\n\n\n\n<hr class=\"wp-block-separator has-alpha-channel-opacity\"\/>\n\n\n\n<h3 class=\"wp-block-heading\">Que faire (et comment modifier les param\u00e8tres r\u00e9seau sur Android)<\/h3>\n\n\n\n<p>Le mode r\u00e9seau de votre appareil influe directement sur la distribution du protocole SMS. Voici les param\u00e8tres \u00e0 configurer et comment les modifier.<\/p>\n\n\n\n<h3 class=\"wp-block-heading\">Modes r\u00e9seau recommand\u00e9s<\/h3>\n\n\n\n<ul class=\"wp-block-list\">\n<li><strong>Appareils plus anciens ou d&#039;entr\u00e9e de gamme\u00a0:<\/strong> choisir <strong>2G uniquement<\/strong> \u2014 elle offre g\u00e9n\u00e9ralement la r\u00e9ception SMS la plus stable.<\/li>\n\n\n\n<li><strong>Smartphones modernes :<\/strong> choisir <strong>4G\/3G\/2G (auto)<\/strong> \u2014 le t\u00e9l\u00e9phone basculera automatiquement entre les r\u00e9seaux et maintiendra une connexion stable.<\/li>\n<\/ul>\n\n\n\n<h3 class=\"wp-block-heading\">Comment modifier ces param\u00e8tres sur Android<\/h3>\n\n\n\n<ol class=\"wp-block-list\">\n<li>Ouvrir <strong>Param\u00e8tres \u2192 R\u00e9seau mobile<\/strong>.<\/li>\n\n\n\n<li>S\u00e9lectionnez la carte SIM que vous utilisez.<\/li>\n\n\n\n<li>Robinet <strong>Type de r\u00e9seau pr\u00e9f\u00e9r\u00e9<\/strong> et choisissez\u00a0:\n<ul class=\"wp-block-list\">\n<li><strong>2G uniquement<\/strong> (pour les appareils plus anciens), ou<\/li>\n\n\n\n<li><strong>4G\/3G\/2G (auto)<\/strong> (pour les appareils plus r\u00e9cents).<\/li>\n<\/ul>\n<\/li>\n\n\n\n<li>Si la 2G n&#039;appara\u00eet pas\u00a0:\n<ul class=\"wp-block-list\">\n<li>\u00c9teindre <strong>S\u00e9lection automatique du r\u00e9seau<\/strong>.<\/li>\n\n\n\n<li>S\u00e9lectionnez manuellement un op\u00e9rateur compatible 2G.<\/li>\n<\/ul>\n<\/li>\n\n\n\n<li>Red\u00e9marrez votre t\u00e9l\u00e9phone pour appliquer les nouveaux param\u00e8tres.<\/li>\n<\/ol>\n\n\n\n<hr class=\"wp-block-separator has-alpha-channel-opacity\"\/>\n\n\n\n<h3 class=\"wp-block-heading\">Quelques points \u00e0 garder \u00e0 l&#039;esprit<\/h3>\n\n\n\n<ul class=\"wp-block-list\">\n<li>Dans de nombreuses r\u00e9gions, la 3G est d\u00e9j\u00e0 d\u00e9sactiv\u00e9e, mais certains t\u00e9l\u00e9phones tentent encore de s&#039;y connecter. Passer \u00e0 la 2G ou \u00e0 la 4G r\u00e9sout g\u00e9n\u00e9ralement les probl\u00e8mes de r\u00e9ception.<\/li>\n\n\n\n<li>Si vous remplacez votre carte SIM, les param\u00e8tres r\u00e9seau peuvent \u00eatre r\u00e9initialis\u00e9s ; v\u00e9rifiez-les \u00e0 nouveau par la suite.<\/li>\n<\/ul>\n\n\n\n<hr class=\"wp-block-separator has-alpha-channel-opacity\"\/>\n\n\n\n<h3 class=\"wp-block-heading\">Vos revenus d\u00e9pendent d&#039;une r\u00e9ception stable SMS<\/h3>\n\n\n\n<p>Assurez-vous que votre appareil utilise le mode r\u00e9seau appropri\u00e9 afin de ne pas perdre de messages \u2014 ni d&#039;argent \u2014 \u00e0 cause d&#039;un simple r\u00e9glage.<\/p>\n\n\n\n<p>Si vous avez besoin d&#039;aide, n&#039;h\u00e9sitez pas \u00e0 nous contacter via notre chat d&#039;assistance.<\/p>\n\n\n\n<hr class=\"wp-block-separator has-alpha-channel-opacity\"\/>\n\n\n\n<p><\/p>","protected":false},"excerpt":{"rendered":"<p>When you rent out phone numbers, the most important thing is that your device receives SMS without interruptions. If messages stop arriving, your earnings drop \u2014 it\u2019s that simple. One of the reasons this happens is the wrong network mode. What\u2019s Going On? Many mobile operators have already shut down 3G or are in the [&hellip;]<\/p>\n","protected":false},"author":1,"featured_media":0,"parent":0,"menu_order":0,"comment_status":"closed","ping_status":"closed","template":"","meta":{"footnotes":""},"class_list":["post-959","page","type-page","status-publish","hentry"],"yoast_head":"<!-- This site is optimized with the Yoast SEO plugin v27.5 - https:\/\/yoast.com\/product\/yoast-seo-wordpress\/ -->\n<title>Best Network Settings for Reliable SMS Delivery (2G, 4G\/5G)<\/title>\n<meta name=\"description\" content=\"Learn which network mode to use for stable SMS delivery. Find out why 2G or 4G\/5G settings improve performance and prevent message loss on rental devices.\" \/>\n<meta name=\"robots\" content=\"index, follow, max-snippet:-1, max-image-preview:large, max-video-preview:-1\" \/>\n<link rel=\"canonical\" href=\"https:\/\/sharingsms.com\/fr\/best-network-settings-for-sms-delivery\/\" \/>\n<meta property=\"og:locale\" content=\"fr_FR\" \/>\n<meta property=\"og:type\" content=\"article\" \/>\n<meta property=\"og:title\" content=\"Best Network Settings for Reliable SMS Delivery (2G, 4G\/5G)\" \/>\n<meta property=\"og:description\" content=\"Learn which network mode to use for stable SMS delivery. Find out why 2G or 4G\/5G settings improve performance and prevent message loss on rental devices.\" \/>\n<meta property=\"og:url\" content=\"https:\/\/sharingsms.com\/fr\/best-network-settings-for-sms-delivery\/\" \/>\n<meta property=\"og:site_name\" content=\"SMS Sharing\" \/>\n<meta property=\"article:modified_time\" content=\"2025-12-08T18:49:34+00:00\" \/>\n<meta name=\"twitter:card\" content=\"summary_large_image\" \/>\n<meta name=\"twitter:label1\" content=\"Dur\u00e9e de lecture estim\u00e9e\" \/>\n\t<meta name=\"twitter:data1\" content=\"2 minutes\" \/>\n<script type=\"application\/ld+json\" class=\"yoast-schema-graph\">{\"@context\":\"https:\\\/\\\/schema.org\",\"@graph\":[{\"@type\":\"WebPage\",\"@id\":\"https:\\\/\\\/sharingsms.com\\\/best-network-settings-for-sms-delivery\\\/\",\"url\":\"https:\\\/\\\/sharingsms.com\\\/best-network-settings-for-sms-delivery\\\/\",\"name\":\"Best Network Settings for Reliable SMS Delivery (2G, 4G\\\/5G)\",\"isPartOf\":{\"@id\":\"https:\\\/\\\/sharingsms.com\\\/#website\"},\"datePublished\":\"2025-12-08T18:42:30+00:00\",\"dateModified\":\"2025-12-08T18:49:34+00:00\",\"description\":\"Learn which network mode to use for stable SMS delivery. Find out why 2G or 4G\\\/5G settings improve performance and prevent message loss on rental devices.\",\"breadcrumb\":{\"@id\":\"https:\\\/\\\/sharingsms.com\\\/best-network-settings-for-sms-delivery\\\/#breadcrumb\"},\"inLanguage\":\"fr-FR\",\"potentialAction\":[{\"@type\":\"ReadAction\",\"target\":[\"https:\\\/\\\/sharingsms.com\\\/best-network-settings-for-sms-delivery\\\/\"]}]},{\"@type\":\"BreadcrumbList\",\"@id\":\"https:\\\/\\\/sharingsms.com\\\/best-network-settings-for-sms-delivery\\\/#breadcrumb\",\"itemListElement\":[{\"@type\":\"ListItem\",\"position\":1,\"name\":\"Home\",\"item\":\"https:\\\/\\\/sharingsms.com\\\/\"},{\"@type\":\"ListItem\",\"position\":2,\"name\":\"Why the Right Network Mode (2G or 4G\\\/5G) Helps You Earn More\"}]},{\"@type\":\"WebSite\",\"@id\":\"https:\\\/\\\/sharingsms.com\\\/#website\",\"url\":\"https:\\\/\\\/sharingsms.com\\\/\",\"name\":\"SMS Sharing\",\"description\":\"\",\"potentialAction\":[{\"@type\":\"SearchAction\",\"target\":{\"@type\":\"EntryPoint\",\"urlTemplate\":\"https:\\\/\\\/sharingsms.com\\\/?s={search_term_string}\"},\"query-input\":{\"@type\":\"PropertyValueSpecification\",\"valueRequired\":true,\"valueName\":\"search_term_string\"}}],\"inLanguage\":\"fr-FR\"}]}<\/script>\n<!-- \/ Yoast SEO plugin. -->","yoast_head_json":{"title":"Param\u00e8tres r\u00e9seau optimaux pour une transmission fiable du protocole SMS (2G, 4G\/5G)","description":"D\u00e9couvrez le mode r\u00e9seau \u00e0 utiliser pour une transmission SMS stable. Comprenez pourquoi les param\u00e8tres 2G ou 4G\/5G am\u00e9liorent les performances et \u00e9vitent la perte de messages sur les appareils de location.","robots":{"index":"index","follow":"follow","max-snippet":"max-snippet:-1","max-image-preview":"max-image-preview:large","max-video-preview":"max-video-preview:-1"},"canonical":"https:\/\/sharingsms.com\/fr\/best-network-settings-for-sms-delivery\/","og_locale":"fr_FR","og_type":"article","og_title":"Best Network Settings for Reliable SMS Delivery (2G, 4G\/5G)","og_description":"Learn which network mode to use for stable SMS delivery. Find out why 2G or 4G\/5G settings improve performance and prevent message loss on rental devices.","og_url":"https:\/\/sharingsms.com\/fr\/best-network-settings-for-sms-delivery\/","og_site_name":"SMS Sharing","article_modified_time":"2025-12-08T18:49:34+00:00","twitter_card":"summary_large_image","twitter_misc":{"Dur\u00e9e de lecture estim\u00e9e":"2 minutes"},"schema":{"@context":"https:\/\/schema.org","@graph":[{"@type":"WebPage","@id":"https:\/\/sharingsms.com\/best-network-settings-for-sms-delivery\/","url":"https:\/\/sharingsms.com\/best-network-settings-for-sms-delivery\/","name":"Param\u00e8tres r\u00e9seau optimaux pour une transmission fiable du protocole SMS (2G, 4G\/5G)","isPartOf":{"@id":"https:\/\/sharingsms.com\/#website"},"datePublished":"2025-12-08T18:42:30+00:00","dateModified":"2025-12-08T18:49:34+00:00","description":"D\u00e9couvrez le mode r\u00e9seau \u00e0 utiliser pour une transmission SMS stable. Comprenez pourquoi les param\u00e8tres 2G ou 4G\/5G am\u00e9liorent les performances et \u00e9vitent la perte de messages sur les appareils de location.","breadcrumb":{"@id":"https:\/\/sharingsms.com\/best-network-settings-for-sms-delivery\/#breadcrumb"},"inLanguage":"fr-FR","potentialAction":[{"@type":"ReadAction","target":["https:\/\/sharingsms.com\/best-network-settings-for-sms-delivery\/"]}]},{"@type":"BreadcrumbList","@id":"https:\/\/sharingsms.com\/best-network-settings-for-sms-delivery\/#breadcrumb","itemListElement":[{"@type":"ListItem","position":1,"name":"Home","item":"https:\/\/sharingsms.com\/"},{"@type":"ListItem","position":2,"name":"Why the Right Network Mode (2G or 4G\/5G) Helps You Earn More"}]},{"@type":"WebSite","@id":"https:\/\/sharingsms.com\/#website","url":"https:\/\/sharingsms.com\/","name":"Partage de SMS","description":"","potentialAction":[{"@type":"SearchAction","target":{"@type":"EntryPoint","urlTemplate":"https:\/\/sharingsms.com\/?s={search_term_string}"},"query-input":{"@type":"PropertyValueSpecification","valueRequired":true,"valueName":"search_term_string"}}],"inLanguage":"fr-FR"}]}},"_links":{"self":[{"href":"https:\/\/sharingsms.com\/fr\/wp-json\/wp\/v2\/pages\/959","targetHints":{"allow":["GET"]}}],"collection":[{"href":"https:\/\/sharingsms.com\/fr\/wp-json\/wp\/v2\/pages"}],"about":[{"href":"https:\/\/sharingsms.com\/fr\/wp-json\/wp\/v2\/types\/page"}],"author":[{"embeddable":true,"href":"https:\/\/sharingsms.com\/fr\/wp-json\/wp\/v2\/users\/1"}],"replies":[{"embeddable":true,"href":"https:\/\/sharingsms.com\/fr\/wp-json\/wp\/v2\/comments?post=959"}],"version-history":[{"count":3,"href":"https:\/\/sharingsms.com\/fr\/wp-json\/wp\/v2\/pages\/959\/revisions"}],"predecessor-version":[{"id":964,"href":"https:\/\/sharingsms.com\/fr\/wp-json\/wp\/v2\/pages\/959\/revisions\/964"}],"wp:attachment":[{"href":"https:\/\/sharingsms.com\/fr\/wp-json\/wp\/v2\/media?parent=959"}],"curies":[{"name":"wp","href":"https:\/\/api.w.org\/{rel}","templated":true}]}}