{"id":968,"date":"2026-03-05T11:00:54","date_gmt":"2026-03-05T11:00:54","guid":{"rendered":"https:\/\/sharingsms.com\/?page_id=968"},"modified":"2026-03-05T11:00:54","modified_gmt":"2026-03-05T11:00:54","slug":"infected-smartphones-warning","status":"publish","type":"page","link":"https:\/\/sharingsms.com\/fr\/infected-smartphones-warning\/","title":{"rendered":"Alerte de s\u00e9curit\u00e9\u00a0: Logiciel malveillant pr\u00e9sent dans les smartphones d\u2019entr\u00e9e de gamme de marques inconnues (Alps, Soyes, Lingbo)"},"content":{"rendered":"<p>Chers partenaires,<\/p>\n\n\n\n<p>Nous avons r\u00e9cemment constat\u00e9 une augmentation de l&#039;utilisation de <strong>smartphones chinois \u00e9conomiques<\/strong> de marques inconnues (soi-disant) <strong>\u201c sans nom \u201d<\/strong>) pour travailler avec <em>Sharing SMS<\/em>. Parmi eux figurent les Alps XS15, Alps S23 Pro, Alps P70 Pro Max, Alps 16 Pro, Soyes XS11, Lingbo G24 mini, et d&#039;autres encore. Ces appareils contiennent souvent <strong>code malveillant<\/strong> (comme le <strong>Gu\u00e9rilla<\/strong> ou <strong>Triada<\/strong> des chevaux de Troie) int\u00e9gr\u00e9s \u00e0 leur micrologiciel.<\/p>\n\n\n\n<p>Nous sommes contraints de vous mettre en garde contre ces dangers, car cela affecte directement vos revenus.<\/p>\n\n\n\n<h2 class=\"wp-block-heading\"><strong>Informations concernant les appareils infect\u00e9s\u00a0:<\/strong><\/h2>\n\n\n\n<ul class=\"wp-block-list\">\n<li>Selon<a href=\"https:\/\/heimdalsecurity.com\/blog\/lemon-gang-pre-infects-9-million-android-devices-with-malware\/\" target=\"_blank\" rel=\"noreferrer noopener nofollow\"> Heimdal Security<\/a>, pr\u00e8s de 9 millions d&#039;appareils Android sont infect\u00e9s par le logiciel malveillant \u201c Guerrilla \u201d.<\/li>\n\n\n\n<li><a href=\"https:\/\/redskyalliance.org\/\" target=\"_blank\" rel=\"noreferrer noopener nofollow\">Alliance du Ciel Rouge<\/a> Des rapports indiquent que le cheval de Troie Triada est utilis\u00e9 pour contr\u00f4ler des millions de smartphones.<\/li>\n\n\n\n<li>Selon<a href=\"https:\/\/www.cybersecuritytribe.com\/news\/lemon-group-guerilla-malware-pre-infects-millions-of-android-devices\" target=\"_blank\" rel=\"noreferrer noopener nofollow\"> CybersecurityTribe<\/a>, Un seul groupe de cybercriminels contr\u00f4le des millions d&#039;appareils dans 180 pays.<\/li>\n\n\n\n<li>Les logiciels malveillants peuvent\u00a0:\n<ul class=\"wp-block-list\">\n<li>Intercepter les messages SMS avec des mots de passe \u00e0 usage unique\u00a0;<\/li>\n\n\n\n<li>Configurer des serveurs proxy inverses\u00a0;<\/li>\n\n\n\n<li>D\u00e9tourner les sessions WhatsApp et autres messageries instantan\u00e9es\u00a0;<\/li>\n\n\n\n<li>Cr\u00e9er des comptes \u00e0 l&#039;insu de l&#039;utilisateur<\/li>\n<\/ul>\n<\/li>\n<\/ul>\n\n\n\n<h2 class=\"wp-block-heading\"><strong>Quels sont les risques ?<\/strong><\/h2>\n\n\n\n<ol class=\"wp-block-list\">\n<li><strong>Inscription automatique du compte.<\/strong><br>D\u00e8s que vous ins\u00e9rez une carte SIM dans un tel smartphone, le logiciel malveillant commence \u00e0 cr\u00e9er des comptes sur des services (WhatsApp, Facebook, Tinder, JingDong, etc.) \u00e0 votre insu. Vous ne verrez pas la carte SMS contenant les codes, mais ceux-ci sont intercept\u00e9s et envoy\u00e9s \u00e0 des personnes malveillantes.<\/li>\n<\/ol>\n\n\n\n<ol start=\"2\" class=\"wp-block-list\">\n<li><strong>Ces num\u00e9ros deviennent impropres \u00e0 la location.<\/strong><br>Si le support technique vous informe que vos num\u00e9ros sont d\u00e9j\u00e0 satur\u00e9s d&#039;inscriptions, ils ne peuvent plus \u00eatre lou\u00e9s \u00e0 des clients. Cela engendre des pertes impr\u00e9vues\u00a0: vous devrez acheter de nouvelles cartes et de nouveaux appareils SIM.<\/li>\n<\/ol>\n\n\n\n<ol start=\"3\" class=\"wp-block-list\">\n<li><strong>Probl\u00e8mes li\u00e9s aux chiffres de \u201c nettoyage \u201d.<\/strong><br>Vous pouvez essayer de supprimer manuellement les comptes associ\u00e9s \u00e0 vos num\u00e9ros (consultez la liste des services avec assistance technique). Cependant, le succ\u00e8s n&#039;est pas garanti.\n<ul class=\"wp-block-list\">\n<li>Il est possible que l&#039;authentification \u00e0 deux facteurs (2FA) soit activ\u00e9e pour certains comptes.<\/li>\n\n\n\n<li>Si un service (tel que WhatsApp) d\u00e9tecte une activit\u00e9 suspecte, il peut bloquer d\u00e9finitivement le num\u00e9ro.<\/li>\n<\/ul>\n<\/li>\n<\/ol>\n\n\n\n<ol start=\"4\" class=\"wp-block-list\">\n<li><strong>Menaces suppl\u00e9mentaires li\u00e9es aux chevaux de Troie.<\/strong><br>En plus d&#039;intercepter SMS, les logiciels malveillants peuvent\u00a0:\n<ul class=\"wp-block-list\">\n<li>Installer des publicit\u00e9s intrusives\u00a0;<\/li>\n\n\n\n<li>Voler des donn\u00e9es de compte (par exemple, les cookies de Facebook) ;<\/li>\n\n\n\n<li>Utilisez votre appareil pour des escroqueries.<\/li>\n<\/ul>\n<\/li>\n<\/ol>\n\n\n\n<ol start=\"5\" class=\"wp-block-list\">\n<li><strong>Risque de baisse de notation dans <\/strong><strong><em>Sharing SMS.<\/em><\/strong><br>Si de tels cas de falsification de num\u00e9ros se produisent fr\u00e9quemment, votre note au sein du service pourrait diminuer, ce qui affectera directement vos revenus.<br><\/li>\n<\/ol>\n\n\n\n<h2 class=\"wp-block-heading\"><strong>Que devez-vous faire ?<\/strong><\/h2>\n\n\n\n<ul class=\"wp-block-list\">\n<li>Utilisez des smartphones de fabricants r\u00e9put\u00e9s et fiables, tels que Samsung, Xiaomi, ZTE, et autres.<\/li>\n\n\n\n<li>\u00c9vitez les smartphones chinois bon march\u00e9 de marques inconnues\u00a0: le code malveillant est int\u00e9gr\u00e9 au niveau du micrologiciel et ne peut pas \u00eatre supprim\u00e9 par un logiciel antivirus.<\/li>\n\n\n\n<li>N\u2019oubliez pas le verrouillage de l\u2019\u00e9cran. D\u00e9finir un mot de passe, un sch\u00e9ma, une empreinte digitale ou la reconnaissance faciale sur l\u2019appareil permet d\u2019emp\u00eacher tout acc\u00e8s non autoris\u00e9 aux donn\u00e9es en cas de vol ou de perte.<\/li>\n\n\n\n<li>Si le support technique vous avertit de num\u00e9ros spamm\u00e9s, remplacez-les par de nouveaux en les installant sur des appareils fiables, ou essayez de nettoyer les num\u00e9ros (supprimez les comptes dans les services sp\u00e9cifi\u00e9s et envoyez des captures d&#039;\u00e9cran de confirmation).<\/li>\n<\/ul>\n\n\n\n<p><strong>Le seul sc\u00e9nario positif<\/strong> L&#039;utilisation d&#039;un smartphone bas de gamme de marque inconnue pr\u00e9sente l&#039;avantage de limiter le risque si le logiciel malveillant ne parvient pas \u00e0 identifier le num\u00e9ro de t\u00e9l\u00e9phone de la carte SIM (certains op\u00e9rateurs bloquent cette fonctionnalit\u00e9). Dans ce cas, le risque est moindre, mais la s\u00e9curit\u00e9 n&#039;est pas totalement garantie.<\/p>\n\n\n\n<h2 class=\"wp-block-heading\"><strong>Important \u00e0 retenir !<\/strong><\/h2>\n\n\n\n<p>L&#039;utilisation d&#039;appareils infect\u00e9s est un risque que vous prenez en toute connaissance de cause. <em>Sharing SMS<\/em> Ce service ne couvre pas les pertes li\u00e9es au remplacement des cartes et appareils SIM.<br><\/p>\n\n\n\n<p><strong>Mat\u00e9riaux utiles :<\/strong><\/p>\n\n\n\n<ul class=\"wp-block-list\">\n<li><a href=\"https:\/\/www.trendmicro.com\/en_us\/research\/23\/e\/lemon-group-cybercriminal-businesses-built-on-preinfected-devices.html\" target=\"_blank\" rel=\"noreferrer noopener nofollow\">Trend Micro\u00a0: Chevaux de Troie dans les appareils pr\u00e9install\u00e9s<\/a><\/li>\n\n\n\n<li><a href=\"https:\/\/heimdalsecurity.com\/blog\/lemon-gang-pre-infects-9-million-android-devices-with-malware\/\" target=\"_blank\" rel=\"noreferrer noopener nofollow\">Heimdal Security : 9 millions d&#039;appareils infect\u00e9s<\/a><\/li>\n\n\n\n<li><a href=\"https:\/\/www.bleepingcomputer.com\/news\/security\/cybercrime-gang-pre-infects-millions-of-android-devices-with-malware\/\" target=\"_blank\" rel=\"noreferrer noopener nofollow\">BleepingComputer\u00a0: Des cybercriminels infectent des millions d\u2019appareils Android<\/a><\/li>\n\n\n\n<li><a href=\"https:\/\/www.cybersecuritytribe.com\/news\/lemon-group-guerilla-malware-pre-infects-millions-of-android-devices\" target=\"_blank\" rel=\"noreferrer noopener nofollow\">CybersecurityTribe\u00a0: Le groupe Lemon a infect\u00e9 des millions de smartphones<\/a><\/li>\n<\/ul>\n\n\n\n<p><\/p>","protected":false},"excerpt":{"rendered":"<p>Dear Partners, Recently, we have noticed an increase in the use of budget Chinese smartphones from unknown brands (so-called &#8220;no-names&#8221;) for working with Sharing SMS. Among them are Alps XS15, Alps S23 Pro, Alps P70 Pro Max, Alps 16 Pro, Soyes XS11, Lingbo G24 mini, and others. These devices often contain malicious code (such as [&hellip;]<\/p>\n","protected":false},"author":1,"featured_media":0,"parent":0,"menu_order":0,"comment_status":"closed","ping_status":"closed","template":"","meta":{"footnotes":""},"class_list":["post-968","page","type-page","status-publish","hentry"],"yoast_head":"<!-- This site is optimized with the Yoast SEO plugin v27.4 - https:\/\/yoast.com\/product\/yoast-seo-wordpress\/ -->\n<title>Stop Using Infected Phones! Protect Your SIM Rental Profits<\/title>\n<meta name=\"description\" content=\"&quot;Using budget &#039;no-name&#039; Android phones like Alps or Soyes can kill your SMS earnings. Learn about Triada\/Guerrilla malware, SMS interception, and how to protect your SIM cards.&quot;\" \/>\n<meta name=\"robots\" content=\"index, follow, max-snippet:-1, max-image-preview:large, max-video-preview:-1\" \/>\n<link rel=\"canonical\" href=\"https:\/\/sharingsms.com\/fr\/infected-smartphones-warning\/\" \/>\n<meta property=\"og:locale\" content=\"fr_FR\" \/>\n<meta property=\"og:type\" content=\"article\" \/>\n<meta property=\"og:title\" content=\"Stop Using Infected Phones! Protect Your SIM Rental Profits\" \/>\n<meta property=\"og:description\" content=\"&quot;Using budget &#039;no-name&#039; Android phones like Alps or Soyes can kill your SMS earnings. Learn about Triada\/Guerrilla malware, SMS interception, and how to protect your SIM cards.&quot;\" \/>\n<meta property=\"og:url\" content=\"https:\/\/sharingsms.com\/fr\/infected-smartphones-warning\/\" \/>\n<meta property=\"og:site_name\" content=\"SMS Sharing\" \/>\n<meta name=\"twitter:card\" content=\"summary_large_image\" \/>\n<meta name=\"twitter:label1\" content=\"Dur\u00e9e de lecture estim\u00e9e\" \/>\n\t<meta name=\"twitter:data1\" content=\"3 minutes\" \/>\n<script type=\"application\/ld+json\" class=\"yoast-schema-graph\">{\"@context\":\"https:\\\/\\\/schema.org\",\"@graph\":[{\"@type\":\"WebPage\",\"@id\":\"https:\\\/\\\/sharingsms.com\\\/infected-smartphones-warning\\\/\",\"url\":\"https:\\\/\\\/sharingsms.com\\\/infected-smartphones-warning\\\/\",\"name\":\"Stop Using Infected Phones! Protect Your SIM Rental Profits\",\"isPartOf\":{\"@id\":\"https:\\\/\\\/sharingsms.com\\\/#website\"},\"datePublished\":\"2026-03-05T11:00:54+00:00\",\"description\":\"\\\"Using budget 'no-name' Android phones like Alps or Soyes can kill your SMS earnings. Learn about Triada\\\/Guerrilla malware, SMS interception, and how to protect your SIM cards.\\\"\",\"breadcrumb\":{\"@id\":\"https:\\\/\\\/sharingsms.com\\\/infected-smartphones-warning\\\/#breadcrumb\"},\"inLanguage\":\"fr-FR\",\"potentialAction\":[{\"@type\":\"ReadAction\",\"target\":[\"https:\\\/\\\/sharingsms.com\\\/infected-smartphones-warning\\\/\"]}]},{\"@type\":\"BreadcrumbList\",\"@id\":\"https:\\\/\\\/sharingsms.com\\\/infected-smartphones-warning\\\/#breadcrumb\",\"itemListElement\":[{\"@type\":\"ListItem\",\"position\":1,\"name\":\"Home\",\"item\":\"https:\\\/\\\/sharingsms.com\\\/\"},{\"@type\":\"ListItem\",\"position\":2,\"name\":\"Security Warning: Malware in Budget &#8220;No-Name&#8221; Smartphones (Alps, Soyes, Lingbo)\"}]},{\"@type\":\"WebSite\",\"@id\":\"https:\\\/\\\/sharingsms.com\\\/#website\",\"url\":\"https:\\\/\\\/sharingsms.com\\\/\",\"name\":\"SMS Sharing\",\"description\":\"\",\"potentialAction\":[{\"@type\":\"SearchAction\",\"target\":{\"@type\":\"EntryPoint\",\"urlTemplate\":\"https:\\\/\\\/sharingsms.com\\\/?s={search_term_string}\"},\"query-input\":{\"@type\":\"PropertyValueSpecification\",\"valueRequired\":true,\"valueName\":\"search_term_string\"}}],\"inLanguage\":\"fr-FR\"}]}<\/script>\n<!-- \/ Yoast SEO plugin. -->","yoast_head_json":{"title":"Cessez d&#039;utiliser des t\u00e9l\u00e9phones infect\u00e9s ! Prot\u00e9gez vos revenus locatifs SIM !","description":"\"Utiliser des smartphones Android bas de gamme de marques inconnues comme Alps ou Soyes peut compromettre vos gains SMS. D\\u00e9couvrez le logiciel malveillant Triada\\\/Guerrilla, l&#039;interception des donn\\u00e9es SMS et comment prot\\u00e9ger vos cartes SIM.\"","robots":{"index":"index","follow":"follow","max-snippet":"max-snippet:-1","max-image-preview":"max-image-preview:large","max-video-preview":"max-video-preview:-1"},"canonical":"https:\/\/sharingsms.com\/fr\/infected-smartphones-warning\/","og_locale":"fr_FR","og_type":"article","og_title":"Stop Using Infected Phones! Protect Your SIM Rental Profits","og_description":"\"Using budget 'no-name' Android phones like Alps or Soyes can kill your SMS earnings. Learn about Triada\/Guerrilla malware, SMS interception, and how to protect your SIM cards.\"","og_url":"https:\/\/sharingsms.com\/fr\/infected-smartphones-warning\/","og_site_name":"SMS Sharing","twitter_card":"summary_large_image","twitter_misc":{"Dur\u00e9e de lecture estim\u00e9e":"3 minutes"},"schema":{"@context":"https:\/\/schema.org","@graph":[{"@type":"WebPage","@id":"https:\/\/sharingsms.com\/infected-smartphones-warning\/","url":"https:\/\/sharingsms.com\/infected-smartphones-warning\/","name":"Cessez d&#039;utiliser des t\u00e9l\u00e9phones infect\u00e9s ! Prot\u00e9gez vos revenus locatifs SIM !","isPartOf":{"@id":"https:\/\/sharingsms.com\/#website"},"datePublished":"2026-03-05T11:00:54+00:00","description":"\"Utiliser des smartphones Android bas de gamme de marques inconnues comme Alps ou Soyes peut compromettre vos gains SMS. D\\u00e9couvrez le logiciel malveillant Triada\\\/Guerrilla, l&#039;interception des donn\\u00e9es SMS et comment prot\\u00e9ger vos cartes SIM.\"","breadcrumb":{"@id":"https:\/\/sharingsms.com\/infected-smartphones-warning\/#breadcrumb"},"inLanguage":"fr-FR","potentialAction":[{"@type":"ReadAction","target":["https:\/\/sharingsms.com\/infected-smartphones-warning\/"]}]},{"@type":"BreadcrumbList","@id":"https:\/\/sharingsms.com\/infected-smartphones-warning\/#breadcrumb","itemListElement":[{"@type":"ListItem","position":1,"name":"Home","item":"https:\/\/sharingsms.com\/"},{"@type":"ListItem","position":2,"name":"Security Warning: Malware in Budget &#8220;No-Name&#8221; Smartphones (Alps, Soyes, Lingbo)"}]},{"@type":"WebSite","@id":"https:\/\/sharingsms.com\/#website","url":"https:\/\/sharingsms.com\/","name":"Partage de SMS","description":"","potentialAction":[{"@type":"SearchAction","target":{"@type":"EntryPoint","urlTemplate":"https:\/\/sharingsms.com\/?s={search_term_string}"},"query-input":{"@type":"PropertyValueSpecification","valueRequired":true,"valueName":"search_term_string"}}],"inLanguage":"fr-FR"}]}},"_links":{"self":[{"href":"https:\/\/sharingsms.com\/fr\/wp-json\/wp\/v2\/pages\/968","targetHints":{"allow":["GET"]}}],"collection":[{"href":"https:\/\/sharingsms.com\/fr\/wp-json\/wp\/v2\/pages"}],"about":[{"href":"https:\/\/sharingsms.com\/fr\/wp-json\/wp\/v2\/types\/page"}],"author":[{"embeddable":true,"href":"https:\/\/sharingsms.com\/fr\/wp-json\/wp\/v2\/users\/1"}],"replies":[{"embeddable":true,"href":"https:\/\/sharingsms.com\/fr\/wp-json\/wp\/v2\/comments?post=968"}],"version-history":[{"count":1,"href":"https:\/\/sharingsms.com\/fr\/wp-json\/wp\/v2\/pages\/968\/revisions"}],"predecessor-version":[{"id":969,"href":"https:\/\/sharingsms.com\/fr\/wp-json\/wp\/v2\/pages\/968\/revisions\/969"}],"wp:attachment":[{"href":"https:\/\/sharingsms.com\/fr\/wp-json\/wp\/v2\/media?parent=968"}],"curies":[{"name":"wp","href":"https:\/\/api.w.org\/{rel}","templated":true}]}}