{"id":671,"date":"2023-09-13T10:53:26","date_gmt":"2023-09-13T10:53:26","guid":{"rendered":"https:\/\/sharingsms.com\/?page_id=671"},"modified":"2025-04-15T11:38:05","modified_gmt":"2025-04-15T11:38:05","slug":"how-to-start","status":"publish","type":"page","link":"https:\/\/sharingsms.com\/it\/how-to-start\/","title":{"rendered":"Come configurare l'Sharing SMS: istruzioni passo per passo"},"content":{"rendered":"<ol class=\"wp-block-list\">\n<li>Acquistare carte SIM di operatori mobili locali con un pacchetto minimo di servizi prepagati.<\/li>\n\n\n\n<li>Inserire le schede SIM nei dispositivi Android con versione Android 6 o superiore. Verificare la registrazione della rete.<\/li>\n\n\n\n<li>Creare un account partner nella sezione <a href=\"https:\/\/sharesms-weboffice.betasms.net\/#\/register\">gabinetto personale del sito<\/a>.<\/li>\n\n\n\n<li>Dal mobile personale scaricare l'applicazione (file APK) dal link.<\/li>\n\n\n\n<li>Installate l'applicazione Sharing SMS sui vostri dispositivi e assicuratevi di fornire tutte le autorizzazioni necessarie* per il corretto funzionamento dell'applicazione.<\/li>\n\n\n\n<li>All'avvio, verr\u00e0 richiesto di rendere Sharing SMS l'applicazione di condivisione SMS predefinita. Nelle versioni precedenti di Android, questa operazione \u00e8 necessaria per ricevere l'SMS. Pertanto, si consiglia di farlo. \u00c8 possibile farlo anche nelle impostazioni dell'app.<\/li>\n\n\n\n<li>Aggiungete all'app carte SIM nuove di zecca, precedentemente inutilizzate, facendo clic sul pulsante (+). La verifica del numero avviene automaticamente, senza bisogno di inserire il codice di una SMS.<\/li>\n<\/ol>\n\n\n<div class=\"wp-block-image\">\n<figure class=\"aligncenter is-resized\"><img loading=\"lazy\" decoding=\"async\" width=\"702\" height=\"1600\" src=\"https:\/\/sharingsms.com\/wp-content\/uploads\/2023\/09\/image.png\" alt=\"\" class=\"wp-image-677\" style=\"object-fit:contain;width:400px;height:700px\" srcset=\"https:\/\/sharingsms.com\/wp-content\/uploads\/2023\/09\/image.png 702w, https:\/\/sharingsms.com\/wp-content\/uploads\/2023\/09\/image-132x300.png 132w, https:\/\/sharingsms.com\/wp-content\/uploads\/2023\/09\/image-449x1024.png 449w, https:\/\/sharingsms.com\/wp-content\/uploads\/2023\/09\/image-674x1536.png 674w, https:\/\/sharingsms.com\/wp-content\/uploads\/2023\/09\/image-5x12.png 5w\" sizes=\"auto, (max-width: 702px) 100vw, 702px\" \/><\/figure>\n<\/div>\n\n\n<p><em><strong>I numeri aggiunti possono avere i seguenti stati: Attivo o Inattivo.<\/strong><\/em><\/p>\n\n\n\n<p><strong>Inattivo<\/strong> Lo stato significa che il numero non \u00e8 ancora disponibile per l'affitto.<br><strong>Attivo<\/strong> Lo stato significa che il numero \u00e8 stato affittato e che si stanno effettuando gli addebiti.<\/p>\n\n\n\n<p><strong>Attenzione! <\/strong>Dopo aver aggiunto un numero, viene attivata la modalit\u00e0 \"Valutazione della stabilit\u00e0 del numero\": la piattaforma monitora la stabilit\u00e0 del numero per un certo periodo di tempo, di solito dieci giorni. Se durante questo periodo non si verificano problemi di disponibilit\u00e0, il numero diventa disponibile per l'affitto. Una volta che il numero \u00e8 disponibile per l'affitto, si pu\u00f2 iniziare a guadagnare.<\/p>\n\n\n\n<ol start=\"8\" class=\"wp-block-list\">\n<li>Disattivate la modalit\u00e0 di risparmio energetico o di ottimizzazione della batteria sul vostro dispositivo (grazie a questa modalit\u00e0 Android pu\u00f2 limitare il lavoro dell'applicazione in background o scaricarla del tutto dalla memoria del telefono).<\/li>\n<\/ol>\n\n\n\n<p>A tal fine, nelle impostazioni dell'Sharing SMS, fare clic su <strong>IGNORARE L'OTTIMIZZAZIONE DELLA BATTERIA<\/strong> e consente di disattivare l'ottimizzazione della batteria per l'applicazione.<\/p>\n\n\n<div class=\"wp-block-image\">\n<figure class=\"aligncenter is-resized\"><img loading=\"lazy\" decoding=\"async\" width=\"702\" height=\"1600\" src=\"https:\/\/sharingsms.com\/wp-content\/uploads\/2023\/09\/image-6.png\" alt=\"\" class=\"wp-image-683\" style=\"object-fit:cover;width:400px;height:700px\" srcset=\"https:\/\/sharingsms.com\/wp-content\/uploads\/2023\/09\/image-6.png 702w, https:\/\/sharingsms.com\/wp-content\/uploads\/2023\/09\/image-6-132x300.png 132w, https:\/\/sharingsms.com\/wp-content\/uploads\/2023\/09\/image-6-449x1024.png 449w, https:\/\/sharingsms.com\/wp-content\/uploads\/2023\/09\/image-6-674x1536.png 674w, https:\/\/sharingsms.com\/wp-content\/uploads\/2023\/09\/image-6-5x12.png 5w\" sizes=\"auto, (max-width: 702px) 100vw, 702px\" \/><\/figure>\n<\/div>\n\n\n<p>Quindi, nelle impostazioni dell'app, toccare APRI IMPOSTAZIONI APP &gt; nella schermata Informazioni, cercare Controllo attivit\u00e0, Utilizzo batteria o Batteria. Disattivare l'esecuzione dell'app in background e disabilitare i lanci per risparmiare energia.<\/p>\n\n\n\n<p>9. Tra le azioni aggiuntive che aumentano la stabilit\u00e0 dell'applicazione, \u00e8 possibile anche fissarla\/bloccarla nella RAM.<br>A tal fine, richiamare le applicazioni recenti utilizzando il pulsante del menu hardware. Tenere il dito sulla finestra dell'applicazione finch\u00e9 non vengono visualizzati i pulsanti &gt; premere il pulsante di blocco.<\/p>\n\n\n\n<p>10. Assicurarsi che nelle impostazioni di Android la modalit\u00e0 di risparmio energetico sia disattivata. E che l'ottimizzazione della batteria sia disabilitata per l'Sharing SMS. \u00c8 possibile utilizzare la ricerca delle impostazioni del telefono esistenti per accedere rapidamente a queste impostazioni.<\/p>\n\n\n\n<p>11. Verificare nelle impostazioni del dispositivo che la connessione di rete (Wi-Fi o dati mobili) non sia disabilitata in modalit\u00e0 sleep quando lo schermo \u00e8 spento.<\/p>\n\n\n\n<p>A seconda del sistema operativo del dispositivo, questa azione pu\u00f2 variare, ad esempio:<br><\/p>\n\n\n\n<ul class=\"wp-block-list\">\n<li><strong>Xiaomi<\/strong> - aprire Sicurezza &gt; Impostazioni (ingranaggio nell'angolo superiore) &gt; Accelerazione &gt; App appuntate &gt; selezionare dall'elenco.<\/li>\n\n\n\n<li><strong>Huawei<\/strong> - aprire le applicazioni in esecuzione &gt; scorrere il dito verso il basso sulla finestra dell'applicazione.<\/li>\n\n\n\n<li><strong>Oppo, Realme, OnePlus<\/strong> - chiamare le applicazioni in esecuzione &gt; menu sopra la finestra dell'applicazione &gt; Blocca.<\/li>\n<\/ul>\n\n\n\n<p>12. Aggiungete il vostro indirizzo e-mail al profilo del vostro account nell'armadietto personale. Vi consigliamo vivamente di farlo. L'e-mail \u00e8 necessaria per potervi informare sui cambiamenti di stato dei numeri di carta SIM, sui cosiddetti incidenti quando l'applicazione non comunica con il server o il numero non \u00e8 disponibile.<\/p>\n\n\n\n<p>13. Aggiungete l'indirizzo del vostro portafoglio USDT\/USDC nel vostro profilo personale per i pagamenti in contanti.<\/p>\n\n\n\n<ul class=\"wp-block-list\">\n<li>Autorizzazioni richieste<\/li>\n<\/ul>\n\n\n\n<p>Importante: per installare l'applicazione \u00e8 necessario consentire l'installazione di applicazioni da \"fonti sconosciute\" nelle impostazioni di Android.<\/p>\n\n\n\n<p><em>Una descrizione dettagliata dei permessi:<\/em><\/p>\n\n\n\n<ul class=\"wp-block-list\">\n<li>Telefono - per effettuare e gestire le chiamate: per ottenere lo stato del telefono, lo stato dell'attivit\u00e0<\/li>\n\n\n\n<li>Posizione - accesso ai dati sulla posizione del dispositivo: per ottenere informazioni dalle torri cellulari e dai punti di accesso.<\/li>\n\n\n\n<li>SMS - invio e visualizzazione di messaggi SMS: per poter confermare i numeri e inoltrare SMS<\/li>\n\n\n\n<li>Notifiche: per visualizzare nella barra delle notifiche una notifica con lo stato dei numeri di carta SIM<\/li>\n<\/ul>\n\n\n\n<h2 class=\"wp-block-heading\"><strong>Schermata<\/strong><\/h2>\n\n\n<div class=\"wp-block-image\">\n<figure class=\"aligncenter is-resized\"><img loading=\"lazy\" decoding=\"async\" width=\"702\" height=\"1600\" src=\"https:\/\/sharingsms.com\/wp-content\/uploads\/2023\/09\/image-3.png\" alt=\"\" class=\"wp-image-680\" style=\"object-fit:cover;width:400px;height:700px\" srcset=\"https:\/\/sharingsms.com\/wp-content\/uploads\/2023\/09\/image-3.png 702w, https:\/\/sharingsms.com\/wp-content\/uploads\/2023\/09\/image-3-132x300.png 132w, https:\/\/sharingsms.com\/wp-content\/uploads\/2023\/09\/image-3-449x1024.png 449w, https:\/\/sharingsms.com\/wp-content\/uploads\/2023\/09\/image-3-674x1536.png 674w, https:\/\/sharingsms.com\/wp-content\/uploads\/2023\/09\/image-3-5x12.png 5w\" sizes=\"auto, (max-width: 702px) 100vw, 702px\" \/><\/figure>\n<\/div>\n\n\n<p>I numeri delle schede SIM sono affittati, hanno uno stato attivo e una connessione stabile al server.<\/p>\n\n\n<div class=\"wp-block-image\">\n<figure class=\"aligncenter is-resized\"><img loading=\"lazy\" decoding=\"async\" width=\"702\" height=\"1600\" src=\"https:\/\/sharingsms.com\/wp-content\/uploads\/2023\/09\/image-4.png\" alt=\"\" class=\"wp-image-681\" style=\"object-fit:cover;width:400px;height:700px\" srcset=\"https:\/\/sharingsms.com\/wp-content\/uploads\/2023\/09\/image-4.png 702w, https:\/\/sharingsms.com\/wp-content\/uploads\/2023\/09\/image-4-132x300.png 132w, https:\/\/sharingsms.com\/wp-content\/uploads\/2023\/09\/image-4-449x1024.png 449w, https:\/\/sharingsms.com\/wp-content\/uploads\/2023\/09\/image-4-674x1536.png 674w, https:\/\/sharingsms.com\/wp-content\/uploads\/2023\/09\/image-4-5x12.png 5w\" sizes=\"auto, (max-width: 702px) 100vw, 702px\" \/><\/figure>\n<\/div>\n\n\n<p>Informazioni dettagliate sul numero SIM che l'applicazione scambia con il server.<\/p>\n\n\n<div class=\"wp-block-image\">\n<figure class=\"aligncenter is-resized\"><img loading=\"lazy\" decoding=\"async\" width=\"702\" height=\"1600\" src=\"https:\/\/sharingsms.com\/wp-content\/uploads\/2023\/09\/image-1.png\" alt=\"\" class=\"wp-image-678\" style=\"object-fit:cover;width:400px;height:700px\" srcset=\"https:\/\/sharingsms.com\/wp-content\/uploads\/2023\/09\/image-1.png 702w, https:\/\/sharingsms.com\/wp-content\/uploads\/2023\/09\/image-1-132x300.png 132w, https:\/\/sharingsms.com\/wp-content\/uploads\/2023\/09\/image-1-449x1024.png 449w, https:\/\/sharingsms.com\/wp-content\/uploads\/2023\/09\/image-1-674x1536.png 674w, https:\/\/sharingsms.com\/wp-content\/uploads\/2023\/09\/image-1-5x12.png 5w\" sizes=\"auto, (max-width: 702px) 100vw, 702px\" \/><\/figure>\n<\/div>\n\n\n<p>In caso di problemi di connessione al server o di indisponibilit\u00e0 della scheda SIM, i numeri visualizzano lo stato Failed.<\/p>\n\n\n\n<figure class=\"wp-block-image\"><img loading=\"lazy\" decoding=\"async\" width=\"1080\" height=\"494\" src=\"https:\/\/sharingsms.com\/wp-content\/uploads\/2023\/09\/image-2.png\" alt=\"\" class=\"wp-image-679\" srcset=\"https:\/\/sharingsms.com\/wp-content\/uploads\/2023\/09\/image-2.png 1080w, https:\/\/sharingsms.com\/wp-content\/uploads\/2023\/09\/image-2-300x137.png 300w, https:\/\/sharingsms.com\/wp-content\/uploads\/2023\/09\/image-2-1024x468.png 1024w, https:\/\/sharingsms.com\/wp-content\/uploads\/2023\/09\/image-2-768x351.png 768w, https:\/\/sharingsms.com\/wp-content\/uploads\/2023\/09\/image-2-18x8.png 18w\" sizes=\"auto, (max-width: 1080px) 100vw, 1080px\" \/><\/figure>\n\n\n\n<p>Il pannello di notifica (nella tendina) contiene una notifica dell'applicazione, in cui viene visualizzato lo stato dei numeri.<\/p>\n\n\n\n<figure class=\"wp-block-image\"><img loading=\"lazy\" decoding=\"async\" width=\"1600\" height=\"1055\" src=\"https:\/\/sharingsms.com\/wp-content\/uploads\/2023\/09\/image-5.png\" alt=\"\" class=\"wp-image-682\" style=\"object-fit:cover\" srcset=\"https:\/\/sharingsms.com\/wp-content\/uploads\/2023\/09\/image-5.png 1600w, https:\/\/sharingsms.com\/wp-content\/uploads\/2023\/09\/image-5-300x198.png 300w, https:\/\/sharingsms.com\/wp-content\/uploads\/2023\/09\/image-5-1024x675.png 1024w, https:\/\/sharingsms.com\/wp-content\/uploads\/2023\/09\/image-5-768x506.png 768w, https:\/\/sharingsms.com\/wp-content\/uploads\/2023\/09\/image-5-1536x1013.png 1536w, https:\/\/sharingsms.com\/wp-content\/uploads\/2023\/09\/image-5-18x12.png 18w\" sizes=\"auto, (max-width: 1600px) 100vw, 1600px\" \/><\/figure>\n\n\n\n<p>Conto del partner.<\/p>","protected":false},"excerpt":{"rendered":"<p>The added numbers can have the following statuses: Active or Inactive. Inactive status means that the number is not yet available for rent.Active status means that the number has been rented and charges are being made. Please note! After adding a number, the \u201cNumber Stability Assessment\u201d mode is activated &#8211; the platform monitors the stability [&hellip;]<\/p>\n","protected":false},"author":1,"featured_media":0,"parent":0,"menu_order":0,"comment_status":"closed","ping_status":"closed","template":"","meta":{"footnotes":""},"class_list":["post-671","page","type-page","status-publish","hentry"],"yoast_head":"<!-- This site is optimized with the Yoast SEO plugin v27.5 - https:\/\/yoast.com\/product\/yoast-seo-wordpress\/ -->\n<title>How to set up Sharing SMS: step-by-step instructions - SMS Sharing<\/title>\n<meta name=\"robots\" content=\"index, follow, max-snippet:-1, max-image-preview:large, max-video-preview:-1\" \/>\n<link rel=\"canonical\" href=\"https:\/\/sharingsms.com\/it\/how-to-start\/\" \/>\n<meta property=\"og:locale\" content=\"it_IT\" \/>\n<meta property=\"og:type\" content=\"article\" \/>\n<meta property=\"og:title\" content=\"How to set up Sharing SMS: step-by-step instructions - SMS Sharing\" \/>\n<meta property=\"og:description\" content=\"The added numbers can have the following statuses: Active or Inactive. Inactive status means that the number is not yet available for rent.Active status means that the number has been rented and charges are being made. Please note! After adding a number, the \u201cNumber Stability Assessment\u201d mode is activated &#8211; the platform monitors the stability [&hellip;]\" \/>\n<meta property=\"og:url\" content=\"https:\/\/sharingsms.com\/it\/how-to-start\/\" \/>\n<meta property=\"og:site_name\" content=\"SMS Sharing\" \/>\n<meta property=\"article:modified_time\" content=\"2025-04-15T11:38:05+00:00\" \/>\n<meta property=\"og:image\" content=\"https:\/\/sharingsms.com\/wp-content\/uploads\/2023\/09\/image.png\" \/>\n\t<meta property=\"og:image:width\" content=\"702\" \/>\n\t<meta property=\"og:image:height\" content=\"1600\" \/>\n\t<meta property=\"og:image:type\" content=\"image\/png\" \/>\n<meta name=\"twitter:card\" content=\"summary_large_image\" \/>\n<meta name=\"twitter:label1\" content=\"Tempo di lettura stimato\" \/>\n\t<meta name=\"twitter:data1\" content=\"5 minuti\" \/>\n<script type=\"application\/ld+json\" class=\"yoast-schema-graph\">{\"@context\":\"https:\\\/\\\/schema.org\",\"@graph\":[{\"@type\":\"WebPage\",\"@id\":\"https:\\\/\\\/sharingsms.com\\\/how-to-start\\\/\",\"url\":\"https:\\\/\\\/sharingsms.com\\\/how-to-start\\\/\",\"name\":\"How to set up Sharing SMS: step-by-step instructions - SMS Sharing\",\"isPartOf\":{\"@id\":\"https:\\\/\\\/sharingsms.com\\\/#website\"},\"primaryImageOfPage\":{\"@id\":\"https:\\\/\\\/sharingsms.com\\\/how-to-start\\\/#primaryimage\"},\"image\":{\"@id\":\"https:\\\/\\\/sharingsms.com\\\/how-to-start\\\/#primaryimage\"},\"thumbnailUrl\":\"https:\\\/\\\/sharingsms.com\\\/wp-content\\\/uploads\\\/2023\\\/09\\\/image.png\",\"datePublished\":\"2023-09-13T10:53:26+00:00\",\"dateModified\":\"2025-04-15T11:38:05+00:00\",\"breadcrumb\":{\"@id\":\"https:\\\/\\\/sharingsms.com\\\/how-to-start\\\/#breadcrumb\"},\"inLanguage\":\"it-IT\",\"potentialAction\":[{\"@type\":\"ReadAction\",\"target\":[\"https:\\\/\\\/sharingsms.com\\\/how-to-start\\\/\"]}]},{\"@type\":\"ImageObject\",\"inLanguage\":\"it-IT\",\"@id\":\"https:\\\/\\\/sharingsms.com\\\/how-to-start\\\/#primaryimage\",\"url\":\"https:\\\/\\\/sharingsms.com\\\/wp-content\\\/uploads\\\/2023\\\/09\\\/image.png\",\"contentUrl\":\"https:\\\/\\\/sharingsms.com\\\/wp-content\\\/uploads\\\/2023\\\/09\\\/image.png\"},{\"@type\":\"BreadcrumbList\",\"@id\":\"https:\\\/\\\/sharingsms.com\\\/how-to-start\\\/#breadcrumb\",\"itemListElement\":[{\"@type\":\"ListItem\",\"position\":1,\"name\":\"Home\",\"item\":\"https:\\\/\\\/sharingsms.com\\\/\"},{\"@type\":\"ListItem\",\"position\":2,\"name\":\"How to set up Sharing SMS: step-by-step instructions\"}]},{\"@type\":\"WebSite\",\"@id\":\"https:\\\/\\\/sharingsms.com\\\/#website\",\"url\":\"https:\\\/\\\/sharingsms.com\\\/\",\"name\":\"SMS Sharing\",\"description\":\"\",\"potentialAction\":[{\"@type\":\"SearchAction\",\"target\":{\"@type\":\"EntryPoint\",\"urlTemplate\":\"https:\\\/\\\/sharingsms.com\\\/?s={search_term_string}\"},\"query-input\":{\"@type\":\"PropertyValueSpecification\",\"valueRequired\":true,\"valueName\":\"search_term_string\"}}],\"inLanguage\":\"it-IT\"}]}<\/script>\n<!-- \/ Yoast SEO plugin. -->","yoast_head_json":{"title":"Come configurare l'Sharing SMS: istruzioni passo passo - Condivisione SMS","robots":{"index":"index","follow":"follow","max-snippet":"max-snippet:-1","max-image-preview":"max-image-preview:large","max-video-preview":"max-video-preview:-1"},"canonical":"https:\/\/sharingsms.com\/it\/how-to-start\/","og_locale":"it_IT","og_type":"article","og_title":"How to set up Sharing SMS: step-by-step instructions - SMS Sharing","og_description":"The added numbers can have the following statuses: Active or Inactive. Inactive status means that the number is not yet available for rent.Active status means that the number has been rented and charges are being made. Please note! After adding a number, the \u201cNumber Stability Assessment\u201d mode is activated &#8211; the platform monitors the stability [&hellip;]","og_url":"https:\/\/sharingsms.com\/it\/how-to-start\/","og_site_name":"SMS Sharing","article_modified_time":"2025-04-15T11:38:05+00:00","og_image":[{"width":702,"height":1600,"url":"https:\/\/sharingsms.com\/wp-content\/uploads\/2023\/09\/image.png","type":"image\/png"}],"twitter_card":"summary_large_image","twitter_misc":{"Tempo di lettura stimato":"5 minuti"},"schema":{"@context":"https:\/\/schema.org","@graph":[{"@type":"WebPage","@id":"https:\/\/sharingsms.com\/how-to-start\/","url":"https:\/\/sharingsms.com\/how-to-start\/","name":"Come configurare l'Sharing SMS: istruzioni passo passo - Condivisione SMS","isPartOf":{"@id":"https:\/\/sharingsms.com\/#website"},"primaryImageOfPage":{"@id":"https:\/\/sharingsms.com\/how-to-start\/#primaryimage"},"image":{"@id":"https:\/\/sharingsms.com\/how-to-start\/#primaryimage"},"thumbnailUrl":"https:\/\/sharingsms.com\/wp-content\/uploads\/2023\/09\/image.png","datePublished":"2023-09-13T10:53:26+00:00","dateModified":"2025-04-15T11:38:05+00:00","breadcrumb":{"@id":"https:\/\/sharingsms.com\/how-to-start\/#breadcrumb"},"inLanguage":"it-IT","potentialAction":[{"@type":"ReadAction","target":["https:\/\/sharingsms.com\/how-to-start\/"]}]},{"@type":"ImageObject","inLanguage":"it-IT","@id":"https:\/\/sharingsms.com\/how-to-start\/#primaryimage","url":"https:\/\/sharingsms.com\/wp-content\/uploads\/2023\/09\/image.png","contentUrl":"https:\/\/sharingsms.com\/wp-content\/uploads\/2023\/09\/image.png"},{"@type":"BreadcrumbList","@id":"https:\/\/sharingsms.com\/how-to-start\/#breadcrumb","itemListElement":[{"@type":"ListItem","position":1,"name":"Home","item":"https:\/\/sharingsms.com\/"},{"@type":"ListItem","position":2,"name":"How to set up Sharing SMS: step-by-step instructions"}]},{"@type":"WebSite","@id":"https:\/\/sharingsms.com\/#website","url":"https:\/\/sharingsms.com\/","name":"Condivisione SMS","description":"","potentialAction":[{"@type":"SearchAction","target":{"@type":"EntryPoint","urlTemplate":"https:\/\/sharingsms.com\/?s={search_term_string}"},"query-input":{"@type":"PropertyValueSpecification","valueRequired":true,"valueName":"search_term_string"}}],"inLanguage":"it-IT"}]}},"_links":{"self":[{"href":"https:\/\/sharingsms.com\/it\/wp-json\/wp\/v2\/pages\/671","targetHints":{"allow":["GET"]}}],"collection":[{"href":"https:\/\/sharingsms.com\/it\/wp-json\/wp\/v2\/pages"}],"about":[{"href":"https:\/\/sharingsms.com\/it\/wp-json\/wp\/v2\/types\/page"}],"author":[{"embeddable":true,"href":"https:\/\/sharingsms.com\/it\/wp-json\/wp\/v2\/users\/1"}],"replies":[{"embeddable":true,"href":"https:\/\/sharingsms.com\/it\/wp-json\/wp\/v2\/comments?post=671"}],"version-history":[{"count":13,"href":"https:\/\/sharingsms.com\/it\/wp-json\/wp\/v2\/pages\/671\/revisions"}],"predecessor-version":[{"id":874,"href":"https:\/\/sharingsms.com\/it\/wp-json\/wp\/v2\/pages\/671\/revisions\/874"}],"wp:attachment":[{"href":"https:\/\/sharingsms.com\/it\/wp-json\/wp\/v2\/media?parent=671"}],"curies":[{"name":"parola chiave","href":"https:\/\/api.w.org\/{rel}","templated":true}]}}