{"id":805,"date":"2025-03-31T10:54:06","date_gmt":"2025-03-31T10:54:06","guid":{"rendered":"https:\/\/sharingsms.com\/?page_id=805"},"modified":"2025-04-01T11:43:13","modified_gmt":"2025-04-01T11:43:13","slug":"get-paid-for-sim-cards","status":"publish","type":"page","link":"https:\/\/sharingsms.com\/it\/get-paid-for-sim-cards\/","title":{"rendered":"\ud83d\udcf1 Fatti pagare per le schede SIM: monetizza le tue schede SIM condividendo SMS \ud83d\udcb0"},"content":{"rendered":"<p>Nella frenetica economia digitale di oggi, trovare modi innovativi e senza problemi per generare reddito \u00e8 sempre pi\u00f9 interessante. Una delle opportunit\u00e0 pi\u00f9 accessibili \u00e8 quella di essere pagati per affittare le proprie carte SIM. Sharing SMS offre una solida piattaforma per trasformare questa opportunit\u00e0 in realt\u00e0. \ud83d\ude80<\/p>\n\n\n\n<h2 class=\"wp-block-heading\"><strong>\ud83d\udccc Cosa significa &quot;Ricevi pagamenti per le schede SIM&quot;?<\/strong><\/h2>\n\n\n\n<p><strong>\"Essere pagati per le carte SIM\"<\/strong> significa trasformare qualcosa che gi\u00e0 possedete - la vostra carta SIM - in una fonte di reddito costante. Affittando la vostra carta SIM attraverso la piattaforma Sharing SMS, le permettete di ricevere messaggi SMS come codici di verifica da servizi reali in tutto il mondo. In cambio, guadagnate denaro ogni giorno, senza dover gestire nulla manualmente.<\/p>\n\n\n\n<p>\u00c8 un modo intelligente e semplice per monetizzare le schede SIM inutilizzate o di riserva: non richiede competenze tecniche, pubblicit\u00e0 o investimenti. Che abbiate una scheda SIM o decine di schede, il vostro telefono pu\u00f2 generare tranquillamente un reddito in background, mentre voi vi concentrate su altre cose.<\/p>\n\n\n\n<h2 class=\"wp-block-heading\"><strong>\ud83c\udf1f Perch\u00e9 scegliere Sharing SMS?<\/strong><\/h2>\n\n\n\n<p>Sharing SMS \u00e8 un&#039;applicazione user-friendly progettata specificamente per monetizzare le tue SIM card attive senza sforzo. Guadagna $0.33 al giorno o $10 al mese per ogni SIM connessa. Tutto ci\u00f2 di cui hai bisogno sono SIM card attive in grado di ricevere SMS, senza piani o spese speciali richiesti.<br><\/p>\n\n\n<div class=\"wp-block-image\">\n<figure class=\"aligncenter size-large\"><img loading=\"lazy\" decoding=\"async\" width=\"1024\" height=\"683\" src=\"https:\/\/sharingsms.com\/wp-content\/uploads\/2025\/03\/cleaned_sim_income_illustration-1024x683.png\" alt=\"\" class=\"wp-image-808\" srcset=\"https:\/\/sharingsms.com\/wp-content\/uploads\/2025\/03\/cleaned_sim_income_illustration-1024x683.png 1024w, https:\/\/sharingsms.com\/wp-content\/uploads\/2025\/03\/cleaned_sim_income_illustration-300x200.png 300w, https:\/\/sharingsms.com\/wp-content\/uploads\/2025\/03\/cleaned_sim_income_illustration-768x512.png 768w, https:\/\/sharingsms.com\/wp-content\/uploads\/2025\/03\/cleaned_sim_income_illustration-18x12.png 18w, https:\/\/sharingsms.com\/wp-content\/uploads\/2025\/03\/cleaned_sim_income_illustration.png 1536w\" sizes=\"auto, (max-width: 1024px) 100vw, 1024px\" \/><\/figure>\n<\/div>\n\n\n<h2 class=\"wp-block-heading\"><strong>\ud83d\udd11 Come iniziare:<\/strong><\/h2>\n\n\n\n<ol class=\"wp-block-list\">\n<li>\u2705 <strong>Controllo rapido SIM<\/strong> - Assicurarsi che l'SIM sia attivo e in grado di ricevere i messaggi dell'SMS.<br><\/li>\n\n\n\n<li>\ud83d\udd17 <strong>Collegare l'SIM<\/strong> - Aggiungere la scheda SIM all'applicazione Sharing SMS e completare la configurazione rapida.<br><\/li>\n\n\n\n<li>\ud83d\udcf2 <strong>Mantenete il vostro dispositivo online<\/strong> - Assicuratevi che il vostro telefono rimanga connesso a Internet e acceso.<br><\/li>\n\n\n\n<li>\ud83d\udcb8 <strong>Guadagnare ogni giorno, automaticamente<\/strong> - L'applicazione gestisce tutto in background, mentre voi godete dei guadagni giornalieri senza alcuno sforzo manuale.<br><\/li>\n<\/ol>\n\n\n\n<p><strong>\ud83d\udcca Esempio di calcolo:<\/strong><\/p>\n\n\n\n<p>Immagina di acquistare 5 telefoni dual-SIM usati ($30 ciascuno) e 10 schede SIM ($5 ciascuna). Investimento totale: 5 telefoni \u00d7 $30 + 10 schede SIM \u00d7 $5 = $200. Collegando 10 schede SIM ottieni $3,30 al giorno ($99 al mese), recuperando il tuo investimento in poco pi\u00f9 di due mesi.<\/p>\n\n\n\n<h2 class=\"wp-block-heading\"><strong>\ud83d\udcb3 Pagamenti semplificati:<\/strong><\/h2>\n\n\n\n<p>I guadagni vengono versati in modo sicuro direttamente sul vostro portafoglio di criptovalute (USDT o USDC) all'inizio di ogni mese. L'importo si basa sul numero di SIM attivi e sul loro tempo di attivit\u00e0 durante il mese precedente. Nessuna commissione nascosta, nessuna soglia di pagamento e nessun ritardo: solo un reddito in criptovaluta costante, trasparente e senza problemi. Sia che stiate gestendo un SIM o che stiate scalando con decine, riceverete una ripartizione mensile dettagliata dei vostri guadagni direttamente nella vostra dashboard, insieme a pagamenti puntuali sul vostro portafoglio stablecoin preferito.<br><\/p>\n\n\n\n<h2 class=\"wp-block-heading\"><strong>\ud83d\udd25 Vantaggi dell&#039;utilizzo della condivisione SMS:<\/strong><\/h2>\n\n\n\n<ul class=\"wp-block-list\">\n<li>\ud83d\udecb\ufe0f Guadagni senza sforzo: non sono richieste attivit\u00e0 quotidiane.<br><\/li>\n\n\n\n<li>\ud83c\udfaf Nessun investimento: nessun costo nascosto.<br><\/li>\n\n\n\n<li>\ud83d\udcc8 Reddito scalabile: pi\u00f9 schede SIM significano guadagni pi\u00f9 alti.<br><\/li>\n\n\n\n<li>\ud83d\udd0d Monitoraggio trasparente: monitora facilmente i guadagni.<br><\/li>\n\n\n\n<li>\ud83c\udf0e Tariffe esclusive: guadagni pi\u00f9 elevati per i paesi esclusivi.<br><\/li>\n\n\n\n<li>\ud83d\udc8e Pagamenti in criptovaluta: pagamenti mensili sicuri in USDT o USDC.<\/li>\n<\/ul>\n\n\n\n<figure class=\"wp-block-table\"><table class=\"has-fixed-layout\"><tbody><tr><td><strong>Caratteristica<\/strong><\/td><td><strong>Sharing SMS<\/strong><\/td><td><strong>Contanti4SMS<\/strong><\/td><td><strong>AppSMSDenaro<\/strong><\/td><\/tr><tr><td><strong>Guadagno minimo giornaliero per SIM<\/strong><\/td><td>$0.33<\/td><td>$0.20 (Non garantito)<\/td><td>$0.20 (Non garantito)<\/td><\/tr><tr><td><strong>Guadagno minimo mensile per SIM<\/strong><\/td><td>$10<\/td><td>Non garantito<\/td><td>Non garantito<\/td><\/tr><tr><td><strong>Longevit\u00e0 della scheda SIM<\/strong><\/td><td>Alto \u2705<\/td><td>Basso (sostituzione frequente) \ud83d\udd04<\/td><td>Basso (sostituzione frequente) \ud83d\udd04<\/td><\/tr><tr><td><strong>Affidabilit\u00e0 di&nbsp;<br>Pagamenti<\/strong><\/td><td>Alto \u2705<\/td><td>Medio<\/td><td>Medio<\/td><\/tr><tr><td><strong>Vantaggi esclusivi della tariffa nazionale<\/strong><\/td><td>S\u00cc<\/td><td>NO<\/td><td>NO<\/td><\/tr><tr><td><strong>Complessit\u00e0 di installazione<\/strong><\/td><td>Facile<\/td><td>Facile<\/td><td>Facile<\/td><\/tr><\/tbody><\/table><\/figure>\n\n\n\n<p>Chiaramente, la condivisione degli SMS offre guadagni maggiori, maggiore affidabilit\u00e0 e una maggiore fruibilit\u00e0 della scheda SIM, garantendo meno sostituzioni e massimizzando i profitti. \ud83c\udf1f<\/p>\n\n\n\n<h2 class=\"wp-block-heading\"><strong>\ud83d\udc65 Chi dovrebbe prendere in considerazione la condivisione degli SMS?<\/strong><\/h2>\n\n\n\n<p>Sharing SMS \u00e8 l&#039;ideale per chiunque sia interessato a creare un flusso di reddito passivo senza sforzo. Studenti che cercano di finanziare la propria istruzione, genitori casalinghi che cercano l&#039;indipendenza finanziaria, liberi professionisti che cercano fonti di reddito aggiuntive e persino imprenditori che vogliono diversificare i propri guadagni: Sharing SMS \u00e8 adatto a tutti. \u00c8 particolarmente utile per le persone con pi\u00f9 schede SIM o inutilizzate, consentendo loro di generare un reddito costante senza sforzi significativi o impegno di tempo. Se stai cercando di trasformare le tue risorse inutilizzate in beni preziosi, Sharing SMS \u00e8 la scelta perfetta.<br><\/p>\n\n\n\n<h2 class=\"wp-block-heading\"><strong>\ud83c\udf89 Unisciti a una comunit\u00e0 di guadagni passivi:<\/strong><\/h2>\n\n\n\n<p>Migliaia di partner soddisfatti in tutto il mondo si affidano gi\u00e0 a Sharing SMS per trasformare le loro carte SIM in un flusso di reddito mensile affidabile. La nostra rete in crescita comprende freelance, appassionati di tecnologia, rivenditori di carte SIM e proprietari di negozi di telefonia: tutti guadagnano criptovalute stabili con il minimo sforzo e zero problemi.<\/p>\n\n\n\n<p>Iscrivendosi, si ottiene anche l'accesso a consigli utili, aggiornamenti sulle tariffe esclusive per paese e supporto per scalare i propri guadagni. Che si tratti di un singolo SIM o di una configurazione con pi\u00f9 di 50, Sharing SMS \u00e8 costruito per crescere con voi.<\/p>\n\n\n\n<p>Non perdete l'opportunit\u00e0 di entrare a far parte di questo fiorente movimento.<br>Ora tocca a voi trasformare le carte SIM in monete stabili.<\/p>\n\n\n\n<p>Pronti a iniziare il vostro percorso di guadagno passivo? \ud83d\ude80\ud83d\udc49 Visitate:<a href=\"https:\/\/betasms.net\/en\/how-to-start\/\"> <\/a><a href=\"https:\/\/sharingsms.com\/it\/how-to-start\/\">https:\/\/sharingsms.com\/how-to-start\/<\/a><\/p>\n\n\n\n<p><\/p>","protected":false},"excerpt":{"rendered":"<p>In today&#8217;s fast-paced digital economy, finding innovative and hassle-free ways to generate income is increasingly appealing. One of the most accessible opportunities available is getting paid for renting out your SIM cards. Sharing SMS provides a robust platform to turn this into reality. \ud83d\ude80 \ud83d\udccc What Does &#8220;Get Paid for SIM Cards&#8221; Mean? &#8220;Get paid [&hellip;]<\/p>\n","protected":false},"author":1,"featured_media":0,"parent":0,"menu_order":0,"comment_status":"closed","ping_status":"closed","template":"","meta":{"footnotes":""},"class_list":["post-805","page","type-page","status-publish","hentry"],"yoast_head":"<!-- This site is optimized with the Yoast SEO plugin v27.5 - https:\/\/yoast.com\/product\/yoast-seo-wordpress\/ -->\n<title>Get Paid for SIM Cards \u2013 Monetize Your SIM Cards Easily with Sharing SMS<\/title>\n<meta name=\"description\" content=\"Discover how to effortlessly monetize your SIM cards with Sharing SMS. Earn daily passive income securely via USDT or USDC. Start earning today!\" \/>\n<meta name=\"robots\" content=\"index, follow, max-snippet:-1, max-image-preview:large, max-video-preview:-1\" \/>\n<link rel=\"canonical\" href=\"https:\/\/sharingsms.com\/it\/get-paid-for-sim-cards\/\" \/>\n<meta property=\"og:locale\" content=\"it_IT\" \/>\n<meta property=\"og:type\" content=\"article\" \/>\n<meta property=\"og:title\" content=\"Get Paid for SIM Cards \u2013 Monetize Your SIM Cards Easily with Sharing SMS\" \/>\n<meta property=\"og:description\" content=\"Discover how to effortlessly monetize your SIM cards with Sharing SMS. Earn daily passive income securely via USDT or USDC. Start earning today!\" \/>\n<meta property=\"og:url\" content=\"https:\/\/sharingsms.com\/it\/get-paid-for-sim-cards\/\" \/>\n<meta property=\"og:site_name\" content=\"SMS Sharing\" \/>\n<meta property=\"article:modified_time\" content=\"2025-04-01T11:43:13+00:00\" \/>\n<meta property=\"og:image\" content=\"https:\/\/sharingsms.com\/wp-content\/uploads\/2025\/03\/cleaned_sim_income_illustration-1024x683.png\" \/>\n\t<meta property=\"og:image:width\" content=\"1024\" \/>\n\t<meta property=\"og:image:height\" content=\"683\" \/>\n\t<meta property=\"og:image:type\" content=\"image\/png\" \/>\n<meta name=\"twitter:card\" content=\"summary_large_image\" \/>\n<meta name=\"twitter:label1\" content=\"Tempo di lettura stimato\" \/>\n\t<meta name=\"twitter:data1\" content=\"4 minuti\" \/>\n<script type=\"application\/ld+json\" class=\"yoast-schema-graph\">{\"@context\":\"https:\\\/\\\/schema.org\",\"@graph\":[{\"@type\":\"WebPage\",\"@id\":\"https:\\\/\\\/sharingsms.com\\\/get-paid-for-sim-cards\\\/\",\"url\":\"https:\\\/\\\/sharingsms.com\\\/get-paid-for-sim-cards\\\/\",\"name\":\"Get Paid for SIM Cards \u2013 Monetize Your SIM Cards Easily with Sharing SMS\",\"isPartOf\":{\"@id\":\"https:\\\/\\\/sharingsms.com\\\/#website\"},\"primaryImageOfPage\":{\"@id\":\"https:\\\/\\\/sharingsms.com\\\/get-paid-for-sim-cards\\\/#primaryimage\"},\"image\":{\"@id\":\"https:\\\/\\\/sharingsms.com\\\/get-paid-for-sim-cards\\\/#primaryimage\"},\"thumbnailUrl\":\"https:\\\/\\\/sharingsms.com\\\/wp-content\\\/uploads\\\/2025\\\/03\\\/cleaned_sim_income_illustration-1024x683.png\",\"datePublished\":\"2025-03-31T10:54:06+00:00\",\"dateModified\":\"2025-04-01T11:43:13+00:00\",\"description\":\"Discover how to effortlessly monetize your SIM cards with Sharing SMS. Earn daily passive income securely via USDT or USDC. Start earning today!\",\"breadcrumb\":{\"@id\":\"https:\\\/\\\/sharingsms.com\\\/get-paid-for-sim-cards\\\/#breadcrumb\"},\"inLanguage\":\"it-IT\",\"potentialAction\":[{\"@type\":\"ReadAction\",\"target\":[\"https:\\\/\\\/sharingsms.com\\\/get-paid-for-sim-cards\\\/\"]}]},{\"@type\":\"ImageObject\",\"inLanguage\":\"it-IT\",\"@id\":\"https:\\\/\\\/sharingsms.com\\\/get-paid-for-sim-cards\\\/#primaryimage\",\"url\":\"https:\\\/\\\/sharingsms.com\\\/wp-content\\\/uploads\\\/2025\\\/03\\\/cleaned_sim_income_illustration-1024x683.png\",\"contentUrl\":\"https:\\\/\\\/sharingsms.com\\\/wp-content\\\/uploads\\\/2025\\\/03\\\/cleaned_sim_income_illustration-1024x683.png\"},{\"@type\":\"BreadcrumbList\",\"@id\":\"https:\\\/\\\/sharingsms.com\\\/get-paid-for-sim-cards\\\/#breadcrumb\",\"itemListElement\":[{\"@type\":\"ListItem\",\"position\":1,\"name\":\"Home\",\"item\":\"https:\\\/\\\/sharingsms.com\\\/\"},{\"@type\":\"ListItem\",\"position\":2,\"name\":\"\ud83d\udcf1 Get Paid for SIM Cards: Monetize Your SIM Cards with Sharing SMS \ud83d\udcb0\"}]},{\"@type\":\"WebSite\",\"@id\":\"https:\\\/\\\/sharingsms.com\\\/#website\",\"url\":\"https:\\\/\\\/sharingsms.com\\\/\",\"name\":\"SMS Sharing\",\"description\":\"\",\"potentialAction\":[{\"@type\":\"SearchAction\",\"target\":{\"@type\":\"EntryPoint\",\"urlTemplate\":\"https:\\\/\\\/sharingsms.com\\\/?s={search_term_string}\"},\"query-input\":{\"@type\":\"PropertyValueSpecification\",\"valueRequired\":true,\"valueName\":\"search_term_string\"}}],\"inLanguage\":\"it-IT\"}]}<\/script>\n<!-- \/ Yoast SEO plugin. -->","yoast_head_json":{"title":"Ricevi pagamenti per le schede SIM: monetizza facilmente le tue schede SIM con la condivisione di SMS","description":"Scopri come monetizzare senza sforzo le tue SIM card con Sharing SMS. Guadagna un reddito passivo giornaliero in modo sicuro tramite USDT o USDC. Inizia a guadagnare oggi!","robots":{"index":"index","follow":"follow","max-snippet":"max-snippet:-1","max-image-preview":"max-image-preview:large","max-video-preview":"max-video-preview:-1"},"canonical":"https:\/\/sharingsms.com\/it\/get-paid-for-sim-cards\/","og_locale":"it_IT","og_type":"article","og_title":"Get Paid for SIM Cards \u2013 Monetize Your SIM Cards Easily with Sharing SMS","og_description":"Discover how to effortlessly monetize your SIM cards with Sharing SMS. Earn daily passive income securely via USDT or USDC. Start earning today!","og_url":"https:\/\/sharingsms.com\/it\/get-paid-for-sim-cards\/","og_site_name":"SMS Sharing","article_modified_time":"2025-04-01T11:43:13+00:00","og_image":[{"width":1024,"height":683,"url":"https:\/\/sharingsms.com\/wp-content\/uploads\/2025\/03\/cleaned_sim_income_illustration-1024x683.png","type":"image\/png"}],"twitter_card":"summary_large_image","twitter_misc":{"Tempo di lettura stimato":"4 minuti"},"schema":{"@context":"https:\/\/schema.org","@graph":[{"@type":"WebPage","@id":"https:\/\/sharingsms.com\/get-paid-for-sim-cards\/","url":"https:\/\/sharingsms.com\/get-paid-for-sim-cards\/","name":"Ricevi pagamenti per le schede SIM: monetizza facilmente le tue schede SIM con la condivisione di SMS","isPartOf":{"@id":"https:\/\/sharingsms.com\/#website"},"primaryImageOfPage":{"@id":"https:\/\/sharingsms.com\/get-paid-for-sim-cards\/#primaryimage"},"image":{"@id":"https:\/\/sharingsms.com\/get-paid-for-sim-cards\/#primaryimage"},"thumbnailUrl":"https:\/\/sharingsms.com\/wp-content\/uploads\/2025\/03\/cleaned_sim_income_illustration-1024x683.png","datePublished":"2025-03-31T10:54:06+00:00","dateModified":"2025-04-01T11:43:13+00:00","description":"Scopri come monetizzare senza sforzo le tue SIM card con Sharing SMS. Guadagna un reddito passivo giornaliero in modo sicuro tramite USDT o USDC. Inizia a guadagnare oggi!","breadcrumb":{"@id":"https:\/\/sharingsms.com\/get-paid-for-sim-cards\/#breadcrumb"},"inLanguage":"it-IT","potentialAction":[{"@type":"ReadAction","target":["https:\/\/sharingsms.com\/get-paid-for-sim-cards\/"]}]},{"@type":"ImageObject","inLanguage":"it-IT","@id":"https:\/\/sharingsms.com\/get-paid-for-sim-cards\/#primaryimage","url":"https:\/\/sharingsms.com\/wp-content\/uploads\/2025\/03\/cleaned_sim_income_illustration-1024x683.png","contentUrl":"https:\/\/sharingsms.com\/wp-content\/uploads\/2025\/03\/cleaned_sim_income_illustration-1024x683.png"},{"@type":"BreadcrumbList","@id":"https:\/\/sharingsms.com\/get-paid-for-sim-cards\/#breadcrumb","itemListElement":[{"@type":"ListItem","position":1,"name":"Home","item":"https:\/\/sharingsms.com\/"},{"@type":"ListItem","position":2,"name":"\ud83d\udcf1 Get Paid for SIM Cards: Monetize Your SIM Cards with Sharing SMS \ud83d\udcb0"}]},{"@type":"WebSite","@id":"https:\/\/sharingsms.com\/#website","url":"https:\/\/sharingsms.com\/","name":"Condivisione SMS","description":"","potentialAction":[{"@type":"SearchAction","target":{"@type":"EntryPoint","urlTemplate":"https:\/\/sharingsms.com\/?s={search_term_string}"},"query-input":{"@type":"PropertyValueSpecification","valueRequired":true,"valueName":"search_term_string"}}],"inLanguage":"it-IT"}]}},"_links":{"self":[{"href":"https:\/\/sharingsms.com\/it\/wp-json\/wp\/v2\/pages\/805","targetHints":{"allow":["GET"]}}],"collection":[{"href":"https:\/\/sharingsms.com\/it\/wp-json\/wp\/v2\/pages"}],"about":[{"href":"https:\/\/sharingsms.com\/it\/wp-json\/wp\/v2\/types\/page"}],"author":[{"embeddable":true,"href":"https:\/\/sharingsms.com\/it\/wp-json\/wp\/v2\/users\/1"}],"replies":[{"embeddable":true,"href":"https:\/\/sharingsms.com\/it\/wp-json\/wp\/v2\/comments?post=805"}],"version-history":[{"count":7,"href":"https:\/\/sharingsms.com\/it\/wp-json\/wp\/v2\/pages\/805\/revisions"}],"predecessor-version":[{"id":840,"href":"https:\/\/sharingsms.com\/it\/wp-json\/wp\/v2\/pages\/805\/revisions\/840"}],"wp:attachment":[{"href":"https:\/\/sharingsms.com\/it\/wp-json\/wp\/v2\/media?parent=805"}],"curies":[{"name":"parola chiave","href":"https:\/\/api.w.org\/{rel}","templated":true}]}}