{"id":842,"date":"2025-04-08T21:34:50","date_gmt":"2025-04-08T21:34:50","guid":{"rendered":"https:\/\/sharingsms.com\/?page_id=842"},"modified":"2025-10-08T10:59:35","modified_gmt":"2025-10-08T10:59:35","slug":"referral-program","status":"publish","type":"page","link":"https:\/\/sharingsms.com\/it\/referral-program\/","title":{"rendered":"Come accedere al programma di riferimento Sharing SMS - Guida passo dopo passo"},"content":{"rendered":"<h2 class=\"wp-block-heading\"><strong>Accesso al programma di referral: Guida per i nuovi partner<\/strong><\/h2>\n\n\n\n<p>Noi di Sharing SMS apprezziamo il contributo dei nostri partner e ci sforziamo di costruire una comunit\u00e0 affidabile e degna di fiducia. In qualit\u00e0 di nuovo partner, potreste essere desiderosi di iniziare a utilizzare il vostro link di riferimento per attirare nuovi referral. Ecco una guida per capire come accedere a questa funzione e iniziare a guadagnare premi.<\/p>\n\n\n\n<h2 class=\"wp-block-heading\"><strong>Comprendere il processo di referral<\/strong><\/h2>\n\n\n\n<p>1. <strong>Registrazione iniziale:<\/strong><\/p>\n\n\n\n<ul class=\"wp-block-list\">\n<li>Benvenuti nell'Sharing SMS! Al momento della registrazione, avrete accesso a diverse funzioni che vi aiuteranno a iniziare. Tuttavia, la sezione Referral, dove si trova il link di riferimento individuale, non \u00e8 inizialmente disponibile per garantire la qualit\u00e0 e l'affidabilit\u00e0 del nostro programma di riferimento.<\/li>\n<\/ul>\n\n\n\n<p>2. <strong>Sistema di monitoraggio:<\/strong><\/p>\n\n\n\n<ul class=\"wp-block-list\">\n<li>Utilizziamo un solido sistema di monitoraggio per tenere traccia del funzionamento stabile e dell'attivit\u00e0 delle schede SIM aggiunte alla nostra piattaforma. Questo sistema ci aiuta a mantenere standard elevati e garantisce che solo le schede SIM attive siano disponibili per i clienti.<\/li>\n<\/ul>\n\n\n\n<p>3. <strong>Periodo di stabilit\u00e0:<\/strong><\/p>\n\n\n\n<ul class=\"wp-block-list\">\n<li>Il processo di monitoraggio dura in genere 10 giorni. Durante questo periodo, valutiamo il funzionamento stabile delle schede SIM aggiunte. Se le schede SIM rimangono attive e non si verificano incidenti (come il passaggio dallo stato \"Pronto\" a \"Non pronto\"), sarete sulla buona strada per guadagnare la reputazione di partner affidabile nel nostro sistema di valutazione.<\/li>\n<\/ul>\n\n\n\n<p>4. <strong>Costruire la reputazione:<\/strong><\/p>\n\n\n\n<ul class=\"wp-block-list\">\n<li>Prestazioni e stabilit\u00e0 costanti durante il periodo di monitoraggio vi aiutano a costruirvi una reputazione di partner affidabile. Questa reputazione \u00e8 fondamentale per sbloccare ulteriori funzionalit\u00e0, tra cui l'accesso alla sezione Referral.<\/li>\n<\/ul>\n\n\n\n<p>5. <strong>Sbloccare la sezione Referral:<\/strong><\/p>\n\n\n\n<ul class=\"wp-block-list\">\n<li>Una volta che avrete stabilito un track record affidabile, la sezione Referral sar\u00e0 disponibile nel vostro account personale. Con il link di riferimento in questa sezione, potrete invitare amici, che diventeranno i vostri referral. Guadagnerete commissioni di referral dall'attivit\u00e0 di questi referral, espandendo la vostra rete e il vostro reddito all'interno del nostro servizio.<\/li>\n<\/ul>\n\n\n\n<p>6. <strong>Guadagnare premi:<\/strong><\/p>\n\n\n\n<ul class=\"wp-block-list\">\n<li>Quando i clienti affittano i numeri associati alle vostre carte SIM, iniziate a guadagnare premi. I vostri guadagni continueranno finch\u00e9 le carte SIM rimarranno stabili e attive e i numeri saranno utilizzati. Questa impostazione consente di generare reddito senza sforzo, creando un flusso costante di entrate nel tempo. Ampliando il pool di carte SIM aggiunte, \u00e8 possibile creare la propria banca di carte SIM, costruire la propria attivit\u00e0 e massimizzare i profitti.<\/li>\n<\/ul>\n\n\n\n<p>7.<strong> Restrizioni: <\/strong><\/p>\n\n\n\n<ul class=\"wp-block-list\">\n<li>Un partner che \u00e8 gi\u00e0 un referral non pu\u00f2 avere i propri referral.<\/li>\n<\/ul>\n\n\n\n<h2 class=\"wp-block-heading\"><strong>Suggerimenti per il successo<\/strong><\/h2>\n\n\n\n<ul class=\"wp-block-list\">\n<li><strong>Mantenere le schede SIM attive:<\/strong> Assicuratevi che le schede SIM aggiunte rimangano attive e possano ricevere SMS per evitare incidenti che potrebbero compromettere la vostra reputazione.<\/li>\n\n\n\n<li><strong>Impegnatevi con i vostri referenti:<\/strong> Rimanete attivi all'interno della nostra piattaforma, impegnatevi con i vostri referral e invitate nuovi partner per costruire la vostra rete e la vostra reputazione.<\/li>\n\n\n\n<li><strong>Rimanete informati:<\/strong> Tenete d'occhio gli aggiornamenti e gli annunci per rimanere informati sulle nuove funzionalit\u00e0 e opportunit\u00e0.<\/li>\n<\/ul>\n\n\n\n<h2 class=\"wp-block-heading\">\u2753 Avete bisogno di aiuto?<\/h2>\n\n\n\n<p>Non esitate a contattare il nostro team di assistenza via chat. Siamo qui per sostenervi nel vostro viaggio verso il successo!<\/p>","protected":false},"excerpt":{"rendered":"<p>Accessing the Referral Program: A Guide for New Partners At Sharing SMS, we value the contributions of our partners and strive to build a reliable and trustworthy community. As a new partner, you might be eager to start using your referral link to attract new referrals. Here&#8217;s a guide to understanding how you can gain [&hellip;]<\/p>\n","protected":false},"author":1,"featured_media":0,"parent":0,"menu_order":0,"comment_status":"closed","ping_status":"closed","template":"","meta":{"footnotes":""},"class_list":["post-842","page","type-page","status-publish","hentry"],"yoast_head":"<!-- This site is optimized with the Yoast SEO plugin v27.5 - https:\/\/yoast.com\/product\/yoast-seo-wordpress\/ -->\n<title>How to Access the Sharing SMS Referral Program \u2014 Step-by-Step Guide - SMS Sharing<\/title>\n<meta name=\"description\" content=\"Learn how to unlock your referral link in Sharing SMS and start earning commissions from your referrals. Simple steps to generate extra income.\" \/>\n<meta name=\"robots\" content=\"index, follow, max-snippet:-1, max-image-preview:large, max-video-preview:-1\" \/>\n<link rel=\"canonical\" href=\"https:\/\/sharingsms.com\/it\/referral-program\/\" \/>\n<meta property=\"og:locale\" content=\"it_IT\" \/>\n<meta property=\"og:type\" content=\"article\" \/>\n<meta property=\"og:title\" content=\"How to Access the Sharing SMS Referral Program \u2014 Step-by-Step Guide - SMS Sharing\" \/>\n<meta property=\"og:description\" content=\"Learn how to unlock your referral link in Sharing SMS and start earning commissions from your referrals. Simple steps to generate extra income.\" \/>\n<meta property=\"og:url\" content=\"https:\/\/sharingsms.com\/it\/referral-program\/\" \/>\n<meta property=\"og:site_name\" content=\"SMS Sharing\" \/>\n<meta property=\"article:modified_time\" content=\"2025-10-08T10:59:35+00:00\" \/>\n<meta name=\"twitter:card\" content=\"summary_large_image\" \/>\n<meta name=\"twitter:label1\" content=\"Tempo di lettura stimato\" \/>\n\t<meta name=\"twitter:data1\" content=\"3 minuti\" \/>\n<script type=\"application\/ld+json\" class=\"yoast-schema-graph\">{\"@context\":\"https:\\\/\\\/schema.org\",\"@graph\":[{\"@type\":\"WebPage\",\"@id\":\"https:\\\/\\\/sharingsms.com\\\/referral-program\\\/\",\"url\":\"https:\\\/\\\/sharingsms.com\\\/referral-program\\\/\",\"name\":\"How to Access the Sharing SMS Referral Program \u2014 Step-by-Step Guide - SMS Sharing\",\"isPartOf\":{\"@id\":\"https:\\\/\\\/sharingsms.com\\\/#website\"},\"datePublished\":\"2025-04-08T21:34:50+00:00\",\"dateModified\":\"2025-10-08T10:59:35+00:00\",\"description\":\"Learn how to unlock your referral link in Sharing SMS and start earning commissions from your referrals. Simple steps to generate extra income.\",\"breadcrumb\":{\"@id\":\"https:\\\/\\\/sharingsms.com\\\/referral-program\\\/#breadcrumb\"},\"inLanguage\":\"it-IT\",\"potentialAction\":[{\"@type\":\"ReadAction\",\"target\":[\"https:\\\/\\\/sharingsms.com\\\/referral-program\\\/\"]}]},{\"@type\":\"BreadcrumbList\",\"@id\":\"https:\\\/\\\/sharingsms.com\\\/referral-program\\\/#breadcrumb\",\"itemListElement\":[{\"@type\":\"ListItem\",\"position\":1,\"name\":\"Home\",\"item\":\"https:\\\/\\\/sharingsms.com\\\/\"},{\"@type\":\"ListItem\",\"position\":2,\"name\":\"How to Access the Sharing SMS Referral Program \u2014 Step-by-Step Guide\"}]},{\"@type\":\"WebSite\",\"@id\":\"https:\\\/\\\/sharingsms.com\\\/#website\",\"url\":\"https:\\\/\\\/sharingsms.com\\\/\",\"name\":\"SMS Sharing\",\"description\":\"\",\"potentialAction\":[{\"@type\":\"SearchAction\",\"target\":{\"@type\":\"EntryPoint\",\"urlTemplate\":\"https:\\\/\\\/sharingsms.com\\\/?s={search_term_string}\"},\"query-input\":{\"@type\":\"PropertyValueSpecification\",\"valueRequired\":true,\"valueName\":\"search_term_string\"}}],\"inLanguage\":\"it-IT\"}]}<\/script>\n<!-- \/ Yoast SEO plugin. -->","yoast_head_json":{"title":"Come accedere al programma di riferimento Sharing SMS - Guida passo passo - Condivisione SMS","description":"Scoprite come sbloccare il vostro link di riferimento in Sharing SMS e iniziare a guadagnare commissioni dai vostri referral. Semplici passi per generare un reddito extra.","robots":{"index":"index","follow":"follow","max-snippet":"max-snippet:-1","max-image-preview":"max-image-preview:large","max-video-preview":"max-video-preview:-1"},"canonical":"https:\/\/sharingsms.com\/it\/referral-program\/","og_locale":"it_IT","og_type":"article","og_title":"How to Access the Sharing SMS Referral Program \u2014 Step-by-Step Guide - SMS Sharing","og_description":"Learn how to unlock your referral link in Sharing SMS and start earning commissions from your referrals. Simple steps to generate extra income.","og_url":"https:\/\/sharingsms.com\/it\/referral-program\/","og_site_name":"SMS Sharing","article_modified_time":"2025-10-08T10:59:35+00:00","twitter_card":"summary_large_image","twitter_misc":{"Tempo di lettura stimato":"3 minuti"},"schema":{"@context":"https:\/\/schema.org","@graph":[{"@type":"WebPage","@id":"https:\/\/sharingsms.com\/referral-program\/","url":"https:\/\/sharingsms.com\/referral-program\/","name":"Come accedere al programma di riferimento Sharing SMS - Guida passo passo - Condivisione SMS","isPartOf":{"@id":"https:\/\/sharingsms.com\/#website"},"datePublished":"2025-04-08T21:34:50+00:00","dateModified":"2025-10-08T10:59:35+00:00","description":"Scoprite come sbloccare il vostro link di riferimento in Sharing SMS e iniziare a guadagnare commissioni dai vostri referral. Semplici passi per generare un reddito extra.","breadcrumb":{"@id":"https:\/\/sharingsms.com\/referral-program\/#breadcrumb"},"inLanguage":"it-IT","potentialAction":[{"@type":"ReadAction","target":["https:\/\/sharingsms.com\/referral-program\/"]}]},{"@type":"BreadcrumbList","@id":"https:\/\/sharingsms.com\/referral-program\/#breadcrumb","itemListElement":[{"@type":"ListItem","position":1,"name":"Home","item":"https:\/\/sharingsms.com\/"},{"@type":"ListItem","position":2,"name":"How to Access the Sharing SMS Referral Program \u2014 Step-by-Step Guide"}]},{"@type":"WebSite","@id":"https:\/\/sharingsms.com\/#website","url":"https:\/\/sharingsms.com\/","name":"Condivisione SMS","description":"","potentialAction":[{"@type":"SearchAction","target":{"@type":"EntryPoint","urlTemplate":"https:\/\/sharingsms.com\/?s={search_term_string}"},"query-input":{"@type":"PropertyValueSpecification","valueRequired":true,"valueName":"search_term_string"}}],"inLanguage":"it-IT"}]}},"_links":{"self":[{"href":"https:\/\/sharingsms.com\/it\/wp-json\/wp\/v2\/pages\/842","targetHints":{"allow":["GET"]}}],"collection":[{"href":"https:\/\/sharingsms.com\/it\/wp-json\/wp\/v2\/pages"}],"about":[{"href":"https:\/\/sharingsms.com\/it\/wp-json\/wp\/v2\/types\/page"}],"author":[{"embeddable":true,"href":"https:\/\/sharingsms.com\/it\/wp-json\/wp\/v2\/users\/1"}],"replies":[{"embeddable":true,"href":"https:\/\/sharingsms.com\/it\/wp-json\/wp\/v2\/comments?post=842"}],"version-history":[{"count":3,"href":"https:\/\/sharingsms.com\/it\/wp-json\/wp\/v2\/pages\/842\/revisions"}],"predecessor-version":[{"id":948,"href":"https:\/\/sharingsms.com\/it\/wp-json\/wp\/v2\/pages\/842\/revisions\/948"}],"wp:attachment":[{"href":"https:\/\/sharingsms.com\/it\/wp-json\/wp\/v2\/media?parent=842"}],"curies":[{"name":"parola chiave","href":"https:\/\/api.w.org\/{rel}","templated":true}]}}