{"id":898,"date":"2025-09-30T13:09:47","date_gmt":"2025-09-30T13:09:47","guid":{"rendered":"https:\/\/sharingsms.com\/?page_id=898"},"modified":"2025-09-30T16:57:16","modified_gmt":"2025-09-30T16:57:16","slug":"terms-and-conditions","status":"publish","type":"page","link":"https:\/\/sharingsms.com\/it\/terms-and-conditions\/","title":{"rendered":"Termini e Condizioni"},"content":{"rendered":"<h2 class=\"wp-block-heading\">Contratto di servizio<\/h2>\n\n\n\n<h3 class=\"wp-block-heading\">1. PARTI DELL&#039;ACCORDO<\/h3>\n\n\n\n<p>Il presente Contratto di Servizio (di seguito denominato &quot;Contratto&quot;) \u00e8 stipulato tra Sharing SMS (di seguito denominata &quot;Societ\u00e0&quot;) e l&#039;utente del servizio (di seguito denominato &quot;Partner&quot;). La Societ\u00e0 e il Partner saranno collettivamente denominati &quot;Parti&quot;.<\/p>\n\n\n\n<p>Il Contratto di Servizio \u00e8 stipulato tra le Parti: Sharing SMS e il Partner.<\/p>\n\n\n\n<h3 class=\"wp-block-heading\">2. PREAMBOLO<\/h3>\n\n\n\n<p>Registrandosi sul sito web della Societ\u00e0 e creando un account, il Partner conferma di accettare i termini del presente Contratto. Il Partner accetta che i principali mezzi di comunicazione siano e-mail, chat e messaggistica. Il Partner accetta di ricevere notifiche elettroniche dalla Societ\u00e0, nonch\u00e9 notifiche tramite messaggistica come WhatsApp o Telegram. Il Partner conferma il proprio consenso all&#039;archiviazione e al trattamento dei propri dati per tutta la durata del Contratto. Per gestire i numeri noleggiati, gestire le informazioni personali e accedere ai servizi, il Partner utilizza il proprio account sul sito web della Societ\u00e0 e sull&#039;app mobile.<\/p>\n\n\n\n<h3 class=\"wp-block-heading\">3. SCOPO DELL&#039;ACCORDO<\/h3>\n\n\n\n<p>Lo scopo del presente Contratto \u00e8 quello di disciplinare il rapporto giuridico tra le Parti nell&#039;ambito della fornitura di servizi di telecomunicazione da parte della Societ\u00e0. Il Contratto definisce le condizioni per la fornitura di tali servizi.<\/p>\n\n\n\n<h3 class=\"wp-block-heading\">4. DIRITTI E OBBLIGHI DELLE PARTI<\/h3>\n\n\n\n<h4 class=\"wp-block-heading\">4.1 Azienda<\/h4>\n\n\n\n<p><strong>4.1.1<\/strong> La Societ\u00e0 offre al Partner la possibilit\u00e0 di noleggiare le proprie schede SIM, in particolare per la fornitura di elaborazione SMS.<\/p>\n\n\n\n<p><strong>4.1.2<\/strong> La Societ\u00e0 detiene le carte SIM nella propria base. La Societ\u00e0 premia il Partner per il noleggio delle proprie carte SIM (quando la SIM viene noleggiata, mantenendo lo stato &quot;Pronto&quot;).<\/p>\n\n\n\n<p><strong>4.1.3<\/strong> La Societ\u00e0 non \u00e8 responsabile della manutenzione commerciale delle apparecchiature necessarie per l&#039;erogazione del servizio. Il Partner \u00e8 tenuto a mantenere le proprie apparecchiature al fine di fornire i servizi e garantire il corretto funzionamento della\/e carta\/e SIM, inclusa la ricarica del credito quando necessario per preservare il numero ed evitare che venga bloccato dall&#039;operatore di telefonia mobile.<\/p>\n\n\n\n<p><strong>4.1.4<\/strong> La Societ\u00e0 fornisce al Partner un supporto continuo e consulenti manageriali in merito al servizio erogato nel volume richiesto.<\/p>\n\n\n\n<p><strong>4.1.5<\/strong> La Societ\u00e0 si riserva il diritto di sostituire il numero SIM fornito per motivi indipendenti dalla legge e da altri atti normativi, o qualora la continua fornitura di servizi di comunicazione tramite tale numero diventi impossibile a causa di circostanze indipendenti dalla volont\u00e0 della Societ\u00e0. In tal caso, la Societ\u00e0 \u00e8 tenuta a comunicare al Partner la sostituzione il prima possibile. Il Partner provveder\u00e0 alla sostituzione del numero SIM a proprie spese. La Societ\u00e0 non \u00e8 responsabile per eventuali spese aggiuntive sostenute dal Partner per la sostituzione del numero, che esulano dall&#039;accordo tra le Parti.<\/p>\n\n\n\n<p><strong>4.1.6<\/strong> Se il Partner viola una qualsiasi clausola del presente Contratto, la Societ\u00e0 ha il diritto di sospendere l&#039;account del Partner.<\/p>\n\n\n\n<p><strong>4.1.7<\/strong> La Societ\u00e0 si riserva il diritto di rifiutare di fornire servizi al Partner qualora ritenga il Partner inaffidabile.<\/p>\n\n\n\n<p><strong>4.1.8<\/strong> La Societ\u00e0 ha il diritto di modificare i termini del presente Contratto senza il previo consenso e la notifica del Partner qualora tali modifiche siano necessarie a causa di cambiamenti nel quadro giuridico, nelle condizioni assicurative, nei requisiti di sicurezza o in modifiche dei documenti statutari.<\/p>\n\n\n\n<p><strong>4.1.9<\/strong> La Societ\u00e0 si riserva il diritto di modificare le tariffe per qualsiasi servizio fornito.<\/p>\n\n\n\n<p><strong>4.1.10<\/strong> La Societ\u00e0 si riserva il diritto di recedere dalla partnership senza procedere all&#039;elaborazione del pagamento nei casi in cui il Partner si dimostri inaffidabile violando i propri obblighi (5), ignorando tutti i mezzi di comunicazione o sabotando il funzionamento del servizio. In questi o altri casi di sabotaggio del funzionamento del servizio, gli obblighi della Societ\u00e0 si considerano adempiuti, mentre il Partner non riceve alcuna ricompensa. L&#039;account del Partner viene bloccato definitivamente. La Partnership viene risolta.<\/p>\n\n\n\n<h4 class=\"wp-block-heading\">5. Partner<\/h4>\n\n\n\n<p><strong>5.1<\/strong> Il Partner \u00e8 tenuto a mantenere i servizi e a risolvere tempestivamente i problemi relativi al servizio fornito.<\/p>\n\n\n\n<p><strong>5.2<\/strong> Il Partner \u00e8 tenuto a fornire i propri dati di contatto. La Societ\u00e0 informa preventivamente il Partner di tali requisiti.<\/p>\n\n\n\n<p><strong>5.3<\/strong> Se il Partner viene a conoscenza di eventuali interruzioni nel funzionamento dei servizi, \u00e8 tenuto a informare la Societ\u00e0. La Societ\u00e0 fornisce al Partner un termine (inferiore a 6 ore) entro il quale il Partner dovr\u00e0 risolvere il problema relativo al servizio fornito. Qualora il Partner non risolva il problema, non ricever\u00e0 alcuna ricompensa giornaliera.<\/p>\n\n\n\n<p><strong>5.4<\/strong> La Societ\u00e0 consente al Partner di ricevere referral nel caso in cui il Partner stia attivamente affittando i propri SIM. L&#039;account del Partner deve rimanere attivo. La Societ\u00e0 considera gli account smurf (account aggiuntivi appartenenti allo stesso Partner) come un comportamento fraudolento. Tali account verranno chiusi e l&#039;account del Partner principale verr\u00e0 bloccato senza il diritto di ricevere la ricompensa mensile.<\/p>\n\n\n\n<p><strong>5.5<\/strong> Quando il Partner contatta il Servizio di Supporto della Societ\u00e0 (per telefono, e-mail o chat online sul sito web della Societ\u00e0), \u00e8 tenuto a comunicare in modo cortese e nell&#039;ambito dei servizi forniti. La Societ\u00e0 si riserva il diritto di non rispondere alle richieste del Partner qualora siano accompagnate da linguaggio osceno, maleducazione o vadano oltre l&#039;ambito dei servizi forniti dalla Societ\u00e0.<\/p>\n\n\n\n<p><strong>5.6<\/strong> Il Partner \u00e8 tenuto a collaborare con la Societ\u00e0 nelle seguenti situazioni:<\/p>\n\n\n\n<ul class=\"wp-block-list\">\n<li>Nel gestire eventuali reclami riguardanti i servizi forniti;<\/li>\n\n\n\n<li>Quando si gestiscono richieste o indagini riguardanti i servizi forniti.<\/li>\n<\/ul>\n\n\n\n<p>Il Partner \u00e8 tenuto a:<\/p>\n\n\n\n<ul class=\"wp-block-list\">\n<li>Assumersi la piena responsabilit\u00e0 per eventuali violazioni delle leggi locali.<\/li>\n\n\n\n<li>Sostenere tutti i costi aggiuntivi associati alla violazione della legge nella giurisdizione del proprio Paese.<\/li>\n\n\n\n<li>In tal caso la Societ\u00e0 non si assume alcuna responsabilit\u00e0 per l&#039;incompetenza del Partner.<\/li>\n<\/ul>\n\n\n\n<p><strong>5.7<\/strong> Accettando il presente Contratto, il Partner conferma di avere almeno 18 anni.<\/p>\n\n\n\n<p><strong>5.8<\/strong> Il Partner non ha il diritto di trasferire i propri diritti e obblighi a terzi senza l&#039;autorizzazione della Societ\u00e0 ai sensi del presente Contratto.<\/p>\n\n\n\n<p><strong>5.9<\/strong> Durante il noleggio del SIM del Partner, quest&#039;ultimo \u00e8 tenuto a mantenerne l&#039;operativit\u00e0 finch\u00e9 il SIM \u00e8 attivo. Ci\u00f2 include l&#039;eventuale ricarica del saldo della carta SIM. Tutte le spese aggiuntive eventualmente sostenute sono a carico del Partner.<\/p>\n\n\n\n<p><strong>5.10<\/strong> Accettando i presenti termini e condizioni, il Partner dichiara di essere affidabile e di non avere alcun disaccordo con i presenti termini e condizioni n\u00e9 con quelli futuri.<\/p>\n\n\n\n<p><strong>5.11<\/strong> Nel caso in cui il Partner desideri recedere dal Contratto, la Societ\u00e0 gli blocca definitivamente l&#039;accesso al proprio conto. I pagamenti verranno elaborati come di consueto, a condizione che il Partner non abbia violato i propri obblighi. Il Partner \u00e8 tenuto a informare la Societ\u00e0 della propria decisione con 3 giorni di anticipo.<\/p>\n\n\n\n<h3 class=\"wp-block-heading\">6. PROCEDURA DI PAGAMENTO<\/h3>\n\n\n\n<p><strong>6.1<\/strong> La Societ\u00e0 fornisce una base di pagamento in due parti: Accrual giornalieri (una ricompensa giornaliera fissa, applicabile solo finch\u00e9 l&#039;SIM mantiene lo stato &quot;Pronto&quot;) e Pagamento mensile (il risultato dei Premi del Partner calcolati e inviati al suo portafoglio).<\/p>\n\n\n\n<p><strong>6.2<\/strong> Le spese del Partner includono:<\/p>\n\n\n\n<ul class=\"wp-block-list\">\n<li>SIM spese pagate al vettore (se richiesto)<\/li>\n\n\n\n<li>La fornitura del dispositivo<\/li>\n\n\n\n<li>La disposizione SIM<\/li>\n\n\n\n<li>Altri casi che esulano dalla responsabilit\u00e0 della Societ\u00e0<\/li>\n<\/ul>\n\n\n\n<p><strong>6.3<\/strong> La Societ\u00e0 pu\u00f2 applicare una Penalit\u00e0 se il veicolo SIM noleggiato rimane nello stato &quot;Non Pronto&quot; per pi\u00f9 di 6 ore nell&#039;arco delle 24 ore (00:00-00:00). La Penalit\u00e0 annulla l&#039;Accumulo per quel giorno.<\/p>\n\n\n\n<h3 class=\"wp-block-heading\">7. DIRITTI DI PROPRIET\u00c0 INTELLETTUALE<\/h3>\n\n\n\n<p><strong>7.1<\/strong> Tutti i diritti di propriet\u00e0 intellettuale appartenenti a una parte restano di sua propriet\u00e0.<\/p>\n\n\n\n<p><strong>7.2<\/strong> Il Partner non dovr\u00e0 in nessun caso utilizzare il nome della Societ\u00e0, il suo marchio o i suoi diritti di propriet\u00e0 intellettuale.<\/p>\n\n\n\n<p><strong>7.3<\/strong> \u00c8 severamente vietato il trasferimento della propriet\u00e0 intellettuale senza consenso scritto.<\/p>\n\n\n\n<h3 class=\"wp-block-heading\">8. RISERVATEZZA<\/h3>\n\n\n\n<p>La Societ\u00e0 garantisce la riservatezza dei dati personali del Partner.<\/p>\n\n\n\n<h3 class=\"wp-block-heading\">9. LIMITAZIONE DI RESPONSABILIT\u00c0<\/h3>\n\n\n\n<p><strong>9.1<\/strong> La Societ\u00e0 non \u00e8 responsabile nei seguenti casi: danni indiretti, consequenziali o accidentali dovuti a comunicazioni interrotte, perdita di dati, profitti non riscossi o altre perdite economiche correlate al presente Contratto.<\/p>\n\n\n\n<p><strong>9.2<\/strong> La Societ\u00e0 \u00e8 responsabile solo nei casi in cui gli accantonamenti siano stati calcolati in modo errato o non siano stati calcolati affatto per motivi tecnici.<\/p>\n\n\n\n<p><strong>9.3<\/strong> La Societ\u00e0 non \u00e8 responsabile per eventuali errori, omissioni o refusi presenti nel Contratto, nel sito web, nell&#039;account personale, nelle fatture o in altri documenti emessi o forniti dalla Societ\u00e0. Il Partner potr\u00e0 segnalare alla Societ\u00e0 eventuali inesattezze, che saranno corrette se confermate.<\/p>\n\n\n\n<h3 class=\"wp-block-heading\">10. FORZA MAGGIORE<\/h3>\n\n\n\n<p><strong>10.1<\/strong> La Societ\u00e0 non \u00e8 responsabile per interruzioni, ritardi o mancata fornitura di servizi dovuti a circostanze al di fuori del suo controllo, inclusi, a titolo esemplificativo ma non esaustivo, disastri naturali, guerre, sanzioni, revoca di licenze, distruzione di apparecchiature o guasti di terze parti (ad esempio operatori di telecomunicazioni, azioni governative).<\/p>\n\n\n\n<p><strong>10.2<\/strong> La Societ\u00e0 non \u00e8 responsabile per eventuali conseguenze derivanti da tali circostanze di forza maggiore.<\/p>\n\n\n\n<h3 class=\"wp-block-heading\">11. RISARCIMENTO E RESPONSABILIT\u00c0<\/h3>\n\n\n\n<p>Indipendentemente dall&#039;importo di qualsiasi compenso relativo al presente Contratto, il Partner riconosce e accetta che la Societ\u00e0, i suoi fondatori, le sue controllate, affiliate, i suoi funzionari, amministratori, dipendenti e agenti non saranno responsabili per eventuali perdite, danni o reclami derivanti da o correlati all&#039;utilizzo dei servizi. Ci\u00f2 include, a titolo esemplificativo ma non esaustivo, problemi relativi alla disponibilit\u00e0 del servizio, alla riservatezza dei dati, a malfunzionamenti tecnici o a ritardi nella trasmissione delle informazioni.<br><\/p>\n\n\n\n<h3 class=\"wp-block-heading\">12. TERMINI DELL&#039;ACCORDO<\/h3>\n\n\n\n<p><strong>12.1<\/strong> Il presente Contratto entra in vigore al momento della creazione di un account utente da parte del Partner e rimane valido fino alla sua risoluzione da parte di una delle Parti.<\/p>\n\n\n\n<p><strong>12.2<\/strong> Ciascuna Parte pu\u00f2 recedere dal presente Contratto in caso di violazione dei suoi termini.<\/p>\n\n\n\n<p><strong>12.3<\/strong> Alla risoluzione del rapporto si considerano adempiuti tutti gli obblighi della Societ\u00e0.<\/p>\n\n\n\n<h3 class=\"wp-block-heading\">13. VARIE<\/h3>\n\n\n\n<p><strong>13.1<\/strong> Il presente Contratto riflette l&#039;intero accordo tra le Parti e sostituisce tutte le precedenti dichiarazioni e intese.<\/p>","protected":false},"excerpt":{"rendered":"<p>Service Agreement 1. PARTIES TO THE AGREEMENT This Service Agreement (hereinafter referred to as the &#8220;Agreement&#8221;) is entered into between Sharing SMS (hereinafter referred to as the &#8220;Company&#8221;) and the service user (hereinafter referred to as the &#8220;Partner&#8221;). The Company and the Partner shall collectively be referred to as the &#8220;Parties&#8221;. The Service Agreement is [&hellip;]<\/p>\n","protected":false},"author":1,"featured_media":0,"parent":0,"menu_order":0,"comment_status":"closed","ping_status":"closed","template":"","meta":{"footnotes":""},"class_list":["post-898","page","type-page","status-publish","hentry"],"yoast_head":"<!-- This site is optimized with the Yoast SEO plugin v27.5 - https:\/\/yoast.com\/product\/yoast-seo-wordpress\/ -->\n<title>Terms and Conditions - SMS Sharing<\/title>\n<meta name=\"description\" content=\"Read the Sharing SMS Terms and Conditions. This agreement outlines partner obligations, SIM usage, earnings policy, and service limitations.\" \/>\n<meta name=\"robots\" content=\"index, follow, max-snippet:-1, max-image-preview:large, max-video-preview:-1\" \/>\n<link rel=\"canonical\" href=\"https:\/\/sharingsms.com\/it\/terms-and-conditions\/\" \/>\n<meta property=\"og:locale\" content=\"it_IT\" \/>\n<meta property=\"og:type\" content=\"article\" \/>\n<meta property=\"og:title\" content=\"Terms and Conditions - SMS Sharing\" \/>\n<meta property=\"og:description\" content=\"Read the Sharing SMS Terms and Conditions. This agreement outlines partner obligations, SIM usage, earnings policy, and service limitations.\" \/>\n<meta property=\"og:url\" content=\"https:\/\/sharingsms.com\/it\/terms-and-conditions\/\" \/>\n<meta property=\"og:site_name\" content=\"SMS Sharing\" \/>\n<meta property=\"article:modified_time\" content=\"2025-09-30T16:57:16+00:00\" \/>\n<meta name=\"twitter:card\" content=\"summary_large_image\" \/>\n<meta name=\"twitter:label1\" content=\"Tempo di lettura stimato\" \/>\n\t<meta name=\"twitter:data1\" content=\"7 minuti\" \/>\n<script type=\"application\/ld+json\" class=\"yoast-schema-graph\">{\"@context\":\"https:\\\/\\\/schema.org\",\"@graph\":[{\"@type\":\"WebPage\",\"@id\":\"https:\\\/\\\/sharingsms.com\\\/terms-and-conditions\\\/\",\"url\":\"https:\\\/\\\/sharingsms.com\\\/terms-and-conditions\\\/\",\"name\":\"Terms and Conditions - SMS Sharing\",\"isPartOf\":{\"@id\":\"https:\\\/\\\/sharingsms.com\\\/#website\"},\"datePublished\":\"2025-09-30T13:09:47+00:00\",\"dateModified\":\"2025-09-30T16:57:16+00:00\",\"description\":\"Read the Sharing SMS Terms and Conditions. This agreement outlines partner obligations, SIM usage, earnings policy, and service limitations.\",\"breadcrumb\":{\"@id\":\"https:\\\/\\\/sharingsms.com\\\/terms-and-conditions\\\/#breadcrumb\"},\"inLanguage\":\"it-IT\",\"potentialAction\":[{\"@type\":\"ReadAction\",\"target\":[\"https:\\\/\\\/sharingsms.com\\\/terms-and-conditions\\\/\"]}]},{\"@type\":\"BreadcrumbList\",\"@id\":\"https:\\\/\\\/sharingsms.com\\\/terms-and-conditions\\\/#breadcrumb\",\"itemListElement\":[{\"@type\":\"ListItem\",\"position\":1,\"name\":\"Home\",\"item\":\"https:\\\/\\\/sharingsms.com\\\/\"},{\"@type\":\"ListItem\",\"position\":2,\"name\":\"Terms and Conditions\"}]},{\"@type\":\"WebSite\",\"@id\":\"https:\\\/\\\/sharingsms.com\\\/#website\",\"url\":\"https:\\\/\\\/sharingsms.com\\\/\",\"name\":\"SMS Sharing\",\"description\":\"\",\"potentialAction\":[{\"@type\":\"SearchAction\",\"target\":{\"@type\":\"EntryPoint\",\"urlTemplate\":\"https:\\\/\\\/sharingsms.com\\\/?s={search_term_string}\"},\"query-input\":{\"@type\":\"PropertyValueSpecification\",\"valueRequired\":true,\"valueName\":\"search_term_string\"}}],\"inLanguage\":\"it-IT\"}]}<\/script>\n<!-- \/ Yoast SEO plugin. -->","yoast_head_json":{"title":"Termini e condizioni - Condivisione SMS","description":"Leggi i Termini e Condizioni di Sharing SMS. Questo accordo definisce gli obblighi del partner, l&#039;utilizzo di SIM, la politica sui guadagni e le limitazioni del servizio.","robots":{"index":"index","follow":"follow","max-snippet":"max-snippet:-1","max-image-preview":"max-image-preview:large","max-video-preview":"max-video-preview:-1"},"canonical":"https:\/\/sharingsms.com\/it\/terms-and-conditions\/","og_locale":"it_IT","og_type":"article","og_title":"Terms and Conditions - SMS Sharing","og_description":"Read the Sharing SMS Terms and Conditions. This agreement outlines partner obligations, SIM usage, earnings policy, and service limitations.","og_url":"https:\/\/sharingsms.com\/it\/terms-and-conditions\/","og_site_name":"SMS Sharing","article_modified_time":"2025-09-30T16:57:16+00:00","twitter_card":"summary_large_image","twitter_misc":{"Tempo di lettura stimato":"7 minuti"},"schema":{"@context":"https:\/\/schema.org","@graph":[{"@type":"WebPage","@id":"https:\/\/sharingsms.com\/terms-and-conditions\/","url":"https:\/\/sharingsms.com\/terms-and-conditions\/","name":"Termini e condizioni - Condivisione SMS","isPartOf":{"@id":"https:\/\/sharingsms.com\/#website"},"datePublished":"2025-09-30T13:09:47+00:00","dateModified":"2025-09-30T16:57:16+00:00","description":"Leggi i Termini e Condizioni di Sharing SMS. Questo accordo definisce gli obblighi del partner, l&#039;utilizzo di SIM, la politica sui guadagni e le limitazioni del servizio.","breadcrumb":{"@id":"https:\/\/sharingsms.com\/terms-and-conditions\/#breadcrumb"},"inLanguage":"it-IT","potentialAction":[{"@type":"ReadAction","target":["https:\/\/sharingsms.com\/terms-and-conditions\/"]}]},{"@type":"BreadcrumbList","@id":"https:\/\/sharingsms.com\/terms-and-conditions\/#breadcrumb","itemListElement":[{"@type":"ListItem","position":1,"name":"Home","item":"https:\/\/sharingsms.com\/"},{"@type":"ListItem","position":2,"name":"Terms and Conditions"}]},{"@type":"WebSite","@id":"https:\/\/sharingsms.com\/#website","url":"https:\/\/sharingsms.com\/","name":"Condivisione SMS","description":"","potentialAction":[{"@type":"SearchAction","target":{"@type":"EntryPoint","urlTemplate":"https:\/\/sharingsms.com\/?s={search_term_string}"},"query-input":{"@type":"PropertyValueSpecification","valueRequired":true,"valueName":"search_term_string"}}],"inLanguage":"it-IT"}]}},"_links":{"self":[{"href":"https:\/\/sharingsms.com\/it\/wp-json\/wp\/v2\/pages\/898","targetHints":{"allow":["GET"]}}],"collection":[{"href":"https:\/\/sharingsms.com\/it\/wp-json\/wp\/v2\/pages"}],"about":[{"href":"https:\/\/sharingsms.com\/it\/wp-json\/wp\/v2\/types\/page"}],"author":[{"embeddable":true,"href":"https:\/\/sharingsms.com\/it\/wp-json\/wp\/v2\/users\/1"}],"replies":[{"embeddable":true,"href":"https:\/\/sharingsms.com\/it\/wp-json\/wp\/v2\/comments?post=898"}],"version-history":[{"count":3,"href":"https:\/\/sharingsms.com\/it\/wp-json\/wp\/v2\/pages\/898\/revisions"}],"predecessor-version":[{"id":903,"href":"https:\/\/sharingsms.com\/it\/wp-json\/wp\/v2\/pages\/898\/revisions\/903"}],"wp:attachment":[{"href":"https:\/\/sharingsms.com\/it\/wp-json\/wp\/v2\/media?parent=898"}],"curies":[{"name":"parola chiave","href":"https:\/\/api.w.org\/{rel}","templated":true}]}}