{"id":968,"date":"2026-03-05T11:00:54","date_gmt":"2026-03-05T11:00:54","guid":{"rendered":"https:\/\/sharingsms.com\/?page_id=968"},"modified":"2026-03-05T11:00:54","modified_gmt":"2026-03-05T11:00:54","slug":"infected-smartphones-warning","status":"publish","type":"page","link":"https:\/\/sharingsms.com\/it\/infected-smartphones-warning\/","title":{"rendered":"Avviso di sicurezza: Malware negli smartphone economici di marche sconosciute (Alps, Soyes, Lingbo)"},"content":{"rendered":"<p>Cari partner,<\/p>\n\n\n\n<p>Recentemente abbiamo notato un aumento nell&#039;uso di <strong>smartphone cinesi economici<\/strong> da marchi sconosciuti (cosiddetti <strong>\u201csconosciuti\u201d<\/strong>) per lavorare con <em>Sharing SMS<\/em>. Tra questi figurano Alps XS15, Alps S23 Pro, Alps P70 Pro Max, Alps 16 Pro, Soyes XS11, Lingbo G24 mini e altri. Questi dispositivi spesso contengono <strong>codice dannoso<\/strong> (come il <strong>Guerriglia<\/strong> O <strong>Triada<\/strong> trojan) incorporati nel loro firmware.<\/p>\n\n\n\n<p>Siamo costretti ad avvertirvi dei pericoli, poich\u00e9 ci\u00f2 incide direttamente sui vostri guadagni.<\/p>\n\n\n\n<h2 class=\"wp-block-heading\"><strong>Informazioni sui dispositivi infetti:<\/strong><\/h2>\n\n\n\n<ul class=\"wp-block-list\">\n<li>Secondo<a href=\"https:\/\/heimdalsecurity.com\/blog\/lemon-gang-pre-infects-9-million-android-devices-with-malware\/\" target=\"_blank\" rel=\"noreferrer noopener nofollow\"> Heimdal Security<\/a>, Quasi 9 milioni di dispositivi Android sono infetti dal malware &quot;Guerrilla&quot;.<\/li>\n\n\n\n<li><a href=\"https:\/\/redskyalliance.org\/\" target=\"_blank\" rel=\"noreferrer noopener nofollow\">Alleanza del Cielo Rosso<\/a> Secondo alcune fonti, il trojan Triada viene utilizzato per controllare milioni di smartphone.<\/li>\n\n\n\n<li>Secondo<a href=\"https:\/\/www.cybersecuritytribe.com\/news\/lemon-group-guerilla-malware-pre-infects-millions-of-android-devices\" target=\"_blank\" rel=\"noreferrer noopener nofollow\"> CybersecurityTribe<\/a>, Un singolo gruppo di criminali informatici controlla milioni di dispositivi in 180 paesi.<\/li>\n\n\n\n<li>I software dannosi possono:\n<ul class=\"wp-block-list\">\n<li>Intercetta i messaggi SMS con password monouso;<\/li>\n\n\n\n<li>Configura i server proxy inversi;<\/li>\n\n\n\n<li>Dirottare le sessioni di WhatsApp e di altri programmi di messaggistica;<\/li>\n\n\n\n<li>Registrare account all&#039;insaputa dell&#039;utente<\/li>\n<\/ul>\n<\/li>\n<\/ul>\n\n\n\n<h2 class=\"wp-block-heading\"><strong>Quali sono i rischi?<\/strong><\/h2>\n\n\n\n<ol class=\"wp-block-list\">\n<li><strong>Registrazione automatica dell&#039;account.<\/strong><br>Non appena inserisci una scheda SIM in uno smartphone di questo tipo, il software dannoso inizia a registrare account su vari servizi (WhatsApp, Facebook, Tinder, JingDong, ecc.) a tua insaputa. Non vedrai la scheda SMS con i codici, ma questi vengono intercettati e inviati a malintenzionati.<\/li>\n<\/ol>\n\n\n\n<ol start=\"2\" class=\"wp-block-list\">\n<li><strong>Gli immobili diventano inadatti all&#039;affitto.<\/strong><br>Se l&#039;assistenza tecnica ti informa che i tuoi numeri sono gi\u00e0 saturi di registrazioni, non possono essere affittati ai clienti. Ci\u00f2 significa perdite indesiderate: dovrai acquistare nuove schede e dispositivi SIM.<\/li>\n<\/ol>\n\n\n\n<ol start=\"3\" class=\"wp-block-list\">\n<li><strong>Problemi con la &quot;pulizia&quot; dei numeri.<\/strong><br>Puoi provare a eliminare manualmente gli account registrati con i tuoi numeri (consulta l&#039;elenco dei servizi con l&#039;assistenza tecnica). Tuttavia, questo non garantisce il successo:\n<ul class=\"wp-block-list\">\n<li>Gli account possono avere l&#039;autenticazione a due fattori (2FA) abilitata.<\/li>\n\n\n\n<li>Se un servizio (come WhatsApp) rileva attivit\u00e0 sospette, pu\u00f2 bloccare definitivamente il numero.<\/li>\n<\/ul>\n<\/li>\n<\/ol>\n\n\n\n<ol start=\"4\" class=\"wp-block-list\">\n<li><strong>Ulteriori minacce provenienti dai trojan.<\/strong><br>Oltre a intercettare SMS, il software dannoso pu\u00f2:\n<ul class=\"wp-block-list\">\n<li>Installa annunci pubblicitari invasivi;<\/li>\n\n\n\n<li>Rubare i dati dell&#039;account (ad esempio, i cookie di Facebook);<\/li>\n\n\n\n<li>Utilizza il tuo dispositivo per scopi fraudolenti.<\/li>\n<\/ul>\n<\/li>\n<\/ol>\n\n\n\n<ol start=\"5\" class=\"wp-block-list\">\n<li><strong>Rischio di diminuzione del rating <\/strong><strong><em>Sharing SMS.<\/em><\/strong><br>Se tali casi di compromissione del numero si verificano frequentemente, il tuo punteggio nel servizio potrebbe diminuire, il che influir\u00e0 direttamente sui tuoi guadagni.<br><\/li>\n<\/ol>\n\n\n\n<h2 class=\"wp-block-heading\"><strong>Cosa dovresti fare?<\/strong><\/h2>\n\n\n\n<ul class=\"wp-block-list\">\n<li>Utilizza smartphone di produttori noti e affidabili, come Samsung, Xiaomi, ZTE e altri.<\/li>\n\n\n\n<li>Evitate gli smartphone cinesi economici di marche sconosciute: il codice dannoso \u00e8 incorporato a livello del firmware e non pu\u00f2 essere rimosso dai software antivirus.<\/li>\n\n\n\n<li>Non trascurare il blocco schermo. Impostare una password, una sequenza, l&#039;impronta digitale o il riconoscimento facciale sul dispositivo aiuta a prevenire l&#039;accesso non autorizzato ai dati in caso di furto o smarrimento.<\/li>\n\n\n\n<li>Se l&#039;assistenza tecnica ti avvisa di numeri utilizzati per spam, sostituiscili con numeri nuovi, installandoli su dispositivi affidabili, oppure prova a ripulire i numeri (elimina gli account dai servizi specificati e invia screenshot di conferma).<\/li>\n<\/ul>\n\n\n\n<p><strong>L&#039;unico scenario positivo<\/strong> Un&#039;alternativa all&#039;utilizzo di uno smartphone economico di marca sconosciuta \u00e8 rappresentata dal fatto che il software dannoso potrebbe non essere in grado di determinare il numero di telefono della scheda SIM (alcuni operatori bloccano questa funzionalit\u00e0). In questo caso, il rischio \u00e8 inferiore, ma non vi \u00e8 alcuna garanzia di sicurezza assoluta.<\/p>\n\n\n\n<h2 class=\"wp-block-heading\"><strong>\u00c8 importante ricordarlo!<\/strong><\/h2>\n\n\n\n<p>L&#039;utilizzo di dispositivi infetti \u00e8 un rischio che si corre consapevolmente. <em>Sharing SMS<\/em> Il servizio non copre le perdite relative alla sostituzione delle schede e dei dispositivi SIM.<br><\/p>\n\n\n\n<p><strong>Materiali utili:<\/strong><\/p>\n\n\n\n<ul class=\"wp-block-list\">\n<li><a href=\"https:\/\/www.trendmicro.com\/en_us\/research\/23\/e\/lemon-group-cybercriminal-businesses-built-on-preinfected-devices.html\" target=\"_blank\" rel=\"noreferrer noopener nofollow\">Trend Micro: Trojan nei dispositivi preinstallati<\/a><\/li>\n\n\n\n<li><a href=\"https:\/\/heimdalsecurity.com\/blog\/lemon-gang-pre-infects-9-million-android-devices-with-malware\/\" target=\"_blank\" rel=\"noreferrer noopener nofollow\">Heimdal Security: 9 milioni di dispositivi infetti<\/a><\/li>\n\n\n\n<li><a href=\"https:\/\/www.bleepingcomputer.com\/news\/security\/cybercrime-gang-pre-infects-millions-of-android-devices-with-malware\/\" target=\"_blank\" rel=\"noreferrer noopener nofollow\">BleepingComputer: i criminali informatici infettano milioni di dispositivi Android<\/a><\/li>\n\n\n\n<li><a href=\"https:\/\/www.cybersecuritytribe.com\/news\/lemon-group-guerilla-malware-pre-infects-millions-of-android-devices\" target=\"_blank\" rel=\"noreferrer noopener nofollow\">CybersecurityTribe: Lemon Group ha infettato milioni di smartphone<\/a><\/li>\n<\/ul>\n\n\n\n<p><\/p>","protected":false},"excerpt":{"rendered":"<p>Dear Partners, Recently, we have noticed an increase in the use of budget Chinese smartphones from unknown brands (so-called &#8220;no-names&#8221;) for working with Sharing SMS. Among them are Alps XS15, Alps S23 Pro, Alps P70 Pro Max, Alps 16 Pro, Soyes XS11, Lingbo G24 mini, and others. These devices often contain malicious code (such as [&hellip;]<\/p>\n","protected":false},"author":1,"featured_media":0,"parent":0,"menu_order":0,"comment_status":"closed","ping_status":"closed","template":"","meta":{"footnotes":""},"class_list":["post-968","page","type-page","status-publish","hentry"],"yoast_head":"<!-- This site is optimized with the Yoast SEO plugin v27.4 - https:\/\/yoast.com\/product\/yoast-seo-wordpress\/ -->\n<title>Stop Using Infected Phones! Protect Your SIM Rental Profits<\/title>\n<meta name=\"description\" content=\"&quot;Using budget &#039;no-name&#039; Android phones like Alps or Soyes can kill your SMS earnings. Learn about Triada\/Guerrilla malware, SMS interception, and how to protect your SIM cards.&quot;\" \/>\n<meta name=\"robots\" content=\"index, follow, max-snippet:-1, max-image-preview:large, max-video-preview:-1\" \/>\n<link rel=\"canonical\" href=\"https:\/\/sharingsms.com\/it\/infected-smartphones-warning\/\" \/>\n<meta property=\"og:locale\" content=\"it_IT\" \/>\n<meta property=\"og:type\" content=\"article\" \/>\n<meta property=\"og:title\" content=\"Stop Using Infected Phones! Protect Your SIM Rental Profits\" \/>\n<meta property=\"og:description\" content=\"&quot;Using budget &#039;no-name&#039; Android phones like Alps or Soyes can kill your SMS earnings. Learn about Triada\/Guerrilla malware, SMS interception, and how to protect your SIM cards.&quot;\" \/>\n<meta property=\"og:url\" content=\"https:\/\/sharingsms.com\/it\/infected-smartphones-warning\/\" \/>\n<meta property=\"og:site_name\" content=\"SMS Sharing\" \/>\n<meta name=\"twitter:card\" content=\"summary_large_image\" \/>\n<meta name=\"twitter:label1\" content=\"Tempo di lettura stimato\" \/>\n\t<meta name=\"twitter:data1\" content=\"3 minuti\" \/>\n<script type=\"application\/ld+json\" class=\"yoast-schema-graph\">{\"@context\":\"https:\\\/\\\/schema.org\",\"@graph\":[{\"@type\":\"WebPage\",\"@id\":\"https:\\\/\\\/sharingsms.com\\\/infected-smartphones-warning\\\/\",\"url\":\"https:\\\/\\\/sharingsms.com\\\/infected-smartphones-warning\\\/\",\"name\":\"Stop Using Infected Phones! Protect Your SIM Rental Profits\",\"isPartOf\":{\"@id\":\"https:\\\/\\\/sharingsms.com\\\/#website\"},\"datePublished\":\"2026-03-05T11:00:54+00:00\",\"description\":\"\\\"Using budget 'no-name' Android phones like Alps or Soyes can kill your SMS earnings. Learn about Triada\\\/Guerrilla malware, SMS interception, and how to protect your SIM cards.\\\"\",\"breadcrumb\":{\"@id\":\"https:\\\/\\\/sharingsms.com\\\/infected-smartphones-warning\\\/#breadcrumb\"},\"inLanguage\":\"it-IT\",\"potentialAction\":[{\"@type\":\"ReadAction\",\"target\":[\"https:\\\/\\\/sharingsms.com\\\/infected-smartphones-warning\\\/\"]}]},{\"@type\":\"BreadcrumbList\",\"@id\":\"https:\\\/\\\/sharingsms.com\\\/infected-smartphones-warning\\\/#breadcrumb\",\"itemListElement\":[{\"@type\":\"ListItem\",\"position\":1,\"name\":\"Home\",\"item\":\"https:\\\/\\\/sharingsms.com\\\/\"},{\"@type\":\"ListItem\",\"position\":2,\"name\":\"Security Warning: Malware in Budget &#8220;No-Name&#8221; Smartphones (Alps, Soyes, Lingbo)\"}]},{\"@type\":\"WebSite\",\"@id\":\"https:\\\/\\\/sharingsms.com\\\/#website\",\"url\":\"https:\\\/\\\/sharingsms.com\\\/\",\"name\":\"SMS Sharing\",\"description\":\"\",\"potentialAction\":[{\"@type\":\"SearchAction\",\"target\":{\"@type\":\"EntryPoint\",\"urlTemplate\":\"https:\\\/\\\/sharingsms.com\\\/?s={search_term_string}\"},\"query-input\":{\"@type\":\"PropertyValueSpecification\",\"valueRequired\":true,\"valueName\":\"search_term_string\"}}],\"inLanguage\":\"it-IT\"}]}<\/script>\n<!-- \/ Yoast SEO plugin. -->","yoast_head_json":{"title":"Smetti di usare telefoni infetti! Proteggi i tuoi profitti di noleggio SIM","description":"\"Utilizzare smartphone Android economici di marche sconosciute come Alps o Soyes pu\\u00f2 compromettere i tuoi guadagni con SMS. Scopri di pi\\u00f9 sul malware Triada\\\/Guerrilla, sull&#039;intercettazione di SMS e su come proteggere le tue carte SIM.\"","robots":{"index":"index","follow":"follow","max-snippet":"max-snippet:-1","max-image-preview":"max-image-preview:large","max-video-preview":"max-video-preview:-1"},"canonical":"https:\/\/sharingsms.com\/it\/infected-smartphones-warning\/","og_locale":"it_IT","og_type":"article","og_title":"Stop Using Infected Phones! Protect Your SIM Rental Profits","og_description":"\"Using budget 'no-name' Android phones like Alps or Soyes can kill your SMS earnings. Learn about Triada\/Guerrilla malware, SMS interception, and how to protect your SIM cards.\"","og_url":"https:\/\/sharingsms.com\/it\/infected-smartphones-warning\/","og_site_name":"SMS Sharing","twitter_card":"summary_large_image","twitter_misc":{"Tempo di lettura stimato":"3 minuti"},"schema":{"@context":"https:\/\/schema.org","@graph":[{"@type":"WebPage","@id":"https:\/\/sharingsms.com\/infected-smartphones-warning\/","url":"https:\/\/sharingsms.com\/infected-smartphones-warning\/","name":"Smetti di usare telefoni infetti! Proteggi i tuoi profitti di noleggio SIM","isPartOf":{"@id":"https:\/\/sharingsms.com\/#website"},"datePublished":"2026-03-05T11:00:54+00:00","description":"\"Utilizzare smartphone Android economici di marche sconosciute come Alps o Soyes pu\\u00f2 compromettere i tuoi guadagni con SMS. Scopri di pi\\u00f9 sul malware Triada\\\/Guerrilla, sull&#039;intercettazione di SMS e su come proteggere le tue carte SIM.\"","breadcrumb":{"@id":"https:\/\/sharingsms.com\/infected-smartphones-warning\/#breadcrumb"},"inLanguage":"it-IT","potentialAction":[{"@type":"ReadAction","target":["https:\/\/sharingsms.com\/infected-smartphones-warning\/"]}]},{"@type":"BreadcrumbList","@id":"https:\/\/sharingsms.com\/infected-smartphones-warning\/#breadcrumb","itemListElement":[{"@type":"ListItem","position":1,"name":"Home","item":"https:\/\/sharingsms.com\/"},{"@type":"ListItem","position":2,"name":"Security Warning: Malware in Budget &#8220;No-Name&#8221; Smartphones (Alps, Soyes, Lingbo)"}]},{"@type":"WebSite","@id":"https:\/\/sharingsms.com\/#website","url":"https:\/\/sharingsms.com\/","name":"Condivisione SMS","description":"","potentialAction":[{"@type":"SearchAction","target":{"@type":"EntryPoint","urlTemplate":"https:\/\/sharingsms.com\/?s={search_term_string}"},"query-input":{"@type":"PropertyValueSpecification","valueRequired":true,"valueName":"search_term_string"}}],"inLanguage":"it-IT"}]}},"_links":{"self":[{"href":"https:\/\/sharingsms.com\/it\/wp-json\/wp\/v2\/pages\/968","targetHints":{"allow":["GET"]}}],"collection":[{"href":"https:\/\/sharingsms.com\/it\/wp-json\/wp\/v2\/pages"}],"about":[{"href":"https:\/\/sharingsms.com\/it\/wp-json\/wp\/v2\/types\/page"}],"author":[{"embeddable":true,"href":"https:\/\/sharingsms.com\/it\/wp-json\/wp\/v2\/users\/1"}],"replies":[{"embeddable":true,"href":"https:\/\/sharingsms.com\/it\/wp-json\/wp\/v2\/comments?post=968"}],"version-history":[{"count":1,"href":"https:\/\/sharingsms.com\/it\/wp-json\/wp\/v2\/pages\/968\/revisions"}],"predecessor-version":[{"id":969,"href":"https:\/\/sharingsms.com\/it\/wp-json\/wp\/v2\/pages\/968\/revisions\/969"}],"wp:attachment":[{"href":"https:\/\/sharingsms.com\/it\/wp-json\/wp\/v2\/media?parent=968"}],"curies":[{"name":"parola chiave","href":"https:\/\/api.w.org\/{rel}","templated":true}]}}