{"id":671,"date":"2023-09-13T10:53:26","date_gmt":"2023-09-13T10:53:26","guid":{"rendered":"https:\/\/sharingsms.com\/?page_id=671"},"modified":"2025-04-15T11:38:05","modified_gmt":"2025-04-15T11:38:05","slug":"how-to-start","status":"publish","type":"page","link":"https:\/\/sharingsms.com\/tr\/how-to-start\/","title":{"rendered":"Sharing SMS nas\u0131l kurulur: ad\u0131m ad\u0131m talimatlar"},"content":{"rendered":"<ol class=\"wp-block-list\">\n<li>Minimum \u00f6n \u00f6demeli hizmet paketi ile yerel mobil operat\u00f6rlerin SIM kart(lar)\u0131n\u0131 sat\u0131n al\u0131n.<\/li>\n\n\n\n<li>SIM kartlar\u0131n\u0131 Android s\u00fcr\u00fcm 6 ve \u00fczeri Android cihazlara tak\u0131n. A\u011f kayd\u0131n\u0131 kontrol edin.<\/li>\n\n\n\n<li>\u0130\u015f orta\u011f\u0131 hesab\u0131 olu\u015fturun <a href=\"https:\/\/sharesms-weboffice.betasms.net\/#\/register\">sitenin ki\u015fisel dolab\u0131<\/a>.<\/li>\n\n\n\n<li>Ki\u015fisel dolaptan uygulamay\u0131 (APK dosyas\u0131) ba\u011flant\u0131dan indirin.<\/li>\n\n\n\n<li>Sharing SMS uygulamas\u0131n\u0131 cihazlar\u0131n\u0131za y\u00fckleyin ve uygulaman\u0131n do\u011fru \u00e7al\u0131\u015fmas\u0131 i\u00e7in gerekli t\u00fcm izinleri* sa\u011flad\u0131\u011f\u0131n\u0131zdan emin olun.<\/li>\n\n\n\n<li>Ba\u015flang\u0131\u00e7ta, Sharing SMS'yi varsay\u0131lan SMS payla\u015f\u0131m uygulamas\u0131 yapman\u0131z istenecektir. Android'in \u00f6nceki s\u00fcr\u00fcmlerinde, SMS'yi almak i\u00e7in bu gereklidir. Bu nedenle, bunu yapman\u0131z \u00f6nerilir. Bunu uygulama ayarlar\u0131ndan da yapabilirsiniz.<\/li>\n\n\n\n<li>(+) butonuna t\u0131klayarak yepyeni, daha \u00f6nce kullan\u0131lmam\u0131\u015f SIM kartlar\u0131n\u0131z\u0131 uygulamaya ekleyin. Numara do\u011frulamas\u0131 otomatik olarak yap\u0131l\u0131r, SMS&#039;den kod girmenize gerek kalmaz.<\/li>\n<\/ol>\n\n\n<div class=\"wp-block-image\">\n<figure class=\"aligncenter is-resized\"><img loading=\"lazy\" decoding=\"async\" width=\"702\" height=\"1600\" src=\"https:\/\/sharingsms.com\/wp-content\/uploads\/2023\/09\/image.png\" alt=\"\" class=\"wp-image-677\" style=\"object-fit:contain;width:400px;height:700px\" srcset=\"https:\/\/sharingsms.com\/wp-content\/uploads\/2023\/09\/image.png 702w, https:\/\/sharingsms.com\/wp-content\/uploads\/2023\/09\/image-132x300.png 132w, https:\/\/sharingsms.com\/wp-content\/uploads\/2023\/09\/image-449x1024.png 449w, https:\/\/sharingsms.com\/wp-content\/uploads\/2023\/09\/image-674x1536.png 674w, https:\/\/sharingsms.com\/wp-content\/uploads\/2023\/09\/image-5x12.png 5w\" sizes=\"auto, (max-width: 702px) 100vw, 702px\" \/><\/figure>\n<\/div>\n\n\n<p><em><strong>Eklenen numaralar a\u015fa\u011f\u0131daki durumlara sahip olabilir: Aktif veya Aktif De\u011fil.<\/strong><\/em><\/p>\n\n\n\n<p><strong>Etkin de\u011fil<\/strong> durumu, numaran\u0131n hen\u00fcz kiralanmaya uygun olmad\u0131\u011f\u0131 anlam\u0131na gelir.<br><strong>Aktif<\/strong> durumu, numaran\u0131n kiraland\u0131\u011f\u0131 ve \u00fccretlendirmenin yap\u0131ld\u0131\u011f\u0131 anlam\u0131na gelir.<\/p>\n\n\n\n<p><strong>L\u00fctfen dikkat! <\/strong>Bir numara ekledikten sonra, \"Numara \u0130stikrar De\u011ferlendirmesi\" modu etkinle\u015ftirilir - platform, numaran\u0131z\u0131n istikrar\u0131n\u0131 belirli bir s\u00fcre, genellikle on g\u00fcn boyunca izler. Bu s\u00fcre zarf\u0131nda herhangi bir kullan\u0131labilirlik sorunu yoksa, numaran\u0131z kiralanabilir hale gelecektir. Numaran\u0131z kiralanmaya haz\u0131r oldu\u011funda, kazanmaya ba\u015flayabilirsiniz.<\/p>\n\n\n\n<ol start=\"8\" class=\"wp-block-list\">\n<li>Cihaz\u0131n\u0131zdaki g\u00fc\u00e7 tasarrufu veya pil optimizasyon modunu kapat\u0131n (bu mod sayesinde Android, uygulaman\u0131n arka planda \u00e7al\u0131\u015fmas\u0131n\u0131 s\u0131n\u0131rlayabilir veya telefonun belle\u011finden tamamen kald\u0131rabilir).<\/li>\n<\/ol>\n\n\n\n<p>Bunu yapmak i\u00e7in, Sharing SMS ayarlar\u0131nda <strong>PIL OPTIMIZASYONUNU G\u00d6RMEZDEN GELIN<\/strong> ve uygulama i\u00e7in pil optimizasyonunu kapatmaya izin verir.<\/p>\n\n\n<div class=\"wp-block-image\">\n<figure class=\"aligncenter is-resized\"><img loading=\"lazy\" decoding=\"async\" width=\"702\" height=\"1600\" src=\"https:\/\/sharingsms.com\/wp-content\/uploads\/2023\/09\/image-6.png\" alt=\"\" class=\"wp-image-683\" style=\"object-fit:cover;width:400px;height:700px\" srcset=\"https:\/\/sharingsms.com\/wp-content\/uploads\/2023\/09\/image-6.png 702w, https:\/\/sharingsms.com\/wp-content\/uploads\/2023\/09\/image-6-132x300.png 132w, https:\/\/sharingsms.com\/wp-content\/uploads\/2023\/09\/image-6-449x1024.png 449w, https:\/\/sharingsms.com\/wp-content\/uploads\/2023\/09\/image-6-674x1536.png 674w, https:\/\/sharingsms.com\/wp-content\/uploads\/2023\/09\/image-6-5x12.png 5w\" sizes=\"auto, (max-width: 702px) 100vw, 702px\" \/><\/figure>\n<\/div>\n\n\n<p>Ard\u0131ndan, uygulama ayarlar\u0131nda, UYGULAMA AYARLARINI A\u00c7 &gt; Hakk\u0131nda ekran\u0131nda, Pil Kullan\u0131m\u0131 veya Pil'den Etkinlik Kontrol\u00fc'n\u00fc aray\u0131n. Uygulaman\u0131n arka planda \u00e7al\u0131\u015fmas\u0131n\u0131 k\u0131s\u0131tlay\u0131n ve g\u00fc\u00e7 tasarrufu i\u00e7in ba\u015flatmalara izin vermeyin.<\/p>\n\n\n\n<p>9. Uygulaman\u0131n kararl\u0131l\u0131\u011f\u0131n\u0131 art\u0131ran ek eylemlerden, onu RAM'de de sabitleyebilir\/kilitleyebilirsiniz.<br>Bunu yapmak i\u00e7in, donan\u0131m men\u00fc d\u00fc\u011fmesini kullanarak son uygulamalar\u0131 \u00e7a\u011f\u0131r\u0131n. D\u00fc\u011fmeler g\u00f6r\u00fcnt\u00fclenene kadar parma\u011f\u0131n\u0131z\u0131 uygulama penceresinde tutun &gt; kilit d\u00fc\u011fmesine bas\u0131n.<\/p>\n\n\n\n<p>10. Android ayarlar\u0131nda g\u00fc\u00e7 tasarrufu\/g\u00fc\u00e7 tasarrufu modunun kapal\u0131 oldu\u011fundan emin olun. Ve Sharing SMS i\u00e7in pil optimizasyonunun devre d\u0131\u015f\u0131 b\u0131rak\u0131ld\u0131\u011f\u0131ndan. Bu ayarlara h\u0131zl\u0131ca eri\u015fmek i\u00e7in mevcut telefon ayarlar\u0131 aramas\u0131n\u0131 kullanabilirsiniz.<\/p>\n\n\n\n<p>11. Cihaz ayarlar\u0131n\u0131zdan, ekran kapal\u0131yken uyku modunda a\u011f ba\u011flant\u0131s\u0131n\u0131n (Wi-Fi veya mobil veri) devre d\u0131\u015f\u0131 b\u0131rak\u0131lmad\u0131\u011f\u0131n\u0131 kontrol edin.<\/p>\n\n\n\n<p>Cihaz\u0131n i\u015fletim sistemine ba\u011fl\u0131 olarak bu eylem farkl\u0131l\u0131k g\u00f6sterebilir, \u00f6rne\u011fin:<br><\/p>\n\n\n\n<ul class=\"wp-block-list\">\n<li><strong>Xiaomi<\/strong> \u2013 G\u00fcvenlik &gt; Ayarlar (\u00fcst k\u00f6\u015fedeki di\u015fli) &gt; H\u0131zland\u0131rma &gt; Sabitlenmi\u015f uygulamalar &gt; listeden se\u00e7im yap\u0131n.<\/li>\n\n\n\n<li><strong>Huawei<\/strong> \u2013 \u00c7al\u0131\u015fan uygulamalar\u0131 a\u00e7\u0131n &gt; uygulama penceresinde a\u015fa\u011f\u0131 kayd\u0131r\u0131n.<\/li>\n\n\n\n<li><strong>Oppo, Realme, OnePlus<\/strong> \u2013 \u00c7al\u0131\u015fan uygulamalar\u0131 \u00e7a\u011f\u0131r &gt; uygulama penceresinin \u00fcst\u00fcndeki men\u00fc &gt; Kilitle.<\/li>\n<\/ul>\n\n\n\n<p>12. E-posta adresinizi ki\u015fisel dolab\u0131n\u0131zdaki hesap profilinize ekleyin. Bunu yapman\u0131z\u0131 \u015fiddetle tavsiye ederiz. E-posta, SIM kart numaralar\u0131n\u0131n durumundaki de\u011fi\u015fiklikler, uygulaman\u0131n sunucuyla ileti\u015fim kurmad\u0131\u011f\u0131 veya numaran\u0131n kullan\u0131lamad\u0131\u011f\u0131 durumlar hakk\u0131nda sizi bilgilendirebilmemiz i\u00e7in gereklidir.<\/p>\n\n\n\n<p>13. Nakit \u00f6demeler i\u00e7in USDT\/USDC c\u00fczdan adresinizi ki\u015fisel profilinize ekleyin.<\/p>\n\n\n\n<ul class=\"wp-block-list\">\n<li>Gerekli izinler<\/li>\n<\/ul>\n\n\n\n<p>\u00d6nemli: Uygulamay\u0131 y\u00fcklemek i\u00e7in Android ayarlar\u0131nda \"bilinmeyen kaynaklardan\" uygulamalar\u0131n y\u00fcklenmesine izin vermeniz gerekir.<\/p>\n\n\n\n<p><em>\u0130zinlerin ayr\u0131nt\u0131l\u0131 bir a\u00e7\u0131klamas\u0131:<\/em><\/p>\n\n\n\n<ul class=\"wp-block-list\">\n<li>Telefon - arama yap\u0131n ve y\u00f6netin: telefon durumunu, etkinlik durumunu almak i\u00e7in<\/li>\n\n\n\n<li>Konum - cihaz konum verilerine eri\u015fim: baz istasyonlar\u0131ndan ve eri\u015fim noktalar\u0131ndan bilgi almak i\u00e7in<\/li>\n\n\n\n<li>SMS - SMS mesajlar\u0131 g\u00f6nderme ve g\u00f6r\u00fcnt\u00fcleme: numaralar\u0131 onaylayabilme ve SMS iletebilme<\/li>\n\n\n\n<li>Bildirimler: SIM kart numaralar\u0131n\u0131n durumuyla birlikte bildirim \u00e7ubu\u011funda bir bildirim g\u00f6r\u00fcnt\u00fclemek i\u00e7in<\/li>\n<\/ul>\n\n\n\n<h2 class=\"wp-block-heading\"><strong>Ekran g\u00f6r\u00fcnt\u00fcs\u00fc<\/strong><\/h2>\n\n\n<div class=\"wp-block-image\">\n<figure class=\"aligncenter is-resized\"><img loading=\"lazy\" decoding=\"async\" width=\"702\" height=\"1600\" src=\"https:\/\/sharingsms.com\/wp-content\/uploads\/2023\/09\/image-3.png\" alt=\"\" class=\"wp-image-680\" style=\"object-fit:cover;width:400px;height:700px\" srcset=\"https:\/\/sharingsms.com\/wp-content\/uploads\/2023\/09\/image-3.png 702w, https:\/\/sharingsms.com\/wp-content\/uploads\/2023\/09\/image-3-132x300.png 132w, https:\/\/sharingsms.com\/wp-content\/uploads\/2023\/09\/image-3-449x1024.png 449w, https:\/\/sharingsms.com\/wp-content\/uploads\/2023\/09\/image-3-674x1536.png 674w, https:\/\/sharingsms.com\/wp-content\/uploads\/2023\/09\/image-3-5x12.png 5w\" sizes=\"auto, (max-width: 702px) 100vw, 702px\" \/><\/figure>\n<\/div>\n\n\n<p>SIM kart numaralar\u0131 kiralanm\u0131\u015ft\u0131r, Aktif durumdad\u0131r ve sunucuyla sabit bir ba\u011flant\u0131ya sahiptir.<\/p>\n\n\n<div class=\"wp-block-image\">\n<figure class=\"aligncenter is-resized\"><img loading=\"lazy\" decoding=\"async\" width=\"702\" height=\"1600\" src=\"https:\/\/sharingsms.com\/wp-content\/uploads\/2023\/09\/image-4.png\" alt=\"\" class=\"wp-image-681\" style=\"object-fit:cover;width:400px;height:700px\" srcset=\"https:\/\/sharingsms.com\/wp-content\/uploads\/2023\/09\/image-4.png 702w, https:\/\/sharingsms.com\/wp-content\/uploads\/2023\/09\/image-4-132x300.png 132w, https:\/\/sharingsms.com\/wp-content\/uploads\/2023\/09\/image-4-449x1024.png 449w, https:\/\/sharingsms.com\/wp-content\/uploads\/2023\/09\/image-4-674x1536.png 674w, https:\/\/sharingsms.com\/wp-content\/uploads\/2023\/09\/image-4-5x12.png 5w\" sizes=\"auto, (max-width: 702px) 100vw, 702px\" \/><\/figure>\n<\/div>\n\n\n<p>Uygulaman\u0131n sunucu ile de\u011fi\u015f toku\u015f etti\u011fi SIM numaras\u0131 hakk\u0131nda ayr\u0131nt\u0131l\u0131 bilgi.<\/p>\n\n\n<div class=\"wp-block-image\">\n<figure class=\"aligncenter is-resized\"><img loading=\"lazy\" decoding=\"async\" width=\"702\" height=\"1600\" src=\"https:\/\/sharingsms.com\/wp-content\/uploads\/2023\/09\/image-1.png\" alt=\"\" class=\"wp-image-678\" style=\"object-fit:cover;width:400px;height:700px\" srcset=\"https:\/\/sharingsms.com\/wp-content\/uploads\/2023\/09\/image-1.png 702w, https:\/\/sharingsms.com\/wp-content\/uploads\/2023\/09\/image-1-132x300.png 132w, https:\/\/sharingsms.com\/wp-content\/uploads\/2023\/09\/image-1-449x1024.png 449w, https:\/\/sharingsms.com\/wp-content\/uploads\/2023\/09\/image-1-674x1536.png 674w, https:\/\/sharingsms.com\/wp-content\/uploads\/2023\/09\/image-1-5x12.png 5w\" sizes=\"auto, (max-width: 702px) 100vw, 702px\" \/><\/figure>\n<\/div>\n\n\n<p>Sunucuya ba\u011flant\u0131da herhangi bir sorun olmas\u0131 veya SIM kart\u0131n\u0131n kullan\u0131lamamas\u0131 durumunda, numaralar Ba\u015far\u0131s\u0131z durumunu g\u00f6sterir.<\/p>\n\n\n\n<figure class=\"wp-block-image\"><img loading=\"lazy\" decoding=\"async\" width=\"1080\" height=\"494\" src=\"https:\/\/sharingsms.com\/wp-content\/uploads\/2023\/09\/image-2.png\" alt=\"\" class=\"wp-image-679\" srcset=\"https:\/\/sharingsms.com\/wp-content\/uploads\/2023\/09\/image-2.png 1080w, https:\/\/sharingsms.com\/wp-content\/uploads\/2023\/09\/image-2-300x137.png 300w, https:\/\/sharingsms.com\/wp-content\/uploads\/2023\/09\/image-2-1024x468.png 1024w, https:\/\/sharingsms.com\/wp-content\/uploads\/2023\/09\/image-2-768x351.png 768w, https:\/\/sharingsms.com\/wp-content\/uploads\/2023\/09\/image-2-18x8.png 18w\" sizes=\"auto, (max-width: 1080px) 100vw, 1080px\" \/><\/figure>\n\n\n\n<p>Bildirim paneli (perde i\u00e7inde), numaralar\u0131n durumunun g\u00f6r\u00fcnt\u00fclendi\u011fi uygulamadan gelen bir bildirim i\u00e7erir.<\/p>\n\n\n\n<figure class=\"wp-block-image\"><img loading=\"lazy\" decoding=\"async\" width=\"1600\" height=\"1055\" src=\"https:\/\/sharingsms.com\/wp-content\/uploads\/2023\/09\/image-5.png\" alt=\"\" class=\"wp-image-682\" style=\"object-fit:cover\" srcset=\"https:\/\/sharingsms.com\/wp-content\/uploads\/2023\/09\/image-5.png 1600w, https:\/\/sharingsms.com\/wp-content\/uploads\/2023\/09\/image-5-300x198.png 300w, https:\/\/sharingsms.com\/wp-content\/uploads\/2023\/09\/image-5-1024x675.png 1024w, https:\/\/sharingsms.com\/wp-content\/uploads\/2023\/09\/image-5-768x506.png 768w, https:\/\/sharingsms.com\/wp-content\/uploads\/2023\/09\/image-5-1536x1013.png 1536w, https:\/\/sharingsms.com\/wp-content\/uploads\/2023\/09\/image-5-18x12.png 18w\" sizes=\"auto, (max-width: 1600px) 100vw, 1600px\" \/><\/figure>\n\n\n\n<p>Orta\u011f\u0131n hesab\u0131.<\/p>","protected":false},"excerpt":{"rendered":"<p>The added numbers can have the following statuses: Active or Inactive. Inactive status means that the number is not yet available for rent.Active status means that the number has been rented and charges are being made. Please note! After adding a number, the \u201cNumber Stability Assessment\u201d mode is activated &#8211; the platform monitors the stability [&hellip;]<\/p>\n","protected":false},"author":1,"featured_media":0,"parent":0,"menu_order":0,"comment_status":"closed","ping_status":"closed","template":"","meta":{"footnotes":""},"class_list":["post-671","page","type-page","status-publish","hentry"],"yoast_head":"<!-- This site is optimized with the Yoast SEO plugin v27.5 - https:\/\/yoast.com\/product\/yoast-seo-wordpress\/ -->\n<title>How to set up Sharing SMS: step-by-step instructions - SMS Sharing<\/title>\n<meta name=\"robots\" content=\"index, follow, max-snippet:-1, max-image-preview:large, max-video-preview:-1\" \/>\n<link rel=\"canonical\" href=\"https:\/\/sharingsms.com\/tr\/how-to-start\/\" \/>\n<meta property=\"og:locale\" content=\"tr_TR\" \/>\n<meta property=\"og:type\" content=\"article\" \/>\n<meta property=\"og:title\" content=\"How to set up Sharing SMS: step-by-step instructions - SMS Sharing\" \/>\n<meta property=\"og:description\" content=\"The added numbers can have the following statuses: Active or Inactive. Inactive status means that the number is not yet available for rent.Active status means that the number has been rented and charges are being made. Please note! After adding a number, the \u201cNumber Stability Assessment\u201d mode is activated &#8211; the platform monitors the stability [&hellip;]\" \/>\n<meta property=\"og:url\" content=\"https:\/\/sharingsms.com\/tr\/how-to-start\/\" \/>\n<meta property=\"og:site_name\" content=\"SMS Sharing\" \/>\n<meta property=\"article:modified_time\" content=\"2025-04-15T11:38:05+00:00\" \/>\n<meta property=\"og:image\" content=\"https:\/\/sharingsms.com\/wp-content\/uploads\/2023\/09\/image.png\" \/>\n\t<meta property=\"og:image:width\" content=\"702\" \/>\n\t<meta property=\"og:image:height\" content=\"1600\" \/>\n\t<meta property=\"og:image:type\" content=\"image\/png\" \/>\n<meta name=\"twitter:card\" content=\"summary_large_image\" \/>\n<meta name=\"twitter:label1\" content=\"Tahmini okuma s\u00fcresi\" \/>\n\t<meta name=\"twitter:data1\" content=\"5 dakika\" \/>\n<script type=\"application\/ld+json\" class=\"yoast-schema-graph\">{\"@context\":\"https:\\\/\\\/schema.org\",\"@graph\":[{\"@type\":\"WebPage\",\"@id\":\"https:\\\/\\\/sharingsms.com\\\/how-to-start\\\/\",\"url\":\"https:\\\/\\\/sharingsms.com\\\/how-to-start\\\/\",\"name\":\"How to set up Sharing SMS: step-by-step instructions - SMS Sharing\",\"isPartOf\":{\"@id\":\"https:\\\/\\\/sharingsms.com\\\/#website\"},\"primaryImageOfPage\":{\"@id\":\"https:\\\/\\\/sharingsms.com\\\/how-to-start\\\/#primaryimage\"},\"image\":{\"@id\":\"https:\\\/\\\/sharingsms.com\\\/how-to-start\\\/#primaryimage\"},\"thumbnailUrl\":\"https:\\\/\\\/sharingsms.com\\\/wp-content\\\/uploads\\\/2023\\\/09\\\/image.png\",\"datePublished\":\"2023-09-13T10:53:26+00:00\",\"dateModified\":\"2025-04-15T11:38:05+00:00\",\"breadcrumb\":{\"@id\":\"https:\\\/\\\/sharingsms.com\\\/how-to-start\\\/#breadcrumb\"},\"inLanguage\":\"tr\",\"potentialAction\":[{\"@type\":\"ReadAction\",\"target\":[\"https:\\\/\\\/sharingsms.com\\\/how-to-start\\\/\"]}]},{\"@type\":\"ImageObject\",\"inLanguage\":\"tr\",\"@id\":\"https:\\\/\\\/sharingsms.com\\\/how-to-start\\\/#primaryimage\",\"url\":\"https:\\\/\\\/sharingsms.com\\\/wp-content\\\/uploads\\\/2023\\\/09\\\/image.png\",\"contentUrl\":\"https:\\\/\\\/sharingsms.com\\\/wp-content\\\/uploads\\\/2023\\\/09\\\/image.png\"},{\"@type\":\"BreadcrumbList\",\"@id\":\"https:\\\/\\\/sharingsms.com\\\/how-to-start\\\/#breadcrumb\",\"itemListElement\":[{\"@type\":\"ListItem\",\"position\":1,\"name\":\"Home\",\"item\":\"https:\\\/\\\/sharingsms.com\\\/\"},{\"@type\":\"ListItem\",\"position\":2,\"name\":\"How to set up Sharing SMS: step-by-step instructions\"}]},{\"@type\":\"WebSite\",\"@id\":\"https:\\\/\\\/sharingsms.com\\\/#website\",\"url\":\"https:\\\/\\\/sharingsms.com\\\/\",\"name\":\"SMS Sharing\",\"description\":\"\",\"potentialAction\":[{\"@type\":\"SearchAction\",\"target\":{\"@type\":\"EntryPoint\",\"urlTemplate\":\"https:\\\/\\\/sharingsms.com\\\/?s={search_term_string}\"},\"query-input\":{\"@type\":\"PropertyValueSpecification\",\"valueRequired\":true,\"valueName\":\"search_term_string\"}}],\"inLanguage\":\"tr\"}]}<\/script>\n<!-- \/ Yoast SEO plugin. -->","yoast_head_json":{"title":"Sharing SMS nas\u0131l kurulur: ad\u0131m ad\u0131m talimatlar - SMS Payla\u015f\u0131m\u0131","robots":{"index":"index","follow":"follow","max-snippet":"max-snippet:-1","max-image-preview":"max-image-preview:large","max-video-preview":"max-video-preview:-1"},"canonical":"https:\/\/sharingsms.com\/tr\/how-to-start\/","og_locale":"tr_TR","og_type":"article","og_title":"How to set up Sharing SMS: step-by-step instructions - SMS Sharing","og_description":"The added numbers can have the following statuses: Active or Inactive. Inactive status means that the number is not yet available for rent.Active status means that the number has been rented and charges are being made. Please note! After adding a number, the \u201cNumber Stability Assessment\u201d mode is activated &#8211; the platform monitors the stability [&hellip;]","og_url":"https:\/\/sharingsms.com\/tr\/how-to-start\/","og_site_name":"SMS Sharing","article_modified_time":"2025-04-15T11:38:05+00:00","og_image":[{"width":702,"height":1600,"url":"https:\/\/sharingsms.com\/wp-content\/uploads\/2023\/09\/image.png","type":"image\/png"}],"twitter_card":"summary_large_image","twitter_misc":{"Tahmini okuma s\u00fcresi":"5 dakika"},"schema":{"@context":"https:\/\/schema.org","@graph":[{"@type":"WebPage","@id":"https:\/\/sharingsms.com\/how-to-start\/","url":"https:\/\/sharingsms.com\/how-to-start\/","name":"Sharing SMS nas\u0131l kurulur: ad\u0131m ad\u0131m talimatlar - SMS Payla\u015f\u0131m\u0131","isPartOf":{"@id":"https:\/\/sharingsms.com\/#website"},"primaryImageOfPage":{"@id":"https:\/\/sharingsms.com\/how-to-start\/#primaryimage"},"image":{"@id":"https:\/\/sharingsms.com\/how-to-start\/#primaryimage"},"thumbnailUrl":"https:\/\/sharingsms.com\/wp-content\/uploads\/2023\/09\/image.png","datePublished":"2023-09-13T10:53:26+00:00","dateModified":"2025-04-15T11:38:05+00:00","breadcrumb":{"@id":"https:\/\/sharingsms.com\/how-to-start\/#breadcrumb"},"inLanguage":"tr","potentialAction":[{"@type":"ReadAction","target":["https:\/\/sharingsms.com\/how-to-start\/"]}]},{"@type":"ImageObject","inLanguage":"tr","@id":"https:\/\/sharingsms.com\/how-to-start\/#primaryimage","url":"https:\/\/sharingsms.com\/wp-content\/uploads\/2023\/09\/image.png","contentUrl":"https:\/\/sharingsms.com\/wp-content\/uploads\/2023\/09\/image.png"},{"@type":"BreadcrumbList","@id":"https:\/\/sharingsms.com\/how-to-start\/#breadcrumb","itemListElement":[{"@type":"ListItem","position":1,"name":"Home","item":"https:\/\/sharingsms.com\/"},{"@type":"ListItem","position":2,"name":"How to set up Sharing SMS: step-by-step instructions"}]},{"@type":"WebSite","@id":"https:\/\/sharingsms.com\/#website","url":"https:\/\/sharingsms.com\/","name":"SMS Payla\u015f\u0131m\u0131","description":"","potentialAction":[{"@type":"SearchAction","target":{"@type":"EntryPoint","urlTemplate":"https:\/\/sharingsms.com\/?s={search_term_string}"},"query-input":{"@type":"PropertyValueSpecification","valueRequired":true,"valueName":"search_term_string"}}],"inLanguage":"tr"}]}},"_links":{"self":[{"href":"https:\/\/sharingsms.com\/tr\/wp-json\/wp\/v2\/pages\/671","targetHints":{"allow":["GET"]}}],"collection":[{"href":"https:\/\/sharingsms.com\/tr\/wp-json\/wp\/v2\/pages"}],"about":[{"href":"https:\/\/sharingsms.com\/tr\/wp-json\/wp\/v2\/types\/page"}],"author":[{"embeddable":true,"href":"https:\/\/sharingsms.com\/tr\/wp-json\/wp\/v2\/users\/1"}],"replies":[{"embeddable":true,"href":"https:\/\/sharingsms.com\/tr\/wp-json\/wp\/v2\/comments?post=671"}],"version-history":[{"count":13,"href":"https:\/\/sharingsms.com\/tr\/wp-json\/wp\/v2\/pages\/671\/revisions"}],"predecessor-version":[{"id":874,"href":"https:\/\/sharingsms.com\/tr\/wp-json\/wp\/v2\/pages\/671\/revisions\/874"}],"wp:attachment":[{"href":"https:\/\/sharingsms.com\/tr\/wp-json\/wp\/v2\/media?parent=671"}],"curies":[{"name":"wp","href":"https:\/\/api.w.org\/{rel}","templated":true}]}}