{"id":723,"date":"2024-07-17T22:20:39","date_gmt":"2024-07-17T22:20:39","guid":{"rendered":"https:\/\/sharingsms.com\/?page_id=723"},"modified":"2025-03-31T11:35:12","modified_gmt":"2025-03-31T11:35:12","slug":"apk-installation","status":"publish","type":"page","link":"https:\/\/sharingsms.com\/tr\/apk-installation\/","title":{"rendered":"Android cihaz\u0131n\u0131za \u00fc\u00e7\u00fcnc\u00fc taraf bir APK dosyas\u0131 y\u00fckleme ad\u0131mlar\u0131"},"content":{"rendered":"<h2 class=\"wp-block-heading\">1. <strong>Bilinmeyen kaynaklar\u0131 dahil edin:<\/strong><\/h2>\n\n\n\n<p>Ayarlar &gt; G\u00fcvenlik ve Gizlilik &gt; Geli\u015fmi\u015f G\u00fcvenlik ve Gizlilik &gt; Kurulum Kaynaklar\u0131'n\u0131 a\u00e7\u0131n.<\/p>\n\n\n\n<p>Bu, cihazdan cihaza de\u011fi\u015fiklik g\u00f6sterebilir. Basitle\u015ftirmek i\u00e7in ayarlar aramas\u0131n\u0131 kullanabilirsiniz: kaynaklar veya bilinmeyen uygulamalar.<\/p>\n\n\n\n<p>APK dosyalar\u0131n\u0131 indirmek i\u00e7in kullanmak istedi\u011finiz uygulamay\u0131 veya taray\u0131c\u0131y\u0131 bulun ve bilinmeyen kaynaklardan y\u00fcklemeye izin verme se\u00e7ene\u011fini etkinle\u015ftirin.<\/p>\n\n\n\n<div class=\"wp-block-columns are-vertically-aligned-center is-layout-flex wp-container-core-columns-is-layout-9d6595d7 wp-block-columns-is-layout-flex\">\n<div class=\"wp-block-column is-vertically-aligned-center is-layout-flow wp-block-column-is-layout-flow\"><div class=\"wp-block-image\">\n<figure class=\"aligncenter is-resized\"><img decoding=\"async\" src=\"https:\/\/lh7-us.googleusercontent.com\/docsz\/AD_4nXcqS4X2eJFWIJyS0G3sC7WbvHXGLGC71YN8uonkHgE6uEfuTPl4-HD-8Yu8ts7c8MFTNg57KuCHKZCeSSsyonwDEePRJBu1LFen8V2q_jUnitW-w0-0S2b8JYSp2lHNyAx1wX3MnJjKGAt_pWDaEIEgRvc?key=kt2YluKCajNJCzTcv-nyGQ\" alt=\"\" style=\"width:300px\"\/><\/figure>\n<\/div><\/div>\n\n\n\n<div class=\"wp-block-column is-vertically-aligned-center is-layout-flow wp-block-column-is-layout-flow\"><div class=\"wp-block-image\">\n<figure class=\"aligncenter is-resized\"><img decoding=\"async\" src=\"https:\/\/lh7-us.googleusercontent.com\/docsz\/AD_4nXcj10yFwoKv9HagkgfvPplUjfmJoUXqYFCoZukM01rgWY5BNCFTq8qLO8WXNU7ATMPSmd3HYkf83vCo_x1aWnMkazmDswX_g6Wu0kqlieZtt1AdalE07nttqnsAF0uCG0iTjnTrXA-qKYJYGQX9Fjsim1sQ?key=kt2YluKCajNJCzTcv-nyGQ\" alt=\"\" style=\"width:300px\"\/><\/figure>\n<\/div><\/div>\n<\/div>\n\n\n\n<div class=\"wp-block-columns are-vertically-aligned-center is-layout-flex wp-container-core-columns-is-layout-9d6595d7 wp-block-columns-is-layout-flex\">\n<div class=\"wp-block-column is-vertically-aligned-center is-layout-flow wp-block-column-is-layout-flow\"><div class=\"wp-block-image\">\n<figure class=\"aligncenter is-resized\"><img decoding=\"async\" src=\"https:\/\/lh7-us.googleusercontent.com\/docsz\/AD_4nXfdtKFI6IuAdluWwl4QIFfNvFmI-hObLHVhDsiqxpFHwp2FjzWbzC1adwJ7uMiumto67d8b_H7NbLZ61uTfOlw4alk_herV_r4tW5PJ-6KyHxsyLJWMXMKXC0Ox8rQMcEVvFGp8RXsgugaC-EuVtCQsXYg?key=kt2YluKCajNJCzTcv-nyGQ\" alt=\"\" style=\"width:300px\"\/><\/figure>\n<\/div><\/div>\n\n\n\n<div class=\"wp-block-column is-vertically-aligned-center is-layout-flow wp-block-column-is-layout-flow\"><div class=\"wp-block-image\">\n<figure class=\"aligncenter is-resized\"><img decoding=\"async\" src=\"https:\/\/lh7-us.googleusercontent.com\/docsz\/AD_4nXfjcMP5fMen66SFp_QqzmQei8rv9unwH3bbCMlEd9DmzRud8wRLlssrTvWc2KNvQiVAN1GlM7CqbPp0-2Fbc0PrDdVLRmurjLsoS8ce0DlBNCjq4RSI9_Jo3J5j8ZfJo97negUTVnRU8BEfWvT7Utj3wCo2?key=kt2YluKCajNJCzTcv-nyGQ\" alt=\"\" style=\"width:300px\"\/><\/figure>\n<\/div><\/div>\n<\/div>\n\n\n\n<h2 class=\"wp-block-heading\">2. <strong>APK dosyas\u0131n\u0131 indirin:<\/strong><\/h2>\n\n\n\n<p>Android cihaz\u0131n\u0131zda bir web taray\u0131c\u0131s\u0131 a\u00e7\u0131n ve APK dosyas\u0131n\u0131n bulundu\u011fu web sitesine gidin: <a href=\"https:\/\/sharesms-weboffice.betasms.net\/\">ki\u015fisel hesap<\/a>. APK dosyas\u0131n\u0131 cihaz\u0131n\u0131za indirmek i\u00e7in indir d\u00fc\u011fmesine t\u0131klay\u0131n.<\/p>\n\n\n<div class=\"wp-block-image\">\n<figure class=\"aligncenter is-resized\"><img decoding=\"async\" src=\"https:\/\/lh7-us.googleusercontent.com\/docsz\/AD_4nXcHG0MDjkaji59ui9es0hdlILqqm0v_hIAoCLTHbrrOqvVzbFxfbgNei6Vzw4O7JKyIMy3K5-TqnVlanA69uDSIIXm-6FMBmSxPk-UTyX5Vw_NnBWxPjy5Q0CO1gajcKzvJDJU5Wqe9QtJEYBHpsE2h6jsZ?key=kt2YluKCajNJCzTcv-nyGQ\" alt=\"\" style=\"width:300px\"\/><\/figure>\n<\/div>\n\n\n<h2 class=\"wp-block-heading\">3. <strong>APK dosyas\u0131n\u0131 bulun:<\/strong><\/h2>\n\n\n\n<p>\u0130ndirme i\u015flemi tamamland\u0131ktan sonra, Android cihaz\u0131n\u0131zda dosya y\u00f6neticisi uygulamas\u0131n\u0131 a\u00e7\u0131n ve APK dosyas\u0131n\u0131n kaydedildi\u011fi klas\u00f6re gidin.<\/p>\n\n\n\n<h2 class=\"wp-block-heading\">4. <strong>Kurulumu ba\u015flat\u0131n:<\/strong><\/h2>\n\n\n\n<p>Y\u00fckleme i\u015flemini ba\u015flatmak i\u00e7in APK dosyas\u0131na t\u0131klay\u0131n.<\/p>\n\n\n\n<h2 class=\"wp-block-heading\">5. <strong>\u0130zinleri Sa\u011flay\u0131n:<\/strong><\/h2>\n\n\n\n<p>\u0130stendi\u011finde, kuruluma devam etmek i\u00e7in gerekli izinleri sa\u011flay\u0131n.<\/p>\n\n\n\n<h2 class=\"wp-block-heading\">6. <strong>Uygulamay\u0131 y\u00fckleyin:<\/strong><\/h2>\n\n\n\n<p>Uygulamay\u0131 y\u00fcklemek i\u00e7in ekrandaki talimatlar\u0131 izleyin. Y\u00fckleme tamamland\u0131ktan sonra, uygulamay\u0131 uygulama \u00e7ubu\u011funda veya Ana ekranda bulabilirsiniz.<\/p>\n\n\n<div class=\"wp-block-image\">\n<figure class=\"aligncenter is-resized\"><img decoding=\"async\" src=\"https:\/\/lh7-us.googleusercontent.com\/docsz\/AD_4nXfLp3KkikfuWUNotGPusRpfqhY-089YPFu5u2E8QQcMpo4Ep6zTbUqYP29rG4NEcg1upTTnYiQFPZb_ylbimvaZF-3RFXTWgTyfJ7F_xHyWpTbHCOqo30pjmRjh1SQAywmOft2ZUjVNl6Hv0PLeiDZ5G_mw?key=kt2YluKCajNJCzTcv-nyGQ\" alt=\"\" style=\"width:300px\"\/><\/figure>\n<\/div>\n\n\n<h2 class=\"wp-block-heading\">7. <strong>(\u0130ste\u011fe ba\u011fl\u0131) Bilinmeyen kaynaklar\u0131 devre d\u0131\u015f\u0131 b\u0131rak\u0131n:<\/strong><\/h2>\n\n\n\n<p>G\u00fcvenlik nedeniyle, bir APK y\u00fckledikten sonra cihaz ayarlar\u0131n\u0131za geri d\u00f6nmeniz ve bilinmeyen kaynaklardan y\u00fcklemeye izin veren se\u00e7ene\u011fi devre d\u0131\u015f\u0131 b\u0131rakman\u0131z \u00f6nerilir.<\/p>\n\n\n\n<p>\u00dc\u00e7\u00fcnc\u00fc taraf kaynaklardan uygulama y\u00fcklemenin g\u00fcvenlik riski olu\u015fturabilece\u011fini l\u00fctfen unutmay\u0131n, bu nedenle APK dosyalar\u0131n\u0131 yaln\u0131zca g\u00fcvenilir kaynaklardan indirmek \u00f6nemlidir.<\/p>","protected":false},"excerpt":{"rendered":"<p>1. Include unknown sources: Open Settings &gt; Security and Privacy &gt; Advanced Security and Privacy &gt; Installation Sources. This may vary from device to device. To simplify, you can use the settings search: sources or unknown apps. Find the app or browser you want to use to download APK files and enable the option to [&hellip;]<\/p>\n","protected":false},"author":1,"featured_media":0,"parent":0,"menu_order":0,"comment_status":"closed","ping_status":"closed","template":"","meta":{"footnotes":""},"class_list":["post-723","page","type-page","status-publish","hentry"],"yoast_head":"<!-- This site is optimized with the Yoast SEO plugin v27.5 - https:\/\/yoast.com\/product\/yoast-seo-wordpress\/ -->\n<title>Steps to install a third-party APK file on your Android device - SMS Sharing<\/title>\n<meta name=\"description\" content=\"Learn how to install the Sharing SMS APK on your Android device. Easy step-by-step guide: enable unknown sources, download the APK, install the app, and start earning.\" \/>\n<meta name=\"robots\" content=\"index, follow, max-snippet:-1, max-image-preview:large, max-video-preview:-1\" \/>\n<link rel=\"canonical\" href=\"https:\/\/sharingsms.com\/tr\/apk-installation\/\" \/>\n<meta property=\"og:locale\" content=\"tr_TR\" \/>\n<meta property=\"og:type\" content=\"article\" \/>\n<meta property=\"og:title\" content=\"Steps to install a third-party APK file on your Android device - SMS Sharing\" \/>\n<meta property=\"og:description\" content=\"Learn how to install the Sharing SMS APK on your Android device. Easy step-by-step guide: enable unknown sources, download the APK, install the app, and start earning.\" \/>\n<meta property=\"og:url\" content=\"https:\/\/sharingsms.com\/tr\/apk-installation\/\" \/>\n<meta property=\"og:site_name\" content=\"SMS Sharing\" \/>\n<meta property=\"article:modified_time\" content=\"2025-03-31T11:35:12+00:00\" \/>\n<meta property=\"og:image\" content=\"https:\/\/lh7-us.googleusercontent.com\/docsz\/AD_4nXcqS4X2eJFWIJyS0G3sC7WbvHXGLGC71YN8uonkHgE6uEfuTPl4-HD-8Yu8ts7c8MFTNg57KuCHKZCeSSsyonwDEePRJBu1LFen8V2q_jUnitW-w0-0S2b8JYSp2lHNyAx1wX3MnJjKGAt_pWDaEIEgRvc?key=kt2YluKCajNJCzTcv-nyGQ\" \/>\n<meta name=\"twitter:card\" content=\"summary_large_image\" \/>\n<meta name=\"twitter:label1\" content=\"Tahmini okuma s\u00fcresi\" \/>\n\t<meta name=\"twitter:data1\" content=\"3 dakika\" \/>\n<script type=\"application\/ld+json\" class=\"yoast-schema-graph\">{\"@context\":\"https:\\\/\\\/schema.org\",\"@graph\":[{\"@type\":\"WebPage\",\"@id\":\"https:\\\/\\\/sharingsms.com\\\/apk-installation\\\/\",\"url\":\"https:\\\/\\\/sharingsms.com\\\/apk-installation\\\/\",\"name\":\"Steps to install a third-party APK file on your Android device - SMS Sharing\",\"isPartOf\":{\"@id\":\"https:\\\/\\\/sharingsms.com\\\/#website\"},\"primaryImageOfPage\":{\"@id\":\"https:\\\/\\\/sharingsms.com\\\/apk-installation\\\/#primaryimage\"},\"image\":{\"@id\":\"https:\\\/\\\/sharingsms.com\\\/apk-installation\\\/#primaryimage\"},\"thumbnailUrl\":\"https:\\\/\\\/lh7-us.googleusercontent.com\\\/docsz\\\/AD_4nXcqS4X2eJFWIJyS0G3sC7WbvHXGLGC71YN8uonkHgE6uEfuTPl4-HD-8Yu8ts7c8MFTNg57KuCHKZCeSSsyonwDEePRJBu1LFen8V2q_jUnitW-w0-0S2b8JYSp2lHNyAx1wX3MnJjKGAt_pWDaEIEgRvc?key=kt2YluKCajNJCzTcv-nyGQ\",\"datePublished\":\"2024-07-17T22:20:39+00:00\",\"dateModified\":\"2025-03-31T11:35:12+00:00\",\"description\":\"Learn how to install the Sharing SMS APK on your Android device. Easy step-by-step guide: enable unknown sources, download the APK, install the app, and start earning.\",\"breadcrumb\":{\"@id\":\"https:\\\/\\\/sharingsms.com\\\/apk-installation\\\/#breadcrumb\"},\"inLanguage\":\"tr\",\"potentialAction\":[{\"@type\":\"ReadAction\",\"target\":[\"https:\\\/\\\/sharingsms.com\\\/apk-installation\\\/\"]}]},{\"@type\":\"ImageObject\",\"inLanguage\":\"tr\",\"@id\":\"https:\\\/\\\/sharingsms.com\\\/apk-installation\\\/#primaryimage\",\"url\":\"https:\\\/\\\/lh7-us.googleusercontent.com\\\/docsz\\\/AD_4nXcqS4X2eJFWIJyS0G3sC7WbvHXGLGC71YN8uonkHgE6uEfuTPl4-HD-8Yu8ts7c8MFTNg57KuCHKZCeSSsyonwDEePRJBu1LFen8V2q_jUnitW-w0-0S2b8JYSp2lHNyAx1wX3MnJjKGAt_pWDaEIEgRvc?key=kt2YluKCajNJCzTcv-nyGQ\",\"contentUrl\":\"https:\\\/\\\/lh7-us.googleusercontent.com\\\/docsz\\\/AD_4nXcqS4X2eJFWIJyS0G3sC7WbvHXGLGC71YN8uonkHgE6uEfuTPl4-HD-8Yu8ts7c8MFTNg57KuCHKZCeSSsyonwDEePRJBu1LFen8V2q_jUnitW-w0-0S2b8JYSp2lHNyAx1wX3MnJjKGAt_pWDaEIEgRvc?key=kt2YluKCajNJCzTcv-nyGQ\"},{\"@type\":\"BreadcrumbList\",\"@id\":\"https:\\\/\\\/sharingsms.com\\\/apk-installation\\\/#breadcrumb\",\"itemListElement\":[{\"@type\":\"ListItem\",\"position\":1,\"name\":\"Home\",\"item\":\"https:\\\/\\\/sharingsms.com\\\/\"},{\"@type\":\"ListItem\",\"position\":2,\"name\":\"Steps to install a third-party APK file on your Android device\"}]},{\"@type\":\"WebSite\",\"@id\":\"https:\\\/\\\/sharingsms.com\\\/#website\",\"url\":\"https:\\\/\\\/sharingsms.com\\\/\",\"name\":\"SMS Sharing\",\"description\":\"\",\"potentialAction\":[{\"@type\":\"SearchAction\",\"target\":{\"@type\":\"EntryPoint\",\"urlTemplate\":\"https:\\\/\\\/sharingsms.com\\\/?s={search_term_string}\"},\"query-input\":{\"@type\":\"PropertyValueSpecification\",\"valueRequired\":true,\"valueName\":\"search_term_string\"}}],\"inLanguage\":\"tr\"}]}<\/script>\n<!-- \/ Yoast SEO plugin. -->","yoast_head_json":{"title":"Android cihaz\u0131n\u0131za \u00fc\u00e7\u00fcnc\u00fc taraf bir APK dosyas\u0131 y\u00fckleme ad\u0131mlar\u0131 - SMS Sharing","description":"Sharing SMS APK's\u0131n\u0131 Android cihaz\u0131n\u0131za nas\u0131l y\u00fckleyece\u011finizi \u00f6\u011frenin. Kolay ad\u0131m ad\u0131m k\u0131lavuz: bilinmeyen kaynaklar\u0131 etkinle\u015ftirin, APK'y\u0131 indirin, uygulamay\u0131 y\u00fckleyin ve kazanmaya ba\u015flay\u0131n.","robots":{"index":"index","follow":"follow","max-snippet":"max-snippet:-1","max-image-preview":"max-image-preview:large","max-video-preview":"max-video-preview:-1"},"canonical":"https:\/\/sharingsms.com\/tr\/apk-installation\/","og_locale":"tr_TR","og_type":"article","og_title":"Steps to install a third-party APK file on your Android device - SMS Sharing","og_description":"Learn how to install the Sharing SMS APK on your Android device. Easy step-by-step guide: enable unknown sources, download the APK, install the app, and start earning.","og_url":"https:\/\/sharingsms.com\/tr\/apk-installation\/","og_site_name":"SMS Sharing","article_modified_time":"2025-03-31T11:35:12+00:00","og_image":[{"url":"https:\/\/lh7-us.googleusercontent.com\/docsz\/AD_4nXcqS4X2eJFWIJyS0G3sC7WbvHXGLGC71YN8uonkHgE6uEfuTPl4-HD-8Yu8ts7c8MFTNg57KuCHKZCeSSsyonwDEePRJBu1LFen8V2q_jUnitW-w0-0S2b8JYSp2lHNyAx1wX3MnJjKGAt_pWDaEIEgRvc?key=kt2YluKCajNJCzTcv-nyGQ","type":"","width":"","height":""}],"twitter_card":"summary_large_image","twitter_misc":{"Tahmini okuma s\u00fcresi":"3 dakika"},"schema":{"@context":"https:\/\/schema.org","@graph":[{"@type":"WebPage","@id":"https:\/\/sharingsms.com\/apk-installation\/","url":"https:\/\/sharingsms.com\/apk-installation\/","name":"Android cihaz\u0131n\u0131za \u00fc\u00e7\u00fcnc\u00fc taraf bir APK dosyas\u0131 y\u00fckleme ad\u0131mlar\u0131 - SMS Sharing","isPartOf":{"@id":"https:\/\/sharingsms.com\/#website"},"primaryImageOfPage":{"@id":"https:\/\/sharingsms.com\/apk-installation\/#primaryimage"},"image":{"@id":"https:\/\/sharingsms.com\/apk-installation\/#primaryimage"},"thumbnailUrl":"https:\/\/lh7-us.googleusercontent.com\/docsz\/AD_4nXcqS4X2eJFWIJyS0G3sC7WbvHXGLGC71YN8uonkHgE6uEfuTPl4-HD-8Yu8ts7c8MFTNg57KuCHKZCeSSsyonwDEePRJBu1LFen8V2q_jUnitW-w0-0S2b8JYSp2lHNyAx1wX3MnJjKGAt_pWDaEIEgRvc?key=kt2YluKCajNJCzTcv-nyGQ","datePublished":"2024-07-17T22:20:39+00:00","dateModified":"2025-03-31T11:35:12+00:00","description":"Sharing SMS APK's\u0131n\u0131 Android cihaz\u0131n\u0131za nas\u0131l y\u00fckleyece\u011finizi \u00f6\u011frenin. Kolay ad\u0131m ad\u0131m k\u0131lavuz: bilinmeyen kaynaklar\u0131 etkinle\u015ftirin, APK'y\u0131 indirin, uygulamay\u0131 y\u00fckleyin ve kazanmaya ba\u015flay\u0131n.","breadcrumb":{"@id":"https:\/\/sharingsms.com\/apk-installation\/#breadcrumb"},"inLanguage":"tr","potentialAction":[{"@type":"ReadAction","target":["https:\/\/sharingsms.com\/apk-installation\/"]}]},{"@type":"ImageObject","inLanguage":"tr","@id":"https:\/\/sharingsms.com\/apk-installation\/#primaryimage","url":"https:\/\/lh7-us.googleusercontent.com\/docsz\/AD_4nXcqS4X2eJFWIJyS0G3sC7WbvHXGLGC71YN8uonkHgE6uEfuTPl4-HD-8Yu8ts7c8MFTNg57KuCHKZCeSSsyonwDEePRJBu1LFen8V2q_jUnitW-w0-0S2b8JYSp2lHNyAx1wX3MnJjKGAt_pWDaEIEgRvc?key=kt2YluKCajNJCzTcv-nyGQ","contentUrl":"https:\/\/lh7-us.googleusercontent.com\/docsz\/AD_4nXcqS4X2eJFWIJyS0G3sC7WbvHXGLGC71YN8uonkHgE6uEfuTPl4-HD-8Yu8ts7c8MFTNg57KuCHKZCeSSsyonwDEePRJBu1LFen8V2q_jUnitW-w0-0S2b8JYSp2lHNyAx1wX3MnJjKGAt_pWDaEIEgRvc?key=kt2YluKCajNJCzTcv-nyGQ"},{"@type":"BreadcrumbList","@id":"https:\/\/sharingsms.com\/apk-installation\/#breadcrumb","itemListElement":[{"@type":"ListItem","position":1,"name":"Home","item":"https:\/\/sharingsms.com\/"},{"@type":"ListItem","position":2,"name":"Steps to install a third-party APK file on your Android device"}]},{"@type":"WebSite","@id":"https:\/\/sharingsms.com\/#website","url":"https:\/\/sharingsms.com\/","name":"SMS Payla\u015f\u0131m\u0131","description":"","potentialAction":[{"@type":"SearchAction","target":{"@type":"EntryPoint","urlTemplate":"https:\/\/sharingsms.com\/?s={search_term_string}"},"query-input":{"@type":"PropertyValueSpecification","valueRequired":true,"valueName":"search_term_string"}}],"inLanguage":"tr"}]}},"_links":{"self":[{"href":"https:\/\/sharingsms.com\/tr\/wp-json\/wp\/v2\/pages\/723","targetHints":{"allow":["GET"]}}],"collection":[{"href":"https:\/\/sharingsms.com\/tr\/wp-json\/wp\/v2\/pages"}],"about":[{"href":"https:\/\/sharingsms.com\/tr\/wp-json\/wp\/v2\/types\/page"}],"author":[{"embeddable":true,"href":"https:\/\/sharingsms.com\/tr\/wp-json\/wp\/v2\/users\/1"}],"replies":[{"embeddable":true,"href":"https:\/\/sharingsms.com\/tr\/wp-json\/wp\/v2\/comments?post=723"}],"version-history":[{"count":6,"href":"https:\/\/sharingsms.com\/tr\/wp-json\/wp\/v2\/pages\/723\/revisions"}],"predecessor-version":[{"id":787,"href":"https:\/\/sharingsms.com\/tr\/wp-json\/wp\/v2\/pages\/723\/revisions\/787"}],"wp:attachment":[{"href":"https:\/\/sharingsms.com\/tr\/wp-json\/wp\/v2\/media?parent=723"}],"curies":[{"name":"wp","href":"https:\/\/api.w.org\/{rel}","templated":true}]}}