{"id":805,"date":"2025-03-31T10:54:06","date_gmt":"2025-03-31T10:54:06","guid":{"rendered":"https:\/\/sharingsms.com\/?page_id=805"},"modified":"2025-04-01T11:43:13","modified_gmt":"2025-04-01T11:43:13","slug":"get-paid-for-sim-cards","status":"publish","type":"page","link":"https:\/\/sharingsms.com\/tr\/get-paid-for-sim-cards\/","title":{"rendered":"\ud83d\udcf1 SIM Kartlar\u0131n\u0131z \u0130\u00e7in \u00d6deme Al\u0131n: SMS Payla\u015f\u0131m\u0131 ile SIM Kartlar\u0131n\u0131zdan Para Kazan\u0131n \ud83d\udcb0"},"content":{"rendered":"<p>G\u00fcn\u00fcm\u00fcz\u00fcn h\u0131zl\u0131 dijital ekonomisinde, gelir elde etmek i\u00e7in yenilik\u00e7i ve sorunsuz yollar bulmak giderek daha cazip hale geliyor. Mevcut en eri\u015filebilir f\u0131rsatlardan biri, SIM kartlar\u0131n\u0131z\u0131 kiralayarak \u00f6deme almakt\u0131r. Sharing SMS bunu ger\u00e7e\u011fe d\u00f6n\u00fc\u015ft\u00fcrmek i\u00e7in sa\u011flam bir platform sa\u011flar. \ud83d\ude80<\/p>\n\n\n\n<h2 class=\"wp-block-heading\"><strong>\ud83d\udccc \u201cSIM Kartlar \u0130\u00e7in \u00d6deme Al\u0131n\u201d Ne Anlama Geliyor?<\/strong><\/h2>\n\n\n\n<p><strong>\"SIM kartlar\u0131 i\u00e7in \u00f6deme al\u0131n\"<\/strong> zaten sahip oldu\u011funuz bir \u015feyi - SIM kart\u0131n\u0131z\u0131 - d\u00fczenli bir gelir kayna\u011f\u0131na d\u00f6n\u00fc\u015ft\u00fcrmek anlam\u0131na gelir. SIM kart\u0131n\u0131z\u0131 Sharing SMS platformu arac\u0131l\u0131\u011f\u0131yla kiralayarak, d\u00fcnyan\u0131n d\u00f6rt bir yan\u0131ndaki ger\u00e7ek hizmetlerden do\u011frulama kodlar\u0131 gibi SMS mesajlar\u0131 almas\u0131na izin verirsiniz. Kar\u015f\u0131l\u0131\u011f\u0131nda, hi\u00e7bir \u015feyi manuel olarak y\u00f6netmenize gerek kalmadan g\u00fcnl\u00fck para kazan\u0131rs\u0131n\u0131z.<\/p>\n\n\n\n<p>Kullan\u0131lmayan veya yedek SIM kartlar\u0131n\u0131zdan para kazanman\u0131n ak\u0131ll\u0131 ve zahmetsiz bir yoludur - teknik beceri, reklam ve yat\u0131r\u0131m gerektirmez. \u0130ster bir ister d\u00fczinelerce SIM'niz olsun, siz ba\u015fka \u015feylere odaklan\u0131rken telefonunuz arka planda sessizce gelir elde edebilir.<\/p>\n\n\n\n<h2 class=\"wp-block-heading\"><strong>\ud83c\udf1f Neden Sharing SMS'yi Se\u00e7melisiniz?<\/strong><\/h2>\n\n\n\n<p>SMS Payla\u015f\u0131m\u0131, aktif SIM kartlar\u0131n\u0131z\u0131 zahmetsizce paraya \u00e7evirmek i\u00e7in \u00f6zel olarak tasarlanm\u0131\u015f kullan\u0131c\u0131 dostu bir uygulamad\u0131r. Ba\u011flanan her SIM i\u00e7in g\u00fcnl\u00fck $0.33 veya ayl\u0131k $10 kazan\u0131n. Tek ihtiyac\u0131n\u0131z olan SMS alabilen aktif SIM kartlar \u2014 \u00f6zel plan veya masraf gerekmiyor.<br><\/p>\n\n\n<div class=\"wp-block-image\">\n<figure class=\"aligncenter size-large\"><img loading=\"lazy\" decoding=\"async\" width=\"1024\" height=\"683\" src=\"https:\/\/sharingsms.com\/wp-content\/uploads\/2025\/03\/cleaned_sim_income_illustration-1024x683.png\" alt=\"\" class=\"wp-image-808\" srcset=\"https:\/\/sharingsms.com\/wp-content\/uploads\/2025\/03\/cleaned_sim_income_illustration-1024x683.png 1024w, https:\/\/sharingsms.com\/wp-content\/uploads\/2025\/03\/cleaned_sim_income_illustration-300x200.png 300w, https:\/\/sharingsms.com\/wp-content\/uploads\/2025\/03\/cleaned_sim_income_illustration-768x512.png 768w, https:\/\/sharingsms.com\/wp-content\/uploads\/2025\/03\/cleaned_sim_income_illustration-18x12.png 18w, https:\/\/sharingsms.com\/wp-content\/uploads\/2025\/03\/cleaned_sim_income_illustration.png 1536w\" sizes=\"auto, (max-width: 1024px) 100vw, 1024px\" \/><\/figure>\n<\/div>\n\n\n<h2 class=\"wp-block-heading\"><strong>\ud83d\udd11 Nas\u0131l Ba\u015flan\u0131r:<\/strong><\/h2>\n\n\n\n<ol class=\"wp-block-list\">\n<li>\u2705 <strong>H\u0131zl\u0131 SIM Kontrol\u00fc<\/strong> - SIM'nizin aktif oldu\u011fundan ve SMS mesajlar\u0131n\u0131 alabildi\u011finden emin olun.<br><\/li>\n\n\n\n<li>\ud83d\udd17 <strong>SIM'nizi Ba\u011flay\u0131n<\/strong> - SIM kart\u0131n\u0131z\u0131 Sharing SMS uygulamas\u0131na ekleyin ve h\u0131zl\u0131 kurulumu tamamlay\u0131n.<br><\/li>\n\n\n\n<li>\ud83d\udcf2 <strong>Cihaz\u0131n\u0131z\u0131 \u00c7evrimi\u00e7i Tutun<\/strong> - Telefonunuzun internete ba\u011fl\u0131 ve a\u00e7\u0131k kald\u0131\u011f\u0131ndan emin olun.<br><\/li>\n\n\n\n<li>\ud83d\udcb8 <strong>G\u00fcnl\u00fck, Otomatik Kazan\u0131n<\/strong> - Siz s\u0131f\u0131r manuel \u00e7aba ile g\u00fcnl\u00fck kazanc\u0131n keyfini \u00e7\u0131kar\u0131rken uygulama arka planda her \u015feyi halleder.<br><\/li>\n<\/ol>\n\n\n\n<p><strong>\ud83d\udcca Hesaplama \u00d6rne\u011fi:<\/strong><\/p>\n\n\n\n<p>5 adet kullan\u0131lm\u0131\u015f \u00e7ift SIM&#039;li telefon (her biri $30) ve 10 adet SIM kart (her biri $5) sat\u0131n ald\u0131\u011f\u0131n\u0131z\u0131 d\u00fc\u015f\u00fcn\u00fcn. Toplam yat\u0131r\u0131m: 5 telefon \u00d7 $30 + 10 SIM kart \u00d7 $5 = $200. 10 SIM kart\u0131 ba\u011flamak g\u00fcnl\u00fck $3.30 (ayl\u0131k $99) kazand\u0131r\u0131r ve yat\u0131r\u0131m\u0131n\u0131z\u0131 sadece iki aydan biraz fazla bir s\u00fcrede geri kazand\u0131r\u0131r.<\/p>\n\n\n\n<h2 class=\"wp-block-heading\"><strong>\ud83d\udcb3 \u00d6demeler Kolayla\u015ft\u0131r\u0131ld\u0131:<\/strong><\/h2>\n\n\n\n<p>Kazan\u00e7lar her ay\u0131n ba\u015f\u0131nda do\u011frudan kripto para c\u00fczdan\u0131n\u0131za (USDT veya USDC) g\u00fcvenli bir \u015fekilde \u00f6denir. Miktar, aktif SIM'lerin say\u0131s\u0131na ve bir \u00f6nceki ay boyunca \u00e7al\u0131\u015fma s\u00fcrelerine dayanmaktad\u0131r. Gizli \u00fccretler, \u00f6deme e\u015fikleri ve gecikmeler yok - sadece tutarl\u0131, \u015feffaf ve sorunsuz kripto geliri. \u0130ster bir SIM y\u00f6netiyor olun ister d\u00fczinelerce ile \u00f6l\u00e7eklendiriyor olun, tercih etti\u011finiz stablecoin c\u00fczdan\u0131na zaman\u0131nda \u00f6demelerin yan\u0131 s\u0131ra, do\u011frudan kontrol panelinizde kazan\u00e7lar\u0131n\u0131z\u0131n ayr\u0131nt\u0131l\u0131 bir ayl\u0131k d\u00f6k\u00fcm\u00fcn\u00fc alacaks\u0131n\u0131z.<br><\/p>\n\n\n\n<h2 class=\"wp-block-heading\"><strong>\ud83d\udd25 Payla\u015f\u0131ml\u0131 SMS Kullanman\u0131n Faydalar\u0131:<\/strong><\/h2>\n\n\n\n<ul class=\"wp-block-list\">\n<li>\ud83d\udecb\ufe0f Zahmetsiz Kazan\u00e7: G\u00fcnl\u00fck g\u00f6rev gerekmez.<br><\/li>\n\n\n\n<li>\ud83c\udfaf S\u0131f\u0131r Yat\u0131r\u0131m: Gizli maliyet yok.<br><\/li>\n\n\n\n<li>\ud83d\udcc8 \u00d6l\u00e7eklenebilir Gelir: Daha fazla SIM kart daha y\u00fcksek kazan\u00e7 anlam\u0131na gelir.<br><\/li>\n\n\n\n<li>\ud83d\udd0d \u015eeffaf Takip: Kazanc\u0131n\u0131z\u0131 kolayca takip edin.<br><\/li>\n\n\n\n<li>\ud83c\udf0e \u00d6zel Fiyatlar: \u00d6zel \u00fclkeler i\u00e7in daha y\u00fcksek kazan\u00e7lar.<br><\/li>\n\n\n\n<li>\ud83d\udc8e Kripto \u00d6demeleri: USDT veya USDC cinsinden g\u00fcvenli ayl\u0131k \u00f6demeler.<\/li>\n<\/ul>\n\n\n\n<figure class=\"wp-block-table\"><table class=\"has-fixed-layout\"><tbody><tr><td><strong>\u00d6zellik<\/strong><\/td><td><strong>Sharing SMS<\/strong><\/td><td><strong>Nakit4SMS<\/strong><\/td><td><strong>MoneySMS Uygulamas\u0131<\/strong><\/td><\/tr><tr><td><strong>SIM ba\u015f\u0131na g\u00fcnl\u00fck asgari kazan\u00e7<\/strong><\/td><td>$0.33<\/td><td>$0.20 (Garanti de\u011fil)<\/td><td>$0.20 (Garanti de\u011fil)<\/td><\/tr><tr><td><strong>SIM ba\u015f\u0131na asgari ayl\u0131k kazan\u00e7<\/strong><\/td><td>$10<\/td><td>Garantili de\u011fil<\/td><td>Garantili de\u011fil<\/td><\/tr><tr><td><strong>SIM Kart \u00f6mr\u00fc<\/strong><\/td><td>Y\u00fcksek \u2705<\/td><td>D\u00fc\u015f\u00fck (s\u0131k de\u011fi\u015ftirme) \ud83d\udd04<\/td><td>D\u00fc\u015f\u00fck (s\u0131k de\u011fi\u015ftirme) \ud83d\udd04<\/td><\/tr><tr><td><strong>G\u00fcvenilirli\u011fi&nbsp;<br>\u00d6demeler<\/strong><\/td><td>Y\u00fcksek \u2705<\/td><td>Orta<\/td><td>Orta<\/td><\/tr><tr><td><strong>\u00d6zel \u00dclke Oran\u0131 Avantajlar\u0131<\/strong><\/td><td>Evet<\/td><td>HAYIR<\/td><td>HAYIR<\/td><\/tr><tr><td><strong>Kurulum Karma\u015f\u0131kl\u0131\u011f\u0131<\/strong><\/td><td>Kolay<\/td><td>Kolay<\/td><td>Kolay<\/td><\/tr><\/tbody><\/table><\/figure>\n\n\n\n<p>A\u00e7\u0131k\u00e7as\u0131, SMS Payla\u015f\u0131m\u0131 daha \u00fcst\u00fcn kazan\u00e7lar, daha fazla g\u00fcvenilirlik ve daha uzun SIM kart kullan\u0131labilirli\u011fi sunarak daha az de\u011fi\u015fim ve maksimum kar sa\u011fl\u0131yor. \ud83c\udf1f<\/p>\n\n\n\n<h2 class=\"wp-block-heading\"><strong>\ud83d\udc65 SMS Payla\u015f\u0131m\u0131n\u0131 Kimler D\u00fc\u015f\u00fcnmeli?<\/strong><\/h2>\n\n\n\n<p>SMS Payla\u015f\u0131m\u0131, pasif bir gelir ak\u0131\u015f\u0131n\u0131 zahmetsizce olu\u015fturmak isteyen herkes i\u00e7in idealdir. E\u011fitimlerini finanse etmek isteyen \u00f6\u011frenciler, maddi ba\u011f\u0131ms\u0131zl\u0131k arayan ev han\u0131mlar\u0131, ek gelir kaynaklar\u0131 arayan serbest \u00e7al\u0131\u015fanlar ve hatta kazan\u00e7lar\u0131n\u0131 \u00e7e\u015fitlendirmek isteyen giri\u015fimciler \u2014 SMS Payla\u015f\u0131m\u0131 herkese uygundur. \u00d6zellikle birden fazla veya kullan\u0131lmayan SIM kart\u0131 olan ki\u015filer i\u00e7in faydal\u0131d\u0131r ve \u00f6nemli bir \u00e7aba veya zaman taahh\u00fcd\u00fc olmadan istikrarl\u0131 bir gelir elde etmelerini sa\u011flar. Bo\u015fta kalan kaynaklar\u0131n\u0131z\u0131 de\u011ferli varl\u0131klara d\u00f6n\u00fc\u015ft\u00fcrmek istiyorsan\u0131z, SMS Payla\u015f\u0131m\u0131 m\u00fckemmel bir se\u00e7imdir.<br><\/p>\n\n\n\n<h2 class=\"wp-block-heading\"><strong>\ud83c\udf89 Pasif Kazan\u00e7 Sa\u011flayanlar\u0131n Toplulu\u011funa Kat\u0131l\u0131n:<\/strong><\/h2>\n\n\n\n<p>D\u00fcnya \u00e7ap\u0131nda binlerce memnun ortak, SIM kartlar\u0131n\u0131 g\u00fcvenilir bir ayl\u0131k gelir ak\u0131\u015f\u0131na d\u00f6n\u00fc\u015ft\u00fcrmek i\u00e7in zaten Sharing SMS'ye g\u00fcveniyor. B\u00fcy\u00fcyen a\u011f\u0131m\u0131z serbest \u00e7al\u0131\u015fanlar, teknoloji merakl\u0131lar\u0131, SIM kart sat\u0131c\u0131lar\u0131 ve telefon d\u00fckkan\u0131 sahiplerini i\u00e7eriyor - hepsi minimum \u00e7aba ve s\u0131f\u0131r g\u00fc\u00e7l\u00fckle istikrarl\u0131 kripto kazan\u0131yor.<\/p>\n\n\n\n<p>Kat\u0131larak, yararl\u0131 ipu\u00e7lar\u0131na, \u00f6zel \u00fclke oranlar\u0131yla ilgili g\u00fcncellemelere ve kazanc\u0131n\u0131z\u0131 \u00f6l\u00e7eklendirmek i\u00e7in deste\u011fe de eri\u015febilirsiniz. \u0130ster tek bir SIM ister 50'den fazla Sharing SMS \u00e7al\u0131\u015ft\u0131r\u0131yor olun, Sharing SMS sizinle birlikte b\u00fcy\u00fcmek \u00fczere tasarlanm\u0131\u015ft\u0131r.<\/p>\n\n\n\n<p>Bu geli\u015fen hareketin bir par\u00e7as\u0131 olma f\u0131rsat\u0131n\u0131 ka\u00e7\u0131rmay\u0131n.<br>\u015eimdi SIM kartlar\u0131n\u0131 sabit coinlere d\u00f6n\u00fc\u015ft\u00fcrme s\u0131ras\u0131 sizde.<\/p>\n\n\n\n<p>Pasif kazan\u00e7 yolculu\u011funuza ba\u015flamaya haz\u0131r m\u0131s\u0131n\u0131z? \ud83d\ude80\ud83d\udc49 Ziyaret edin:<a href=\"https:\/\/betasms.net\/en\/how-to-start\/\"> <\/a><a href=\"https:\/\/sharingsms.com\/tr\/how-to-start\/\">https:\/\/sharingsms.com\/how-to-start\/<\/a><\/p>\n\n\n\n<p><\/p>","protected":false},"excerpt":{"rendered":"<p>In today&#8217;s fast-paced digital economy, finding innovative and hassle-free ways to generate income is increasingly appealing. One of the most accessible opportunities available is getting paid for renting out your SIM cards. Sharing SMS provides a robust platform to turn this into reality. \ud83d\ude80 \ud83d\udccc What Does &#8220;Get Paid for SIM Cards&#8221; Mean? &#8220;Get paid [&hellip;]<\/p>\n","protected":false},"author":1,"featured_media":0,"parent":0,"menu_order":0,"comment_status":"closed","ping_status":"closed","template":"","meta":{"footnotes":""},"class_list":["post-805","page","type-page","status-publish","hentry"],"yoast_head":"<!-- This site is optimized with the Yoast SEO plugin v27.5 - https:\/\/yoast.com\/product\/yoast-seo-wordpress\/ -->\n<title>Get Paid for SIM Cards \u2013 Monetize Your SIM Cards Easily with Sharing SMS<\/title>\n<meta name=\"description\" content=\"Discover how to effortlessly monetize your SIM cards with Sharing SMS. Earn daily passive income securely via USDT or USDC. Start earning today!\" \/>\n<meta name=\"robots\" content=\"index, follow, max-snippet:-1, max-image-preview:large, max-video-preview:-1\" \/>\n<link rel=\"canonical\" href=\"https:\/\/sharingsms.com\/tr\/get-paid-for-sim-cards\/\" \/>\n<meta property=\"og:locale\" content=\"tr_TR\" \/>\n<meta property=\"og:type\" content=\"article\" \/>\n<meta property=\"og:title\" content=\"Get Paid for SIM Cards \u2013 Monetize Your SIM Cards Easily with Sharing SMS\" \/>\n<meta property=\"og:description\" content=\"Discover how to effortlessly monetize your SIM cards with Sharing SMS. Earn daily passive income securely via USDT or USDC. Start earning today!\" \/>\n<meta property=\"og:url\" content=\"https:\/\/sharingsms.com\/tr\/get-paid-for-sim-cards\/\" \/>\n<meta property=\"og:site_name\" content=\"SMS Sharing\" \/>\n<meta property=\"article:modified_time\" content=\"2025-04-01T11:43:13+00:00\" \/>\n<meta property=\"og:image\" content=\"https:\/\/sharingsms.com\/wp-content\/uploads\/2025\/03\/cleaned_sim_income_illustration-1024x683.png\" \/>\n\t<meta property=\"og:image:width\" content=\"1024\" \/>\n\t<meta property=\"og:image:height\" content=\"683\" \/>\n\t<meta property=\"og:image:type\" content=\"image\/png\" \/>\n<meta name=\"twitter:card\" content=\"summary_large_image\" \/>\n<meta name=\"twitter:label1\" content=\"Tahmini okuma s\u00fcresi\" \/>\n\t<meta name=\"twitter:data1\" content=\"4 dakika\" \/>\n<script type=\"application\/ld+json\" class=\"yoast-schema-graph\">{\"@context\":\"https:\\\/\\\/schema.org\",\"@graph\":[{\"@type\":\"WebPage\",\"@id\":\"https:\\\/\\\/sharingsms.com\\\/get-paid-for-sim-cards\\\/\",\"url\":\"https:\\\/\\\/sharingsms.com\\\/get-paid-for-sim-cards\\\/\",\"name\":\"Get Paid for SIM Cards \u2013 Monetize Your SIM Cards Easily with Sharing SMS\",\"isPartOf\":{\"@id\":\"https:\\\/\\\/sharingsms.com\\\/#website\"},\"primaryImageOfPage\":{\"@id\":\"https:\\\/\\\/sharingsms.com\\\/get-paid-for-sim-cards\\\/#primaryimage\"},\"image\":{\"@id\":\"https:\\\/\\\/sharingsms.com\\\/get-paid-for-sim-cards\\\/#primaryimage\"},\"thumbnailUrl\":\"https:\\\/\\\/sharingsms.com\\\/wp-content\\\/uploads\\\/2025\\\/03\\\/cleaned_sim_income_illustration-1024x683.png\",\"datePublished\":\"2025-03-31T10:54:06+00:00\",\"dateModified\":\"2025-04-01T11:43:13+00:00\",\"description\":\"Discover how to effortlessly monetize your SIM cards with Sharing SMS. Earn daily passive income securely via USDT or USDC. Start earning today!\",\"breadcrumb\":{\"@id\":\"https:\\\/\\\/sharingsms.com\\\/get-paid-for-sim-cards\\\/#breadcrumb\"},\"inLanguage\":\"tr\",\"potentialAction\":[{\"@type\":\"ReadAction\",\"target\":[\"https:\\\/\\\/sharingsms.com\\\/get-paid-for-sim-cards\\\/\"]}]},{\"@type\":\"ImageObject\",\"inLanguage\":\"tr\",\"@id\":\"https:\\\/\\\/sharingsms.com\\\/get-paid-for-sim-cards\\\/#primaryimage\",\"url\":\"https:\\\/\\\/sharingsms.com\\\/wp-content\\\/uploads\\\/2025\\\/03\\\/cleaned_sim_income_illustration-1024x683.png\",\"contentUrl\":\"https:\\\/\\\/sharingsms.com\\\/wp-content\\\/uploads\\\/2025\\\/03\\\/cleaned_sim_income_illustration-1024x683.png\"},{\"@type\":\"BreadcrumbList\",\"@id\":\"https:\\\/\\\/sharingsms.com\\\/get-paid-for-sim-cards\\\/#breadcrumb\",\"itemListElement\":[{\"@type\":\"ListItem\",\"position\":1,\"name\":\"Home\",\"item\":\"https:\\\/\\\/sharingsms.com\\\/\"},{\"@type\":\"ListItem\",\"position\":2,\"name\":\"\ud83d\udcf1 Get Paid for SIM Cards: Monetize Your SIM Cards with Sharing SMS \ud83d\udcb0\"}]},{\"@type\":\"WebSite\",\"@id\":\"https:\\\/\\\/sharingsms.com\\\/#website\",\"url\":\"https:\\\/\\\/sharingsms.com\\\/\",\"name\":\"SMS Sharing\",\"description\":\"\",\"potentialAction\":[{\"@type\":\"SearchAction\",\"target\":{\"@type\":\"EntryPoint\",\"urlTemplate\":\"https:\\\/\\\/sharingsms.com\\\/?s={search_term_string}\"},\"query-input\":{\"@type\":\"PropertyValueSpecification\",\"valueRequired\":true,\"valueName\":\"search_term_string\"}}],\"inLanguage\":\"tr\"}]}<\/script>\n<!-- \/ Yoast SEO plugin. -->","yoast_head_json":{"title":"SIM Kartlar\u0131n\u0131z \u0130\u00e7in \u00d6deme Al\u0131n \u2013 SMS Payla\u015f\u0131m\u0131 ile SIM Kartlar\u0131n\u0131zdan Kolayca Para Kazan\u0131n","description":"SIM kartlar\u0131n\u0131z\u0131 Sharing SMS ile zahmetsizce nas\u0131l paraya d\u00f6n\u00fc\u015ft\u00fcrebilece\u011finizi ke\u015ffedin. USDT veya USDC ile g\u00fcnl\u00fck pasif gelirinizi g\u00fcvenli bir \u015fekilde elde edin. Bug\u00fcn kazanmaya ba\u015flay\u0131n!","robots":{"index":"index","follow":"follow","max-snippet":"max-snippet:-1","max-image-preview":"max-image-preview:large","max-video-preview":"max-video-preview:-1"},"canonical":"https:\/\/sharingsms.com\/tr\/get-paid-for-sim-cards\/","og_locale":"tr_TR","og_type":"article","og_title":"Get Paid for SIM Cards \u2013 Monetize Your SIM Cards Easily with Sharing SMS","og_description":"Discover how to effortlessly monetize your SIM cards with Sharing SMS. Earn daily passive income securely via USDT or USDC. Start earning today!","og_url":"https:\/\/sharingsms.com\/tr\/get-paid-for-sim-cards\/","og_site_name":"SMS Sharing","article_modified_time":"2025-04-01T11:43:13+00:00","og_image":[{"width":1024,"height":683,"url":"https:\/\/sharingsms.com\/wp-content\/uploads\/2025\/03\/cleaned_sim_income_illustration-1024x683.png","type":"image\/png"}],"twitter_card":"summary_large_image","twitter_misc":{"Tahmini okuma s\u00fcresi":"4 dakika"},"schema":{"@context":"https:\/\/schema.org","@graph":[{"@type":"WebPage","@id":"https:\/\/sharingsms.com\/get-paid-for-sim-cards\/","url":"https:\/\/sharingsms.com\/get-paid-for-sim-cards\/","name":"SIM Kartlar\u0131n\u0131z \u0130\u00e7in \u00d6deme Al\u0131n \u2013 SMS Payla\u015f\u0131m\u0131 ile SIM Kartlar\u0131n\u0131zdan Kolayca Para Kazan\u0131n","isPartOf":{"@id":"https:\/\/sharingsms.com\/#website"},"primaryImageOfPage":{"@id":"https:\/\/sharingsms.com\/get-paid-for-sim-cards\/#primaryimage"},"image":{"@id":"https:\/\/sharingsms.com\/get-paid-for-sim-cards\/#primaryimage"},"thumbnailUrl":"https:\/\/sharingsms.com\/wp-content\/uploads\/2025\/03\/cleaned_sim_income_illustration-1024x683.png","datePublished":"2025-03-31T10:54:06+00:00","dateModified":"2025-04-01T11:43:13+00:00","description":"SIM kartlar\u0131n\u0131z\u0131 Sharing SMS ile zahmetsizce nas\u0131l paraya d\u00f6n\u00fc\u015ft\u00fcrebilece\u011finizi ke\u015ffedin. USDT veya USDC ile g\u00fcnl\u00fck pasif gelirinizi g\u00fcvenli bir \u015fekilde elde edin. Bug\u00fcn kazanmaya ba\u015flay\u0131n!","breadcrumb":{"@id":"https:\/\/sharingsms.com\/get-paid-for-sim-cards\/#breadcrumb"},"inLanguage":"tr","potentialAction":[{"@type":"ReadAction","target":["https:\/\/sharingsms.com\/get-paid-for-sim-cards\/"]}]},{"@type":"ImageObject","inLanguage":"tr","@id":"https:\/\/sharingsms.com\/get-paid-for-sim-cards\/#primaryimage","url":"https:\/\/sharingsms.com\/wp-content\/uploads\/2025\/03\/cleaned_sim_income_illustration-1024x683.png","contentUrl":"https:\/\/sharingsms.com\/wp-content\/uploads\/2025\/03\/cleaned_sim_income_illustration-1024x683.png"},{"@type":"BreadcrumbList","@id":"https:\/\/sharingsms.com\/get-paid-for-sim-cards\/#breadcrumb","itemListElement":[{"@type":"ListItem","position":1,"name":"Home","item":"https:\/\/sharingsms.com\/"},{"@type":"ListItem","position":2,"name":"\ud83d\udcf1 Get Paid for SIM Cards: Monetize Your SIM Cards with Sharing SMS \ud83d\udcb0"}]},{"@type":"WebSite","@id":"https:\/\/sharingsms.com\/#website","url":"https:\/\/sharingsms.com\/","name":"SMS Payla\u015f\u0131m\u0131","description":"","potentialAction":[{"@type":"SearchAction","target":{"@type":"EntryPoint","urlTemplate":"https:\/\/sharingsms.com\/?s={search_term_string}"},"query-input":{"@type":"PropertyValueSpecification","valueRequired":true,"valueName":"search_term_string"}}],"inLanguage":"tr"}]}},"_links":{"self":[{"href":"https:\/\/sharingsms.com\/tr\/wp-json\/wp\/v2\/pages\/805","targetHints":{"allow":["GET"]}}],"collection":[{"href":"https:\/\/sharingsms.com\/tr\/wp-json\/wp\/v2\/pages"}],"about":[{"href":"https:\/\/sharingsms.com\/tr\/wp-json\/wp\/v2\/types\/page"}],"author":[{"embeddable":true,"href":"https:\/\/sharingsms.com\/tr\/wp-json\/wp\/v2\/users\/1"}],"replies":[{"embeddable":true,"href":"https:\/\/sharingsms.com\/tr\/wp-json\/wp\/v2\/comments?post=805"}],"version-history":[{"count":7,"href":"https:\/\/sharingsms.com\/tr\/wp-json\/wp\/v2\/pages\/805\/revisions"}],"predecessor-version":[{"id":840,"href":"https:\/\/sharingsms.com\/tr\/wp-json\/wp\/v2\/pages\/805\/revisions\/840"}],"wp:attachment":[{"href":"https:\/\/sharingsms.com\/tr\/wp-json\/wp\/v2\/media?parent=805"}],"curies":[{"name":"wp","href":"https:\/\/api.w.org\/{rel}","templated":true}]}}