{"id":842,"date":"2025-04-08T21:34:50","date_gmt":"2025-04-08T21:34:50","guid":{"rendered":"https:\/\/sharingsms.com\/?page_id=842"},"modified":"2025-10-08T10:59:35","modified_gmt":"2025-10-08T10:59:35","slug":"referral-program","status":"publish","type":"page","link":"https:\/\/sharingsms.com\/tr\/referral-program\/","title":{"rendered":"Sharing SMS Y\u00f6nlendirme Program\u0131na Nas\u0131l Eri\u015filir - Ad\u0131m Ad\u0131m K\u0131lavuz"},"content":{"rendered":"<h2 class=\"wp-block-heading\"><strong>Y\u00f6nlendirme Program\u0131na Eri\u015fim: Yeni Ortaklar i\u00e7in Bir K\u0131lavuz<\/strong><\/h2>\n\n\n\n<p>Sharing SMS'de ortaklar\u0131m\u0131z\u0131n katk\u0131lar\u0131na de\u011fer veriyor ve g\u00fcvenilir bir topluluk olu\u015fturmak i\u00e7in \u00e7al\u0131\u015f\u0131yoruz. Yeni bir ortak olarak, yeni y\u00f6nlendirmeler \u00e7ekmek i\u00e7in y\u00f6nlendirme ba\u011flant\u0131n\u0131z\u0131 kullanmaya ba\u015flamak i\u00e7in istekli olabilirsiniz. \u0130\u015fte bu \u00f6zelli\u011fe nas\u0131l eri\u015febilece\u011finizi ve \u00f6d\u00fcller kazanmaya nas\u0131l ba\u015flayabilece\u011finizi anlamak i\u00e7in bir rehber.<\/p>\n\n\n\n<h2 class=\"wp-block-heading\"><strong>Y\u00f6nlendirme S\u00fcrecini Anlamak<\/strong><\/h2>\n\n\n\n<p>1. <strong>\u0130lk Kay\u0131t:<\/strong><\/p>\n\n\n\n<ul class=\"wp-block-list\">\n<li>Sharing SMS'ye ho\u015f geldiniz! Kay\u0131t olduktan sonra, ba\u015flaman\u0131za yard\u0131mc\u0131 olmak i\u00e7in tasarlanm\u0131\u015f \u00e7e\u015fitli \u00f6zelliklere eri\u015febileceksiniz. Bununla birlikte, bireysel y\u00f6nlendirme ba\u011flant\u0131s\u0131n\u0131n bulundu\u011fu Y\u00f6nlendirmeler b\u00f6l\u00fcm\u00fc, y\u00f6nlendirme program\u0131m\u0131z\u0131n kalitesini ve g\u00fcvenilirli\u011fini sa\u011flamak i\u00e7in ba\u015flang\u0131\u00e7ta kullan\u0131lamaz.<\/li>\n<\/ul>\n\n\n\n<p>2. <strong>\u0130zleme Sistemi:<\/strong><\/p>\n\n\n\n<ul class=\"wp-block-list\">\n<li>Platformumuza ekledi\u011finiz SIM kartlar\u0131n\u0131n istikrarl\u0131 \u00e7al\u0131\u015fmas\u0131n\u0131 ve etkinli\u011fini izlemek i\u00e7in sa\u011flam bir izleme sistemi kullan\u0131yoruz. Bu sistem y\u00fcksek standartlar\u0131 korumam\u0131za yard\u0131mc\u0131 olur ve m\u00fc\u015fterilere yaln\u0131zca aktif SIM kartlar\u0131n\u0131n sunulmas\u0131n\u0131 sa\u011flar.<\/li>\n<\/ul>\n\n\n\n<p>3. <strong>\u0130stikrar D\u00f6nemi:<\/strong><\/p>\n\n\n\n<ul class=\"wp-block-list\">\n<li>\u0130zleme s\u00fcreci genellikle 10 g\u00fcn s\u00fcrer. Bu s\u00fcre zarf\u0131nda, ekledi\u011finiz SIM kartlar\u0131n\u0131n istikrarl\u0131 \u00e7al\u0131\u015fmas\u0131n\u0131 de\u011ferlendiririz. SIM kartlar\u0131 aktif kal\u0131rsa ve herhangi bir olay meydana gelmezse (\"Haz\u0131r\" durumundan \"Haz\u0131r De\u011fil\" durumuna ge\u00e7i\u015f gibi), derecelendirme sistemimizde g\u00fcvenilir bir ortak olarak itibar kazanma yolunda ilerleyeceksiniz.<\/li>\n<\/ul>\n\n\n\n<p>4. <strong>\u0130tibar Olu\u015fturma:<\/strong><\/p>\n\n\n\n<ul class=\"wp-block-list\">\n<li>\u0130zleme s\u00fcresi boyunca tutarl\u0131 performans ve istikrar, g\u00fcvenilir bir ortak olarak itibar kazanman\u0131za yard\u0131mc\u0131 olur. Bu itibar, Tavsiyeler b\u00f6l\u00fcm\u00fcne eri\u015fim de dahil olmak \u00fczere ek \u00f6zelliklerin kilidini a\u00e7mak i\u00e7in \u00e7ok \u00f6nemlidir.<\/li>\n<\/ul>\n\n\n\n<p>5. <strong>Y\u00f6nlendirmeler B\u00f6l\u00fcm\u00fcn\u00fcn Kilidini A\u00e7ma:<\/strong><\/p>\n\n\n\n<ul class=\"wp-block-list\">\n<li>G\u00fcvenilir bir sicil olu\u015fturdu\u011funuzda, ki\u015fisel hesab\u0131n\u0131zda Y\u00f6nlendirmeler b\u00f6l\u00fcm\u00fc kullan\u0131labilir hale gelecektir. Bu b\u00f6l\u00fcmdeki y\u00f6nlendirme ba\u011flant\u0131s\u0131 ile, y\u00f6nlendirmeleriniz olacak arkada\u015flar\u0131n\u0131z\u0131 davet edebilirsiniz. Bu y\u00f6nlendirmelerin faaliyetlerinden y\u00f6nlendirme komisyonlar\u0131 kazanacak, a\u011f\u0131n\u0131z\u0131 ve hizmetimizdeki gelirinizi geni\u015fleteceksiniz.<\/li>\n<\/ul>\n\n\n\n<p>6. <strong>\u00d6d\u00fcl Kazanma:<\/strong><\/p>\n\n\n\n<ul class=\"wp-block-list\">\n<li>M\u00fc\u015fteriler SIM kartlar\u0131n\u0131zla ili\u015fkili numaralar\u0131 kiralad\u0131k\u00e7a, \u00f6d\u00fcller kazanmaya ba\u015flayacaks\u0131n\u0131z. Kazanc\u0131n\u0131z, SIM kartlar\u0131 sabit ve aktif kald\u0131\u011f\u0131 ve numaralar kullan\u0131mda oldu\u011fu s\u00fcrece devam edecektir. Bu kurulum, zaman i\u00e7inde istikrarl\u0131 bir gelir ak\u0131\u015f\u0131 yaratarak zahmetsizce gelir elde etmenizi sa\u011flar. Ekledi\u011finiz SIM kart havuzunu geni\u015fleterek kendi SIM kart bankan\u0131z\u0131 olu\u015fturabilir, kendi i\u015finizi kurabilir ve k\u00e2r\u0131n\u0131z\u0131 en \u00fcst d\u00fczeye \u00e7\u0131karabilirsiniz.<\/li>\n<\/ul>\n\n\n\n<p>7.<strong> K\u0131s\u0131tlamalar: <\/strong><\/p>\n\n\n\n<ul class=\"wp-block-list\">\n<li>Zaten referans olan bir orta\u011f\u0131n kendi referanslar\u0131 olamaz.<\/li>\n<\/ul>\n\n\n\n<h2 class=\"wp-block-heading\"><strong>Ba\u015far\u0131 i\u00e7in \u0130pu\u00e7lar\u0131<\/strong><\/h2>\n\n\n\n<ul class=\"wp-block-list\">\n<li><strong>Aktif SIM Kartlar\u0131n\u0131 Koruyun:<\/strong> \u0130tibar\u0131n\u0131z\u0131 etkileyebilecek herhangi bir olaydan ka\u00e7\u0131nmak i\u00e7in ekledi\u011finiz SIM kartlar\u0131n\u0131n aktif kald\u0131\u011f\u0131ndan ve SMS alabildi\u011finden emin olun.<\/li>\n\n\n\n<li><strong>Y\u00f6nlendirdiklerinizle Etkile\u015fim Kurun:<\/strong> Platformumuzda aktif kal\u0131n, referanslar\u0131n\u0131zla etkile\u015fim kurun ve a\u011f\u0131n\u0131z\u0131 ve itibar\u0131n\u0131z\u0131 olu\u015fturmak i\u00e7in yeni ortaklar davet edin.<\/li>\n\n\n\n<li><strong>Haberdar Olun:<\/strong> Yeni \u00f6zellikler ve f\u0131rsatlar hakk\u0131nda bilgi sahibi olmak i\u00e7in g\u00fcncellemeleri ve duyurular\u0131 takip edin.<\/li>\n<\/ul>\n\n\n\n<h2 class=\"wp-block-heading\">\u2753 Yard\u0131ma m\u0131 ihtiyac\u0131n\u0131z var?<\/h2>\n\n\n\n<p>Destek ekibimizle sohbet yoluyla ileti\u015fime ge\u00e7mekten \u00e7ekinmeyin. Ba\u015far\u0131ya giden yolculu\u011funuzda size destek olmak i\u00e7in buraday\u0131z!<\/p>","protected":false},"excerpt":{"rendered":"<p>Accessing the Referral Program: A Guide for New Partners At Sharing SMS, we value the contributions of our partners and strive to build a reliable and trustworthy community. As a new partner, you might be eager to start using your referral link to attract new referrals. Here&#8217;s a guide to understanding how you can gain [&hellip;]<\/p>\n","protected":false},"author":1,"featured_media":0,"parent":0,"menu_order":0,"comment_status":"closed","ping_status":"closed","template":"","meta":{"footnotes":""},"class_list":["post-842","page","type-page","status-publish","hentry"],"yoast_head":"<!-- This site is optimized with the Yoast SEO plugin v27.5 - https:\/\/yoast.com\/product\/yoast-seo-wordpress\/ -->\n<title>How to Access the Sharing SMS Referral Program \u2014 Step-by-Step Guide - SMS Sharing<\/title>\n<meta name=\"description\" content=\"Learn how to unlock your referral link in Sharing SMS and start earning commissions from your referrals. Simple steps to generate extra income.\" \/>\n<meta name=\"robots\" content=\"index, follow, max-snippet:-1, max-image-preview:large, max-video-preview:-1\" \/>\n<link rel=\"canonical\" href=\"https:\/\/sharingsms.com\/tr\/referral-program\/\" \/>\n<meta property=\"og:locale\" content=\"tr_TR\" \/>\n<meta property=\"og:type\" content=\"article\" \/>\n<meta property=\"og:title\" content=\"How to Access the Sharing SMS Referral Program \u2014 Step-by-Step Guide - SMS Sharing\" \/>\n<meta property=\"og:description\" content=\"Learn how to unlock your referral link in Sharing SMS and start earning commissions from your referrals. Simple steps to generate extra income.\" \/>\n<meta property=\"og:url\" content=\"https:\/\/sharingsms.com\/tr\/referral-program\/\" \/>\n<meta property=\"og:site_name\" content=\"SMS Sharing\" \/>\n<meta property=\"article:modified_time\" content=\"2025-10-08T10:59:35+00:00\" \/>\n<meta name=\"twitter:card\" content=\"summary_large_image\" \/>\n<meta name=\"twitter:label1\" content=\"Tahmini okuma s\u00fcresi\" \/>\n\t<meta name=\"twitter:data1\" content=\"3 dakika\" \/>\n<script type=\"application\/ld+json\" class=\"yoast-schema-graph\">{\"@context\":\"https:\\\/\\\/schema.org\",\"@graph\":[{\"@type\":\"WebPage\",\"@id\":\"https:\\\/\\\/sharingsms.com\\\/referral-program\\\/\",\"url\":\"https:\\\/\\\/sharingsms.com\\\/referral-program\\\/\",\"name\":\"How to Access the Sharing SMS Referral Program \u2014 Step-by-Step Guide - SMS Sharing\",\"isPartOf\":{\"@id\":\"https:\\\/\\\/sharingsms.com\\\/#website\"},\"datePublished\":\"2025-04-08T21:34:50+00:00\",\"dateModified\":\"2025-10-08T10:59:35+00:00\",\"description\":\"Learn how to unlock your referral link in Sharing SMS and start earning commissions from your referrals. Simple steps to generate extra income.\",\"breadcrumb\":{\"@id\":\"https:\\\/\\\/sharingsms.com\\\/referral-program\\\/#breadcrumb\"},\"inLanguage\":\"tr\",\"potentialAction\":[{\"@type\":\"ReadAction\",\"target\":[\"https:\\\/\\\/sharingsms.com\\\/referral-program\\\/\"]}]},{\"@type\":\"BreadcrumbList\",\"@id\":\"https:\\\/\\\/sharingsms.com\\\/referral-program\\\/#breadcrumb\",\"itemListElement\":[{\"@type\":\"ListItem\",\"position\":1,\"name\":\"Home\",\"item\":\"https:\\\/\\\/sharingsms.com\\\/\"},{\"@type\":\"ListItem\",\"position\":2,\"name\":\"How to Access the Sharing SMS Referral Program \u2014 Step-by-Step Guide\"}]},{\"@type\":\"WebSite\",\"@id\":\"https:\\\/\\\/sharingsms.com\\\/#website\",\"url\":\"https:\\\/\\\/sharingsms.com\\\/\",\"name\":\"SMS Sharing\",\"description\":\"\",\"potentialAction\":[{\"@type\":\"SearchAction\",\"target\":{\"@type\":\"EntryPoint\",\"urlTemplate\":\"https:\\\/\\\/sharingsms.com\\\/?s={search_term_string}\"},\"query-input\":{\"@type\":\"PropertyValueSpecification\",\"valueRequired\":true,\"valueName\":\"search_term_string\"}}],\"inLanguage\":\"tr\"}]}<\/script>\n<!-- \/ Yoast SEO plugin. -->","yoast_head_json":{"title":"Sharing SMS Y\u00f6nlendirme Program\u0131na Nas\u0131l Eri\u015filir - Ad\u0131m Ad\u0131m K\u0131lavuz - SMS Payla\u015f\u0131m\u0131","description":"Sharing SMS'de y\u00f6nlendirme ba\u011flant\u0131n\u0131z\u0131n kilidini nas\u0131l a\u00e7aca\u011f\u0131n\u0131z\u0131 \u00f6\u011frenin ve y\u00f6nlendirmelerinizden komisyon kazanmaya ba\u015flay\u0131n. Ekstra gelir elde etmek i\u00e7in basit ad\u0131mlar.","robots":{"index":"index","follow":"follow","max-snippet":"max-snippet:-1","max-image-preview":"max-image-preview:large","max-video-preview":"max-video-preview:-1"},"canonical":"https:\/\/sharingsms.com\/tr\/referral-program\/","og_locale":"tr_TR","og_type":"article","og_title":"How to Access the Sharing SMS Referral Program \u2014 Step-by-Step Guide - SMS Sharing","og_description":"Learn how to unlock your referral link in Sharing SMS and start earning commissions from your referrals. Simple steps to generate extra income.","og_url":"https:\/\/sharingsms.com\/tr\/referral-program\/","og_site_name":"SMS Sharing","article_modified_time":"2025-10-08T10:59:35+00:00","twitter_card":"summary_large_image","twitter_misc":{"Tahmini okuma s\u00fcresi":"3 dakika"},"schema":{"@context":"https:\/\/schema.org","@graph":[{"@type":"WebPage","@id":"https:\/\/sharingsms.com\/referral-program\/","url":"https:\/\/sharingsms.com\/referral-program\/","name":"Sharing SMS Y\u00f6nlendirme Program\u0131na Nas\u0131l Eri\u015filir - Ad\u0131m Ad\u0131m K\u0131lavuz - SMS Payla\u015f\u0131m\u0131","isPartOf":{"@id":"https:\/\/sharingsms.com\/#website"},"datePublished":"2025-04-08T21:34:50+00:00","dateModified":"2025-10-08T10:59:35+00:00","description":"Sharing SMS'de y\u00f6nlendirme ba\u011flant\u0131n\u0131z\u0131n kilidini nas\u0131l a\u00e7aca\u011f\u0131n\u0131z\u0131 \u00f6\u011frenin ve y\u00f6nlendirmelerinizden komisyon kazanmaya ba\u015flay\u0131n. Ekstra gelir elde etmek i\u00e7in basit ad\u0131mlar.","breadcrumb":{"@id":"https:\/\/sharingsms.com\/referral-program\/#breadcrumb"},"inLanguage":"tr","potentialAction":[{"@type":"ReadAction","target":["https:\/\/sharingsms.com\/referral-program\/"]}]},{"@type":"BreadcrumbList","@id":"https:\/\/sharingsms.com\/referral-program\/#breadcrumb","itemListElement":[{"@type":"ListItem","position":1,"name":"Home","item":"https:\/\/sharingsms.com\/"},{"@type":"ListItem","position":2,"name":"How to Access the Sharing SMS Referral Program \u2014 Step-by-Step Guide"}]},{"@type":"WebSite","@id":"https:\/\/sharingsms.com\/#website","url":"https:\/\/sharingsms.com\/","name":"SMS Payla\u015f\u0131m\u0131","description":"","potentialAction":[{"@type":"SearchAction","target":{"@type":"EntryPoint","urlTemplate":"https:\/\/sharingsms.com\/?s={search_term_string}"},"query-input":{"@type":"PropertyValueSpecification","valueRequired":true,"valueName":"search_term_string"}}],"inLanguage":"tr"}]}},"_links":{"self":[{"href":"https:\/\/sharingsms.com\/tr\/wp-json\/wp\/v2\/pages\/842","targetHints":{"allow":["GET"]}}],"collection":[{"href":"https:\/\/sharingsms.com\/tr\/wp-json\/wp\/v2\/pages"}],"about":[{"href":"https:\/\/sharingsms.com\/tr\/wp-json\/wp\/v2\/types\/page"}],"author":[{"embeddable":true,"href":"https:\/\/sharingsms.com\/tr\/wp-json\/wp\/v2\/users\/1"}],"replies":[{"embeddable":true,"href":"https:\/\/sharingsms.com\/tr\/wp-json\/wp\/v2\/comments?post=842"}],"version-history":[{"count":3,"href":"https:\/\/sharingsms.com\/tr\/wp-json\/wp\/v2\/pages\/842\/revisions"}],"predecessor-version":[{"id":948,"href":"https:\/\/sharingsms.com\/tr\/wp-json\/wp\/v2\/pages\/842\/revisions\/948"}],"wp:attachment":[{"href":"https:\/\/sharingsms.com\/tr\/wp-json\/wp\/v2\/media?parent=842"}],"curies":[{"name":"wp","href":"https:\/\/api.w.org\/{rel}","templated":true}]}}