{"id":898,"date":"2025-09-30T13:09:47","date_gmt":"2025-09-30T13:09:47","guid":{"rendered":"https:\/\/sharingsms.com\/?page_id=898"},"modified":"2025-09-30T16:57:16","modified_gmt":"2025-09-30T16:57:16","slug":"terms-and-conditions","status":"publish","type":"page","link":"https:\/\/sharingsms.com\/tr\/terms-and-conditions\/","title":{"rendered":"\u015eartlar ve ko\u015fullar"},"content":{"rendered":"<h2 class=\"wp-block-heading\">Hizmet S\u00f6zle\u015fmesi<\/h2>\n\n\n\n<h3 class=\"wp-block-heading\">1. S\u00d6ZLE\u015eMEN\u0130N TARAFLARI<\/h3>\n\n\n\n<p>Bu Hizmet S\u00f6zle\u015fmesi (bundan b\u00f6yle &quot;S\u00f6zle\u015fme&quot; olarak an\u0131lacakt\u0131r), Sharing SMS (bundan b\u00f6yle &quot;\u015eirket&quot; olarak an\u0131lacakt\u0131r) ile hizmet kullan\u0131c\u0131s\u0131 (bundan b\u00f6yle &quot;Ortak&quot; olarak an\u0131lacakt\u0131r) aras\u0131nda akdedilmi\u015ftir. \u015eirket ve Ortak birlikte &quot;Taraflar&quot; olarak an\u0131lacakt\u0131r.<\/p>\n\n\n\n<p>Hizmet S\u00f6zle\u015fmesi Taraflar \u2013 Sharing SMS ve Ortak aras\u0131nda akdedilmi\u015ftir.<\/p>\n\n\n\n<h3 class=\"wp-block-heading\">2. \u00d6NS\u00d6Z<\/h3>\n\n\n\n<p>\u015eirket&#039;in web sitesine kaydolup bir hesap olu\u015fturarak, Ortak, bu S\u00f6zle\u015fme&#039;nin \u015fartlar\u0131n\u0131 kabul etmi\u015f say\u0131l\u0131r. Ortak, temel ileti\u015fim ara\u00e7lar\u0131n\u0131n e-posta, sohbet ve mesajla\u015fma uygulamalar\u0131 oldu\u011funu kabul eder. Ortak, \u015eirket&#039;ten elektronik bildirimlerin yan\u0131 s\u0131ra WhatsApp veya Telegram gibi mesajla\u015fma uygulamalar\u0131 arac\u0131l\u0131\u011f\u0131yla da bildirim almay\u0131 kabul eder. Ortak, S\u00f6zle\u015fme s\u00fcresince verilerinin saklanmas\u0131 ve i\u015flenmesine onay verir. Kiralanan numaralar\u0131 korumak, ki\u015fisel bilgileri y\u00f6netmek ve hizmetlere eri\u015fmek i\u00e7in Ortak, \u015eirket&#039;in web sitesinde ve mobil uygulamas\u0131nda hesab\u0131n\u0131 kullan\u0131r.<\/p>\n\n\n\n<h3 class=\"wp-block-heading\">3. S\u00d6ZLE\u015eMEN\u0130N AMA\u00c7LARI<\/h3>\n\n\n\n<p>\u0130\u015fbu S\u00f6zle\u015fme&#039;nin amac\u0131, \u015eirket taraf\u0131ndan telekom\u00fcnikasyon hizmetlerinin sa\u011flanmas\u0131 konusunda Taraflar aras\u0131ndaki hukuki ili\u015fkiyi d\u00fczenlemektir. S\u00f6zle\u015fme, bu hizmetlerin sa\u011flanmas\u0131na ili\u015fkin ko\u015fullar\u0131 belirlemektedir.<\/p>\n\n\n\n<h3 class=\"wp-block-heading\">4. TARAFLARIN HAK VE Y\u00dcK\u00dcML\u00dcL\u00dcKLER\u0130<\/h3>\n\n\n\n<h4 class=\"wp-block-heading\">4.1 \u015eirket<\/h4>\n\n\n\n<p><strong>4.1.1<\/strong> \u015eirket, Orta\u011fa SIM kartlar\u0131n\u0131 kiralama, yani SMS i\u015flemlerinin sa\u011flanmas\u0131 imk\u00e2n\u0131n\u0131 sa\u011flamaktad\u0131r.<\/p>\n\n\n\n<p><strong>4.1.2<\/strong> \u015eirket, SIM kartlar\u0131n\u0131 kendi taban\u0131nda tutar. \u015eirket, SIM kartlar\u0131n\u0131 kiralayan Orta\u011f\u0131 \u00f6d\u00fcllendirir (SIM kiraland\u0131\u011f\u0131nda ve &quot;Haz\u0131r&quot; stat\u00fcs\u00fcn\u00fc korudu\u011funda).<\/p>\n\n\n\n<p><strong>4.1.3<\/strong> \u015eirket, hizmet uygulamas\u0131 i\u00e7in gerekli herhangi bir ekipman\u0131n ticari bak\u0131m\u0131ndan sorumlu de\u011fildir. \u0130\u015f Orta\u011f\u0131, hizmetleri sunmak ve SIM kart\u0131n\u0131n\/kartlar\u0131n\u0131n d\u00fczg\u00fcn \u00e7al\u0131\u015fmas\u0131n\u0131 sa\u011flamak i\u00e7in ekipmanlar\u0131n\u0131n bak\u0131m\u0131n\u0131 yapmakla y\u00fck\u00fcml\u00fcd\u00fcr. Bu bak\u0131m, numaray\u0131 korumak ve mobil operat\u00f6r taraf\u0131ndan bloke edilmesini \u00f6nlemek i\u00e7in gerekti\u011finde bakiye y\u00fcklemesi yapmak anlam\u0131na gelir.<\/p>\n\n\n\n<p><strong>4.1.4<\/strong> \u015eirket, Orta\u011fa, gerekli hacimde sa\u011flanan hizmetle ilgili olarak s\u00fcrekli destek ve dan\u0131\u015fmanl\u0131k y\u00f6neticileri sa\u011flar.<\/p>\n\n\n\n<p><strong>4.1.5<\/strong> \u015eirket, yasal ve di\u011fer d\u00fczenleyici d\u00fczenlemelerin d\u0131\u015f\u0131nda kalan nedenlerle veya bu numara kullan\u0131larak ileti\u015fim hizmetlerinin s\u00fcrekli olarak sa\u011flanmas\u0131n\u0131n \u015eirket&#039;in kontrol\u00fc d\u0131\u015f\u0131ndaki ko\u015fullar nedeniyle imk\u00e2ns\u0131z hale gelmesi durumunda, sa\u011flanan SIM&#039;yi de\u011fi\u015ftirme hakk\u0131na sahiptir. Bu durumda, \u015eirket, Orta\u011f\u0131 de\u011fi\u015ftirme i\u015flemi hakk\u0131nda m\u00fcmk\u00fcn olan en k\u0131sa s\u00fcrede bilgilendirmelidir. Ortak, SIM&#039;yi kendi masraflar\u0131yla de\u011fi\u015ftirir. \u015eirket, Taraflar aras\u0131ndaki anla\u015fman\u0131n d\u0131\u015f\u0131nda, numaran\u0131n de\u011fi\u015ftirilmesiyle ilgili olarak Ortak taraf\u0131ndan yap\u0131lan herhangi bir ek masraftan sorumlu de\u011fildir.<\/p>\n\n\n\n<p><strong>4.1.6<\/strong> Ortak&#039;\u0131n bu S\u00f6zle\u015fme&#039;nin herhangi bir maddesini ihlal etmesi halinde \u015eirket, Ortak&#039;\u0131n hesab\u0131n\u0131 ask\u0131ya alma hakk\u0131na sahiptir.<\/p>\n\n\n\n<p><strong>4.1.7<\/strong> \u015eirket, Orta\u011f\u0131 g\u00fcvenilmez olarak de\u011ferlendirirse Orta\u011fa hizmet vermeyi reddetme hakk\u0131n\u0131 sakl\u0131 tutar.<\/p>\n\n\n\n<p><strong>4.1.8<\/strong> \u015eirket, yasal \u00e7er\u00e7eve, sigorta ko\u015fullar\u0131, g\u00fcvenlik gereksinimleri veya yasal belge de\u011fi\u015fiklikleri nedeniyle gerekli olmas\u0131 halinde, Ortak&#039;\u0131n \u00f6nceden iznini ve bildirimini almaks\u0131z\u0131n bu S\u00f6zle\u015fme&#039;nin \u015fartlar\u0131n\u0131 de\u011fi\u015ftirme hakk\u0131na sahiptir.<\/p>\n\n\n\n<p><strong>4.1.9<\/strong> \u015eirket, sundu\u011fu herhangi bir hizmete ili\u015fkin tarifeleri de\u011fi\u015ftirme hakk\u0131n\u0131 sakl\u0131 tutar.<\/p>\n\n\n\n<p><strong>4.1.10<\/strong> \u015eirket, Ortak&#039;\u0131n y\u00fck\u00fcml\u00fcl\u00fcklerini ihlal ederek (5), t\u00fcm ileti\u015fim ara\u00e7lar\u0131n\u0131 g\u00f6rmezden gelerek veya hizmetin i\u015fleyi\u015fini sabote ederek g\u00fcvenilmez davrand\u0131\u011f\u0131 durumlarda, \u00f6deme i\u015flemi yap\u0131lmadan ortakl\u0131\u011f\u0131 sonland\u0131rma hakk\u0131n\u0131 sakl\u0131 tutar. Hizmetin i\u015fleyi\u015fini sabote eden bu veya di\u011fer durumlarda, \u015eirket&#039;in y\u00fck\u00fcml\u00fcl\u00fckleri yerine getirilmi\u015f say\u0131l\u0131r ve Ortak herhangi bir \u00f6d\u00fcl almaz. Ortak&#039;\u0131n hesab\u0131 kal\u0131c\u0131 olarak bloke edilir. Ortakl\u0131k sonland\u0131r\u0131l\u0131r.<\/p>\n\n\n\n<h4 class=\"wp-block-heading\">5. Ortak<\/h4>\n\n\n\n<p><strong>5.1<\/strong> Ortak, sundu\u011fu hizmetleri s\u00fcrd\u00fcrmek ve hizmete ili\u015fkin sorunlar\u0131 zaman\u0131nda \u00e7\u00f6zmekle y\u00fck\u00fcml\u00fcd\u00fcr.<\/p>\n\n\n\n<p><strong>5.2<\/strong> Ortak, ileti\u015fim bilgilerini vermekle y\u00fck\u00fcml\u00fcd\u00fcr. \u015eirket, bu gereklilikleri \u00f6nceden Orta\u011f\u0131 bilgilendirir.<\/p>\n\n\n\n<p><strong>5.3<\/strong> Ortak, hizmetlerin \u00e7al\u0131\u015fma s\u00fcrecinde herhangi bir kesinti fark ederse, bu durumu \u015eirkete bildirmelidir. \u015eirket, Ortak&#039;a, sa\u011flad\u0131\u011f\u0131 hizmetle ilgili sorunu \u00e7\u00f6zmesi i\u00e7in 6 saatten k\u0131sa s\u00fcreli bir s\u00fcre sa\u011flar. Ortak sorunu \u00e7\u00f6zmezse, g\u00fcnl\u00fck \u00f6d\u00fcl kazanmaz.<\/p>\n\n\n\n<p><strong>5.4<\/strong> \u015eirket, SIM&#039;lerini aktif olarak kiral\u0131yorsa, \u0130\u015f Orta\u011f\u0131n\u0131n referans almas\u0131na izin verir. \u0130\u015f Orta\u011f\u0131n\u0131n hesab\u0131 aktif kalmal\u0131d\u0131r. \u015eirket, ayn\u0131 \u0130\u015f Orta\u011f\u0131na ait ek hesaplar\u0131 (smurf hesaplar\u0131) doland\u0131r\u0131c\u0131l\u0131k olarak de\u011ferlendirir. Bu t\u00fcr hesaplar kapat\u0131lacak ve ana \u0130\u015f Orta\u011f\u0131n\u0131n hesab\u0131, ayl\u0131k \u00f6d\u00fcllerini alma hakk\u0131 olmaks\u0131z\u0131n bloke edilecektir.<\/p>\n\n\n\n<p><strong>5.5<\/strong> Ortak, \u015eirket Destek Servisi ile (telefon, e-posta veya \u015eirket&#039;in web sitesindeki \u00e7evrimi\u00e7i sohbet yoluyla) ileti\u015fime ge\u00e7ti\u011finde, kibar bir \u015fekilde ve sunulan hizmetler \u00e7er\u00e7evesinde ileti\u015fim kurmal\u0131d\u0131r. \u015eirket, m\u00fcstehcen dil, kabal\u0131k veya \u015eirket taraf\u0131ndan sa\u011flanan hizmetlerin kapsam\u0131n\u0131 a\u015fan nitelikteki taleplere yan\u0131t vermeme hakk\u0131na sahiptir.<\/p>\n\n\n\n<p><strong>5.6<\/strong> Ortak, a\u015fa\u011f\u0131daki durumlarda \u015eirket ile i\u015fbirli\u011fi yapmakla y\u00fck\u00fcml\u00fcd\u00fcr:<\/p>\n\n\n\n<ul class=\"wp-block-list\">\n<li>Verilen hizmetlere ili\u015fkin her t\u00fcrl\u00fc \u015fik\u00e2yetin ele al\u0131nmas\u0131 s\u0131ras\u0131nda;<\/li>\n\n\n\n<li>Sa\u011flanan hizmetlere ili\u015fkin herhangi bir talep veya soru\u015fturma ile ilgilenirken.<\/li>\n<\/ul>\n\n\n\n<p>Ortak, a\u015fa\u011f\u0131dakileri yapmakla y\u00fck\u00fcml\u00fcd\u00fcr:<\/p>\n\n\n\n<ul class=\"wp-block-list\">\n<li>Yerel yasalar\u0131n ihlal edilmesi durumunda t\u00fcm sorumlulu\u011fu \u00fcstlenirsiniz.<\/li>\n\n\n\n<li>\u00dclkelerinin yarg\u0131 yetkisinde ger\u00e7ekle\u015fen yasa ihlaliyle ilgili t\u00fcm ek masraflar\u0131 \u00fcstlenmek.<\/li>\n\n\n\n<li>\u015eirket, bu durumda Orta\u011f\u0131n yetersizli\u011finden dolay\u0131 hi\u00e7bir sorumluluk kabul etmez.<\/li>\n<\/ul>\n\n\n\n<p><strong>5.7<\/strong> Ortak, bu S\u00f6zle\u015fmeyi kabul ederek ya\u015f\u0131n\u0131n en az 18 oldu\u011funu teyit eder.<\/p>\n\n\n\n<p><strong>5.8<\/strong> Ortak, bu S\u00f6zle\u015fme kapsam\u0131ndaki hak ve y\u00fck\u00fcml\u00fcl\u00fcklerini \u015eirketin izni olmaks\u0131z\u0131n ba\u015fka bir tarafa devretme hakk\u0131na sahip de\u011fildir.<\/p>\n\n\n\n<p><strong>5.9<\/strong> \u0130\u015f Orta\u011f\u0131&#039;n\u0131n SIM&#039;si kiralan\u0131rken, \u0130\u015f Orta\u011f\u0131, SIM Aktif oldu\u011fu s\u00fcrece \u00e7al\u0131\u015fmas\u0131n\u0131 s\u00fcrd\u00fcrmekle y\u00fck\u00fcml\u00fcd\u00fcr. Bu, gerekti\u011finde SIM kart bakiyesinin doldurulmas\u0131n\u0131 da i\u00e7erir. Olu\u015fabilecek t\u00fcm ek masraflar \u0130\u015f Orta\u011f\u0131&#039;n\u0131n sorumlulu\u011fundad\u0131r.<\/p>\n\n\n\n<p><strong>5.10<\/strong> \u0130\u015fbu h\u00fck\u00fcm ve ko\u015fullar\u0131 kabul ederek, Ortak g\u00fcvenilir oldu\u011funu iddia eder ve i\u015fbu h\u00fck\u00fcm ve ko\u015fullarla \u015fu anda veya gelecekte herhangi bir ihtilaf\u0131 olmad\u0131\u011f\u0131n\u0131 beyan eder.<\/p>\n\n\n\n<p><strong>5.11<\/strong> Ortak, Ortakl\u0131\u011f\u0131 feshetmek isterse, \u015eirket, Orta\u011f\u0131n hesab\u0131na eri\u015fimini kal\u0131c\u0131 olarak engeller. Ortak y\u00fck\u00fcml\u00fcl\u00fcklerini ihlal etmedi\u011fi takdirde \u00f6demeler her zamanki gibi i\u015fleme al\u0131n\u0131r. Ortak, karar\u0131n\u0131 3 g\u00fcn \u00f6nceden \u015eirkete bildirmek zorundad\u0131r.<\/p>\n\n\n\n<h3 class=\"wp-block-heading\">6. \u00d6DEME PROSED\u00dcR\u00dc<\/h3>\n\n\n\n<p><strong>6.1<\/strong> \u015eirket iki par\u00e7al\u0131 \u00f6deme temeli sa\u011flar: G\u00fcnl\u00fck Birikimler (yaln\u0131zca SIM \u201cHaz\u0131r\u201d durumunu korudu\u011fu s\u00fcrece ge\u00e7erli olan sabit bir g\u00fcnl\u00fck \u00f6d\u00fcl) ve Ayl\u0131k \u00d6deme (Ortak \u00d6d\u00fcllerinin hesaplan\u0131p c\u00fczdanlar\u0131na g\u00f6nderilmesinin sonucu).<\/p>\n\n\n\n<p><strong>6.2<\/strong> Orta\u011f\u0131n giderleri \u015funlar\u0131 i\u00e7erir:<\/p>\n\n\n\n<ul class=\"wp-block-list\">\n<li>Ta\u015f\u0131y\u0131c\u0131ya \u00f6denen SIM \u00fccretleri (gerekirse)<\/li>\n\n\n\n<li>Cihaz sa\u011flama<\/li>\n\n\n\n<li>SIM h\u00fckm\u00fc<\/li>\n\n\n\n<li>\u015eirketin sorumlulu\u011fu d\u0131\u015f\u0131nda kalan di\u011fer durumlar<\/li>\n<\/ul>\n\n\n\n<p><strong>6.3<\/strong> Kiralanan SIM&#039;nin 24 saatlik g\u00fcn i\u00e7erisinde (00:00\u201300:00) 6 saatten fazla &quot;Haz\u0131r De\u011fil&quot; durumunda kalmas\u0131 durumunda \u015eirket, Ceza uygulayabilir. Ceza, o g\u00fcne ait Tahakkuk&#039;u iptal eder.<\/p>\n\n\n\n<h3 class=\"wp-block-heading\">7. F\u0130KR\u0130 M\u00dcLK\u0130YET HAKLARI<\/h3>\n\n\n\n<p><strong>7.1<\/strong> Bir tarafa ait olan t\u00fcm fikri m\u00fclkiyet haklar\u0131 o tarafta kal\u0131r.<\/p>\n\n\n\n<p><strong>7.2<\/strong> Ortak, hi\u00e7bir durumda \u015eirket ad\u0131n\u0131, ticari markas\u0131n\u0131 veya fikri m\u00fclkiyet haklar\u0131n\u0131 kullanamaz.<\/p>\n\n\n\n<p><strong>7.3<\/strong> Yaz\u0131l\u0131 izin olmaks\u0131z\u0131n fikri m\u00fclkiyetin devri kesinlikle yasakt\u0131r.<\/p>\n\n\n\n<h3 class=\"wp-block-heading\">8. G\u0130ZL\u0130L\u0130K<\/h3>\n\n\n\n<p>\u015eirket, Orta\u011f\u0131n ki\u015fisel verilerinin gizlili\u011fini garanti eder.<\/p>\n\n\n\n<h3 class=\"wp-block-heading\">9. SORUMLULU\u011eUN SINIRLANDIRILMASI<\/h3>\n\n\n\n<p><strong>9.1<\/strong> \u015eirket, a\u015fa\u011f\u0131daki durumlarda sorumlu tutulamaz: Kesintiye u\u011frayan ileti\u015fimlerden, veri kayb\u0131ndan, tahsil edilemeyen karlardan veya bu S\u00f6zle\u015fme ile ilgili di\u011fer ekonomik kay\u0131plardan kaynaklanan dolayl\u0131, sonu\u00e7sal veya tesad\u00fcfi zararlar.<\/p>\n\n\n\n<p><strong>9.2<\/strong> \u015eirket, yaln\u0131zca teknik nedenlerle tahakkuklar\u0131n yanl\u0131\u015f hesaplanmas\u0131 veya hi\u00e7 hesaplanmamas\u0131 durumlar\u0131nda sorumludur.<\/p>\n\n\n\n<p><strong>9.3<\/strong> \u015eirket, S\u00f6zle\u015fme, web sitesi, ki\u015fisel hesap, fatura veya \u015eirket taraf\u0131ndan d\u00fczenlenen veya sa\u011flanan di\u011fer belgelerdeki herhangi bir hata, eksiklik veya yaz\u0131m hatas\u0131ndan sorumlu de\u011fildir. Ortak, \u015eirket&#039;e herhangi bir yanl\u0131\u015fl\u0131k hakk\u0131nda bilgi verebilir ve do\u011frulanmas\u0131 halinde bunlar d\u00fczeltilecektir.<\/p>\n\n\n\n<h3 class=\"wp-block-heading\">10. M\u00dcCB\u0130R SEBEP<\/h3>\n\n\n\n<p><strong>10.1<\/strong> \u015eirket, do\u011fal afetler, sava\u015f, yapt\u0131r\u0131mlar, lisanslar\u0131n iptali, ekipman imhas\u0131 veya \u00fc\u00e7\u00fcnc\u00fc taraf hatalar\u0131 (\u00f6rne\u011fin telekom operat\u00f6rleri, h\u00fck\u00fcmet eylemleri) dahil ancak bunlarla s\u0131n\u0131rl\u0131 olmamak \u00fczere, kontrol\u00fc d\u0131\u015f\u0131ndaki ko\u015fullar nedeniyle hizmetlerin kesintiye u\u011framas\u0131ndan, gecikmesinden veya sa\u011flanamamas\u0131ndan sorumlu de\u011fildir.<\/p>\n\n\n\n<p><strong>10.2<\/strong> \u015eirket, m\u00fccbir sebep hallerinden kaynaklanan sonu\u00e7lardan sorumlu de\u011fildir.<\/p>\n\n\n\n<h3 class=\"wp-block-heading\">11. TAZM\u0130NAT VE SORUMLULUK<\/h3>\n\n\n\n<p>\u0130\u015fbu S\u00f6zle\u015fme ile ilgili herhangi bir tazminat tutar\u0131 ne olursa olsun, Ortak, \u015eirket&#039;in, kurucular\u0131n\u0131n, ba\u011fl\u0131 \u015firketlerinin, i\u015ftiraklerinin, y\u00f6neticilerinin, \u00e7al\u0131\u015fanlar\u0131n\u0131n ve temsilcilerinin, hizmetlerin kullan\u0131m\u0131ndan kaynaklanan veya bunlarla ilgili herhangi bir kay\u0131p, hasar veya talepten sorumlu olmayaca\u011f\u0131n\u0131 kabul ve beyan eder. Bu, hizmet kullan\u0131labilirli\u011fi, veri gizlili\u011fi, teknik ar\u0131zalar veya bilgi iletimindeki gecikmelerle ilgili konular\u0131 i\u00e7erir, ancak bunlarla s\u0131n\u0131rl\u0131 de\u011fildir.<br><\/p>\n\n\n\n<h3 class=\"wp-block-heading\">12. S\u00d6ZLE\u015eME \u015eARTLARI<\/h3>\n\n\n\n<p><strong>12.1<\/strong> \u0130\u015fbu S\u00f6zle\u015fme, Ortak taraf\u0131ndan bir kullan\u0131c\u0131 hesab\u0131n\u0131n olu\u015fturulmas\u0131yla y\u00fcr\u00fcrl\u00fc\u011fe girer ve Taraflardan herhangi biri taraf\u0131ndan feshedilinceye kadar ge\u00e7erlili\u011fini korur.<\/p>\n\n\n\n<p><strong>12.2<\/strong> Taraflar, kendi \u015fartlar\u0131n\u0131n ihlali halinde bu S\u00f6zle\u015fmeyi feshedebilir.<\/p>\n\n\n\n<p><strong>12.3<\/strong> Fesih halinde \u015eirketin t\u00fcm y\u00fck\u00fcml\u00fcl\u00fckleri yerine getirilmi\u015f say\u0131l\u0131r.<\/p>\n\n\n\n<h3 class=\"wp-block-heading\">13. \u00c7E\u015e\u0130TL\u0130<\/h3>\n\n\n\n<p><strong>13.1<\/strong> Bu S\u00f6zle\u015fme, Taraflar aras\u0131ndaki t\u00fcm anla\u015fmay\u0131 yans\u0131t\u0131r ve \u00f6nceki t\u00fcm beyan ve mutabakatlar\u0131n yerini al\u0131r.<\/p>","protected":false},"excerpt":{"rendered":"<p>Service Agreement 1. PARTIES TO THE AGREEMENT This Service Agreement (hereinafter referred to as the &#8220;Agreement&#8221;) is entered into between Sharing SMS (hereinafter referred to as the &#8220;Company&#8221;) and the service user (hereinafter referred to as the &#8220;Partner&#8221;). The Company and the Partner shall collectively be referred to as the &#8220;Parties&#8221;. The Service Agreement is [&hellip;]<\/p>\n","protected":false},"author":1,"featured_media":0,"parent":0,"menu_order":0,"comment_status":"closed","ping_status":"closed","template":"","meta":{"footnotes":""},"class_list":["post-898","page","type-page","status-publish","hentry"],"yoast_head":"<!-- This site is optimized with the Yoast SEO plugin v27.5 - https:\/\/yoast.com\/product\/yoast-seo-wordpress\/ -->\n<title>Terms and Conditions - SMS Sharing<\/title>\n<meta name=\"description\" content=\"Read the Sharing SMS Terms and Conditions. This agreement outlines partner obligations, SIM usage, earnings policy, and service limitations.\" \/>\n<meta name=\"robots\" content=\"index, follow, max-snippet:-1, max-image-preview:large, max-video-preview:-1\" \/>\n<link rel=\"canonical\" href=\"https:\/\/sharingsms.com\/tr\/terms-and-conditions\/\" \/>\n<meta property=\"og:locale\" content=\"tr_TR\" \/>\n<meta property=\"og:type\" content=\"article\" \/>\n<meta property=\"og:title\" content=\"Terms and Conditions - SMS Sharing\" \/>\n<meta property=\"og:description\" content=\"Read the Sharing SMS Terms and Conditions. This agreement outlines partner obligations, SIM usage, earnings policy, and service limitations.\" \/>\n<meta property=\"og:url\" content=\"https:\/\/sharingsms.com\/tr\/terms-and-conditions\/\" \/>\n<meta property=\"og:site_name\" content=\"SMS Sharing\" \/>\n<meta property=\"article:modified_time\" content=\"2025-09-30T16:57:16+00:00\" \/>\n<meta name=\"twitter:card\" content=\"summary_large_image\" \/>\n<meta name=\"twitter:label1\" content=\"Tahmini okuma s\u00fcresi\" \/>\n\t<meta name=\"twitter:data1\" content=\"7 dakika\" \/>\n<script type=\"application\/ld+json\" class=\"yoast-schema-graph\">{\"@context\":\"https:\\\/\\\/schema.org\",\"@graph\":[{\"@type\":\"WebPage\",\"@id\":\"https:\\\/\\\/sharingsms.com\\\/terms-and-conditions\\\/\",\"url\":\"https:\\\/\\\/sharingsms.com\\\/terms-and-conditions\\\/\",\"name\":\"Terms and Conditions - SMS Sharing\",\"isPartOf\":{\"@id\":\"https:\\\/\\\/sharingsms.com\\\/#website\"},\"datePublished\":\"2025-09-30T13:09:47+00:00\",\"dateModified\":\"2025-09-30T16:57:16+00:00\",\"description\":\"Read the Sharing SMS Terms and Conditions. This agreement outlines partner obligations, SIM usage, earnings policy, and service limitations.\",\"breadcrumb\":{\"@id\":\"https:\\\/\\\/sharingsms.com\\\/terms-and-conditions\\\/#breadcrumb\"},\"inLanguage\":\"tr\",\"potentialAction\":[{\"@type\":\"ReadAction\",\"target\":[\"https:\\\/\\\/sharingsms.com\\\/terms-and-conditions\\\/\"]}]},{\"@type\":\"BreadcrumbList\",\"@id\":\"https:\\\/\\\/sharingsms.com\\\/terms-and-conditions\\\/#breadcrumb\",\"itemListElement\":[{\"@type\":\"ListItem\",\"position\":1,\"name\":\"Home\",\"item\":\"https:\\\/\\\/sharingsms.com\\\/\"},{\"@type\":\"ListItem\",\"position\":2,\"name\":\"Terms and Conditions\"}]},{\"@type\":\"WebSite\",\"@id\":\"https:\\\/\\\/sharingsms.com\\\/#website\",\"url\":\"https:\\\/\\\/sharingsms.com\\\/\",\"name\":\"SMS Sharing\",\"description\":\"\",\"potentialAction\":[{\"@type\":\"SearchAction\",\"target\":{\"@type\":\"EntryPoint\",\"urlTemplate\":\"https:\\\/\\\/sharingsms.com\\\/?s={search_term_string}\"},\"query-input\":{\"@type\":\"PropertyValueSpecification\",\"valueRequired\":true,\"valueName\":\"search_term_string\"}}],\"inLanguage\":\"tr\"}]}<\/script>\n<!-- \/ Yoast SEO plugin. -->","yoast_head_json":{"title":"\u015eartlar ve Ko\u015fullar - SMS Payla\u015f\u0131m\u0131","description":"Sharing SMS \u015eartlar ve Ko\u015fullar\u0131n\u0131 okuyun. Bu s\u00f6zle\u015fme, ortak y\u00fck\u00fcml\u00fcl\u00fcklerini, SIM kullan\u0131m\u0131n\u0131, kazan\u00e7 politikas\u0131n\u0131 ve hizmet s\u0131n\u0131rlamalar\u0131n\u0131 ana hatlar\u0131yla a\u00e7\u0131klamaktad\u0131r.","robots":{"index":"index","follow":"follow","max-snippet":"max-snippet:-1","max-image-preview":"max-image-preview:large","max-video-preview":"max-video-preview:-1"},"canonical":"https:\/\/sharingsms.com\/tr\/terms-and-conditions\/","og_locale":"tr_TR","og_type":"article","og_title":"Terms and Conditions - SMS Sharing","og_description":"Read the Sharing SMS Terms and Conditions. This agreement outlines partner obligations, SIM usage, earnings policy, and service limitations.","og_url":"https:\/\/sharingsms.com\/tr\/terms-and-conditions\/","og_site_name":"SMS Sharing","article_modified_time":"2025-09-30T16:57:16+00:00","twitter_card":"summary_large_image","twitter_misc":{"Tahmini okuma s\u00fcresi":"7 dakika"},"schema":{"@context":"https:\/\/schema.org","@graph":[{"@type":"WebPage","@id":"https:\/\/sharingsms.com\/terms-and-conditions\/","url":"https:\/\/sharingsms.com\/terms-and-conditions\/","name":"\u015eartlar ve Ko\u015fullar - SMS Payla\u015f\u0131m\u0131","isPartOf":{"@id":"https:\/\/sharingsms.com\/#website"},"datePublished":"2025-09-30T13:09:47+00:00","dateModified":"2025-09-30T16:57:16+00:00","description":"Sharing SMS \u015eartlar ve Ko\u015fullar\u0131n\u0131 okuyun. Bu s\u00f6zle\u015fme, ortak y\u00fck\u00fcml\u00fcl\u00fcklerini, SIM kullan\u0131m\u0131n\u0131, kazan\u00e7 politikas\u0131n\u0131 ve hizmet s\u0131n\u0131rlamalar\u0131n\u0131 ana hatlar\u0131yla a\u00e7\u0131klamaktad\u0131r.","breadcrumb":{"@id":"https:\/\/sharingsms.com\/terms-and-conditions\/#breadcrumb"},"inLanguage":"tr","potentialAction":[{"@type":"ReadAction","target":["https:\/\/sharingsms.com\/terms-and-conditions\/"]}]},{"@type":"BreadcrumbList","@id":"https:\/\/sharingsms.com\/terms-and-conditions\/#breadcrumb","itemListElement":[{"@type":"ListItem","position":1,"name":"Home","item":"https:\/\/sharingsms.com\/"},{"@type":"ListItem","position":2,"name":"Terms and Conditions"}]},{"@type":"WebSite","@id":"https:\/\/sharingsms.com\/#website","url":"https:\/\/sharingsms.com\/","name":"SMS Payla\u015f\u0131m\u0131","description":"","potentialAction":[{"@type":"SearchAction","target":{"@type":"EntryPoint","urlTemplate":"https:\/\/sharingsms.com\/?s={search_term_string}"},"query-input":{"@type":"PropertyValueSpecification","valueRequired":true,"valueName":"search_term_string"}}],"inLanguage":"tr"}]}},"_links":{"self":[{"href":"https:\/\/sharingsms.com\/tr\/wp-json\/wp\/v2\/pages\/898","targetHints":{"allow":["GET"]}}],"collection":[{"href":"https:\/\/sharingsms.com\/tr\/wp-json\/wp\/v2\/pages"}],"about":[{"href":"https:\/\/sharingsms.com\/tr\/wp-json\/wp\/v2\/types\/page"}],"author":[{"embeddable":true,"href":"https:\/\/sharingsms.com\/tr\/wp-json\/wp\/v2\/users\/1"}],"replies":[{"embeddable":true,"href":"https:\/\/sharingsms.com\/tr\/wp-json\/wp\/v2\/comments?post=898"}],"version-history":[{"count":3,"href":"https:\/\/sharingsms.com\/tr\/wp-json\/wp\/v2\/pages\/898\/revisions"}],"predecessor-version":[{"id":903,"href":"https:\/\/sharingsms.com\/tr\/wp-json\/wp\/v2\/pages\/898\/revisions\/903"}],"wp:attachment":[{"href":"https:\/\/sharingsms.com\/tr\/wp-json\/wp\/v2\/media?parent=898"}],"curies":[{"name":"wp","href":"https:\/\/api.w.org\/{rel}","templated":true}]}}