{"id":968,"date":"2026-03-05T11:00:54","date_gmt":"2026-03-05T11:00:54","guid":{"rendered":"https:\/\/sharingsms.com\/?page_id=968"},"modified":"2026-03-05T11:00:54","modified_gmt":"2026-03-05T11:00:54","slug":"infected-smartphones-warning","status":"publish","type":"page","link":"https:\/\/sharingsms.com\/tr\/infected-smartphones-warning\/","title":{"rendered":"G\u00fcvenlik Uyar\u0131s\u0131: Ucuz &quot;Markas\u0131z&quot; Ak\u0131ll\u0131 Telefonlarda K\u00f6t\u00fc Ama\u00e7l\u0131 Yaz\u0131l\u0131m (Alps, Soyes, Lingbo)"},"content":{"rendered":"<p>De\u011ferli Ortaklar\u0131m\u0131z,<\/p>\n\n\n\n<p>Son zamanlarda, kullan\u0131m\u0131nda bir art\u0131\u015f g\u00f6zlemledik. <strong>uygun fiyatl\u0131 \u00c7in ak\u0131ll\u0131 telefonlar\u0131<\/strong> bilinmeyen markalardan (s\u00f6zde) <strong>\u201cisimsiz\u201d<\/strong>) ile \u00e7al\u0131\u015fmak i\u00e7in <em>Sharing SMS<\/em>. Bunlar aras\u0131nda Alps XS15, Alps S23 Pro, Alps P70 Pro Max, Alps 16 Pro, Soyes XS11, Lingbo G24 mini ve di\u011ferleri yer almaktad\u0131r. Bu cihazlar genellikle \u015funlar\u0131 i\u00e7erir: <strong>k\u00f6t\u00fc ama\u00e7l\u0131 kod<\/strong> (\u00f6rne\u011fin <strong>Gerilla<\/strong> veya <strong>Triada<\/strong> (\u00dcr\u00fcn yaz\u0131l\u0131mlar\u0131na yerle\u015ftirilmi\u015f truva atlar\u0131).<\/p>\n\n\n\n<p>Bu durumun kazan\u00e7lar\u0131n\u0131z\u0131 do\u011frudan etkilemesi nedeniyle sizi tehlikeler konusunda uyarmak zorunday\u0131z.<\/p>\n\n\n\n<h2 class=\"wp-block-heading\"><strong>Vir\u00fcs bula\u015fm\u0131\u015f cihazlarla ilgili ger\u00e7ekler:<\/strong><\/h2>\n\n\n\n<ul class=\"wp-block-list\">\n<li>Buna g\u00f6re<a href=\"https:\/\/heimdalsecurity.com\/blog\/lemon-gang-pre-infects-9-million-android-devices-with-malware\/\" target=\"_blank\" rel=\"noreferrer noopener nofollow\"> Heimdal G\u00fcvenlik<\/a>, Yakla\u015f\u0131k 9 milyon Android cihaz &quot;Guerrilla&quot; adl\u0131 k\u00f6t\u00fc ama\u00e7l\u0131 yaz\u0131l\u0131mla enfekte olmu\u015f durumda.<\/li>\n\n\n\n<li><a href=\"https:\/\/redskyalliance.org\/\" target=\"_blank\" rel=\"noreferrer noopener nofollow\">K\u0131z\u0131l G\u00f6ky\u00fcz\u00fc \u0130ttifak\u0131<\/a> Triada truva at\u0131n\u0131n milyonlarca ak\u0131ll\u0131 telefonu kontrol etmek i\u00e7in kullan\u0131ld\u0131\u011f\u0131 bildiriliyor.<\/li>\n\n\n\n<li>Buna g\u00f6re<a href=\"https:\/\/www.cybersecuritytribe.com\/news\/lemon-group-guerilla-malware-pre-infects-millions-of-android-devices\" target=\"_blank\" rel=\"noreferrer noopener nofollow\"> Siber G\u00fcvenlik Kabilesi<\/a>, Tek bir siber su\u00e7 grubu, 180 \u00fclkede milyonlarca cihaz\u0131 kontrol ediyor.<\/li>\n\n\n\n<li>Zararl\u0131 yaz\u0131l\u0131mlar \u015funlar\u0131 yapabilir:\n<ul class=\"wp-block-list\">\n<li>Tek kullan\u0131ml\u0131k \u015fifreler i\u00e7eren SMS mesajlar\u0131n\u0131 ele ge\u00e7irin;<\/li>\n\n\n\n<li>Ters proxy sunucular\u0131n\u0131 kurun;<\/li>\n\n\n\n<li>WhatsApp ve di\u011fer mesajla\u015fma uygulamalar\u0131n\u0131n oturumlar\u0131n\u0131 ele ge\u00e7irme;<\/li>\n\n\n\n<li>Kullan\u0131c\u0131n\u0131n bilgisi olmadan hesap kayd\u0131 olu\u015fturmak<\/li>\n<\/ul>\n<\/li>\n<\/ul>\n\n\n\n<h2 class=\"wp-block-heading\"><strong>Riskler nelerdir?<\/strong><\/h2>\n\n\n\n<ol class=\"wp-block-list\">\n<li><strong>Otomatik hesap kayd\u0131.<\/strong><br>B\u00f6yle bir ak\u0131ll\u0131 telefona SIM kart\u0131 takt\u0131\u011f\u0131n\u0131z anda, k\u00f6t\u00fc ama\u00e7l\u0131 yaz\u0131l\u0131m sizin bilginiz olmadan \u00e7e\u015fitli hizmetlerde (WhatsApp, Facebook, Tinder, JingDong vb.) hesaplar kaydetmeye ba\u015flar. Kod i\u00e7eren SMS kartlar\u0131n\u0131 g\u00f6rmezsiniz, ancak bunlar ele ge\u00e7irilir ve k\u00f6t\u00fc ama\u00e7l\u0131 ki\u015filere g\u00f6nderilir.<\/li>\n<\/ol>\n\n\n\n<ol start=\"2\" class=\"wp-block-list\">\n<li><strong>Numaralar kiralama i\u00e7in uygunsuz hale geliyor.<\/strong><br>Teknik destek size numaralar\u0131n\u0131z\u0131n zaten kay\u0131t talepleriyle dolu oldu\u011funu bildirirse, bu numaralar m\u00fc\u015fterilere kiralanamaz. Bu da istenmeyen kay\u0131plara yol a\u00e7ar; yeni SIM kartlar\u0131 ve cihazlar\u0131 sat\u0131n alman\u0131z gerekecektir.<\/li>\n<\/ol>\n\n\n\n<ol start=\"3\" class=\"wp-block-list\">\n<li><strong>Say\u0131lar\u0131n &quot;temizlenmesi&quot; ile ilgili sorunlar.<\/strong><br>Numaralar\u0131n\u0131zla kay\u0131tl\u0131 hesaplar\u0131 manuel olarak silmeyi deneyebilirsiniz (teknik destek ile ilgili hizmetler listesini kontrol edin). Ancak bu, ba\u015far\u0131y\u0131 garanti etmez:\n<ul class=\"wp-block-list\">\n<li>Hesaplarda iki fakt\u00f6rl\u00fc kimlik do\u011frulama (2FA) etkinle\u015ftirilmi\u015f olabilir.<\/li>\n\n\n\n<li>WhatsApp gibi bir servis \u015f\u00fcpheli bir aktivite tespit ederse, numaray\u0131 kal\u0131c\u0131 olarak engelleyebilir.<\/li>\n<\/ul>\n<\/li>\n<\/ol>\n\n\n\n<ol start=\"4\" class=\"wp-block-list\">\n<li><strong>Truva atlar\u0131ndan kaynaklanan ek tehditler.<\/strong><br>SMS paketini ele ge\u00e7irmenin yan\u0131 s\u0131ra, k\u00f6t\u00fc ama\u00e7l\u0131 yaz\u0131l\u0131mlar \u015funlar\u0131 da yapabilir:\n<ul class=\"wp-block-list\">\n<li>Rahats\u0131z edici reklamlar y\u00fckleyin;<\/li>\n\n\n\n<li>Hesap verilerini \u00e7almak (\u00f6rne\u011fin, Facebook&#039;tan \u00e7erezleri \u00e7almak);<\/li>\n\n\n\n<li>Cihaz\u0131n\u0131z\u0131 doland\u0131r\u0131c\u0131l\u0131k ama\u00e7l\u0131 kullan\u0131n.<\/li>\n<\/ul>\n<\/li>\n<\/ol>\n\n\n\n<ol start=\"5\" class=\"wp-block-list\">\n<li><strong>Derecelendirmede d\u00fc\u015f\u00fc\u015f riski <\/strong><strong><em>Sharing SMS.<\/em><\/strong><br>Bu t\u00fcr say\u0131sal ihlaller s\u0131k s\u0131k ya\u015fan\u0131rsa, hizmetteki puan\u0131n\u0131z d\u00fc\u015febilir ve bu da do\u011frudan kazan\u00e7lar\u0131n\u0131z\u0131 etkiler.<br><\/li>\n<\/ol>\n\n\n\n<h2 class=\"wp-block-heading\"><strong>Ne yapmal\u0131s\u0131n\u0131z?<\/strong><\/h2>\n\n\n\n<ul class=\"wp-block-list\">\n<li>Samsung, Xiaomi, ZTE ve di\u011ferleri gibi tan\u0131nm\u0131\u015f ve g\u00fcvenilir \u00fcreticilerin ak\u0131ll\u0131 telefonlar\u0131n\u0131 kullan\u0131n.<\/li>\n\n\n\n<li>Ucuz, markas\u0131z \u00c7in ak\u0131ll\u0131 telefonlar\u0131ndan uzak durun; zararl\u0131 kod, donan\u0131m yaz\u0131l\u0131m\u0131 d\u00fczeyinde yerle\u015ftirilmi\u015ftir ve antivir\u00fcs yaz\u0131l\u0131mlar\u0131 taraf\u0131ndan kald\u0131r\u0131lamaz.<\/li>\n\n\n\n<li>Ekran kilidini ihmal etmeyin. Cihazda parola, desen, parmak izi veya y\u00fcz tan\u0131ma \u00f6zelli\u011fi ayarlamak, h\u0131rs\u0131zl\u0131k veya kay\u0131p durumunda verilere yetkisiz eri\u015fimi \u00f6nlemeye yard\u0131mc\u0131 olur.<\/li>\n\n\n\n<li>Teknik destek sizi spam numaralar konusunda uyar\u0131rsa, bunlar\u0131 yenileriyle de\u011fi\u015ftirin, g\u00fcvenilir cihazlara y\u00fckleyin veya numaralar\u0131 temizlemeyi deneyin (belirtilen hizmetlerdeki hesaplar\u0131 silin ve onaylay\u0131c\u0131 ekran g\u00f6r\u00fcnt\u00fcleri g\u00f6nderin).<\/li>\n<\/ul>\n\n\n\n<p><strong>Tek olumlu senaryo<\/strong> Ucuz, markas\u0131z bir ak\u0131ll\u0131 telefon kullanman\u0131n riskli yan\u0131, k\u00f6t\u00fc ama\u00e7l\u0131 yaz\u0131l\u0131m\u0131n SIM kart telefon numaras\u0131n\u0131 belirleyememesidir (baz\u0131 operat\u00f6rler bu \u00f6zelli\u011fi engeller). Bu durumda risk daha d\u00fc\u015f\u00fckt\u00fcr, ancak tam bir g\u00fcvenlik garantisi yoktur.<\/p>\n\n\n\n<h2 class=\"wp-block-heading\"><strong>Unutmamak \u00f6nemli!<\/strong><\/h2>\n\n\n\n<p>Vir\u00fcsl\u00fc cihazlar\u0131 kullanmak, bilin\u00e7li olarak ald\u0131\u011f\u0131n\u0131z bir risktir. <em>Sharing SMS<\/em> Bu hizmet, SIM kartlar\u0131n\u0131n ve cihazlar\u0131n\u0131n de\u011fi\u015ftirilmesiyle ilgili kay\u0131plar\u0131 kar\u015f\u0131lamaz.<br><\/p>\n\n\n\n<p><strong>Faydal\u0131 malzemeler:<\/strong><\/p>\n\n\n\n<ul class=\"wp-block-list\">\n<li><a href=\"https:\/\/www.trendmicro.com\/en_us\/research\/23\/e\/lemon-group-cybercriminal-businesses-built-on-preinfected-devices.html\" target=\"_blank\" rel=\"noreferrer noopener nofollow\">Trend Micro: \u00d6nceden y\u00fcklenmi\u015f cihazlardaki Truva atlar\u0131<\/a><\/li>\n\n\n\n<li><a href=\"https:\/\/heimdalsecurity.com\/blog\/lemon-gang-pre-infects-9-million-android-devices-with-malware\/\" target=\"_blank\" rel=\"noreferrer noopener nofollow\">Heimdal Security: 9 milyon vir\u00fcs bula\u015fm\u0131\u015f cihaz<\/a><\/li>\n\n\n\n<li><a href=\"https:\/\/www.bleepingcomputer.com\/news\/security\/cybercrime-gang-pre-infects-millions-of-android-devices-with-malware\/\" target=\"_blank\" rel=\"noreferrer noopener nofollow\">BleepingComputer: Siber su\u00e7lular milyonlarca Android cihaz\u0131 enfekte etti<\/a><\/li>\n\n\n\n<li><a href=\"https:\/\/www.cybersecuritytribe.com\/news\/lemon-group-guerilla-malware-pre-infects-millions-of-android-devices\" target=\"_blank\" rel=\"noreferrer noopener nofollow\">CybersecurityTribe: Lemon Group milyonlarca ak\u0131ll\u0131 telefonu enfekte etti.<\/a><\/li>\n<\/ul>\n\n\n\n<p><\/p>","protected":false},"excerpt":{"rendered":"<p>Dear Partners, Recently, we have noticed an increase in the use of budget Chinese smartphones from unknown brands (so-called &#8220;no-names&#8221;) for working with Sharing SMS. Among them are Alps XS15, Alps S23 Pro, Alps P70 Pro Max, Alps 16 Pro, Soyes XS11, Lingbo G24 mini, and others. These devices often contain malicious code (such as [&hellip;]<\/p>\n","protected":false},"author":1,"featured_media":0,"parent":0,"menu_order":0,"comment_status":"closed","ping_status":"closed","template":"","meta":{"footnotes":""},"class_list":["post-968","page","type-page","status-publish","hentry"],"yoast_head":"<!-- This site is optimized with the Yoast SEO plugin v27.4 - https:\/\/yoast.com\/product\/yoast-seo-wordpress\/ -->\n<title>Stop Using Infected Phones! Protect Your SIM Rental Profits<\/title>\n<meta name=\"description\" content=\"&quot;Using budget &#039;no-name&#039; Android phones like Alps or Soyes can kill your SMS earnings. Learn about Triada\/Guerrilla malware, SMS interception, and how to protect your SIM cards.&quot;\" \/>\n<meta name=\"robots\" content=\"index, follow, max-snippet:-1, max-image-preview:large, max-video-preview:-1\" \/>\n<link rel=\"canonical\" href=\"https:\/\/sharingsms.com\/tr\/infected-smartphones-warning\/\" \/>\n<meta property=\"og:locale\" content=\"tr_TR\" \/>\n<meta property=\"og:type\" content=\"article\" \/>\n<meta property=\"og:title\" content=\"Stop Using Infected Phones! Protect Your SIM Rental Profits\" \/>\n<meta property=\"og:description\" content=\"&quot;Using budget &#039;no-name&#039; Android phones like Alps or Soyes can kill your SMS earnings. Learn about Triada\/Guerrilla malware, SMS interception, and how to protect your SIM cards.&quot;\" \/>\n<meta property=\"og:url\" content=\"https:\/\/sharingsms.com\/tr\/infected-smartphones-warning\/\" \/>\n<meta property=\"og:site_name\" content=\"SMS Sharing\" \/>\n<meta name=\"twitter:card\" content=\"summary_large_image\" \/>\n<meta name=\"twitter:label1\" content=\"Tahmini okuma s\u00fcresi\" \/>\n\t<meta name=\"twitter:data1\" content=\"3 dakika\" \/>\n<script type=\"application\/ld+json\" class=\"yoast-schema-graph\">{\"@context\":\"https:\\\/\\\/schema.org\",\"@graph\":[{\"@type\":\"WebPage\",\"@id\":\"https:\\\/\\\/sharingsms.com\\\/infected-smartphones-warning\\\/\",\"url\":\"https:\\\/\\\/sharingsms.com\\\/infected-smartphones-warning\\\/\",\"name\":\"Stop Using Infected Phones! Protect Your SIM Rental Profits\",\"isPartOf\":{\"@id\":\"https:\\\/\\\/sharingsms.com\\\/#website\"},\"datePublished\":\"2026-03-05T11:00:54+00:00\",\"description\":\"\\\"Using budget 'no-name' Android phones like Alps or Soyes can kill your SMS earnings. Learn about Triada\\\/Guerrilla malware, SMS interception, and how to protect your SIM cards.\\\"\",\"breadcrumb\":{\"@id\":\"https:\\\/\\\/sharingsms.com\\\/infected-smartphones-warning\\\/#breadcrumb\"},\"inLanguage\":\"tr\",\"potentialAction\":[{\"@type\":\"ReadAction\",\"target\":[\"https:\\\/\\\/sharingsms.com\\\/infected-smartphones-warning\\\/\"]}]},{\"@type\":\"BreadcrumbList\",\"@id\":\"https:\\\/\\\/sharingsms.com\\\/infected-smartphones-warning\\\/#breadcrumb\",\"itemListElement\":[{\"@type\":\"ListItem\",\"position\":1,\"name\":\"Home\",\"item\":\"https:\\\/\\\/sharingsms.com\\\/\"},{\"@type\":\"ListItem\",\"position\":2,\"name\":\"Security Warning: Malware in Budget &#8220;No-Name&#8221; Smartphones (Alps, Soyes, Lingbo)\"}]},{\"@type\":\"WebSite\",\"@id\":\"https:\\\/\\\/sharingsms.com\\\/#website\",\"url\":\"https:\\\/\\\/sharingsms.com\\\/\",\"name\":\"SMS Sharing\",\"description\":\"\",\"potentialAction\":[{\"@type\":\"SearchAction\",\"target\":{\"@type\":\"EntryPoint\",\"urlTemplate\":\"https:\\\/\\\/sharingsms.com\\\/?s={search_term_string}\"},\"query-input\":{\"@type\":\"PropertyValueSpecification\",\"valueRequired\":true,\"valueName\":\"search_term_string\"}}],\"inLanguage\":\"tr\"}]}<\/script>\n<!-- \/ Yoast SEO plugin. -->","yoast_head_json":{"title":"Vir\u00fcsl\u00fc Telefonlar\u0131 Kullanmay\u0131 B\u0131rak\u0131n! SIM Kiralama Gelirlerinizi Koruyun","description":"\"Alps veya Soyes gibi ucuz, markas\\u0131z Android telefonlar kullanmak SMS kazan\\u00e7lar\\u0131n\\u0131z\\u0131 mahvedebilir. Triada\\\/Guerrilla k\\u00f6t\\u00fc ama\\u00e7l\\u0131 yaz\\u0131l\\u0131m\\u0131, SMS engelleme ve SIM kartlar\\u0131n\\u0131z\\u0131 nas\\u0131l koruyaca\\u011f\\u0131n\\u0131z hakk\\u0131nda bilgi edinin.\"","robots":{"index":"index","follow":"follow","max-snippet":"max-snippet:-1","max-image-preview":"max-image-preview:large","max-video-preview":"max-video-preview:-1"},"canonical":"https:\/\/sharingsms.com\/tr\/infected-smartphones-warning\/","og_locale":"tr_TR","og_type":"article","og_title":"Stop Using Infected Phones! Protect Your SIM Rental Profits","og_description":"\"Using budget 'no-name' Android phones like Alps or Soyes can kill your SMS earnings. Learn about Triada\/Guerrilla malware, SMS interception, and how to protect your SIM cards.\"","og_url":"https:\/\/sharingsms.com\/tr\/infected-smartphones-warning\/","og_site_name":"SMS Sharing","twitter_card":"summary_large_image","twitter_misc":{"Tahmini okuma s\u00fcresi":"3 dakika"},"schema":{"@context":"https:\/\/schema.org","@graph":[{"@type":"WebPage","@id":"https:\/\/sharingsms.com\/infected-smartphones-warning\/","url":"https:\/\/sharingsms.com\/infected-smartphones-warning\/","name":"Vir\u00fcsl\u00fc Telefonlar\u0131 Kullanmay\u0131 B\u0131rak\u0131n! SIM Kiralama Gelirlerinizi Koruyun","isPartOf":{"@id":"https:\/\/sharingsms.com\/#website"},"datePublished":"2026-03-05T11:00:54+00:00","description":"\"Alps veya Soyes gibi ucuz, markas\\u0131z Android telefonlar kullanmak SMS kazan\\u00e7lar\\u0131n\\u0131z\\u0131 mahvedebilir. Triada\\\/Guerrilla k\\u00f6t\\u00fc ama\\u00e7l\\u0131 yaz\\u0131l\\u0131m\\u0131, SMS engelleme ve SIM kartlar\\u0131n\\u0131z\\u0131 nas\\u0131l koruyaca\\u011f\\u0131n\\u0131z hakk\\u0131nda bilgi edinin.\"","breadcrumb":{"@id":"https:\/\/sharingsms.com\/infected-smartphones-warning\/#breadcrumb"},"inLanguage":"tr","potentialAction":[{"@type":"ReadAction","target":["https:\/\/sharingsms.com\/infected-smartphones-warning\/"]}]},{"@type":"BreadcrumbList","@id":"https:\/\/sharingsms.com\/infected-smartphones-warning\/#breadcrumb","itemListElement":[{"@type":"ListItem","position":1,"name":"Home","item":"https:\/\/sharingsms.com\/"},{"@type":"ListItem","position":2,"name":"Security Warning: Malware in Budget &#8220;No-Name&#8221; Smartphones (Alps, Soyes, Lingbo)"}]},{"@type":"WebSite","@id":"https:\/\/sharingsms.com\/#website","url":"https:\/\/sharingsms.com\/","name":"SMS Payla\u015f\u0131m\u0131","description":"","potentialAction":[{"@type":"SearchAction","target":{"@type":"EntryPoint","urlTemplate":"https:\/\/sharingsms.com\/?s={search_term_string}"},"query-input":{"@type":"PropertyValueSpecification","valueRequired":true,"valueName":"search_term_string"}}],"inLanguage":"tr"}]}},"_links":{"self":[{"href":"https:\/\/sharingsms.com\/tr\/wp-json\/wp\/v2\/pages\/968","targetHints":{"allow":["GET"]}}],"collection":[{"href":"https:\/\/sharingsms.com\/tr\/wp-json\/wp\/v2\/pages"}],"about":[{"href":"https:\/\/sharingsms.com\/tr\/wp-json\/wp\/v2\/types\/page"}],"author":[{"embeddable":true,"href":"https:\/\/sharingsms.com\/tr\/wp-json\/wp\/v2\/users\/1"}],"replies":[{"embeddable":true,"href":"https:\/\/sharingsms.com\/tr\/wp-json\/wp\/v2\/comments?post=968"}],"version-history":[{"count":1,"href":"https:\/\/sharingsms.com\/tr\/wp-json\/wp\/v2\/pages\/968\/revisions"}],"predecessor-version":[{"id":969,"href":"https:\/\/sharingsms.com\/tr\/wp-json\/wp\/v2\/pages\/968\/revisions\/969"}],"wp:attachment":[{"href":"https:\/\/sharingsms.com\/tr\/wp-json\/wp\/v2\/media?parent=968"}],"curies":[{"name":"wp","href":"https:\/\/api.w.org\/{rel}","templated":true}]}}