{"id":671,"date":"2023-09-13T10:53:26","date_gmt":"2023-09-13T10:53:26","guid":{"rendered":"https:\/\/sharingsms.com\/?page_id=671"},"modified":"2025-04-15T11:38:05","modified_gmt":"2025-04-15T11:38:05","slug":"how-to-start","status":"publish","type":"page","link":"https:\/\/sharingsms.com\/vi\/how-to-start\/","title":{"rendered":"C\u00e1ch thi\u1ebft l\u1eadp Sharing SMS: h\u01b0\u1edbng d\u1eabn t\u1eebng b\u01b0\u1edbc"},"content":{"rendered":"<ol class=\"wp-block-list\">\n<li>Mua th\u1ebb SIM c\u1ee7a c\u00e1c nh\u00e0 m\u1ea1ng di \u0111\u1ed9ng \u0111\u1ecba ph\u01b0\u01a1ng c\u00f3 g\u00f3i d\u1ecbch v\u1ee5 tr\u1ea3 tr\u01b0\u1edbc t\u1ed1i thi\u1ec3u.<\/li>\n\n\n\n<li>L\u1eafp th\u1ebb SIM v\u00e0o thi\u1ebft b\u1ecb Android ch\u1ea1y phi\u00ean b\u1ea3n Android 6 tr\u1edf l\u00ean. Ki\u1ec3m tra \u0111\u0103ng k\u00fd m\u1ea1ng.<\/li>\n\n\n\n<li>T\u1ea1o m\u1ed9t t\u00e0i kho\u1ea3n \u0111\u1ed1i t\u00e1c trong <a href=\"https:\/\/sharesms-weboffice.betasms.net\/#\/register\">t\u1ee7 c\u00e1 nh\u00e2n c\u1ee7a trang web<\/a>.<\/li>\n\n\n\n<li>T\u1ea3i \u1ee9ng d\u1ee5ng (t\u1ec7p APK) t\u1eeb li\u00ean k\u1ebft trong t\u1ee7 c\u00e1 nh\u00e2n.<\/li>\n\n\n\n<li>C\u00e0i \u0111\u1eb7t \u1ee9ng d\u1ee5ng Sharing SMS tr\u00ean thi\u1ebft b\u1ecb c\u1ee7a b\u1ea1n v\u00e0 \u0111\u1ea3m b\u1ea3o cung c\u1ea5p t\u1ea5t c\u1ea3 c\u00e1c quy\u1ec1n c\u1ea7n thi\u1ebft* \u0111\u1ec3 \u1ee9ng d\u1ee5ng ho\u1ea1t \u0111\u1ed9ng ch\u00ednh x\u00e1c.<\/li>\n\n\n\n<li>Khi kh\u1edfi ch\u1ea1y, b\u1ea1n s\u1ebd \u0111\u01b0\u1ee3c nh\u1eafc \u0111\u1eb7t Sharing SMS l\u00e0m \u1ee9ng d\u1ee5ng chia s\u1ebb SMS m\u1eb7c \u0111\u1ecbnh. \u0110\u1ed1i v\u1edbi c\u00e1c phi\u00ean b\u1ea3n Android c\u0169 h\u01a1n, \u0111i\u1ec1u n\u00e0y l\u00e0 b\u1eaft bu\u1ed9c \u0111\u1ec3 nh\u1eadn SMS. Do \u0111\u00f3, b\u1ea1n n\u00ean l\u00e0m nh\u01b0 v\u1eady. B\u1ea1n c\u0169ng c\u00f3 th\u1ec3 l\u00e0m nh\u01b0 v\u1eady trong c\u00e0i \u0111\u1eb7t \u1ee9ng d\u1ee5ng.<\/li>\n\n\n\n<li>Th\u00eam th\u1ebb SIM ho\u00e0n to\u00e0n m\u1edbi, ch\u01b0a s\u1eed d\u1ee5ng tr\u01b0\u1edbc \u0111\u00f3 v\u00e0o \u1ee9ng d\u1ee5ng b\u1eb1ng c\u00e1ch nh\u1ea5p v\u00e0o n\u00fat (+). X\u00e1c minh s\u1ed1 \u0111\u01b0\u1ee3c th\u1ef1c hi\u1ec7n t\u1ef1 \u0111\u1ed9ng, kh\u00f4ng c\u1ea7n nh\u1eadp m\u00e3 t\u1eeb SMS.<\/li>\n<\/ol>\n\n\n<div class=\"wp-block-image\">\n<figure class=\"aligncenter is-resized\"><img loading=\"lazy\" decoding=\"async\" width=\"702\" height=\"1600\" src=\"https:\/\/sharingsms.com\/wp-content\/uploads\/2023\/09\/image.png\" alt=\"\" class=\"wp-image-677\" style=\"object-fit:contain;width:400px;height:700px\" srcset=\"https:\/\/sharingsms.com\/wp-content\/uploads\/2023\/09\/image.png 702w, https:\/\/sharingsms.com\/wp-content\/uploads\/2023\/09\/image-132x300.png 132w, https:\/\/sharingsms.com\/wp-content\/uploads\/2023\/09\/image-449x1024.png 449w, https:\/\/sharingsms.com\/wp-content\/uploads\/2023\/09\/image-674x1536.png 674w, https:\/\/sharingsms.com\/wp-content\/uploads\/2023\/09\/image-5x12.png 5w\" sizes=\"auto, (max-width: 702px) 100vw, 702px\" \/><\/figure>\n<\/div>\n\n\n<p><em><strong>C\u00e1c s\u1ed1 \u0111\u01b0\u1ee3c th\u00eam v\u00e0o c\u00f3 th\u1ec3 c\u00f3 c\u00e1c tr\u1ea1ng th\u00e1i sau: Ho\u1ea1t \u0111\u1ed9ng ho\u1eb7c Kh\u00f4ng ho\u1ea1t \u0111\u1ed9ng.<\/strong><\/em><\/p>\n\n\n\n<p><strong>Kh\u00f4ng ho\u1ea1t \u0111\u1ed9ng<\/strong> tr\u1ea1ng th\u00e1i c\u00f3 ngh\u0129a l\u00e0 s\u1ed1 \u0111\u00f3 ch\u01b0a c\u00f3 s\u1eb5n \u0111\u1ec3 cho thu\u00ea.<br><strong>T\u00edch c\u1ef1c<\/strong> Tr\u1ea1ng th\u00e1i c\u00f3 ngh\u0129a l\u00e0 s\u1ed1 \u0111\u00f3 \u0111\u00e3 \u0111\u01b0\u1ee3c cho thu\u00ea v\u00e0 \u0111ang \u0111\u01b0\u1ee3c t\u00ednh ph\u00ed.<\/p>\n\n\n\n<p><strong>Xin l\u01b0u \u00fd! <\/strong>Sau khi th\u00eam s\u1ed1, ch\u1ebf \u0111\u1ed9 \u201c\u0110\u00e1nh gi\u00e1 \u0111\u1ed9 \u1ed5n \u0111\u1ecbnh c\u1ee7a s\u1ed1\u201d \u0111\u01b0\u1ee3c k\u00edch ho\u1ea1t \u2013 n\u1ec1n t\u1ea3ng s\u1ebd theo d\u00f5i \u0111\u1ed9 \u1ed5n \u0111\u1ecbnh c\u1ee7a s\u1ed1 c\u1ee7a b\u1ea1n trong m\u1ed9t kho\u1ea3ng th\u1eddi gian nh\u1ea5t \u0111\u1ecbnh, th\u01b0\u1eddng l\u00e0 m\u01b0\u1eddi ng\u00e0y. N\u1ebfu kh\u00f4ng c\u00f3 v\u1ea5n \u0111\u1ec1 g\u00ec v\u1ec1 t\u00ednh kh\u1ea3 d\u1ee5ng trong kho\u1ea3ng th\u1eddi gian n\u00e0y, s\u1ed1 c\u1ee7a b\u1ea1n s\u1ebd c\u00f3 th\u1ec3 cho thu\u00ea. Khi s\u1ed1 c\u1ee7a b\u1ea1n c\u00f3 th\u1ec3 cho thu\u00ea, b\u1ea1n c\u00f3 th\u1ec3 b\u1eaft \u0111\u1ea7u ki\u1ebfm ti\u1ec1n.<\/p>\n\n\n\n<ol start=\"8\" class=\"wp-block-list\">\n<li>T\u1eaft ch\u1ebf \u0111\u1ed9 ti\u1ebft ki\u1ec7m \u0111i\u1ec7n ho\u1eb7c t\u1ed1i \u01b0u h\u00f3a pin tr\u00ean thi\u1ebft b\u1ecb c\u1ee7a b\u1ea1n (nh\u1edd ch\u1ebf \u0111\u1ed9 n\u00e0y, Android c\u00f3 th\u1ec3 h\u1ea1n ch\u1ebf ho\u1ea1t \u0111\u1ed9ng c\u1ee7a \u1ee9ng d\u1ee5ng \u1edf ch\u1ebf \u0111\u1ed9 n\u1ec1n ho\u1eb7c x\u00f3a ho\u00e0n to\u00e0n \u1ee9ng d\u1ee5ng kh\u1ecfi b\u1ed9 nh\u1edb \u0111i\u1ec7n tho\u1ea1i).<\/li>\n<\/ol>\n\n\n\n<p>\u0110\u1ec3 th\u1ef1c hi\u1ec7n vi\u1ec7c n\u00e0y, trong c\u00e0i \u0111\u1eb7t Sharing SMS, h\u00e3y nh\u1ea5p v\u00e0o <strong>B\u1ece QUA T\u1ed0I \u01afU H\u00d3A PIN<\/strong> v\u00e0 cho ph\u00e9p t\u1eaft t\u00ednh n\u0103ng t\u1ed1i \u01b0u h\u00f3a pin cho \u1ee9ng d\u1ee5ng.<\/p>\n\n\n<div class=\"wp-block-image\">\n<figure class=\"aligncenter is-resized\"><img loading=\"lazy\" decoding=\"async\" width=\"702\" height=\"1600\" src=\"https:\/\/sharingsms.com\/wp-content\/uploads\/2023\/09\/image-6.png\" alt=\"\" class=\"wp-image-683\" style=\"object-fit:cover;width:400px;height:700px\" srcset=\"https:\/\/sharingsms.com\/wp-content\/uploads\/2023\/09\/image-6.png 702w, https:\/\/sharingsms.com\/wp-content\/uploads\/2023\/09\/image-6-132x300.png 132w, https:\/\/sharingsms.com\/wp-content\/uploads\/2023\/09\/image-6-449x1024.png 449w, https:\/\/sharingsms.com\/wp-content\/uploads\/2023\/09\/image-6-674x1536.png 674w, https:\/\/sharingsms.com\/wp-content\/uploads\/2023\/09\/image-6-5x12.png 5w\" sizes=\"auto, (max-width: 702px) 100vw, 702px\" \/><\/figure>\n<\/div>\n\n\n<p>Ti\u1ebfp theo, trong c\u00e0i \u0111\u1eb7t \u1ee9ng d\u1ee5ng, ch\u1ea1m v\u00e0o M\u1ede C\u00c0I \u0110\u1eb6T \u1ee8NG D\u1ee4NG &gt; tr\u00ean m\u00e0n h\u00ecnh Gi\u1edbi thi\u1ec7u, t\u00ecm ki\u1ebfm Ki\u1ec3m so\u00e1t ho\u1ea1t \u0111\u1ed9ng, S\u1eed d\u1ee5ng pin ho\u1eb7c Pin. B\u1ecf h\u1ea1n ch\u1ebf \u1ee9ng d\u1ee5ng ch\u1ea1y trong n\u1ec1n v\u00e0 kh\u00f4ng cho ph\u00e9p kh\u1edfi ch\u1ea1y \u0111\u1ec3 ti\u1ebft ki\u1ec7m pin.<\/p>\n\n\n\n<p>9. Trong s\u1ed1 c\u00e1c h\u00e0nh \u0111\u1ed9ng b\u1ed5 sung gi\u00fap t\u0103ng t\u00ednh \u1ed5n \u0111\u1ecbnh c\u1ee7a \u1ee9ng d\u1ee5ng, b\u1ea1n c\u0169ng c\u00f3 th\u1ec3 s\u1eeda\/kh\u00f3a \u1ee9ng d\u1ee5ng trong RAM.<br>\u0110\u1ec3 th\u1ef1c hi\u1ec7n vi\u1ec7c n\u00e0y, h\u00e3y g\u1ecdi c\u00e1c \u1ee9ng d\u1ee5ng g\u1ea7n \u0111\u00e2y b\u1eb1ng n\u00fat menu ph\u1ea7n c\u1ee9ng. Gi\u1eef ng\u00f3n tay c\u1ee7a b\u1ea1n tr\u00ean c\u1eeda s\u1ed5 \u1ee9ng d\u1ee5ng cho \u0111\u1ebfn khi c\u00e1c n\u00fat \u0111\u01b0\u1ee3c hi\u1ec3n th\u1ecb &gt; nh\u1ea5n n\u00fat kh\u00f3a.<\/p>\n\n\n\n<p>10. \u0110\u1ea3m b\u1ea3o trong c\u00e0i \u0111\u1eb7t Android r\u1eb1ng ch\u1ebf \u0111\u1ed9 ti\u1ebft ki\u1ec7m n\u0103ng l\u01b0\u1ee3ng\/ti\u1ebft ki\u1ec7m n\u0103ng l\u01b0\u1ee3ng \u0111\u00e3 t\u1eaft. V\u00e0 t\u1ed1i \u01b0u h\u00f3a pin \u0111\u00e3 b\u1ecb v\u00f4 hi\u1ec7u h\u00f3a \u0111\u1ed1i v\u1edbi Sharing SMS. B\u1ea1n c\u00f3 th\u1ec3 s\u1eed d\u1ee5ng t\u00ecm ki\u1ebfm c\u00e0i \u0111\u1eb7t \u0111i\u1ec7n tho\u1ea1i hi\u1ec7n c\u00f3 \u0111\u1ec3 truy c\u1eadp nhanh v\u00e0o c\u00e1c c\u00e0i \u0111\u1eb7t n\u00e0y.<\/p>\n\n\n\n<p>11. Ki\u1ec3m tra trong c\u00e0i \u0111\u1eb7t thi\u1ebft b\u1ecb c\u1ee7a b\u1ea1n \u0111\u1ec3 \u0111\u1ea3m b\u1ea3o k\u1ebft n\u1ed1i m\u1ea1ng (Wi-Fi ho\u1eb7c d\u1eef li\u1ec7u di \u0111\u1ed9ng) kh\u00f4ng b\u1ecb t\u1eaft \u1edf ch\u1ebf \u0111\u1ed9 ng\u1ee7 khi m\u00e0n h\u00ecnh t\u1eaft.<\/p>\n\n\n\n<p>T\u00f9y thu\u1ed9c v\u00e0o h\u1ec7 \u0111i\u1ec1u h\u00e0nh c\u1ee7a thi\u1ebft b\u1ecb, h\u00e0nh \u0111\u1ed9ng n\u00e0y c\u00f3 th\u1ec3 kh\u00e1c nhau, v\u00ed d\u1ee5:<br><\/p>\n\n\n\n<ul class=\"wp-block-list\">\n<li><strong>Xiaomi<\/strong> \u2013 m\u1edf B\u1ea3o m\u1eadt &gt; C\u00e0i \u0111\u1eb7t (h\u00ecnh b\u00e1nh r\u0103ng \u1edf g\u00f3c tr\u00ean c\u00f9ng) &gt; T\u0103ng t\u1ed1c &gt; \u1ee8ng d\u1ee5ng \u0111\u00e3 ghim &gt; ch\u1ecdn t\u1eeb danh s\u00e1ch.<\/li>\n\n\n\n<li><strong>Hoa Vi<\/strong> \u2013 m\u1edf c\u00e1c \u1ee9ng d\u1ee5ng \u0111ang ch\u1ea1y &gt; vu\u1ed1t xu\u1ed1ng tr\u00ean c\u1eeda s\u1ed5 \u1ee9ng d\u1ee5ng.<\/li>\n\n\n\n<li><strong>Oppo, Realme, OnePlus<\/strong> \u2013 g\u1ecdi \u1ee9ng d\u1ee5ng \u0111ang ch\u1ea1y &gt; menu ph\u00eda tr\u00ean c\u1eeda s\u1ed5 \u1ee9ng d\u1ee5ng &gt; Kh\u00f3a.<\/li>\n<\/ul>\n\n\n\n<p>12. Th\u00eam \u0111\u1ecba ch\u1ec9 email c\u1ee7a b\u1ea1n v\u00e0o h\u1ed3 s\u01a1 t\u00e0i kho\u1ea3n trong t\u1ee7 c\u00e1 nh\u00e2n c\u1ee7a b\u1ea1n. Ch\u00fang t\u00f4i th\u1ef1c s\u1ef1 khuy\u00ean b\u1ea1n n\u00ean l\u00e0m \u0111i\u1ec1u n\u00e0y. Email l\u00e0 c\u1ea7n thi\u1ebft \u0111\u1ec3 ch\u00fang t\u00f4i c\u00f3 th\u1ec3 th\u00f4ng b\u00e1o cho b\u1ea1n v\u1ec1 nh\u1eefng thay \u0111\u1ed5i trong tr\u1ea1ng th\u00e1i c\u1ee7a s\u1ed1 th\u1ebb SIM, v\u1ec1 c\u00e1i g\u1ecdi l\u00e0 s\u1ef1 c\u1ed1 khi \u1ee9ng d\u1ee5ng kh\u00f4ng li\u00ean l\u1ea1c \u0111\u01b0\u1ee3c v\u1edbi m\u00e1y ch\u1ee7 ho\u1eb7c s\u1ed1 kh\u00f4ng kh\u1ea3 d\u1ee5ng.<\/p>\n\n\n\n<p>13. Th\u00eam \u0111\u1ecba ch\u1ec9 v\u00ed USDT\/USDC v\u00e0o h\u1ed3 s\u01a1 c\u00e1 nh\u00e2n c\u1ee7a b\u1ea1n \u0111\u1ec3 thanh to\u00e1n b\u1eb1ng ti\u1ec1n m\u1eb7t.<\/p>\n\n\n\n<ul class=\"wp-block-list\">\n<li>Quy\u1ec1n y\u00eau c\u1ea7u<\/li>\n<\/ul>\n\n\n\n<p>Quan tr\u1ecdng: \u0111\u1ec3 c\u00e0i \u0111\u1eb7t \u1ee9ng d\u1ee5ng, b\u1ea1n c\u1ea7n cho ph\u00e9p c\u00e0i \u0111\u1eb7t \u1ee9ng d\u1ee5ng t\u1eeb \u201cngu\u1ed3n kh\u00f4ng x\u00e1c \u0111\u1ecbnh\u201d trong c\u00e0i \u0111\u1eb7t Android.<\/p>\n\n\n\n<p><em>M\u00f4 t\u1ea3 chi ti\u1ebft v\u1ec1 c\u00e1c gi\u1ea5y ph\u00e9p:<\/em><\/p>\n\n\n\n<ul class=\"wp-block-list\">\n<li>\u0110i\u1ec7n tho\u1ea1i \u2013 th\u1ef1c hi\u1ec7n v\u00e0 qu\u1ea3n l\u00fd cu\u1ed9c g\u1ecdi: \u0111\u1ec3 bi\u1ebft tr\u1ea1ng th\u00e1i \u0111i\u1ec7n tho\u1ea1i, tr\u1ea1ng th\u00e1i ho\u1ea1t \u0111\u1ed9ng<\/li>\n\n\n\n<li>V\u1ecb tr\u00ed \u2013 truy c\u1eadp d\u1eef li\u1ec7u v\u1ecb tr\u00ed thi\u1ebft b\u1ecb: \u0111\u1ec3 l\u1ea5y th\u00f4ng tin t\u1eeb c\u00e1c th\u00e1p di \u0111\u1ed9ng v\u00e0 \u0111i\u1ec3m truy c\u1eadp<\/li>\n\n\n\n<li>SMS \u2013 g\u1eedi v\u00e0 xem tin nh\u1eafn SMS: \u0111\u1ec3 c\u00f3 th\u1ec3 x\u00e1c nh\u1eadn s\u1ed1 v\u00e0 chuy\u1ec3n ti\u1ebfp SMS<\/li>\n\n\n\n<li>Th\u00f4ng b\u00e1o: \u0111\u1ec3 hi\u1ec3n th\u1ecb th\u00f4ng b\u00e1o tr\u00ean thanh th\u00f4ng b\u00e1o v\u1edbi tr\u1ea1ng th\u00e1i c\u1ee7a s\u1ed1 th\u1ebb SIM<\/li>\n<\/ul>\n\n\n\n<h2 class=\"wp-block-heading\"><strong>\u1ea2nh ch\u1ee5p m\u00e0n h\u00ecnh<\/strong><\/h2>\n\n\n<div class=\"wp-block-image\">\n<figure class=\"aligncenter is-resized\"><img loading=\"lazy\" decoding=\"async\" width=\"702\" height=\"1600\" src=\"https:\/\/sharingsms.com\/wp-content\/uploads\/2023\/09\/image-3.png\" alt=\"\" class=\"wp-image-680\" style=\"object-fit:cover;width:400px;height:700px\" srcset=\"https:\/\/sharingsms.com\/wp-content\/uploads\/2023\/09\/image-3.png 702w, https:\/\/sharingsms.com\/wp-content\/uploads\/2023\/09\/image-3-132x300.png 132w, https:\/\/sharingsms.com\/wp-content\/uploads\/2023\/09\/image-3-449x1024.png 449w, https:\/\/sharingsms.com\/wp-content\/uploads\/2023\/09\/image-3-674x1536.png 674w, https:\/\/sharingsms.com\/wp-content\/uploads\/2023\/09\/image-3-5x12.png 5w\" sizes=\"auto, (max-width: 702px) 100vw, 702px\" \/><\/figure>\n<\/div>\n\n\n<p>S\u1ed1 th\u1ebb SIM l\u00e0 th\u1ebb \u0111\u00e3 \u0111\u01b0\u1ee3c thu\u00ea, c\u00f3 tr\u1ea1ng th\u00e1i Ho\u1ea1t \u0111\u1ed9ng v\u00e0 c\u00f3 k\u1ebft n\u1ed1i \u1ed5n \u0111\u1ecbnh t\u1edbi m\u00e1y ch\u1ee7.<\/p>\n\n\n<div class=\"wp-block-image\">\n<figure class=\"aligncenter is-resized\"><img loading=\"lazy\" decoding=\"async\" width=\"702\" height=\"1600\" src=\"https:\/\/sharingsms.com\/wp-content\/uploads\/2023\/09\/image-4.png\" alt=\"\" class=\"wp-image-681\" style=\"object-fit:cover;width:400px;height:700px\" srcset=\"https:\/\/sharingsms.com\/wp-content\/uploads\/2023\/09\/image-4.png 702w, https:\/\/sharingsms.com\/wp-content\/uploads\/2023\/09\/image-4-132x300.png 132w, https:\/\/sharingsms.com\/wp-content\/uploads\/2023\/09\/image-4-449x1024.png 449w, https:\/\/sharingsms.com\/wp-content\/uploads\/2023\/09\/image-4-674x1536.png 674w, https:\/\/sharingsms.com\/wp-content\/uploads\/2023\/09\/image-4-5x12.png 5w\" sizes=\"auto, (max-width: 702px) 100vw, 702px\" \/><\/figure>\n<\/div>\n\n\n<p>Th\u00f4ng tin chi ti\u1ebft v\u1ec1 s\u1ed1 SIM m\u00e0 \u1ee9ng d\u1ee5ng trao \u0111\u1ed5i v\u1edbi m\u00e1y ch\u1ee7.<\/p>\n\n\n<div class=\"wp-block-image\">\n<figure class=\"aligncenter is-resized\"><img loading=\"lazy\" decoding=\"async\" width=\"702\" height=\"1600\" src=\"https:\/\/sharingsms.com\/wp-content\/uploads\/2023\/09\/image-1.png\" alt=\"\" class=\"wp-image-678\" style=\"object-fit:cover;width:400px;height:700px\" srcset=\"https:\/\/sharingsms.com\/wp-content\/uploads\/2023\/09\/image-1.png 702w, https:\/\/sharingsms.com\/wp-content\/uploads\/2023\/09\/image-1-132x300.png 132w, https:\/\/sharingsms.com\/wp-content\/uploads\/2023\/09\/image-1-449x1024.png 449w, https:\/\/sharingsms.com\/wp-content\/uploads\/2023\/09\/image-1-674x1536.png 674w, https:\/\/sharingsms.com\/wp-content\/uploads\/2023\/09\/image-1-5x12.png 5w\" sizes=\"auto, (max-width: 702px) 100vw, 702px\" \/><\/figure>\n<\/div>\n\n\n<p>Trong tr\u01b0\u1eddng h\u1ee3p x\u1ea3y ra b\u1ea5t k\u1ef3 s\u1ef1 c\u1ed1 n\u00e0o v\u1ec1 k\u1ebft n\u1ed1i v\u1edbi m\u00e1y ch\u1ee7 ho\u1eb7c kh\u00f4ng c\u00f3 th\u1ebb SIM, c\u00e1c con s\u1ed1 s\u1ebd hi\u1ec3n th\u1ecb tr\u1ea1ng th\u00e1i Kh\u00f4ng th\u00e0nh c\u00f4ng.<\/p>\n\n\n\n<figure class=\"wp-block-image\"><img loading=\"lazy\" decoding=\"async\" width=\"1080\" height=\"494\" src=\"https:\/\/sharingsms.com\/wp-content\/uploads\/2023\/09\/image-2.png\" alt=\"\" class=\"wp-image-679\" srcset=\"https:\/\/sharingsms.com\/wp-content\/uploads\/2023\/09\/image-2.png 1080w, https:\/\/sharingsms.com\/wp-content\/uploads\/2023\/09\/image-2-300x137.png 300w, https:\/\/sharingsms.com\/wp-content\/uploads\/2023\/09\/image-2-1024x468.png 1024w, https:\/\/sharingsms.com\/wp-content\/uploads\/2023\/09\/image-2-768x351.png 768w, https:\/\/sharingsms.com\/wp-content\/uploads\/2023\/09\/image-2-18x8.png 18w\" sizes=\"auto, (max-width: 1080px) 100vw, 1080px\" \/><\/figure>\n\n\n\n<p>B\u1ea3ng th\u00f4ng b\u00e1o (trong m\u00e0n h\u00ecnh) ch\u1ee9a th\u00f4ng b\u00e1o t\u1eeb \u1ee9ng d\u1ee5ng, trong \u0111\u00f3 hi\u1ec3n th\u1ecb tr\u1ea1ng th\u00e1i c\u1ee7a c\u00e1c con s\u1ed1.<\/p>\n\n\n\n<figure class=\"wp-block-image\"><img loading=\"lazy\" decoding=\"async\" width=\"1600\" height=\"1055\" src=\"https:\/\/sharingsms.com\/wp-content\/uploads\/2023\/09\/image-5.png\" alt=\"\" class=\"wp-image-682\" style=\"object-fit:cover\" srcset=\"https:\/\/sharingsms.com\/wp-content\/uploads\/2023\/09\/image-5.png 1600w, https:\/\/sharingsms.com\/wp-content\/uploads\/2023\/09\/image-5-300x198.png 300w, https:\/\/sharingsms.com\/wp-content\/uploads\/2023\/09\/image-5-1024x675.png 1024w, https:\/\/sharingsms.com\/wp-content\/uploads\/2023\/09\/image-5-768x506.png 768w, https:\/\/sharingsms.com\/wp-content\/uploads\/2023\/09\/image-5-1536x1013.png 1536w, https:\/\/sharingsms.com\/wp-content\/uploads\/2023\/09\/image-5-18x12.png 18w\" sizes=\"auto, (max-width: 1600px) 100vw, 1600px\" \/><\/figure>\n\n\n\n<p>T\u00e0i kho\u1ea3n \u0111\u1ed1i t\u00e1c.<\/p>","protected":false},"excerpt":{"rendered":"<p>The added numbers can have the following statuses: Active or Inactive. Inactive status means that the number is not yet available for rent.Active status means that the number has been rented and charges are being made. Please note! After adding a number, the \u201cNumber Stability Assessment\u201d mode is activated &#8211; the platform monitors the stability [&hellip;]<\/p>\n","protected":false},"author":1,"featured_media":0,"parent":0,"menu_order":0,"comment_status":"closed","ping_status":"closed","template":"","meta":{"footnotes":""},"class_list":["post-671","page","type-page","status-publish","hentry"],"yoast_head":"<!-- This site is optimized with the Yoast SEO plugin v27.5 - https:\/\/yoast.com\/product\/yoast-seo-wordpress\/ -->\n<title>How to set up Sharing SMS: step-by-step instructions - SMS Sharing<\/title>\n<meta name=\"robots\" content=\"index, follow, max-snippet:-1, max-image-preview:large, max-video-preview:-1\" \/>\n<link rel=\"canonical\" href=\"https:\/\/sharingsms.com\/vi\/how-to-start\/\" \/>\n<meta property=\"og:locale\" content=\"vi_VN\" \/>\n<meta property=\"og:type\" content=\"article\" \/>\n<meta property=\"og:title\" content=\"How to set up Sharing SMS: step-by-step instructions - SMS Sharing\" \/>\n<meta property=\"og:description\" content=\"The added numbers can have the following statuses: Active or Inactive. Inactive status means that the number is not yet available for rent.Active status means that the number has been rented and charges are being made. Please note! After adding a number, the \u201cNumber Stability Assessment\u201d mode is activated &#8211; the platform monitors the stability [&hellip;]\" \/>\n<meta property=\"og:url\" content=\"https:\/\/sharingsms.com\/vi\/how-to-start\/\" \/>\n<meta property=\"og:site_name\" content=\"SMS Sharing\" \/>\n<meta property=\"article:modified_time\" content=\"2025-04-15T11:38:05+00:00\" \/>\n<meta property=\"og:image\" content=\"https:\/\/sharingsms.com\/wp-content\/uploads\/2023\/09\/image.png\" \/>\n\t<meta property=\"og:image:width\" content=\"702\" \/>\n\t<meta property=\"og:image:height\" content=\"1600\" \/>\n\t<meta property=\"og:image:type\" content=\"image\/png\" \/>\n<meta name=\"twitter:card\" content=\"summary_large_image\" \/>\n<meta name=\"twitter:label1\" content=\"\u01af\u1edbc t\u00ednh th\u1eddi gian \u0111\u1ecdc\" \/>\n\t<meta name=\"twitter:data1\" content=\"5 ph\u00fat\" \/>\n<script type=\"application\/ld+json\" class=\"yoast-schema-graph\">{\"@context\":\"https:\\\/\\\/schema.org\",\"@graph\":[{\"@type\":\"WebPage\",\"@id\":\"https:\\\/\\\/sharingsms.com\\\/how-to-start\\\/\",\"url\":\"https:\\\/\\\/sharingsms.com\\\/how-to-start\\\/\",\"name\":\"How to set up Sharing SMS: step-by-step instructions - SMS Sharing\",\"isPartOf\":{\"@id\":\"https:\\\/\\\/sharingsms.com\\\/#website\"},\"primaryImageOfPage\":{\"@id\":\"https:\\\/\\\/sharingsms.com\\\/how-to-start\\\/#primaryimage\"},\"image\":{\"@id\":\"https:\\\/\\\/sharingsms.com\\\/how-to-start\\\/#primaryimage\"},\"thumbnailUrl\":\"https:\\\/\\\/sharingsms.com\\\/wp-content\\\/uploads\\\/2023\\\/09\\\/image.png\",\"datePublished\":\"2023-09-13T10:53:26+00:00\",\"dateModified\":\"2025-04-15T11:38:05+00:00\",\"breadcrumb\":{\"@id\":\"https:\\\/\\\/sharingsms.com\\\/how-to-start\\\/#breadcrumb\"},\"inLanguage\":\"vi\",\"potentialAction\":[{\"@type\":\"ReadAction\",\"target\":[\"https:\\\/\\\/sharingsms.com\\\/how-to-start\\\/\"]}]},{\"@type\":\"ImageObject\",\"inLanguage\":\"vi\",\"@id\":\"https:\\\/\\\/sharingsms.com\\\/how-to-start\\\/#primaryimage\",\"url\":\"https:\\\/\\\/sharingsms.com\\\/wp-content\\\/uploads\\\/2023\\\/09\\\/image.png\",\"contentUrl\":\"https:\\\/\\\/sharingsms.com\\\/wp-content\\\/uploads\\\/2023\\\/09\\\/image.png\"},{\"@type\":\"BreadcrumbList\",\"@id\":\"https:\\\/\\\/sharingsms.com\\\/how-to-start\\\/#breadcrumb\",\"itemListElement\":[{\"@type\":\"ListItem\",\"position\":1,\"name\":\"Home\",\"item\":\"https:\\\/\\\/sharingsms.com\\\/\"},{\"@type\":\"ListItem\",\"position\":2,\"name\":\"How to set up Sharing SMS: step-by-step instructions\"}]},{\"@type\":\"WebSite\",\"@id\":\"https:\\\/\\\/sharingsms.com\\\/#website\",\"url\":\"https:\\\/\\\/sharingsms.com\\\/\",\"name\":\"SMS Sharing\",\"description\":\"\",\"potentialAction\":[{\"@type\":\"SearchAction\",\"target\":{\"@type\":\"EntryPoint\",\"urlTemplate\":\"https:\\\/\\\/sharingsms.com\\\/?s={search_term_string}\"},\"query-input\":{\"@type\":\"PropertyValueSpecification\",\"valueRequired\":true,\"valueName\":\"search_term_string\"}}],\"inLanguage\":\"vi\"}]}<\/script>\n<!-- \/ Yoast SEO plugin. -->","yoast_head_json":{"title":"C\u00e1ch thi\u1ebft l\u1eadp Sharing SMS: h\u01b0\u1edbng d\u1eabn t\u1eebng b\u01b0\u1edbc - Chia s\u1ebb SMS","robots":{"index":"index","follow":"follow","max-snippet":"max-snippet:-1","max-image-preview":"max-image-preview:large","max-video-preview":"max-video-preview:-1"},"canonical":"https:\/\/sharingsms.com\/vi\/how-to-start\/","og_locale":"vi_VN","og_type":"article","og_title":"How to set up Sharing SMS: step-by-step instructions - SMS Sharing","og_description":"The added numbers can have the following statuses: Active or Inactive. Inactive status means that the number is not yet available for rent.Active status means that the number has been rented and charges are being made. Please note! After adding a number, the \u201cNumber Stability Assessment\u201d mode is activated &#8211; the platform monitors the stability [&hellip;]","og_url":"https:\/\/sharingsms.com\/vi\/how-to-start\/","og_site_name":"SMS Sharing","article_modified_time":"2025-04-15T11:38:05+00:00","og_image":[{"width":702,"height":1600,"url":"https:\/\/sharingsms.com\/wp-content\/uploads\/2023\/09\/image.png","type":"image\/png"}],"twitter_card":"summary_large_image","twitter_misc":{"\u01af\u1edbc t\u00ednh th\u1eddi gian \u0111\u1ecdc":"5 ph\u00fat"},"schema":{"@context":"https:\/\/schema.org","@graph":[{"@type":"WebPage","@id":"https:\/\/sharingsms.com\/how-to-start\/","url":"https:\/\/sharingsms.com\/how-to-start\/","name":"C\u00e1ch thi\u1ebft l\u1eadp Sharing SMS: h\u01b0\u1edbng d\u1eabn t\u1eebng b\u01b0\u1edbc - Chia s\u1ebb SMS","isPartOf":{"@id":"https:\/\/sharingsms.com\/#website"},"primaryImageOfPage":{"@id":"https:\/\/sharingsms.com\/how-to-start\/#primaryimage"},"image":{"@id":"https:\/\/sharingsms.com\/how-to-start\/#primaryimage"},"thumbnailUrl":"https:\/\/sharingsms.com\/wp-content\/uploads\/2023\/09\/image.png","datePublished":"2023-09-13T10:53:26+00:00","dateModified":"2025-04-15T11:38:05+00:00","breadcrumb":{"@id":"https:\/\/sharingsms.com\/how-to-start\/#breadcrumb"},"inLanguage":"vi","potentialAction":[{"@type":"ReadAction","target":["https:\/\/sharingsms.com\/how-to-start\/"]}]},{"@type":"ImageObject","inLanguage":"vi","@id":"https:\/\/sharingsms.com\/how-to-start\/#primaryimage","url":"https:\/\/sharingsms.com\/wp-content\/uploads\/2023\/09\/image.png","contentUrl":"https:\/\/sharingsms.com\/wp-content\/uploads\/2023\/09\/image.png"},{"@type":"BreadcrumbList","@id":"https:\/\/sharingsms.com\/how-to-start\/#breadcrumb","itemListElement":[{"@type":"ListItem","position":1,"name":"Home","item":"https:\/\/sharingsms.com\/"},{"@type":"ListItem","position":2,"name":"How to set up Sharing SMS: step-by-step instructions"}]},{"@type":"WebSite","@id":"https:\/\/sharingsms.com\/#website","url":"https:\/\/sharingsms.com\/","name":"Chia s\u1ebb tin nh\u1eafn SMS","description":"","potentialAction":[{"@type":"SearchAction","target":{"@type":"EntryPoint","urlTemplate":"https:\/\/sharingsms.com\/?s={search_term_string}"},"query-input":{"@type":"PropertyValueSpecification","valueRequired":true,"valueName":"search_term_string"}}],"inLanguage":"vi"}]}},"_links":{"self":[{"href":"https:\/\/sharingsms.com\/vi\/wp-json\/wp\/v2\/pages\/671","targetHints":{"allow":["GET"]}}],"collection":[{"href":"https:\/\/sharingsms.com\/vi\/wp-json\/wp\/v2\/pages"}],"about":[{"href":"https:\/\/sharingsms.com\/vi\/wp-json\/wp\/v2\/types\/page"}],"author":[{"embeddable":true,"href":"https:\/\/sharingsms.com\/vi\/wp-json\/wp\/v2\/users\/1"}],"replies":[{"embeddable":true,"href":"https:\/\/sharingsms.com\/vi\/wp-json\/wp\/v2\/comments?post=671"}],"version-history":[{"count":13,"href":"https:\/\/sharingsms.com\/vi\/wp-json\/wp\/v2\/pages\/671\/revisions"}],"predecessor-version":[{"id":874,"href":"https:\/\/sharingsms.com\/vi\/wp-json\/wp\/v2\/pages\/671\/revisions\/874"}],"wp:attachment":[{"href":"https:\/\/sharingsms.com\/vi\/wp-json\/wp\/v2\/media?parent=671"}],"curies":[{"name":"wp","href":"https:\/\/api.w.org\/{rel}","templated":true}]}}