{"id":805,"date":"2025-03-31T10:54:06","date_gmt":"2025-03-31T10:54:06","guid":{"rendered":"https:\/\/sharingsms.com\/?page_id=805"},"modified":"2025-04-01T11:43:13","modified_gmt":"2025-04-01T11:43:13","slug":"get-paid-for-sim-cards","status":"publish","type":"page","link":"https:\/\/sharingsms.com\/vi\/get-paid-for-sim-cards\/","title":{"rendered":"\ud83d\udcf1 Nh\u1eadn ti\u1ec1n t\u1eeb th\u1ebb SIM: Ki\u1ebfm ti\u1ec1n t\u1eeb th\u1ebb SIM c\u1ee7a b\u1ea1n b\u1eb1ng c\u00e1ch chia s\u1ebb SMS \ud83d\udcb0"},"content":{"rendered":"<p>Trong n\u1ec1n kinh t\u1ebf s\u1ed1 ph\u00e1t tri\u1ec3n nhanh nh\u01b0 hi\u1ec7n nay, vi\u1ec7c t\u00ecm ki\u1ebfm nh\u1eefng c\u00e1ch s\u00e1ng t\u1ea1o v\u00e0 kh\u00f4ng r\u1eafc r\u1ed1i \u0111\u1ec3 t\u1ea1o ra thu nh\u1eadp ng\u00e0y c\u00e0ng h\u1ea5p d\u1eabn. M\u1ed9t trong nh\u1eefng c\u01a1 h\u1ed9i d\u1ec5 ti\u1ebfp c\u1eadn nh\u1ea5t hi\u1ec7n c\u00f3 l\u00e0 \u0111\u01b0\u1ee3c tr\u1ea3 ti\u1ec1n khi cho thu\u00ea th\u1ebb SIM c\u1ee7a b\u1ea1n. Sharing SMS cung c\u1ea5p m\u1ed9t n\u1ec1n t\u1ea3ng m\u1ea1nh m\u1ebd \u0111\u1ec3 bi\u1ebfn \u0111i\u1ec1u n\u00e0y th\u00e0nh hi\u1ec7n th\u1ef1c. \ud83d\ude80<\/p>\n\n\n\n<h2 class=\"wp-block-heading\"><strong>\ud83d\udccc \u201c\u0110\u01b0\u1ee3c tr\u1ea3 ti\u1ec1n cho th\u1ebb SIM\u201d c\u00f3 ngh\u0129a l\u00e0 g\u00ec?<\/strong><\/h2>\n\n\n\n<p><strong>\u201c\u0110\u01b0\u1ee3c tr\u1ea3 ti\u1ec1n cho th\u1ebb SIM\u201d<\/strong> c\u00f3 ngh\u0129a l\u00e0 bi\u1ebfn th\u1ee9 b\u1ea1n \u0111\u00e3 s\u1edf h\u1eefu \u2014 th\u1ebb SIM c\u1ee7a b\u1ea1n \u2014 th\u00e0nh ngu\u1ed3n thu nh\u1eadp \u1ed5n \u0111\u1ecbnh. B\u1eb1ng c\u00e1ch cho thu\u00ea th\u1ebb SIM c\u1ee7a b\u1ea1n th\u00f4ng qua n\u1ec1n t\u1ea3ng Sharing SMS, b\u1ea1n cho ph\u00e9p n\u00f3 nh\u1eadn \u0111\u01b0\u1ee3c tin nh\u1eafn SMS nh\u01b0 m\u00e3 x\u00e1c minh t\u1eeb c\u00e1c d\u1ecbch v\u1ee5 th\u1ef1c t\u1ebf tr\u00ean to\u00e0n th\u1ebf gi\u1edbi. \u0110\u1ed5i l\u1ea1i, b\u1ea1n ki\u1ebfm \u0111\u01b0\u1ee3c ti\u1ec1n h\u00e0ng ng\u00e0y, m\u00e0 kh\u00f4ng c\u1ea7n ph\u1ea3i qu\u1ea3n l\u00fd b\u1ea5t c\u1ee9 th\u1ee9 g\u00ec theo c\u00e1ch th\u1ee7 c\u00f4ng.<\/p>\n\n\n\n<p>\u0110\u00e2y l\u00e0 c\u00e1ch th\u00f4ng minh v\u00e0 d\u1ec5 d\u00e0ng \u0111\u1ec3 ki\u1ebfm ti\u1ec1n t\u1eeb th\u1ebb SIM ch\u01b0a s\u1eed d\u1ee5ng ho\u1eb7c d\u1ef1 ph\u00f2ng c\u1ee7a b\u1ea1n \u2014 kh\u00f4ng c\u1ea7n k\u1ef9 n\u0103ng k\u1ef9 thu\u1eadt, kh\u00f4ng c\u1ea7n qu\u1ea3ng c\u00e1o v\u00e0 kh\u00f4ng c\u1ea7n \u0111\u1ea7u t\u01b0. Cho d\u00f9 b\u1ea1n c\u00f3 m\u1ed9t th\u1ebb SIM hay h\u00e0ng ch\u1ee5c th\u1ebb, \u0111i\u1ec7n tho\u1ea1i c\u1ee7a b\u1ea1n c\u00f3 th\u1ec3 \u00e2m th\u1ea7m t\u1ea1o ra thu nh\u1eadp trong khi b\u1ea1n t\u1eadp trung v\u00e0o nh\u1eefng vi\u1ec7c kh\u00e1c.<\/p>\n\n\n\n<h2 class=\"wp-block-heading\"><strong>\ud83c\udf1f T\u1ea1i sao n\u00ean ch\u1ecdn Sharing SMS?<\/strong><\/h2>\n\n\n\n<p>Sharing SMS l\u00e0 \u1ee9ng d\u1ee5ng th\u00e2n thi\u1ec7n v\u1edbi ng\u01b0\u1eddi d\u00f9ng \u0111\u01b0\u1ee3c thi\u1ebft k\u1ebf ri\u00eang \u0111\u1ec3 ki\u1ebfm ti\u1ec1n t\u1eeb th\u1ebb SIM \u0111ang ho\u1ea1t \u0111\u1ed9ng c\u1ee7a b\u1ea1n m\u1ed9t c\u00e1ch d\u1ec5 d\u00e0ng. Ki\u1ebfm $0,33 m\u1ed7i ng\u00e0y ho\u1eb7c $10 m\u1ed7i th\u00e1ng cho m\u1ed7i SIM \u0111\u01b0\u1ee3c k\u1ebft n\u1ed1i. T\u1ea5t c\u1ea3 nh\u1eefng g\u00ec b\u1ea1n c\u1ea7n l\u00e0 th\u1ebb SIM \u0111ang ho\u1ea1t \u0111\u1ed9ng c\u00f3 kh\u1ea3 n\u0103ng nh\u1eadn SMS \u2014 kh\u00f4ng c\u1ea7n g\u00f3i c\u01b0\u1edbc ho\u1eb7c chi ph\u00ed \u0111\u1eb7c bi\u1ec7t n\u00e0o.<br><\/p>\n\n\n<div class=\"wp-block-image\">\n<figure class=\"aligncenter size-large\"><img loading=\"lazy\" decoding=\"async\" width=\"1024\" height=\"683\" src=\"https:\/\/sharingsms.com\/wp-content\/uploads\/2025\/03\/cleaned_sim_income_illustration-1024x683.png\" alt=\"\" class=\"wp-image-808\" srcset=\"https:\/\/sharingsms.com\/wp-content\/uploads\/2025\/03\/cleaned_sim_income_illustration-1024x683.png 1024w, https:\/\/sharingsms.com\/wp-content\/uploads\/2025\/03\/cleaned_sim_income_illustration-300x200.png 300w, https:\/\/sharingsms.com\/wp-content\/uploads\/2025\/03\/cleaned_sim_income_illustration-768x512.png 768w, https:\/\/sharingsms.com\/wp-content\/uploads\/2025\/03\/cleaned_sim_income_illustration-18x12.png 18w, https:\/\/sharingsms.com\/wp-content\/uploads\/2025\/03\/cleaned_sim_income_illustration.png 1536w\" sizes=\"auto, (max-width: 1024px) 100vw, 1024px\" \/><\/figure>\n<\/div>\n\n\n<h2 class=\"wp-block-heading\"><strong>\ud83d\udd11 C\u00e1ch b\u1eaft \u0111\u1ea7u:<\/strong><\/h2>\n\n\n\n<ol class=\"wp-block-list\">\n<li>\u2705 <strong>Ki\u1ec3m tra nhanh SIM<\/strong> \u2014 \u0110\u1ea3m b\u1ea3o SIM c\u1ee7a b\u1ea1n \u0111ang ho\u1ea1t \u0111\u1ed9ng v\u00e0 c\u00f3 kh\u1ea3 n\u0103ng nh\u1eadn tin nh\u1eafn SMS.<br><\/li>\n\n\n\n<li>\ud83d\udd17 <strong>K\u1ebft n\u1ed1i SIM c\u1ee7a b\u1ea1n<\/strong> \u2014 Th\u00eam th\u1ebb SIM c\u1ee7a b\u1ea1n v\u00e0o \u1ee9ng d\u1ee5ng Sharing SMS v\u00e0 ho\u00e0n t\u1ea5t thi\u1ebft l\u1eadp nhanh.<br><\/li>\n\n\n\n<li>\ud83d\udcf2 <strong>Gi\u1eef thi\u1ebft b\u1ecb c\u1ee7a b\u1ea1n tr\u1ef1c tuy\u1ebfn<\/strong> \u2014 \u0110\u1ea3m b\u1ea3o \u0111i\u1ec7n tho\u1ea1i c\u1ee7a b\u1ea1n \u0111\u01b0\u1ee3c k\u1ebft n\u1ed1i Internet v\u00e0 b\u1eadt ngu\u1ed3n.<br><\/li>\n\n\n\n<li>\ud83d\udcb8 <strong>Ki\u1ebfm ti\u1ec1n h\u00e0ng ng\u00e0y, t\u1ef1 \u0111\u1ed9ng<\/strong> \u2014 \u1ee8ng d\u1ee5ng x\u1eed l\u00fd m\u1ecdi th\u1ee9 \u1edf ch\u1ebf \u0111\u1ed9 n\u1ec1n trong khi b\u1ea1n t\u1eadn h\u01b0\u1edfng thu nh\u1eadp h\u00e0ng ng\u00e0y m\u00e0 kh\u00f4ng c\u1ea7n n\u1ed7 l\u1ef1c th\u1ee7 c\u00f4ng n\u00e0o.<br><\/li>\n<\/ol>\n\n\n\n<p><strong>\ud83d\udcca V\u00ed d\u1ee5 t\u00ednh to\u00e1n:<\/strong><\/p>\n\n\n\n<p>H\u00e3y t\u01b0\u1edfng t\u01b0\u1ee3ng mua 5 \u0111i\u1ec7n tho\u1ea1i hai SIM \u0111\u00e3 qua s\u1eed d\u1ee5ng (m\u1ed7i chi\u1ebfc $30) v\u00e0 10 th\u1ebb SIM (m\u1ed7i chi\u1ebfc $5). T\u1ed5ng \u0111\u1ea7u t\u01b0: 5 \u0111i\u1ec7n tho\u1ea1i \u00d7 $30 + 10 th\u1ebb SIM \u00d7 $5 = $200. K\u1ebft n\u1ed1i 10 th\u1ebb SIM s\u1ebd thu \u0111\u01b0\u1ee3c $3,30 m\u1ed7i ng\u00e0y ($99 m\u1ed7i th\u00e1ng), thu h\u1ed3i v\u1ed1n \u0111\u1ea7u t\u01b0 ch\u1ec9 sau h\u01a1n hai th\u00e1ng.<\/p>\n\n\n\n<h2 class=\"wp-block-heading\"><strong>\ud83d\udcb3 Thanh to\u00e1n d\u1ec5 d\u00e0ng:<\/strong><\/h2>\n\n\n\n<p>Thu nh\u1eadp \u0111\u01b0\u1ee3c thanh to\u00e1n an to\u00e0n tr\u1ef1c ti\u1ebfp v\u00e0o v\u00ed ti\u1ec1n \u0111i\u1ec7n t\u1eed c\u1ee7a b\u1ea1n (USDT ho\u1eb7c USDC) v\u00e0o \u0111\u1ea7u m\u1ed7i th\u00e1ng. S\u1ed1 ti\u1ec1n \u0111\u01b0\u1ee3c t\u00ednh d\u1ef1a tr\u00ean s\u1ed1 l\u01b0\u1ee3ng SIM \u0111ang ho\u1ea1t \u0111\u1ed9ng v\u00e0 th\u1eddi gian ho\u1ea1t \u0111\u1ed9ng c\u1ee7a ch\u00fang trong th\u00e1ng tr\u01b0\u1edbc. Kh\u00f4ng c\u00f3 ph\u00ed \u1ea9n, kh\u00f4ng c\u00f3 ng\u01b0\u1ee1ng thanh to\u00e1n v\u00e0 kh\u00f4ng c\u00f3 s\u1ef1 ch\u1eadm tr\u1ec5 \u2014 ch\u1ec9 c\u00f3 thu nh\u1eadp ti\u1ec1n \u0111i\u1ec7n t\u1eed nh\u1ea5t qu\u00e1n, minh b\u1ea1ch v\u00e0 kh\u00f4ng r\u1eafc r\u1ed1i. Cho d\u00f9 b\u1ea1n \u0111ang qu\u1ea3n l\u00fd m\u1ed9t SIM hay m\u1edf r\u1ed9ng quy m\u00f4 v\u1edbi h\u00e0ng ch\u1ee5c SIM, b\u1ea1n s\u1ebd nh\u1eadn \u0111\u01b0\u1ee3c b\u1ea3ng ph\u00e2n t\u00edch chi ti\u1ebft h\u00e0ng th\u00e1ng v\u1ec1 thu nh\u1eadp c\u1ee7a m\u00ecnh ngay trong b\u1ea3ng \u0111i\u1ec1u khi\u1ec3n, c\u00f9ng v\u1edbi c\u00e1c kho\u1ea3n thanh to\u00e1n \u0111\u00fang h\u1ea1n v\u00e0o v\u00ed ti\u1ec1n \u1ed5n \u0111\u1ecbnh \u01b0a th\u00edch c\u1ee7a b\u1ea1n.<br><\/p>\n\n\n\n<h2 class=\"wp-block-heading\"><strong>\ud83d\udd25 L\u1ee3i \u00edch khi s\u1eed d\u1ee5ng t\u00ednh n\u0103ng Chia s\u1ebb SMS:<\/strong><\/h2>\n\n\n\n<ul class=\"wp-block-list\">\n<li>\ud83d\udecb\ufe0f Ki\u1ebfm ti\u1ec1n d\u1ec5 d\u00e0ng: Kh\u00f4ng c\u1ea7n th\u1ef1c hi\u1ec7n nhi\u1ec7m v\u1ee5 h\u00e0ng ng\u00e0y.<br><\/li>\n\n\n\n<li>\ud83c\udfaf Kh\u00f4ng c\u1ea7n \u0111\u1ea7u t\u01b0: Kh\u00f4ng c\u00f3 chi ph\u00ed \u1ea9n.<br><\/li>\n\n\n\n<li>\ud83d\udcc8 Thu nh\u1eadp c\u00f3 th\u1ec3 m\u1edf r\u1ed9ng: Nhi\u1ec1u th\u1ebb SIM h\u01a1n c\u00f3 ngh\u0129a l\u00e0 thu nh\u1eadp cao h\u01a1n.<br><\/li>\n\n\n\n<li>\ud83d\udd0d Theo d\u00f5i minh b\u1ea1ch: Theo d\u00f5i thu nh\u1eadp d\u1ec5 d\u00e0ng.<br><\/li>\n\n\n\n<li>\ud83c\udf0e Gi\u00e1 \u0111\u1ed9c quy\u1ec1n: Thu nh\u1eadp cao h\u01a1n cho c\u00e1c qu\u1ed1c gia \u0111\u1ed9c quy\u1ec1n.<br><\/li>\n\n\n\n<li>\ud83d\udc8e Thanh to\u00e1n b\u1eb1ng ti\u1ec1n m\u00e3 h\u00f3a: Thanh to\u00e1n an to\u00e0n h\u00e0ng th\u00e1ng b\u1eb1ng USDT ho\u1eb7c USDC.<\/li>\n<\/ul>\n\n\n\n<figure class=\"wp-block-table\"><table class=\"has-fixed-layout\"><tbody><tr><td><strong>T\u00ednh n\u0103ng<\/strong><\/td><td><strong>Sharing SMS<\/strong><\/td><td><strong>Ti\u1ec1n m\u1eb7t cho tin nh\u1eafn<\/strong><\/td><td><strong>\u1ee8ng d\u1ee5ng MoneySMS<\/strong><\/td><\/tr><tr><td><strong>Thu nh\u1eadp t\u1ed1i thi\u1ec3u h\u00e0ng ng\u00e0y cho m\u1ed7i SIM<\/strong><\/td><td>$0.33<\/td><td>$0.20 (Kh\u00f4ng \u0111\u1ea3m b\u1ea3o)<\/td><td>$0.20 (Kh\u00f4ng \u0111\u1ea3m b\u1ea3o)<\/td><\/tr><tr><td><strong>Thu nh\u1eadp h\u00e0ng th\u00e1ng t\u1ed1i thi\u1ec3u cho m\u1ed7i SIM<\/strong><\/td><td>$10<\/td><td>Kh\u00f4ng \u0111\u1ea3m b\u1ea3o<\/td><td>Kh\u00f4ng \u0111\u1ea3m b\u1ea3o<\/td><\/tr><tr><td><strong>Tu\u1ed5i th\u1ecd c\u1ee7a th\u1ebb SIM<\/strong><\/td><td>Cao \u2705<\/td><td>Th\u1ea5p (thay th\u1ebf th\u01b0\u1eddng xuy\u00ean) \ud83d\udd04<\/td><td>Th\u1ea5p (thay th\u1ebf th\u01b0\u1eddng xuy\u00ean) \ud83d\udd04<\/td><\/tr><tr><td><strong>\u0110\u1ed9 tin c\u1eady c\u1ee7a&nbsp;<br>Thanh to\u00e1n<\/strong><\/td><td>Cao \u2705<\/td><td>Trung b\u00ecnh<\/td><td>Trung b\u00ecnh<\/td><\/tr><tr><td><strong>L\u1ee3i \u00edch gi\u00e1 qu\u1ed1c gia \u0111\u1ed9c quy\u1ec1n<\/strong><\/td><td>\u0110\u00fang<\/td><td>KH\u00d4NG<\/td><td>KH\u00d4NG<\/td><\/tr><tr><td><strong>Thi\u1ebft l\u1eadp \u0111\u1ed9 ph\u1ee9c t\u1ea1p<\/strong><\/td><td>D\u1ec5<\/td><td>D\u1ec5<\/td><td>D\u1ec5<\/td><\/tr><\/tbody><\/table><\/figure>\n\n\n\n<p>R\u00f5 r\u00e0ng, Chia s\u1ebb SMS mang l\u1ea1i thu nh\u1eadp cao h\u01a1n, \u0111\u1ed9 tin c\u1eady cao h\u01a1n v\u00e0 th\u1eddi gian s\u1eed d\u1ee5ng th\u1ebb SIM l\u00e2u h\u01a1n, \u0111\u1ea3m b\u1ea3o \u00edt ph\u1ea3i thay th\u1ebf h\u01a1n v\u00e0 t\u1ed1i \u0111a h\u00f3a l\u1ee3i nhu\u1eadn. \ud83c\udf1f<\/p>\n\n\n\n<h2 class=\"wp-block-heading\"><strong>\ud83d\udc65 Ai n\u00ean c\u00e2n nh\u1eafc chia s\u1ebb tin nh\u1eafn SMS?<\/strong><\/h2>\n\n\n\n<p>Chia s\u1ebb SMS l\u00e0 l\u00fd t\u01b0\u1edfng cho b\u1ea5t k\u1ef3 ai quan t\u00e2m \u0111\u1ebfn vi\u1ec7c x\u00e2y d\u1ef1ng m\u1ed9t ngu\u1ed3n thu nh\u1eadp th\u1ee5 \u0111\u1ed9ng d\u1ec5 d\u00e0ng. Sinh vi\u00ean mu\u1ed1n t\u00e0i tr\u1ee3 cho vi\u1ec7c h\u1ecdc c\u1ee7a m\u00ecnh, cha m\u1eb9 \u1edf nh\u00e0 t\u00ecm ki\u1ebfm s\u1ef1 \u0111\u1ed9c l\u1eadp v\u1ec1 t\u00e0i ch\u00ednh, nh\u1eefng ng\u01b0\u1eddi l\u00e0m ngh\u1ec1 t\u1ef1 do \u0111ang t\u00ecm ki\u1ebfm c\u00e1c ngu\u1ed3n thu nh\u1eadp b\u1ed5 sung v\u00e0 th\u1eadm ch\u00ed c\u1ea3 nh\u1eefng doanh nh\u00e2n mu\u1ed1n \u0111a d\u1ea1ng h\u00f3a thu nh\u1eadp c\u1ee7a m\u00ecnh \u2014 Chia s\u1ebb SMS ph\u00f9 h\u1ee3p v\u1edbi t\u1ea5t c\u1ea3 m\u1ecdi ng\u01b0\u1eddi. N\u00f3 \u0111\u1eb7c bi\u1ec7t c\u00f3 l\u1ee3i cho nh\u1eefng c\u00e1 nh\u00e2n c\u00f3 nhi\u1ec1u th\u1ebb SIM ho\u1eb7c kh\u00f4ng s\u1eed d\u1ee5ng, cho ph\u00e9p h\u1ecd t\u1ea1o ra thu nh\u1eadp \u1ed5n \u0111\u1ecbnh m\u00e0 kh\u00f4ng c\u1ea7n n\u1ed7 l\u1ef1c ho\u1eb7c cam k\u1ebft th\u1eddi gian \u0111\u00e1ng k\u1ec3. N\u1ebfu b\u1ea1n \u0111ang mu\u1ed1n bi\u1ebfn c\u00e1c ngu\u1ed3n l\u1ef1c nh\u00e0n r\u1ed7i c\u1ee7a m\u00ecnh th\u00e0nh t\u00e0i s\u1ea3n c\u00f3 gi\u00e1 tr\u1ecb, th\u00ec Chia s\u1ebb SMS l\u00e0 l\u1ef1a ch\u1ecdn ho\u00e0n h\u1ea3o.<br><\/p>\n\n\n\n<h2 class=\"wp-block-heading\"><strong>\ud83c\udf89 Tham gia c\u1ed9ng \u0111\u1ed3ng ng\u01b0\u1eddi ki\u1ebfm ti\u1ec1n th\u1ee5 \u0111\u1ed9ng:<\/strong><\/h2>\n\n\n\n<p>H\u00e0ng ng\u00e0n \u0111\u1ed1i t\u00e1c h\u00e0i l\u00f2ng tr\u00ean to\u00e0n th\u1ebf gi\u1edbi \u0111\u00e3 tin t\u01b0\u1edfng Sharing SMS \u0111\u1ec3 bi\u1ebfn th\u1ebb SIM c\u1ee7a h\u1ecd th\u00e0nh ngu\u1ed3n thu nh\u1eadp h\u00e0ng th\u00e1ng \u0111\u00e1ng tin c\u1eady. M\u1ea1ng l\u01b0\u1edbi ng\u00e0y c\u00e0ng m\u1edf r\u1ed9ng c\u1ee7a ch\u00fang t\u00f4i bao g\u1ed3m nh\u1eefng ng\u01b0\u1eddi l\u00e0m ngh\u1ec1 t\u1ef1 do, nh\u1eefng ng\u01b0\u1eddi \u0111am m\u00ea c\u00f4ng ngh\u1ec7, ng\u01b0\u1eddi b\u00e1n l\u1ea1i th\u1ebb SIM v\u00e0 ch\u1ee7 c\u1eeda h\u00e0ng \u0111i\u1ec7n tho\u1ea1i \u2014 t\u1ea5t c\u1ea3 \u0111\u1ec1u ki\u1ebfm \u0111\u01b0\u1ee3c ti\u1ec1n \u0111i\u1ec7n t\u1eed \u1ed5n \u0111\u1ecbnh v\u1edbi n\u1ed7 l\u1ef1c t\u1ed1i thi\u1ec3u v\u00e0 kh\u00f4ng r\u1eafc r\u1ed1i.<\/p>\n\n\n\n<p>Khi tham gia, b\u1ea1n c\u0169ng s\u1ebd \u0111\u01b0\u1ee3c ti\u1ebfp c\u1eadn c\u00e1c m\u1eb9o h\u1eefu \u00edch, c\u1eadp nh\u1eadt v\u1ec1 gi\u00e1 c\u01b0\u1edbc qu\u1ed1c gia \u0111\u1ed9c quy\u1ec1n v\u00e0 h\u1ed7 tr\u1ee3 \u0111\u1ec3 m\u1edf r\u1ed9ng thu nh\u1eadp c\u1ee7a m\u00ecnh. Cho d\u00f9 b\u1ea1n \u0111ang ch\u1ea1y m\u1ed9t SIM duy nh\u1ea5t hay thi\u1ebft l\u1eadp v\u1edbi h\u01a1n 50, Sharing SMS \u0111\u1ec1u \u0111\u01b0\u1ee3c x\u00e2y d\u1ef1ng \u0111\u1ec3 ph\u00e1t tri\u1ec3n c\u00f9ng b\u1ea1n.<\/p>\n\n\n\n<p>\u0110\u1eebng b\u1ecf l\u1ee1 c\u01a1 h\u1ed9i tr\u1edf th\u00e0nh m\u1ed9t ph\u1ea7n c\u1ee7a phong tr\u00e0o \u0111ang ph\u00e1t tri\u1ec3n n\u00e0y.<br>B\u00e2y gi\u1edd \u0111\u1ebfn l\u01b0\u1ee3t b\u1ea1n bi\u1ebfn th\u1ebb SIM th\u00e0nh stablecoin.<\/p>\n\n\n\n<p>S\u1eb5n s\u00e0ng b\u1eaft \u0111\u1ea7u h\u00e0nh tr\u00ecnh ki\u1ebfm ti\u1ec1n th\u1ee5 \u0111\u1ed9ng c\u1ee7a b\u1ea1n ch\u01b0a? \ud83d\ude80\ud83d\udc49 Truy c\u1eadp:<a href=\"https:\/\/betasms.net\/en\/how-to-start\/\"> <\/a><a href=\"https:\/\/sharingsms.com\/vi\/how-to-start\/\">https:\/\/sharingsms.com\/how-to-start\/<\/a><\/p>\n\n\n\n<p><\/p>","protected":false},"excerpt":{"rendered":"<p>In today&#8217;s fast-paced digital economy, finding innovative and hassle-free ways to generate income is increasingly appealing. One of the most accessible opportunities available is getting paid for renting out your SIM cards. Sharing SMS provides a robust platform to turn this into reality. \ud83d\ude80 \ud83d\udccc What Does &#8220;Get Paid for SIM Cards&#8221; Mean? &#8220;Get paid [&hellip;]<\/p>\n","protected":false},"author":1,"featured_media":0,"parent":0,"menu_order":0,"comment_status":"closed","ping_status":"closed","template":"","meta":{"footnotes":""},"class_list":["post-805","page","type-page","status-publish","hentry"],"yoast_head":"<!-- This site is optimized with the Yoast SEO plugin v27.5 - https:\/\/yoast.com\/product\/yoast-seo-wordpress\/ -->\n<title>Get Paid for SIM Cards \u2013 Monetize Your SIM Cards Easily with Sharing SMS<\/title>\n<meta name=\"description\" content=\"Discover how to effortlessly monetize your SIM cards with Sharing SMS. Earn daily passive income securely via USDT or USDC. Start earning today!\" \/>\n<meta name=\"robots\" content=\"index, follow, max-snippet:-1, max-image-preview:large, max-video-preview:-1\" \/>\n<link rel=\"canonical\" href=\"https:\/\/sharingsms.com\/vi\/get-paid-for-sim-cards\/\" \/>\n<meta property=\"og:locale\" content=\"vi_VN\" \/>\n<meta property=\"og:type\" content=\"article\" \/>\n<meta property=\"og:title\" content=\"Get Paid for SIM Cards \u2013 Monetize Your SIM Cards Easily with Sharing SMS\" \/>\n<meta property=\"og:description\" content=\"Discover how to effortlessly monetize your SIM cards with Sharing SMS. Earn daily passive income securely via USDT or USDC. Start earning today!\" \/>\n<meta property=\"og:url\" content=\"https:\/\/sharingsms.com\/vi\/get-paid-for-sim-cards\/\" \/>\n<meta property=\"og:site_name\" content=\"SMS Sharing\" \/>\n<meta property=\"article:modified_time\" content=\"2025-04-01T11:43:13+00:00\" \/>\n<meta property=\"og:image\" content=\"https:\/\/sharingsms.com\/wp-content\/uploads\/2025\/03\/cleaned_sim_income_illustration-1024x683.png\" \/>\n\t<meta property=\"og:image:width\" content=\"1024\" \/>\n\t<meta property=\"og:image:height\" content=\"683\" \/>\n\t<meta property=\"og:image:type\" content=\"image\/png\" \/>\n<meta name=\"twitter:card\" content=\"summary_large_image\" \/>\n<meta name=\"twitter:label1\" content=\"\u01af\u1edbc t\u00ednh th\u1eddi gian \u0111\u1ecdc\" \/>\n\t<meta name=\"twitter:data1\" content=\"4 ph\u00fat\" \/>\n<script type=\"application\/ld+json\" class=\"yoast-schema-graph\">{\"@context\":\"https:\\\/\\\/schema.org\",\"@graph\":[{\"@type\":\"WebPage\",\"@id\":\"https:\\\/\\\/sharingsms.com\\\/get-paid-for-sim-cards\\\/\",\"url\":\"https:\\\/\\\/sharingsms.com\\\/get-paid-for-sim-cards\\\/\",\"name\":\"Get Paid for SIM Cards \u2013 Monetize Your SIM Cards Easily with Sharing SMS\",\"isPartOf\":{\"@id\":\"https:\\\/\\\/sharingsms.com\\\/#website\"},\"primaryImageOfPage\":{\"@id\":\"https:\\\/\\\/sharingsms.com\\\/get-paid-for-sim-cards\\\/#primaryimage\"},\"image\":{\"@id\":\"https:\\\/\\\/sharingsms.com\\\/get-paid-for-sim-cards\\\/#primaryimage\"},\"thumbnailUrl\":\"https:\\\/\\\/sharingsms.com\\\/wp-content\\\/uploads\\\/2025\\\/03\\\/cleaned_sim_income_illustration-1024x683.png\",\"datePublished\":\"2025-03-31T10:54:06+00:00\",\"dateModified\":\"2025-04-01T11:43:13+00:00\",\"description\":\"Discover how to effortlessly monetize your SIM cards with Sharing SMS. Earn daily passive income securely via USDT or USDC. Start earning today!\",\"breadcrumb\":{\"@id\":\"https:\\\/\\\/sharingsms.com\\\/get-paid-for-sim-cards\\\/#breadcrumb\"},\"inLanguage\":\"vi\",\"potentialAction\":[{\"@type\":\"ReadAction\",\"target\":[\"https:\\\/\\\/sharingsms.com\\\/get-paid-for-sim-cards\\\/\"]}]},{\"@type\":\"ImageObject\",\"inLanguage\":\"vi\",\"@id\":\"https:\\\/\\\/sharingsms.com\\\/get-paid-for-sim-cards\\\/#primaryimage\",\"url\":\"https:\\\/\\\/sharingsms.com\\\/wp-content\\\/uploads\\\/2025\\\/03\\\/cleaned_sim_income_illustration-1024x683.png\",\"contentUrl\":\"https:\\\/\\\/sharingsms.com\\\/wp-content\\\/uploads\\\/2025\\\/03\\\/cleaned_sim_income_illustration-1024x683.png\"},{\"@type\":\"BreadcrumbList\",\"@id\":\"https:\\\/\\\/sharingsms.com\\\/get-paid-for-sim-cards\\\/#breadcrumb\",\"itemListElement\":[{\"@type\":\"ListItem\",\"position\":1,\"name\":\"Home\",\"item\":\"https:\\\/\\\/sharingsms.com\\\/\"},{\"@type\":\"ListItem\",\"position\":2,\"name\":\"\ud83d\udcf1 Get Paid for SIM Cards: Monetize Your SIM Cards with Sharing SMS \ud83d\udcb0\"}]},{\"@type\":\"WebSite\",\"@id\":\"https:\\\/\\\/sharingsms.com\\\/#website\",\"url\":\"https:\\\/\\\/sharingsms.com\\\/\",\"name\":\"SMS Sharing\",\"description\":\"\",\"potentialAction\":[{\"@type\":\"SearchAction\",\"target\":{\"@type\":\"EntryPoint\",\"urlTemplate\":\"https:\\\/\\\/sharingsms.com\\\/?s={search_term_string}\"},\"query-input\":{\"@type\":\"PropertyValueSpecification\",\"valueRequired\":true,\"valueName\":\"search_term_string\"}}],\"inLanguage\":\"vi\"}]}<\/script>\n<!-- \/ Yoast SEO plugin. -->","yoast_head_json":{"title":"Nh\u1eadn thanh to\u00e1n cho th\u1ebb SIM \u2013 Ki\u1ebfm ti\u1ec1n t\u1eeb th\u1ebb SIM c\u1ee7a b\u1ea1n m\u1ed9t c\u00e1ch d\u1ec5 d\u00e0ng b\u1eb1ng c\u00e1ch chia s\u1ebb SMS","description":"Kh\u00e1m ph\u00e1 c\u00e1ch ki\u1ebfm ti\u1ec1n d\u1ec5 d\u00e0ng t\u1eeb th\u1ebb SIM c\u1ee7a b\u1ea1n b\u1eb1ng Sharing SMS. Ki\u1ebfm thu nh\u1eadp th\u1ee5 \u0111\u1ed9ng h\u00e0ng ng\u00e0y m\u1ed9t c\u00e1ch an to\u00e0n th\u00f4ng qua USDT ho\u1eb7c USDC. B\u1eaft \u0111\u1ea7u ki\u1ebfm ti\u1ec1n ngay h\u00f4m nay!","robots":{"index":"index","follow":"follow","max-snippet":"max-snippet:-1","max-image-preview":"max-image-preview:large","max-video-preview":"max-video-preview:-1"},"canonical":"https:\/\/sharingsms.com\/vi\/get-paid-for-sim-cards\/","og_locale":"vi_VN","og_type":"article","og_title":"Get Paid for SIM Cards \u2013 Monetize Your SIM Cards Easily with Sharing SMS","og_description":"Discover how to effortlessly monetize your SIM cards with Sharing SMS. Earn daily passive income securely via USDT or USDC. Start earning today!","og_url":"https:\/\/sharingsms.com\/vi\/get-paid-for-sim-cards\/","og_site_name":"SMS Sharing","article_modified_time":"2025-04-01T11:43:13+00:00","og_image":[{"width":1024,"height":683,"url":"https:\/\/sharingsms.com\/wp-content\/uploads\/2025\/03\/cleaned_sim_income_illustration-1024x683.png","type":"image\/png"}],"twitter_card":"summary_large_image","twitter_misc":{"\u01af\u1edbc t\u00ednh th\u1eddi gian \u0111\u1ecdc":"4 ph\u00fat"},"schema":{"@context":"https:\/\/schema.org","@graph":[{"@type":"WebPage","@id":"https:\/\/sharingsms.com\/get-paid-for-sim-cards\/","url":"https:\/\/sharingsms.com\/get-paid-for-sim-cards\/","name":"Nh\u1eadn thanh to\u00e1n cho th\u1ebb SIM \u2013 Ki\u1ebfm ti\u1ec1n t\u1eeb th\u1ebb SIM c\u1ee7a b\u1ea1n m\u1ed9t c\u00e1ch d\u1ec5 d\u00e0ng b\u1eb1ng c\u00e1ch chia s\u1ebb SMS","isPartOf":{"@id":"https:\/\/sharingsms.com\/#website"},"primaryImageOfPage":{"@id":"https:\/\/sharingsms.com\/get-paid-for-sim-cards\/#primaryimage"},"image":{"@id":"https:\/\/sharingsms.com\/get-paid-for-sim-cards\/#primaryimage"},"thumbnailUrl":"https:\/\/sharingsms.com\/wp-content\/uploads\/2025\/03\/cleaned_sim_income_illustration-1024x683.png","datePublished":"2025-03-31T10:54:06+00:00","dateModified":"2025-04-01T11:43:13+00:00","description":"Kh\u00e1m ph\u00e1 c\u00e1ch ki\u1ebfm ti\u1ec1n d\u1ec5 d\u00e0ng t\u1eeb th\u1ebb SIM c\u1ee7a b\u1ea1n b\u1eb1ng Sharing SMS. Ki\u1ebfm thu nh\u1eadp th\u1ee5 \u0111\u1ed9ng h\u00e0ng ng\u00e0y m\u1ed9t c\u00e1ch an to\u00e0n th\u00f4ng qua USDT ho\u1eb7c USDC. B\u1eaft \u0111\u1ea7u ki\u1ebfm ti\u1ec1n ngay h\u00f4m nay!","breadcrumb":{"@id":"https:\/\/sharingsms.com\/get-paid-for-sim-cards\/#breadcrumb"},"inLanguage":"vi","potentialAction":[{"@type":"ReadAction","target":["https:\/\/sharingsms.com\/get-paid-for-sim-cards\/"]}]},{"@type":"ImageObject","inLanguage":"vi","@id":"https:\/\/sharingsms.com\/get-paid-for-sim-cards\/#primaryimage","url":"https:\/\/sharingsms.com\/wp-content\/uploads\/2025\/03\/cleaned_sim_income_illustration-1024x683.png","contentUrl":"https:\/\/sharingsms.com\/wp-content\/uploads\/2025\/03\/cleaned_sim_income_illustration-1024x683.png"},{"@type":"BreadcrumbList","@id":"https:\/\/sharingsms.com\/get-paid-for-sim-cards\/#breadcrumb","itemListElement":[{"@type":"ListItem","position":1,"name":"Home","item":"https:\/\/sharingsms.com\/"},{"@type":"ListItem","position":2,"name":"\ud83d\udcf1 Get Paid for SIM Cards: Monetize Your SIM Cards with Sharing SMS \ud83d\udcb0"}]},{"@type":"WebSite","@id":"https:\/\/sharingsms.com\/#website","url":"https:\/\/sharingsms.com\/","name":"Chia s\u1ebb tin nh\u1eafn SMS","description":"","potentialAction":[{"@type":"SearchAction","target":{"@type":"EntryPoint","urlTemplate":"https:\/\/sharingsms.com\/?s={search_term_string}"},"query-input":{"@type":"PropertyValueSpecification","valueRequired":true,"valueName":"search_term_string"}}],"inLanguage":"vi"}]}},"_links":{"self":[{"href":"https:\/\/sharingsms.com\/vi\/wp-json\/wp\/v2\/pages\/805","targetHints":{"allow":["GET"]}}],"collection":[{"href":"https:\/\/sharingsms.com\/vi\/wp-json\/wp\/v2\/pages"}],"about":[{"href":"https:\/\/sharingsms.com\/vi\/wp-json\/wp\/v2\/types\/page"}],"author":[{"embeddable":true,"href":"https:\/\/sharingsms.com\/vi\/wp-json\/wp\/v2\/users\/1"}],"replies":[{"embeddable":true,"href":"https:\/\/sharingsms.com\/vi\/wp-json\/wp\/v2\/comments?post=805"}],"version-history":[{"count":7,"href":"https:\/\/sharingsms.com\/vi\/wp-json\/wp\/v2\/pages\/805\/revisions"}],"predecessor-version":[{"id":840,"href":"https:\/\/sharingsms.com\/vi\/wp-json\/wp\/v2\/pages\/805\/revisions\/840"}],"wp:attachment":[{"href":"https:\/\/sharingsms.com\/vi\/wp-json\/wp\/v2\/media?parent=805"}],"curies":[{"name":"wp","href":"https:\/\/api.w.org\/{rel}","templated":true}]}}