{"id":842,"date":"2025-04-08T21:34:50","date_gmt":"2025-04-08T21:34:50","guid":{"rendered":"https:\/\/sharingsms.com\/?page_id=842"},"modified":"2025-10-08T10:59:35","modified_gmt":"2025-10-08T10:59:35","slug":"referral-program","status":"publish","type":"page","link":"https:\/\/sharingsms.com\/vi\/referral-program\/","title":{"rendered":"C\u00e1ch truy c\u1eadp Ch\u01b0\u01a1ng tr\u00ecnh gi\u1edbi thi\u1ec7u Sharing SMS \u2014 H\u01b0\u1edbng d\u1eabn t\u1eebng b\u01b0\u1edbc"},"content":{"rendered":"<h2 class=\"wp-block-heading\"><strong>Truy c\u1eadp Ch\u01b0\u01a1ng tr\u00ecnh gi\u1edbi thi\u1ec7u: H\u01b0\u1edbng d\u1eabn d\u00e0nh cho \u0110\u1ed1i t\u00e1c m\u1edbi<\/strong><\/h2>\n\n\n\n<p>T\u1ea1i Sharing SMS, ch\u00fang t\u00f4i coi tr\u1ecdng s\u1ef1 \u0111\u00f3ng g\u00f3p c\u1ee7a c\u00e1c \u0111\u1ed1i t\u00e1c v\u00e0 n\u1ed7 l\u1ef1c x\u00e2y d\u1ef1ng m\u1ed9t c\u1ed9ng \u0111\u1ed3ng \u0111\u00e1ng tin c\u1eady. L\u00e0 m\u1ed9t \u0111\u1ed1i t\u00e1c m\u1edbi, b\u1ea1n c\u00f3 th\u1ec3 h\u00e1o h\u1ee9c b\u1eaft \u0111\u1ea7u s\u1eed d\u1ee5ng li\u00ean k\u1ebft gi\u1edbi thi\u1ec7u c\u1ee7a m\u00ecnh \u0111\u1ec3 thu h\u00fat nh\u1eefng ng\u01b0\u1eddi gi\u1edbi thi\u1ec7u m\u1edbi. Sau \u0111\u00e2y l\u00e0 h\u01b0\u1edbng d\u1eabn \u0111\u1ec3 hi\u1ec3u c\u00e1ch b\u1ea1n c\u00f3 th\u1ec3 truy c\u1eadp v\u00e0o t\u00ednh n\u0103ng n\u00e0y v\u00e0 b\u1eaft \u0111\u1ea7u ki\u1ebfm ph\u1ea7n th\u01b0\u1edfng.<\/p>\n\n\n\n<h2 class=\"wp-block-heading\"><strong>Hi\u1ec3u v\u1ec1 quy tr\u00ecnh gi\u1edbi thi\u1ec7u<\/strong><\/h2>\n\n\n\n<p>1. <strong>\u0110\u0103ng k\u00fd ban \u0111\u1ea7u:<\/strong><\/p>\n\n\n\n<ul class=\"wp-block-list\">\n<li>Ch\u00e0o m\u1eebng \u0111\u1ebfn v\u1edbi Sharing SMS! Khi \u0111\u0103ng k\u00fd, b\u1ea1n s\u1ebd c\u00f3 quy\u1ec1n truy c\u1eadp v\u00e0o nhi\u1ec1u t\u00ednh n\u0103ng kh\u00e1c nhau \u0111\u01b0\u1ee3c thi\u1ebft k\u1ebf \u0111\u1ec3 gi\u00fap b\u1ea1n b\u1eaft \u0111\u1ea7u. Tuy nhi\u00ean, ph\u1ea7n Gi\u1edbi thi\u1ec7u, n\u01a1i ch\u1ee9a li\u00ean k\u1ebft gi\u1edbi thi\u1ec7u c\u00e1 nh\u00e2n, ban \u0111\u1ea7u kh\u00f4ng kh\u1ea3 d\u1ee5ng \u0111\u1ec3 \u0111\u1ea3m b\u1ea3o ch\u1ea5t l\u01b0\u1ee3ng v\u00e0 \u0111\u1ed9 tin c\u1eady c\u1ee7a ch\u01b0\u01a1ng tr\u00ecnh gi\u1edbi thi\u1ec7u c\u1ee7a ch\u00fang t\u00f4i.<\/li>\n<\/ul>\n\n\n\n<p>2. <strong>H\u1ec7 th\u1ed1ng gi\u00e1m s\u00e1t:<\/strong><\/p>\n\n\n\n<ul class=\"wp-block-list\">\n<li>Ch\u00fang t\u00f4i s\u1eed d\u1ee5ng h\u1ec7 th\u1ed1ng gi\u00e1m s\u00e1t m\u1ea1nh m\u1ebd \u0111\u1ec3 theo d\u00f5i ho\u1ea1t \u0111\u1ed9ng v\u00e0 ho\u1ea1t \u0111\u1ed9ng \u1ed5n \u0111\u1ecbnh c\u1ee7a c\u00e1c th\u1ebb SIM m\u00e0 b\u1ea1n th\u00eam v\u00e0o n\u1ec1n t\u1ea3ng c\u1ee7a ch\u00fang t\u00f4i. H\u1ec7 th\u1ed1ng n\u00e0y gi\u00fap ch\u00fang t\u00f4i duy tr\u00ec c\u00e1c ti\u00eau chu\u1ea9n cao v\u00e0 \u0111\u1ea3m b\u1ea3o r\u1eb1ng ch\u1ec9 c\u00f3 c\u00e1c th\u1ebb SIM \u0111ang ho\u1ea1t \u0111\u1ed9ng m\u1edbi c\u00f3 s\u1eb5n cho kh\u00e1ch h\u00e0ng.<\/li>\n<\/ul>\n\n\n\n<p>3. <strong>Th\u1eddi k\u1ef3 \u1ed5n \u0111\u1ecbnh:<\/strong><\/p>\n\n\n\n<ul class=\"wp-block-list\">\n<li>Qu\u00e1 tr\u00ecnh gi\u00e1m s\u00e1t th\u01b0\u1eddng k\u00e9o d\u00e0i trong 10 ng\u00e0y. Trong th\u1eddi gian n\u00e0y, ch\u00fang t\u00f4i \u0111\u00e1nh gi\u00e1 ho\u1ea1t \u0111\u1ed9ng \u1ed5n \u0111\u1ecbnh c\u1ee7a c\u00e1c th\u1ebb SIM m\u00e0 b\u1ea1n \u0111\u00e3 th\u00eam. N\u1ebfu c\u00e1c th\u1ebb SIM v\u1eabn ho\u1ea1t \u0111\u1ed9ng v\u00e0 kh\u00f4ng c\u00f3 s\u1ef1 c\u1ed1 n\u00e0o x\u1ea3y ra (ch\u1eb3ng h\u1ea1n nh\u01b0 thay \u0111\u1ed5i t\u1eeb tr\u1ea1ng th\u00e1i &quot;S\u1eb5n s\u00e0ng&quot; sang &quot;Ch\u01b0a s\u1eb5n s\u00e0ng&quot;), b\u1ea1n s\u1ebd c\u00f3 \u0111\u01b0\u1ee3c danh ti\u1ebfng l\u00e0 \u0111\u1ed1i t\u00e1c \u0111\u00e1ng tin c\u1eady trong h\u1ec7 th\u1ed1ng x\u1ebfp h\u1ea1ng c\u1ee7a ch\u00fang t\u00f4i.<\/li>\n<\/ul>\n\n\n\n<p>4. <strong>X\u00e2y d\u1ef1ng danh ti\u1ebfng:<\/strong><\/p>\n\n\n\n<ul class=\"wp-block-list\">\n<li>Hi\u1ec7u su\u1ea5t v\u00e0 t\u00ednh \u1ed5n \u0111\u1ecbnh nh\u1ea5t qu\u00e1n trong su\u1ed1t th\u1eddi gian theo d\u00f5i gi\u00fap b\u1ea1n x\u00e2y d\u1ef1ng danh ti\u1ebfng l\u00e0 \u0111\u1ed1i t\u00e1c \u0111\u00e1ng tin c\u1eady. Danh ti\u1ebfng n\u00e0y r\u1ea5t quan tr\u1ecdng \u0111\u1ec3 m\u1edf kh\u00f3a c\u00e1c t\u00ednh n\u0103ng b\u1ed5 sung, bao g\u1ed3m quy\u1ec1n truy c\u1eadp v\u00e0o ph\u1ea7n Gi\u1edbi thi\u1ec7u.<\/li>\n<\/ul>\n\n\n\n<p>5. <strong>M\u1edf kh\u00f3a ph\u1ea7n gi\u1edbi thi\u1ec7u:<\/strong><\/p>\n\n\n\n<ul class=\"wp-block-list\">\n<li>Sau khi b\u1ea1n \u0111\u00e3 thi\u1ebft l\u1eadp \u0111\u01b0\u1ee3c h\u1ed3 s\u01a1 theo d\u00f5i \u0111\u00e1ng tin c\u1eady, ph\u1ea7n Gi\u1edbi thi\u1ec7u s\u1ebd c\u00f3 s\u1eb5n trong t\u00e0i kho\u1ea3n c\u00e1 nh\u00e2n c\u1ee7a b\u1ea1n. V\u1edbi li\u00ean k\u1ebft gi\u1edbi thi\u1ec7u trong ph\u1ea7n n\u00e0y, b\u1ea1n c\u00f3 th\u1ec3 m\u1eddi b\u1ea1n b\u00e8, nh\u1eefng ng\u01b0\u1eddi s\u1ebd tr\u1edf th\u00e0nh ng\u01b0\u1eddi gi\u1edbi thi\u1ec7u c\u1ee7a b\u1ea1n. B\u1ea1n s\u1ebd ki\u1ebfm \u0111\u01b0\u1ee3c hoa h\u1ed3ng gi\u1edbi thi\u1ec7u t\u1eeb ho\u1ea1t \u0111\u1ed9ng c\u1ee7a nh\u1eefng ng\u01b0\u1eddi gi\u1edbi thi\u1ec7u n\u00e0y, m\u1edf r\u1ed9ng m\u1ea1ng l\u01b0\u1edbi v\u00e0 thu nh\u1eadp c\u1ee7a b\u1ea1n trong d\u1ecbch v\u1ee5 c\u1ee7a ch\u00fang t\u00f4i.<\/li>\n<\/ul>\n\n\n\n<p>6. <strong>Ki\u1ebfm ph\u1ea7n th\u01b0\u1edfng:<\/strong><\/p>\n\n\n\n<ul class=\"wp-block-list\">\n<li>Khi kh\u00e1ch h\u00e0ng thu\u00ea c\u00e1c s\u1ed1 li\u00ean quan \u0111\u1ebfn th\u1ebb SIM c\u1ee7a b\u1ea1n, b\u1ea1n s\u1ebd b\u1eaft \u0111\u1ea7u ki\u1ebfm \u0111\u01b0\u1ee3c ph\u1ea7n th\u01b0\u1edfng. Thu nh\u1eadp c\u1ee7a b\u1ea1n s\u1ebd ti\u1ebfp t\u1ee5c mi\u1ec5n l\u00e0 c\u00e1c th\u1ebb SIM v\u1eabn \u1ed5n \u0111\u1ecbnh v\u00e0 ho\u1ea1t \u0111\u1ed9ng, v\u00e0 c\u00e1c s\u1ed1 v\u1eabn \u0111\u01b0\u1ee3c s\u1eed d\u1ee5ng. Thi\u1ebft l\u1eadp n\u00e0y cho ph\u00e9p b\u1ea1n t\u1ea1o ra thu nh\u1eadp m\u1ed9t c\u00e1ch d\u1ec5 d\u00e0ng, t\u1ea1o ra m\u1ed9t lu\u1ed3ng doanh thu \u1ed5n \u0111\u1ecbnh theo th\u1eddi gian. B\u1eb1ng c\u00e1ch m\u1edf r\u1ed9ng nh\u00f3m th\u1ebb SIM m\u00e0 b\u1ea1n th\u00eam v\u00e0o, b\u1ea1n c\u00f3 th\u1ec3 t\u1ea1o ng\u00e2n h\u00e0ng th\u1ebb SIM c\u1ee7a ri\u00eang m\u00ecnh, x\u00e2y d\u1ef1ng doanh nghi\u1ec7p c\u1ee7a ri\u00eang b\u1ea1n v\u00e0 t\u1ed1i \u0111a h\u00f3a l\u1ee3i nhu\u1eadn.<\/li>\n<\/ul>\n\n\n\n<p>7.<strong> H\u1ea1n ch\u1ebf: <\/strong><\/p>\n\n\n\n<ul class=\"wp-block-list\">\n<li>\u0110\u1ed1i t\u00e1c \u0111\u00e3 l\u00e0 ng\u01b0\u1eddi gi\u1edbi thi\u1ec7u th\u00ec kh\u00f4ng th\u1ec3 c\u00f3 ng\u01b0\u1eddi gi\u1edbi thi\u1ec7u ri\u00eang.<\/li>\n<\/ul>\n\n\n\n<h2 class=\"wp-block-heading\"><strong>M\u1eb9o \u0111\u1ec3 th\u00e0nh c\u00f4ng<\/strong><\/h2>\n\n\n\n<ul class=\"wp-block-list\">\n<li><strong>Duy tr\u00ec th\u1ebb SIM \u0111ang ho\u1ea1t \u0111\u1ed9ng:<\/strong> \u0110\u1ea3m b\u1ea3o r\u1eb1ng c\u00e1c th\u1ebb SIM b\u1ea1n th\u00eam v\u1eabn ho\u1ea1t \u0111\u1ed9ng v\u00e0 c\u00f3 th\u1ec3 nh\u1eadn SMS \u0111\u1ec3 tr\u00e1nh m\u1ecdi s\u1ef1 c\u1ed1 c\u00f3 th\u1ec3 \u1ea3nh h\u01b0\u1edfng \u0111\u1ebfn danh ti\u1ebfng c\u1ee7a b\u1ea1n.<\/li>\n\n\n\n<li><strong>T\u01b0\u01a1ng t\u00e1c v\u1edbi ng\u01b0\u1eddi \u0111\u01b0\u1ee3c b\u1ea1n gi\u1edbi thi\u1ec7u:<\/strong> H\u00e3y lu\u00f4n ho\u1ea1t \u0111\u1ed9ng tr\u00ean n\u1ec1n t\u1ea3ng c\u1ee7a ch\u00fang t\u00f4i, t\u01b0\u01a1ng t\u00e1c v\u1edbi nh\u1eefng ng\u01b0\u1eddi b\u1ea1n gi\u1edbi thi\u1ec7u v\u00e0 m\u1eddi nh\u1eefng \u0111\u1ed1i t\u00e1c m\u1edbi \u0111\u1ec3 x\u00e2y d\u1ef1ng m\u1ea1ng l\u01b0\u1edbi v\u00e0 danh ti\u1ebfng c\u1ee7a b\u1ea1n.<\/li>\n\n\n\n<li><strong>C\u1eadp nh\u1eadt th\u00f4ng tin:<\/strong> H\u00e3y theo d\u00f5i c\u00e1c c\u1eadp nh\u1eadt v\u00e0 th\u00f4ng b\u00e1o \u0111\u1ec3 bi\u1ebft th\u00f4ng tin v\u1ec1 c\u00e1c t\u00ednh n\u0103ng v\u00e0 c\u01a1 h\u1ed9i m\u1edbi.<\/li>\n<\/ul>\n\n\n\n<h2 class=\"wp-block-heading\">\u2753 C\u1ea7n tr\u1ee3 gi\u00fap?<\/h2>\n\n\n\n<p>H\u00e3y li\u00ean h\u1ec7 v\u1edbi nh\u00f3m h\u1ed7 tr\u1ee3 c\u1ee7a ch\u00fang t\u00f4i qua tr\u00f2 chuy\u1ec7n. Ch\u00fang t\u00f4i \u1edf \u0111\u00e2y \u0111\u1ec3 h\u1ed7 tr\u1ee3 b\u1ea1n tr\u00ean h\u00e0nh tr\u00ecnh \u0111i \u0111\u1ebfn th\u00e0nh c\u00f4ng!<\/p>","protected":false},"excerpt":{"rendered":"<p>Accessing the Referral Program: A Guide for New Partners At Sharing SMS, we value the contributions of our partners and strive to build a reliable and trustworthy community. As a new partner, you might be eager to start using your referral link to attract new referrals. Here&#8217;s a guide to understanding how you can gain [&hellip;]<\/p>\n","protected":false},"author":1,"featured_media":0,"parent":0,"menu_order":0,"comment_status":"closed","ping_status":"closed","template":"","meta":{"footnotes":""},"class_list":["post-842","page","type-page","status-publish","hentry"],"yoast_head":"<!-- This site is optimized with the Yoast SEO plugin v27.5 - https:\/\/yoast.com\/product\/yoast-seo-wordpress\/ -->\n<title>How to Access the Sharing SMS Referral Program \u2014 Step-by-Step Guide - SMS Sharing<\/title>\n<meta name=\"description\" content=\"Learn how to unlock your referral link in Sharing SMS and start earning commissions from your referrals. Simple steps to generate extra income.\" \/>\n<meta name=\"robots\" content=\"index, follow, max-snippet:-1, max-image-preview:large, max-video-preview:-1\" \/>\n<link rel=\"canonical\" href=\"https:\/\/sharingsms.com\/vi\/referral-program\/\" \/>\n<meta property=\"og:locale\" content=\"vi_VN\" \/>\n<meta property=\"og:type\" content=\"article\" \/>\n<meta property=\"og:title\" content=\"How to Access the Sharing SMS Referral Program \u2014 Step-by-Step Guide - SMS Sharing\" \/>\n<meta property=\"og:description\" content=\"Learn how to unlock your referral link in Sharing SMS and start earning commissions from your referrals. Simple steps to generate extra income.\" \/>\n<meta property=\"og:url\" content=\"https:\/\/sharingsms.com\/vi\/referral-program\/\" \/>\n<meta property=\"og:site_name\" content=\"SMS Sharing\" \/>\n<meta property=\"article:modified_time\" content=\"2025-10-08T10:59:35+00:00\" \/>\n<meta name=\"twitter:card\" content=\"summary_large_image\" \/>\n<meta name=\"twitter:label1\" content=\"\u01af\u1edbc t\u00ednh th\u1eddi gian \u0111\u1ecdc\" \/>\n\t<meta name=\"twitter:data1\" content=\"3 ph\u00fat\" \/>\n<script type=\"application\/ld+json\" class=\"yoast-schema-graph\">{\"@context\":\"https:\\\/\\\/schema.org\",\"@graph\":[{\"@type\":\"WebPage\",\"@id\":\"https:\\\/\\\/sharingsms.com\\\/referral-program\\\/\",\"url\":\"https:\\\/\\\/sharingsms.com\\\/referral-program\\\/\",\"name\":\"How to Access the Sharing SMS Referral Program \u2014 Step-by-Step Guide - SMS Sharing\",\"isPartOf\":{\"@id\":\"https:\\\/\\\/sharingsms.com\\\/#website\"},\"datePublished\":\"2025-04-08T21:34:50+00:00\",\"dateModified\":\"2025-10-08T10:59:35+00:00\",\"description\":\"Learn how to unlock your referral link in Sharing SMS and start earning commissions from your referrals. Simple steps to generate extra income.\",\"breadcrumb\":{\"@id\":\"https:\\\/\\\/sharingsms.com\\\/referral-program\\\/#breadcrumb\"},\"inLanguage\":\"vi\",\"potentialAction\":[{\"@type\":\"ReadAction\",\"target\":[\"https:\\\/\\\/sharingsms.com\\\/referral-program\\\/\"]}]},{\"@type\":\"BreadcrumbList\",\"@id\":\"https:\\\/\\\/sharingsms.com\\\/referral-program\\\/#breadcrumb\",\"itemListElement\":[{\"@type\":\"ListItem\",\"position\":1,\"name\":\"Home\",\"item\":\"https:\\\/\\\/sharingsms.com\\\/\"},{\"@type\":\"ListItem\",\"position\":2,\"name\":\"How to Access the Sharing SMS Referral Program \u2014 Step-by-Step Guide\"}]},{\"@type\":\"WebSite\",\"@id\":\"https:\\\/\\\/sharingsms.com\\\/#website\",\"url\":\"https:\\\/\\\/sharingsms.com\\\/\",\"name\":\"SMS Sharing\",\"description\":\"\",\"potentialAction\":[{\"@type\":\"SearchAction\",\"target\":{\"@type\":\"EntryPoint\",\"urlTemplate\":\"https:\\\/\\\/sharingsms.com\\\/?s={search_term_string}\"},\"query-input\":{\"@type\":\"PropertyValueSpecification\",\"valueRequired\":true,\"valueName\":\"search_term_string\"}}],\"inLanguage\":\"vi\"}]}<\/script>\n<!-- \/ Yoast SEO plugin. -->","yoast_head_json":{"title":"C\u00e1ch truy c\u1eadp Ch\u01b0\u01a1ng tr\u00ecnh gi\u1edbi thi\u1ec7u Sharing SMS \u2014 H\u01b0\u1edbng d\u1eabn t\u1eebng b\u01b0\u1edbc - Chia s\u1ebb SMS","description":"T\u00ecm hi\u1ec3u c\u00e1ch m\u1edf kh\u00f3a li\u00ean k\u1ebft gi\u1edbi thi\u1ec7u c\u1ee7a b\u1ea1n trong Sharing SMS v\u00e0 b\u1eaft \u0111\u1ea7u ki\u1ebfm hoa h\u1ed3ng t\u1eeb ng\u01b0\u1eddi gi\u1edbi thi\u1ec7u c\u1ee7a b\u1ea1n. C\u00e1c b\u01b0\u1edbc \u0111\u01a1n gi\u1ea3n \u0111\u1ec3 t\u1ea1o th\u00eam thu nh\u1eadp.","robots":{"index":"index","follow":"follow","max-snippet":"max-snippet:-1","max-image-preview":"max-image-preview:large","max-video-preview":"max-video-preview:-1"},"canonical":"https:\/\/sharingsms.com\/vi\/referral-program\/","og_locale":"vi_VN","og_type":"article","og_title":"How to Access the Sharing SMS Referral Program \u2014 Step-by-Step Guide - SMS Sharing","og_description":"Learn how to unlock your referral link in Sharing SMS and start earning commissions from your referrals. Simple steps to generate extra income.","og_url":"https:\/\/sharingsms.com\/vi\/referral-program\/","og_site_name":"SMS Sharing","article_modified_time":"2025-10-08T10:59:35+00:00","twitter_card":"summary_large_image","twitter_misc":{"\u01af\u1edbc t\u00ednh th\u1eddi gian \u0111\u1ecdc":"3 ph\u00fat"},"schema":{"@context":"https:\/\/schema.org","@graph":[{"@type":"WebPage","@id":"https:\/\/sharingsms.com\/referral-program\/","url":"https:\/\/sharingsms.com\/referral-program\/","name":"C\u00e1ch truy c\u1eadp Ch\u01b0\u01a1ng tr\u00ecnh gi\u1edbi thi\u1ec7u Sharing SMS \u2014 H\u01b0\u1edbng d\u1eabn t\u1eebng b\u01b0\u1edbc - Chia s\u1ebb SMS","isPartOf":{"@id":"https:\/\/sharingsms.com\/#website"},"datePublished":"2025-04-08T21:34:50+00:00","dateModified":"2025-10-08T10:59:35+00:00","description":"T\u00ecm hi\u1ec3u c\u00e1ch m\u1edf kh\u00f3a li\u00ean k\u1ebft gi\u1edbi thi\u1ec7u c\u1ee7a b\u1ea1n trong Sharing SMS v\u00e0 b\u1eaft \u0111\u1ea7u ki\u1ebfm hoa h\u1ed3ng t\u1eeb ng\u01b0\u1eddi gi\u1edbi thi\u1ec7u c\u1ee7a b\u1ea1n. C\u00e1c b\u01b0\u1edbc \u0111\u01a1n gi\u1ea3n \u0111\u1ec3 t\u1ea1o th\u00eam thu nh\u1eadp.","breadcrumb":{"@id":"https:\/\/sharingsms.com\/referral-program\/#breadcrumb"},"inLanguage":"vi","potentialAction":[{"@type":"ReadAction","target":["https:\/\/sharingsms.com\/referral-program\/"]}]},{"@type":"BreadcrumbList","@id":"https:\/\/sharingsms.com\/referral-program\/#breadcrumb","itemListElement":[{"@type":"ListItem","position":1,"name":"Home","item":"https:\/\/sharingsms.com\/"},{"@type":"ListItem","position":2,"name":"How to Access the Sharing SMS Referral Program \u2014 Step-by-Step Guide"}]},{"@type":"WebSite","@id":"https:\/\/sharingsms.com\/#website","url":"https:\/\/sharingsms.com\/","name":"Chia s\u1ebb tin nh\u1eafn SMS","description":"","potentialAction":[{"@type":"SearchAction","target":{"@type":"EntryPoint","urlTemplate":"https:\/\/sharingsms.com\/?s={search_term_string}"},"query-input":{"@type":"PropertyValueSpecification","valueRequired":true,"valueName":"search_term_string"}}],"inLanguage":"vi"}]}},"_links":{"self":[{"href":"https:\/\/sharingsms.com\/vi\/wp-json\/wp\/v2\/pages\/842","targetHints":{"allow":["GET"]}}],"collection":[{"href":"https:\/\/sharingsms.com\/vi\/wp-json\/wp\/v2\/pages"}],"about":[{"href":"https:\/\/sharingsms.com\/vi\/wp-json\/wp\/v2\/types\/page"}],"author":[{"embeddable":true,"href":"https:\/\/sharingsms.com\/vi\/wp-json\/wp\/v2\/users\/1"}],"replies":[{"embeddable":true,"href":"https:\/\/sharingsms.com\/vi\/wp-json\/wp\/v2\/comments?post=842"}],"version-history":[{"count":3,"href":"https:\/\/sharingsms.com\/vi\/wp-json\/wp\/v2\/pages\/842\/revisions"}],"predecessor-version":[{"id":948,"href":"https:\/\/sharingsms.com\/vi\/wp-json\/wp\/v2\/pages\/842\/revisions\/948"}],"wp:attachment":[{"href":"https:\/\/sharingsms.com\/vi\/wp-json\/wp\/v2\/media?parent=842"}],"curies":[{"name":"wp","href":"https:\/\/api.w.org\/{rel}","templated":true}]}}