{"id":968,"date":"2026-03-05T11:00:54","date_gmt":"2026-03-05T11:00:54","guid":{"rendered":"https:\/\/sharingsms.com\/?page_id=968"},"modified":"2026-03-05T11:00:54","modified_gmt":"2026-03-05T11:00:54","slug":"infected-smartphones-warning","status":"publish","type":"page","link":"https:\/\/sharingsms.com\/vi\/infected-smartphones-warning\/","title":{"rendered":"C\u1ea3nh b\u00e1o an ninh: Ph\u1ea7n m\u1ec1m \u0111\u1ed9c h\u1ea1i trong c\u00e1c \u0111i\u1ec7n tho\u1ea1i th\u00f4ng minh gi\u00e1 r\u1ebb &quot;kh\u00f4ng t\u00ean tu\u1ed5i&quot; (Alps, Soyes, Lingbo)"},"content":{"rendered":"<p>K\u00ednh g\u1eedi c\u00e1c \u0111\u1ed1i t\u00e1c,<\/p>\n\n\n\n<p>G\u1ea7n \u0111\u00e2y, ch\u00fang t\u00f4i nh\u1eadn th\u1ea5y vi\u1ec7c s\u1eed d\u1ee5ng ng\u00e0y c\u00e0ng t\u0103ng. <strong>\u0111i\u1ec7n tho\u1ea1i th\u00f4ng minh Trung Qu\u1ed1c gi\u00e1 r\u1ebb<\/strong> t\u1eeb c\u00e1c th\u01b0\u01a1ng hi\u1ec7u kh\u00f4ng r\u00f5 ngu\u1ed3n g\u1ed1c (c\u00f2n g\u1ecdi l\u00e0) <strong>\u201cv\u00f4 danh\u201d<\/strong>) \u0111\u1ec3 l\u00e0m vi\u1ec7c v\u1edbi <em>Sharing SMS<\/em>. Trong s\u1ed1 \u0111\u00f3 c\u00f3 Alps XS15, Alps S23 Pro, Alps P70 Pro Max, Alps 16 Pro, Soyes XS11, Lingbo G24 mini, v\u00e0 c\u00e1c thi\u1ebft b\u1ecb kh\u00e1c. Nh\u1eefng thi\u1ebft b\u1ecb n\u00e0y th\u01b0\u1eddng bao g\u1ed3m... <strong>m\u00e3 \u0111\u1ed9c h\u1ea1i<\/strong> (ch\u1eb3ng h\u1ea1n nh\u01b0 <strong>Du k\u00edch<\/strong> ho\u1eb7c <strong>Triada<\/strong> c\u00e1c ph\u1ea7n m\u1ec1m \u0111\u1ed9c h\u1ea1i (trojan) \u0111\u01b0\u1ee3c nh\u00fang trong ph\u1ea7n m\u1ec1m \u0111i\u1ec1u khi\u1ec3n c\u1ee7a ch\u00fang.<\/p>\n\n\n\n<p>Ch\u00fang t\u00f4i bu\u1ed9c ph\u1ea3i c\u1ea3nh b\u00e1o b\u1ea1n v\u1ec1 nh\u1eefng nguy hi\u1ec3m n\u00e0y v\u00ec n\u00f3 \u1ea3nh h\u01b0\u1edfng tr\u1ef1c ti\u1ebfp \u0111\u1ebfn thu nh\u1eadp c\u1ee7a b\u1ea1n.<\/p>\n\n\n\n<h2 class=\"wp-block-heading\"><strong>Th\u00f4ng tin v\u1ec1 c\u00e1c thi\u1ebft b\u1ecb b\u1ecb nhi\u1ec5m virus:<\/strong><\/h2>\n\n\n\n<ul class=\"wp-block-list\">\n<li>Theo<a href=\"https:\/\/heimdalsecurity.com\/blog\/lemon-gang-pre-infects-9-million-android-devices-with-malware\/\" target=\"_blank\" rel=\"noreferrer noopener nofollow\"> B\u1ea3o m\u1eadt Heimdal<\/a>, G\u1ea7n 9 tri\u1ec7u thi\u1ebft b\u1ecb Android \u0111\u00e3 b\u1ecb nhi\u1ec5m ph\u1ea7n m\u1ec1m \u0111\u1ed9c h\u1ea1i \u201cGuerrilla\u201d.<\/li>\n\n\n\n<li><a href=\"https:\/\/redskyalliance.org\/\" target=\"_blank\" rel=\"noreferrer noopener nofollow\">Li\u00ean minh b\u1ea7u tr\u1eddi \u0111\u1ecf<\/a> C\u00e1c b\u00e1o c\u00e1o cho bi\u1ebft m\u00e3 \u0111\u1ed9c Trojan Triada \u0111\u01b0\u1ee3c s\u1eed d\u1ee5ng \u0111\u1ec3 \u0111i\u1ec1u khi\u1ec3n h\u00e0ng tri\u1ec7u \u0111i\u1ec7n tho\u1ea1i th\u00f4ng minh.<\/li>\n\n\n\n<li>Theo<a href=\"https:\/\/www.cybersecuritytribe.com\/news\/lemon-group-guerilla-malware-pre-infects-millions-of-android-devices\" target=\"_blank\" rel=\"noreferrer noopener nofollow\"> CybersecurityTribe<\/a>, M\u1ed9t nh\u00f3m t\u1ed9i ph\u1ea1m m\u1ea1ng duy nh\u1ea5t ki\u1ec3m so\u00e1t h\u00e0ng tri\u1ec7u thi\u1ebft b\u1ecb t\u1ea1i 180 qu\u1ed1c gia.<\/li>\n\n\n\n<li>Ph\u1ea7n m\u1ec1m \u0111\u1ed9c h\u1ea1i c\u00f3 th\u1ec3:\n<ul class=\"wp-block-list\">\n<li>Ch\u1eb7n c\u00e1c tin nh\u1eafn SMS c\u00f3 m\u1eadt kh\u1ea9u d\u00f9ng m\u1ed9t l\u1ea7n;<\/li>\n\n\n\n<li>Thi\u1ebft l\u1eadp m\u00e1y ch\u1ee7 proxy ng\u01b0\u1ee3c;<\/li>\n\n\n\n<li>Chi\u1ebfm quy\u1ec1n \u0111i\u1ec1u khi\u1ec3n WhatsApp v\u00e0 c\u00e1c \u1ee9ng d\u1ee5ng nh\u1eafn tin kh\u00e1c;<\/li>\n\n\n\n<li>\u0110\u0103ng k\u00fd t\u00e0i kho\u1ea3n m\u00e0 ng\u01b0\u1eddi d\u00f9ng kh\u00f4ng h\u1ec1 hay bi\u1ebft.<\/li>\n<\/ul>\n<\/li>\n<\/ul>\n\n\n\n<h2 class=\"wp-block-heading\"><strong>Nh\u1eefng r\u1ee7i ro l\u00e0 g\u00ec?<\/strong><\/h2>\n\n\n\n<ol class=\"wp-block-list\">\n<li><strong>\u0110\u0103ng k\u00fd t\u00e0i kho\u1ea3n t\u1ef1 \u0111\u1ed9ng.<\/strong><br>Ngay khi b\u1ea1n l\u1eafp th\u1ebb SIM v\u00e0o \u0111i\u1ec7n tho\u1ea1i th\u00f4ng minh nh\u01b0 v\u1eady, ph\u1ea7n m\u1ec1m \u0111\u1ed9c h\u1ea1i s\u1ebd b\u1eaft \u0111\u1ea7u \u0111\u0103ng k\u00fd t\u00e0i kho\u1ea3n tr\u00ean c\u00e1c d\u1ecbch v\u1ee5 (WhatsApp, Facebook, Tinder, JingDong, v.v.) m\u00e0 b\u1ea1n kh\u00f4ng h\u1ec1 hay bi\u1ebft. B\u1ea1n s\u1ebd kh\u00f4ng nh\u00ecn th\u1ea5y th\u1ebb SMS ch\u1ee9a m\u00e3, nh\u01b0ng ch\u00fang s\u1ebd b\u1ecb ch\u1eb7n l\u1ea1i v\u00e0 g\u1eedi \u0111\u1ebfn cho c\u00e1c \u0111\u1ed1i t\u01b0\u1ee3ng x\u1ea5u.<\/li>\n<\/ol>\n\n\n\n<ol start=\"2\" class=\"wp-block-list\">\n<li><strong>S\u1ed1 nh\u00e0 tr\u1edf n\u00ean kh\u00f4ng ph\u00f9 h\u1ee3p \u0111\u1ec3 cho thu\u00ea.<\/strong><br>N\u1ebfu b\u1ed9 ph\u1eadn h\u1ed7 tr\u1ee3 k\u1ef9 thu\u1eadt th\u00f4ng b\u00e1o r\u1eb1ng s\u1ed1 \u0111i\u1ec7n tho\u1ea1i c\u1ee7a b\u1ea1n \u0111\u00e3 b\u1ecb spam b\u1edfi c\u00e1c y\u00eau c\u1ea7u \u0111\u0103ng k\u00fd, ch\u00fang kh\u00f4ng th\u1ec3 \u0111\u01b0\u1ee3c cho thu\u00ea l\u1ea1i cho kh\u00e1ch h\u00e0ng. \u0110i\u1ec1u n\u00e0y c\u00f3 ngh\u0129a l\u00e0 b\u1ea1n s\u1ebd ch\u1ecbu t\u1ed5n th\u1ea5t kh\u00f4ng mong mu\u1ed1n \u2014 b\u1ea1n s\u1ebd ph\u1ea3i mua th\u1ebb v\u00e0 thi\u1ebft b\u1ecb SIM m\u1edbi.<\/li>\n<\/ol>\n\n\n\n<ol start=\"3\" class=\"wp-block-list\">\n<li><strong>C\u00e1c v\u1ea5n \u0111\u1ec1 li\u00ean quan \u0111\u1ebfn vi\u1ec7c \u201cl\u00e0m s\u1ea1ch\u201d c\u00e1c con s\u1ed1.<\/strong><br>B\u1ea1n c\u00f3 th\u1ec3 th\u1eed x\u00f3a th\u1ee7 c\u00f4ng c\u00e1c t\u00e0i kho\u1ea3n \u0111\u00e3 \u0111\u0103ng k\u00fd b\u1eb1ng s\u1ed1 \u0111i\u1ec7n tho\u1ea1i c\u1ee7a m\u00ecnh (ki\u1ec3m tra danh s\u00e1ch d\u1ecbch v\u1ee5 v\u1edbi b\u1ed9 ph\u1eadn h\u1ed7 tr\u1ee3 k\u1ef9 thu\u1eadt). Tuy nhi\u00ean, \u0111i\u1ec1u n\u00e0y kh\u00f4ng \u0111\u1ea3m b\u1ea3o th\u00e0nh c\u00f4ng:\n<ul class=\"wp-block-list\">\n<li>T\u00e0i kho\u1ea3n c\u00f3 th\u1ec3 \u0111\u00e3 \u0111\u01b0\u1ee3c b\u1eadt x\u00e1c th\u1ef1c hai y\u1ebfu t\u1ed1 (2FA).<\/li>\n\n\n\n<li>N\u1ebfu m\u1ed9t d\u1ecbch v\u1ee5 (nh\u01b0 WhatsApp) ph\u00e1t hi\u1ec7n ho\u1ea1t \u0111\u1ed9ng \u0111\u00e1ng ng\u1edd, n\u00f3 c\u00f3 th\u1ec3 ch\u1eb7n v\u0129nh vi\u1ec5n s\u1ed1 \u0111i\u1ec7n tho\u1ea1i \u0111\u00f3.<\/li>\n<\/ul>\n<\/li>\n<\/ol>\n\n\n\n<ol start=\"4\" class=\"wp-block-list\">\n<li><strong>C\u00e1c m\u1ed1i \u0111e d\u1ecda b\u1ed5 sung t\u1eeb m\u00e3 \u0111\u1ed9c Trojan.<\/strong><br>Ngo\u00e0i vi\u1ec7c ch\u1eb7n b\u1eaft g\u00f3i tin SMS, ph\u1ea7n m\u1ec1m \u0111\u1ed9c h\u1ea1i c\u00f2n c\u00f3 th\u1ec3:\n<ul class=\"wp-block-list\">\n<li>C\u00e0i \u0111\u1eb7t qu\u1ea3ng c\u00e1o g\u00e2y kh\u00f3 ch\u1ecbu;<\/li>\n\n\n\n<li>\u0110\u00e1nh c\u1eafp d\u1eef li\u1ec7u t\u00e0i kho\u1ea3n (v\u00ed d\u1ee5: cookie t\u1eeb Facebook);<\/li>\n\n\n\n<li>S\u1eed d\u1ee5ng thi\u1ebft b\u1ecb c\u1ee7a b\u1ea1n cho c\u00e1c m\u1ee5c \u0111\u00edch l\u1eeba \u0111\u1ea3o.<\/li>\n<\/ul>\n<\/li>\n<\/ol>\n\n\n\n<ol start=\"5\" class=\"wp-block-list\">\n<li><strong>Nguy c\u01a1 gi\u1ea3m x\u1ebfp h\u1ea1ng <\/strong><strong><em>Sharing SMS.<\/em><\/strong><br>N\u1ebfu c\u00e1c tr\u01b0\u1eddng h\u1ee3p x\u00e2m ph\u1ea1m s\u1ed1 \u0111i\u1ec7n tho\u1ea1i nh\u01b0 v\u1eady x\u1ea3y ra th\u01b0\u1eddng xuy\u00ean, x\u1ebfp h\u1ea1ng c\u1ee7a b\u1ea1n trong d\u1ecbch v\u1ee5 c\u00f3 th\u1ec3 gi\u1ea3m, \u0111i\u1ec1u n\u00e0y s\u1ebd \u1ea3nh h\u01b0\u1edfng tr\u1ef1c ti\u1ebfp \u0111\u1ebfn thu nh\u1eadp c\u1ee7a b\u1ea1n.<br><\/li>\n<\/ol>\n\n\n\n<h2 class=\"wp-block-heading\"><strong>B\u1ea1n n\u00ean l\u00e0m g\u00ec?<\/strong><\/h2>\n\n\n\n<ul class=\"wp-block-list\">\n<li>H\u00e3y s\u1eed d\u1ee5ng \u0111i\u1ec7n tho\u1ea1i th\u00f4ng minh t\u1eeb c\u00e1c nh\u00e0 s\u1ea3n xu\u1ea5t n\u1ed5i ti\u1ebfng v\u00e0 \u0111\u00e1ng tin c\u1eady, ch\u1eb3ng h\u1ea1n nh\u01b0 Samsung, Xiaomi, ZTE v\u00e0 c\u00e1c h\u00e3ng kh\u00e1c.<\/li>\n\n\n\n<li>H\u00e3y tr\u00e1nh mua c\u00e1c lo\u1ea1i \u0111i\u1ec7n tho\u1ea1i th\u00f4ng minh gi\u00e1 r\u1ebb, kh\u00f4ng r\u00f5 ngu\u1ed3n g\u1ed1c c\u1ee7a Trung Qu\u1ed1c \u2014 m\u00e3 \u0111\u1ed9c \u0111\u01b0\u1ee3c nh\u00fang \u1edf c\u1ea5p \u0111\u1ed9 ph\u1ea7n m\u1ec1m v\u00e0 kh\u00f4ng th\u1ec3 b\u1ecb x\u00f3a b\u1edfi ph\u1ea7n m\u1ec1m di\u1ec7t virus.<\/li>\n\n\n\n<li>\u0110\u1eebng qu\u00ean kh\u00f3a m\u00e0n h\u00ecnh. Vi\u1ec7c thi\u1ebft l\u1eadp m\u1eadt kh\u1ea9u, h\u00ecnh v\u1ebd, d\u1ea5u v\u00e2n tay ho\u1eb7c nh\u1eadn di\u1ec7n khu\u00f4n m\u1eb7t tr\u00ean thi\u1ebft b\u1ecb gi\u00fap ng\u0103n ch\u1eb7n truy c\u1eadp tr\u00e1i ph\u00e9p v\u00e0o d\u1eef li\u1ec7u trong tr\u01b0\u1eddng h\u1ee3p b\u1ecb m\u1ea5t c\u1eafp ho\u1eb7c th\u1ea5t l\u1ea1c.<\/li>\n\n\n\n<li>N\u1ebfu b\u1ed9 ph\u1eadn h\u1ed7 tr\u1ee3 k\u1ef9 thu\u1eadt c\u1ea3nh b\u00e1o b\u1ea1n v\u1ec1 c\u00e1c s\u1ed1 \u0111i\u1ec7n tho\u1ea1i spam, h\u00e3y thay th\u1ebf ch\u00fang b\u1eb1ng c\u00e1c s\u1ed1 m\u1edbi, c\u00e0i \u0111\u1eb7t ch\u00fang tr\u00ean c\u00e1c thi\u1ebft b\u1ecb \u0111\u00e1ng tin c\u1eady, ho\u1eb7c th\u1eed l\u00e0m s\u1ea1ch c\u00e1c s\u1ed1 \u0111i\u1ec7n tho\u1ea1i \u0111\u00f3 (x\u00f3a t\u00e0i kho\u1ea3n tr\u00ean c\u00e1c d\u1ecbch v\u1ee5 \u0111\u01b0\u1ee3c ch\u1ec9 \u0111\u1ecbnh v\u00e0 g\u1eedi \u1ea3nh ch\u1ee5p m\u00e0n h\u00ecnh x\u00e1c nh\u1eadn).<\/li>\n<\/ul>\n\n\n\n<p><strong>T\u00ecnh hu\u1ed1ng t\u00edch c\u1ef1c duy nh\u1ea5t<\/strong> Nguy c\u01a1 khi s\u1eed d\u1ee5ng \u0111i\u1ec7n tho\u1ea1i th\u00f4ng minh gi\u00e1 r\u1ebb &quot;kh\u00f4ng t\u00ean tu\u1ed5i&quot; l\u00e0 n\u1ebfu ph\u1ea7n m\u1ec1m \u0111\u1ed9c h\u1ea1i kh\u00f4ng th\u1ec3 x\u00e1c \u0111\u1ecbnh \u0111\u01b0\u1ee3c s\u1ed1 \u0111i\u1ec7n tho\u1ea1i c\u1ee7a th\u1ebb SIM (m\u1ed9t s\u1ed1 nh\u00e0 m\u1ea1ng ch\u1eb7n ch\u1ee9c n\u0103ng n\u00e0y). Trong tr\u01b0\u1eddng h\u1ee3p n\u00e0y, r\u1ee7i ro th\u1ea5p h\u01a1n, nh\u01b0ng kh\u00f4ng c\u00f3 g\u00ec \u0111\u1ea3m b\u1ea3o an to\u00e0n tuy\u1ec7t \u0111\u1ed1i.<\/p>\n\n\n\n<h2 class=\"wp-block-heading\"><strong>\u0110i\u1ec1u quan tr\u1ecdng c\u1ea7n nh\u1edb!<\/strong><\/h2>\n\n\n\n<p>Vi\u1ec7c s\u1eed d\u1ee5ng c\u00e1c thi\u1ebft b\u1ecb b\u1ecb nhi\u1ec5m virus l\u00e0 r\u1ee7i ro m\u00e0 b\u1ea1n t\u1ef1 ch\u1ecbu tr\u00e1ch nhi\u1ec7m. <em>Sharing SMS<\/em> D\u1ecbch v\u1ee5 n\u00e0y kh\u00f4ng b\u1ed3i th\u01b0\u1eddng cho nh\u1eefng t\u1ed5n th\u1ea5t li\u00ean quan \u0111\u1ebfn vi\u1ec7c thay th\u1ebf th\u1ebb v\u00e0 thi\u1ebft b\u1ecb SIM.<br><\/p>\n\n\n\n<p><strong>V\u1eadt li\u1ec7u h\u1eefu \u00edch:<\/strong><\/p>\n\n\n\n<ul class=\"wp-block-list\">\n<li><a href=\"https:\/\/www.trendmicro.com\/en_us\/research\/23\/e\/lemon-group-cybercriminal-businesses-built-on-preinfected-devices.html\" target=\"_blank\" rel=\"noreferrer noopener nofollow\">Trend Micro: Trojan trong c\u00e1c thi\u1ebft b\u1ecb \u0111\u01b0\u1ee3c c\u00e0i \u0111\u1eb7t s\u1eb5n<\/a><\/li>\n\n\n\n<li><a href=\"https:\/\/heimdalsecurity.com\/blog\/lemon-gang-pre-infects-9-million-android-devices-with-malware\/\" target=\"_blank\" rel=\"noreferrer noopener nofollow\">Heimdal Security: 9 tri\u1ec7u thi\u1ebft b\u1ecb b\u1ecb nhi\u1ec5m virus<\/a><\/li>\n\n\n\n<li><a href=\"https:\/\/www.bleepingcomputer.com\/news\/security\/cybercrime-gang-pre-infects-millions-of-android-devices-with-malware\/\" target=\"_blank\" rel=\"noreferrer noopener nofollow\">BleepingComputer: T\u1ed9i ph\u1ea1m m\u1ea1ng l\u00e2y nhi\u1ec5m h\u00e0ng tri\u1ec7u thi\u1ebft b\u1ecb Android<\/a><\/li>\n\n\n\n<li><a href=\"https:\/\/www.cybersecuritytribe.com\/news\/lemon-group-guerilla-malware-pre-infects-millions-of-android-devices\" target=\"_blank\" rel=\"noreferrer noopener nofollow\">CybersecurityTribe: Nh\u00f3m Lemon \u0111\u00e3 l\u00e2y nhi\u1ec5m cho h\u00e0ng tri\u1ec7u \u0111i\u1ec7n tho\u1ea1i th\u00f4ng minh<\/a><\/li>\n<\/ul>\n\n\n\n<p><\/p>","protected":false},"excerpt":{"rendered":"<p>Dear Partners, Recently, we have noticed an increase in the use of budget Chinese smartphones from unknown brands (so-called &#8220;no-names&#8221;) for working with Sharing SMS. Among them are Alps XS15, Alps S23 Pro, Alps P70 Pro Max, Alps 16 Pro, Soyes XS11, Lingbo G24 mini, and others. These devices often contain malicious code (such as [&hellip;]<\/p>\n","protected":false},"author":1,"featured_media":0,"parent":0,"menu_order":0,"comment_status":"closed","ping_status":"closed","template":"","meta":{"footnotes":""},"class_list":["post-968","page","type-page","status-publish","hentry"],"yoast_head":"<!-- This site is optimized with the Yoast SEO plugin v27.4 - https:\/\/yoast.com\/product\/yoast-seo-wordpress\/ -->\n<title>Stop Using Infected Phones! Protect Your SIM Rental Profits<\/title>\n<meta name=\"description\" content=\"&quot;Using budget &#039;no-name&#039; Android phones like Alps or Soyes can kill your SMS earnings. Learn about Triada\/Guerrilla malware, SMS interception, and how to protect your SIM cards.&quot;\" \/>\n<meta name=\"robots\" content=\"index, follow, max-snippet:-1, max-image-preview:large, max-video-preview:-1\" \/>\n<link rel=\"canonical\" href=\"https:\/\/sharingsms.com\/vi\/infected-smartphones-warning\/\" \/>\n<meta property=\"og:locale\" content=\"vi_VN\" \/>\n<meta property=\"og:type\" content=\"article\" \/>\n<meta property=\"og:title\" content=\"Stop Using Infected Phones! Protect Your SIM Rental Profits\" \/>\n<meta property=\"og:description\" content=\"&quot;Using budget &#039;no-name&#039; Android phones like Alps or Soyes can kill your SMS earnings. Learn about Triada\/Guerrilla malware, SMS interception, and how to protect your SIM cards.&quot;\" \/>\n<meta property=\"og:url\" content=\"https:\/\/sharingsms.com\/vi\/infected-smartphones-warning\/\" \/>\n<meta property=\"og:site_name\" content=\"SMS Sharing\" \/>\n<meta name=\"twitter:card\" content=\"summary_large_image\" \/>\n<meta name=\"twitter:label1\" content=\"\u01af\u1edbc t\u00ednh th\u1eddi gian \u0111\u1ecdc\" \/>\n\t<meta name=\"twitter:data1\" content=\"3 ph\u00fat\" \/>\n<script type=\"application\/ld+json\" class=\"yoast-schema-graph\">{\"@context\":\"https:\\\/\\\/schema.org\",\"@graph\":[{\"@type\":\"WebPage\",\"@id\":\"https:\\\/\\\/sharingsms.com\\\/infected-smartphones-warning\\\/\",\"url\":\"https:\\\/\\\/sharingsms.com\\\/infected-smartphones-warning\\\/\",\"name\":\"Stop Using Infected Phones! Protect Your SIM Rental Profits\",\"isPartOf\":{\"@id\":\"https:\\\/\\\/sharingsms.com\\\/#website\"},\"datePublished\":\"2026-03-05T11:00:54+00:00\",\"description\":\"\\\"Using budget 'no-name' Android phones like Alps or Soyes can kill your SMS earnings. Learn about Triada\\\/Guerrilla malware, SMS interception, and how to protect your SIM cards.\\\"\",\"breadcrumb\":{\"@id\":\"https:\\\/\\\/sharingsms.com\\\/infected-smartphones-warning\\\/#breadcrumb\"},\"inLanguage\":\"vi\",\"potentialAction\":[{\"@type\":\"ReadAction\",\"target\":[\"https:\\\/\\\/sharingsms.com\\\/infected-smartphones-warning\\\/\"]}]},{\"@type\":\"BreadcrumbList\",\"@id\":\"https:\\\/\\\/sharingsms.com\\\/infected-smartphones-warning\\\/#breadcrumb\",\"itemListElement\":[{\"@type\":\"ListItem\",\"position\":1,\"name\":\"Home\",\"item\":\"https:\\\/\\\/sharingsms.com\\\/\"},{\"@type\":\"ListItem\",\"position\":2,\"name\":\"Security Warning: Malware in Budget &#8220;No-Name&#8221; Smartphones (Alps, Soyes, Lingbo)\"}]},{\"@type\":\"WebSite\",\"@id\":\"https:\\\/\\\/sharingsms.com\\\/#website\",\"url\":\"https:\\\/\\\/sharingsms.com\\\/\",\"name\":\"SMS Sharing\",\"description\":\"\",\"potentialAction\":[{\"@type\":\"SearchAction\",\"target\":{\"@type\":\"EntryPoint\",\"urlTemplate\":\"https:\\\/\\\/sharingsms.com\\\/?s={search_term_string}\"},\"query-input\":{\"@type\":\"PropertyValueSpecification\",\"valueRequired\":true,\"valueName\":\"search_term_string\"}}],\"inLanguage\":\"vi\"}]}<\/script>\n<!-- \/ Yoast SEO plugin. -->","yoast_head_json":{"title":"Ng\u1eebng s\u1eed d\u1ee5ng \u0111i\u1ec7n tho\u1ea1i b\u1ecb nhi\u1ec5m virus! B\u1ea3o v\u1ec7 l\u1ee3i nhu\u1eadn cho thu\u00ea \u0111i\u1ec7n tho\u1ea1i SIM c\u1ee7a b\u1ea1n!","description":"\"Vi\\u1ec7c s\\u1eed d\\u1ee5ng \\u0111i\\u1ec7n tho\\u1ea1i Android gi\\u00e1 r\\u1ebb, kh\\u00f4ng r\\u00f5 ngu\\u1ed3n g\\u1ed1c nh\\u01b0 Alps ho\\u1eb7c Soyes c\\u00f3 th\\u1ec3 l\\u00e0m m\\u1ea5t tr\\u1eafng thu nh\\u1eadp t\\u1eeb SMS c\\u1ee7a b\\u1ea1n. T\\u00ecm hi\\u1ec3u v\\u1ec1 ph\\u1ea7n m\\u1ec1m \\u0111\\u1ed9c h\\u1ea1i Triada\\\/Guerrilla, vi\\u1ec7c ch\\u1eb7n SMS v\\u00e0 c\\u00e1ch b\\u1ea3o v\\u1ec7 th\\u1ebb SIM c\\u1ee7a b\\u1ea1n.\"","robots":{"index":"index","follow":"follow","max-snippet":"max-snippet:-1","max-image-preview":"max-image-preview:large","max-video-preview":"max-video-preview:-1"},"canonical":"https:\/\/sharingsms.com\/vi\/infected-smartphones-warning\/","og_locale":"vi_VN","og_type":"article","og_title":"Stop Using Infected Phones! Protect Your SIM Rental Profits","og_description":"\"Using budget 'no-name' Android phones like Alps or Soyes can kill your SMS earnings. Learn about Triada\/Guerrilla malware, SMS interception, and how to protect your SIM cards.\"","og_url":"https:\/\/sharingsms.com\/vi\/infected-smartphones-warning\/","og_site_name":"SMS Sharing","twitter_card":"summary_large_image","twitter_misc":{"\u01af\u1edbc t\u00ednh th\u1eddi gian \u0111\u1ecdc":"3 ph\u00fat"},"schema":{"@context":"https:\/\/schema.org","@graph":[{"@type":"WebPage","@id":"https:\/\/sharingsms.com\/infected-smartphones-warning\/","url":"https:\/\/sharingsms.com\/infected-smartphones-warning\/","name":"Ng\u1eebng s\u1eed d\u1ee5ng \u0111i\u1ec7n tho\u1ea1i b\u1ecb nhi\u1ec5m virus! B\u1ea3o v\u1ec7 l\u1ee3i nhu\u1eadn cho thu\u00ea \u0111i\u1ec7n tho\u1ea1i SIM c\u1ee7a b\u1ea1n!","isPartOf":{"@id":"https:\/\/sharingsms.com\/#website"},"datePublished":"2026-03-05T11:00:54+00:00","description":"\"Vi\\u1ec7c s\\u1eed d\\u1ee5ng \\u0111i\\u1ec7n tho\\u1ea1i Android gi\\u00e1 r\\u1ebb, kh\\u00f4ng r\\u00f5 ngu\\u1ed3n g\\u1ed1c nh\\u01b0 Alps ho\\u1eb7c Soyes c\\u00f3 th\\u1ec3 l\\u00e0m m\\u1ea5t tr\\u1eafng thu nh\\u1eadp t\\u1eeb SMS c\\u1ee7a b\\u1ea1n. T\\u00ecm hi\\u1ec3u v\\u1ec1 ph\\u1ea7n m\\u1ec1m \\u0111\\u1ed9c h\\u1ea1i Triada\\\/Guerrilla, vi\\u1ec7c ch\\u1eb7n SMS v\\u00e0 c\\u00e1ch b\\u1ea3o v\\u1ec7 th\\u1ebb SIM c\\u1ee7a b\\u1ea1n.\"","breadcrumb":{"@id":"https:\/\/sharingsms.com\/infected-smartphones-warning\/#breadcrumb"},"inLanguage":"vi","potentialAction":[{"@type":"ReadAction","target":["https:\/\/sharingsms.com\/infected-smartphones-warning\/"]}]},{"@type":"BreadcrumbList","@id":"https:\/\/sharingsms.com\/infected-smartphones-warning\/#breadcrumb","itemListElement":[{"@type":"ListItem","position":1,"name":"Home","item":"https:\/\/sharingsms.com\/"},{"@type":"ListItem","position":2,"name":"Security Warning: Malware in Budget &#8220;No-Name&#8221; Smartphones (Alps, Soyes, Lingbo)"}]},{"@type":"WebSite","@id":"https:\/\/sharingsms.com\/#website","url":"https:\/\/sharingsms.com\/","name":"Chia s\u1ebb tin nh\u1eafn SMS","description":"","potentialAction":[{"@type":"SearchAction","target":{"@type":"EntryPoint","urlTemplate":"https:\/\/sharingsms.com\/?s={search_term_string}"},"query-input":{"@type":"PropertyValueSpecification","valueRequired":true,"valueName":"search_term_string"}}],"inLanguage":"vi"}]}},"_links":{"self":[{"href":"https:\/\/sharingsms.com\/vi\/wp-json\/wp\/v2\/pages\/968","targetHints":{"allow":["GET"]}}],"collection":[{"href":"https:\/\/sharingsms.com\/vi\/wp-json\/wp\/v2\/pages"}],"about":[{"href":"https:\/\/sharingsms.com\/vi\/wp-json\/wp\/v2\/types\/page"}],"author":[{"embeddable":true,"href":"https:\/\/sharingsms.com\/vi\/wp-json\/wp\/v2\/users\/1"}],"replies":[{"embeddable":true,"href":"https:\/\/sharingsms.com\/vi\/wp-json\/wp\/v2\/comments?post=968"}],"version-history":[{"count":1,"href":"https:\/\/sharingsms.com\/vi\/wp-json\/wp\/v2\/pages\/968\/revisions"}],"predecessor-version":[{"id":969,"href":"https:\/\/sharingsms.com\/vi\/wp-json\/wp\/v2\/pages\/968\/revisions\/969"}],"wp:attachment":[{"href":"https:\/\/sharingsms.com\/vi\/wp-json\/wp\/v2\/media?parent=968"}],"curies":[{"name":"wp","href":"https:\/\/api.w.org\/{rel}","templated":true}]}}